{"id":82,"date":"2025-05-26T14:54:22","date_gmt":"2025-05-26T14:54:22","guid":{"rendered":"https:\/\/likapk.com\/?page_id=82"},"modified":"2025-05-26T14:54:24","modified_gmt":"2025-05-26T14:54:24","slug":"about-us","status":"publish","type":"page","link":"https:\/\/likapk.com\/cs\/about-us\/","title":{"rendered":"O n\u00e1s"},"content":{"rendered":"<h2 class=\"wp-block-heading\"><strong>Kdo jsme<\/strong><\/h2>\n\n\n\n<p>Na <strong>Likapk.com<\/strong>, v\u011b\u0159\u00edme, \u017ee internet by v\u00e1m m\u011bl \u017eivot usnadnit \u2013 ne zt\u00ed\u017eit. Proto jsme vytvo\u0159ili platformu, kter\u00e1 se v\u011bnuje poskytov\u00e1n\u00ed rychl\u00e9ho, relevantn\u00edho a poutav\u00e9ho obsahu v dne\u0161n\u00edch nej\u017e\u00e1dan\u011bj\u0161\u00edch t\u00e9matech.<\/p>\n\n\n\n<p>A\u0165 u\u017e zkoum\u00e1te nov\u00e9 mobiln\u00ed <strong>aplikace<\/strong>, hled\u00e1m radu ohledn\u011b <strong>rand\u011bn\u00ed<\/strong>, zlep\u0161en\u00ed va\u0161eho <strong>finan\u010dn\u00ed<\/strong> znalosti, hled\u00e1n\u00ed <strong>pr\u00e1ce<\/strong> p\u0159\u00edle\u017eitosti, nebo jen hled\u00e1te jednoduch\u00e9 <strong>\u017eivotn\u00ed styl<\/strong> inspirace \u2013 najdete ji zde.<\/p>\n\n\n\n<hr class=\"wp-block-separator has-alpha-channel-opacity\"\/>\n\n\n\n<h2 class=\"wp-block-heading\"><strong>Na\u0161e posl\u00e1n\u00ed<\/strong><\/h2>\n\n\n\n<p>Na\u0161\u00edm c\u00edlem je zjednodu\u0161it vyhled\u00e1v\u00e1n\u00ed informac\u00ed organizac\u00ed obsahu, kter\u00fd je aktu\u00e1ln\u00ed, d\u016fv\u011bryhodn\u00fd a p\u0159izp\u016fsoben\u00fd va\u0161im z\u00e1jm\u016fm. \u017d\u00e1dn\u00e9 zbyte\u010dnosti. \u017d\u00e1dn\u00e9 ru\u0161iv\u00e9 elementy. Jen hodnota.<\/p>\n\n\n\n<p>Na\u0161e redak\u010dn\u00ed strategie se \u0159\u00edd\u00ed \u00fadaji o v\u00fdkonu, trendov\u00fdmi t\u00e9maty a poznatky o chov\u00e1n\u00ed u\u017eivatel\u016f \u2013 abychom mohli publikovat p\u0159esn\u011b to, co lid\u00e9 hledaj\u00ed, kdy\u017e to nejv\u00edce pot\u0159ebuj\u00ed.<\/p>\n\n\n\n<hr class=\"wp-block-separator has-alpha-channel-opacity\"\/>\n\n\n\n<h2 class=\"wp-block-heading\"><strong>Jak fungujeme<\/strong><\/h2>\n\n\n\n<ul class=\"wp-block-list\">\n<li>Denn\u011b publikujeme \u010dl\u00e1nky, kter\u00e9 se zab\u00fdvaj\u00ed obsahem, jen\u017e si dob\u0159e vede nap\u0159\u00ed\u010d r\u016fzn\u00fdmi s\u00edt\u011bmi.<\/li>\n\n\n\n<li>Na\u0161e monetiza\u010dn\u00ed strategie vyu\u017e\u00edv\u00e1 reklamn\u00ed platformy, kter\u00e9 jsou kompatibiln\u00ed s p\u0159edpisy, v\u010detn\u011b Googlu a programatick\u00fdch partner\u016f.<\/li>\n\n\n\n<li>Ve\u0161ker\u00e1 reklama je navr\u017eena tak, aby respektovala u\u017eivatelskou zku\u0161enost a z\u00e1rove\u0148 podporovala n\u00e1\u0161 model bezplatn\u00e9ho obsahu.<\/li>\n<\/ul>\n\n\n\n<hr class=\"wp-block-separator has-alpha-channel-opacity\"\/>\n\n\n\n<h2 class=\"wp-block-heading\"><strong>D\u016fv\u011bra a transparentnost<\/strong><\/h2>\n\n\n\n<p>Zavazujeme se k transparentnosti v\u016f\u010di na\u0161im \u010dten\u00e1\u0159\u016fm. I kdy\u017e z\u00edsk\u00e1v\u00e1me p\u0159\u00edjmy z reklamy, nikdy nedovolujeme, aby komer\u010dn\u00ed z\u00e1jmy ovliv\u0148ovaly integritu na\u0161eho obsahu.<\/p>\n\n\n\n<hr class=\"wp-block-separator has-alpha-channel-opacity\"\/>\n\n\n\n<h2 class=\"wp-block-heading\"><strong>Kontaktujte n\u00e1s<\/strong><\/h2>\n\n\n\n<p>Dotazy, zp\u011btn\u00e1 vazba nebo po\u017eadavky na partnerstv\u00ed?<br>R\u00e1di bychom od v\u00e1s sly\u0161eli. Kontaktujte n\u00e1s na:<br>\ud83d\udce7 <strong><a>contact@likapk.com<\/a><\/strong><\/p>","protected":false},"excerpt":{"rendered":"<p>Who We Are At Likapk.com, we believe that the internet should make your life easier \u2014 not harder. That\u2019s why [&hellip;]<\/p>\n","protected":false},"author":1,"featured_media":0,"parent":0,"menu_order":0,"comment_status":"closed","ping_status":"closed","template":"","meta":{"site-sidebar-layout":"default","site-content-layout":"","ast-site-content-layout":"default","site-content-style":"default","site-sidebar-style":"default","ast-global-header-display":"","ast-banner-title-visibility":"","ast-main-header-display":"","ast-hfb-above-header-display":"","ast-hfb-below-header-display":"","ast-hfb-mobile-header-display":"","site-post-title":"","ast-breadcrumbs-content":"","ast-featured-img":"","footer-sml-layout":"","ast-disable-related-posts":"","theme-transparent-header-meta":"","adv-header-id-meta":"","stick-header-meta":"","header-above-stick-meta":"","header-main-stick-meta":"","header-below-stick-meta":"","astra-migrate-meta-layouts":"default","ast-page-background-enabled":"default","ast-page-background-meta":{"desktop":{"background-color":"var(--ast-global-color-4)","background-image":"","background-repeat":"repeat","background-position":"center center","background-size":"auto","background-attachment":"scroll","background-type":"","background-media":"","overlay-type":"","overlay-color":"","overlay-opacity":"","overlay-gradient":""},"tablet":{"background-color":"","background-image":"","background-repeat":"repeat","background-position":"center center","background-size":"auto","background-attachment":"scroll","background-type":"","background-media":"","overlay-type":"","overlay-color":"","overlay-opacity":"","overlay-gradient":""},"mobile":{"background-color":"","background-image":"","background-repeat":"repeat","background-position":"center center","background-size":"auto","background-attachment":"scroll","background-type":"","background-media":"","overlay-type":"","overlay-color":"","overlay-opacity":"","overlay-gradient":""}},"ast-content-background-meta":{"desktop":{"background-color":"var(--ast-global-color-5)","background-image":"","background-repeat":"repeat","background-position":"center center","background-size":"auto","background-attachment":"scroll","background-type":"","background-media":"","overlay-type":"","overlay-color":"","overlay-opacity":"","overlay-gradient":""},"tablet":{"background-color":"var(--ast-global-color-5)","background-image":"","background-repeat":"repeat","background-position":"center center","background-size":"auto","background-attachment":"scroll","background-type":"","background-media":"","overlay-type":"","overlay-color":"","overlay-opacity":"","overlay-gradient":""},"mobile":{"background-color":"var(--ast-global-color-5)","background-image":"","background-repeat":"repeat","background-position":"center center","background-size":"auto","background-attachment":"scroll","background-type":"","background-media":"","overlay-type":"","overlay-color":"","overlay-opacity":"","overlay-gradient":""}},"footnotes":""},"class_list":["post-82","page","type-page","status-publish","hentry"],"_links":{"self":[{"href":"https:\/\/likapk.com\/cs\/wp-json\/wp\/v2\/pages\/82","targetHints":{"allow":["GET"]}}],"collection":[{"href":"https:\/\/likapk.com\/cs\/wp-json\/wp\/v2\/pages"}],"about":[{"href":"https:\/\/likapk.com\/cs\/wp-json\/wp\/v2\/types\/page"}],"author":[{"embeddable":true,"href":"https:\/\/likapk.com\/cs\/wp-json\/wp\/v2\/users\/1"}],"replies":[{"embeddable":true,"href":"https:\/\/likapk.com\/cs\/wp-json\/wp\/v2\/comments?post=82"}],"version-history":[{"count":1,"href":"https:\/\/likapk.com\/cs\/wp-json\/wp\/v2\/pages\/82\/revisions"}],"predecessor-version":[{"id":83,"href":"https:\/\/likapk.com\/cs\/wp-json\/wp\/v2\/pages\/82\/revisions\/83"}],"wp:attachment":[{"href":"https:\/\/likapk.com\/cs\/wp-json\/wp\/v2\/media?parent=82"}],"curies":[{"name":"wp","href":"https:\/\/api.w.org\/{rel}","templated":true}]}}