{"id":82,"date":"2025-05-26T14:54:22","date_gmt":"2025-05-26T14:54:22","guid":{"rendered":"https:\/\/likapk.com\/?page_id=82"},"modified":"2025-05-26T14:54:24","modified_gmt":"2025-05-26T14:54:24","slug":"about-us","status":"publish","type":"page","link":"https:\/\/likapk.com\/da\/about-us\/","title":{"rendered":"Om os"},"content":{"rendered":"<h2 class=\"wp-block-heading\"><strong>Hvem vi er<\/strong><\/h2>\n\n\n\n<p>P\u00e5 <strong>Likapk.com<\/strong>Vi mener, at internettet skal g\u00f8re dit liv lettere \u2013 ikke sv\u00e6rere. Derfor har vi bygget en platform dedikeret til at levere hurtigt, relevant og engagerende indhold inden for nutidens mest efterspurgte emner.<\/p>\n\n\n\n<p>Uanset om du udforsker nye mobilteknologier <strong>apps<\/strong>, s\u00f8ger r\u00e5dgivning om <strong>dating<\/strong>, forbedrer din <strong>finansiel<\/strong> viden, s\u00f8ger efter <strong>job<\/strong> muligheder, eller bare leder efter simple <strong>livsstil<\/strong> inspiration \u2013 du finder den her.<\/p>\n\n\n\n<hr class=\"wp-block-separator has-alpha-channel-opacity\"\/>\n\n\n\n<h2 class=\"wp-block-heading\"><strong>Vores mission<\/strong><\/h2>\n\n\n\n<p>Vi sigter mod at forenkle informationss\u00f8gning ved at organisere indhold, der er aktuelt, trov\u00e6rdigt og skr\u00e6ddersyet til dine interesser. Intet fnug. Ingen distraktioner. Bare v\u00e6rdi.<\/p>\n\n\n\n<p>Vores redaktionelle strategi er drevet af performancedata, trending topics og indsigt i brugeradf\u00e6rd \u2013 s\u00e5 vi kan udgive pr\u00e6cis det, folk leder efter, n\u00e5r de har mest brug for det.<\/p>\n\n\n\n<hr class=\"wp-block-separator has-alpha-channel-opacity\"\/>\n\n\n\n<h2 class=\"wp-block-heading\"><strong>S\u00e5dan fungerer vi<\/strong><\/h2>\n\n\n\n<ul class=\"wp-block-list\">\n<li>Vi udgiver dagligt artikler, der d\u00e6kker indhold, der klarer sig godt p\u00e5 tv\u00e6rs af flere netv\u00e6rk.<\/li>\n\n\n\n<li>Vores monetiseringsstrategi bruger kompatible annonceplatforme, herunder Google og programmatiske partnere.<\/li>\n\n\n\n<li>Al annoncering er designet til at respektere brugeroplevelsen, samtidig med at den underst\u00f8tter vores model for gratis indhold.<\/li>\n<\/ul>\n\n\n\n<hr class=\"wp-block-separator has-alpha-channel-opacity\"\/>\n\n\n\n<h2 class=\"wp-block-heading\"><strong>Tillid og gennemsigtighed<\/strong><\/h2>\n\n\n\n<p>Vi er forpligtet til at opretholde gennemsigtighed over for vores l\u00e6sere. Selvom vi tjener indt\u00e6gter gennem annoncer, tillader vi aldrig kommercielle interesser at p\u00e5virke vores indholdsintegritet.<\/p>\n\n\n\n<hr class=\"wp-block-separator has-alpha-channel-opacity\"\/>\n\n\n\n<h2 class=\"wp-block-heading\"><strong>Kontakt os<\/strong><\/h2>\n\n\n\n<p>Sp\u00f8rgsm\u00e5l, feedback eller foresp\u00f8rgsler om partnerskab?<br>Vi vil meget gerne h\u00f8re fra dig. Kontakt os p\u00e5:<br>\ud83d\udce7 <strong><a>contact@likapk.com<\/a><\/strong><\/p>","protected":false},"excerpt":{"rendered":"<p>Who We Are At Likapk.com, we believe that the internet should make your life easier \u2014 not harder. That\u2019s why [&hellip;]<\/p>\n","protected":false},"author":1,"featured_media":0,"parent":0,"menu_order":0,"comment_status":"closed","ping_status":"closed","template":"","meta":{"site-sidebar-layout":"default","site-content-layout":"","ast-site-content-layout":"default","site-content-style":"default","site-sidebar-style":"default","ast-global-header-display":"","ast-banner-title-visibility":"","ast-main-header-display":"","ast-hfb-above-header-display":"","ast-hfb-below-header-display":"","ast-hfb-mobile-header-display":"","site-post-title":"","ast-breadcrumbs-content":"","ast-featured-img":"","footer-sml-layout":"","ast-disable-related-posts":"","theme-transparent-header-meta":"","adv-header-id-meta":"","stick-header-meta":"","header-above-stick-meta":"","header-main-stick-meta":"","header-below-stick-meta":"","astra-migrate-meta-layouts":"default","ast-page-background-enabled":"default","ast-page-background-meta":{"desktop":{"background-color":"var(--ast-global-color-4)","background-image":"","background-repeat":"repeat","background-position":"center center","background-size":"auto","background-attachment":"scroll","background-type":"","background-media":"","overlay-type":"","overlay-color":"","overlay-opacity":"","overlay-gradient":""},"tablet":{"background-color":"","background-image":"","background-repeat":"repeat","background-position":"center center","background-size":"auto","background-attachment":"scroll","background-type":"","background-media":"","overlay-type":"","overlay-color":"","overlay-opacity":"","overlay-gradient":""},"mobile":{"background-color":"","background-image":"","background-repeat":"repeat","background-position":"center center","background-size":"auto","background-attachment":"scroll","background-type":"","background-media":"","overlay-type":"","overlay-color":"","overlay-opacity":"","overlay-gradient":""}},"ast-content-background-meta":{"desktop":{"background-color":"var(--ast-global-color-5)","background-image":"","background-repeat":"repeat","background-position":"center center","background-size":"auto","background-attachment":"scroll","background-type":"","background-media":"","overlay-type":"","overlay-color":"","overlay-opacity":"","overlay-gradient":""},"tablet":{"background-color":"var(--ast-global-color-5)","background-image":"","background-repeat":"repeat","background-position":"center center","background-size":"auto","background-attachment":"scroll","background-type":"","background-media":"","overlay-type":"","overlay-color":"","overlay-opacity":"","overlay-gradient":""},"mobile":{"background-color":"var(--ast-global-color-5)","background-image":"","background-repeat":"repeat","background-position":"center center","background-size":"auto","background-attachment":"scroll","background-type":"","background-media":"","overlay-type":"","overlay-color":"","overlay-opacity":"","overlay-gradient":""}},"footnotes":""},"class_list":["post-82","page","type-page","status-publish","hentry"],"_links":{"self":[{"href":"https:\/\/likapk.com\/da\/wp-json\/wp\/v2\/pages\/82","targetHints":{"allow":["GET"]}}],"collection":[{"href":"https:\/\/likapk.com\/da\/wp-json\/wp\/v2\/pages"}],"about":[{"href":"https:\/\/likapk.com\/da\/wp-json\/wp\/v2\/types\/page"}],"author":[{"embeddable":true,"href":"https:\/\/likapk.com\/da\/wp-json\/wp\/v2\/users\/1"}],"replies":[{"embeddable":true,"href":"https:\/\/likapk.com\/da\/wp-json\/wp\/v2\/comments?post=82"}],"version-history":[{"count":1,"href":"https:\/\/likapk.com\/da\/wp-json\/wp\/v2\/pages\/82\/revisions"}],"predecessor-version":[{"id":83,"href":"https:\/\/likapk.com\/da\/wp-json\/wp\/v2\/pages\/82\/revisions\/83"}],"wp:attachment":[{"href":"https:\/\/likapk.com\/da\/wp-json\/wp\/v2\/media?parent=82"}],"curies":[{"name":"wp","href":"https:\/\/api.w.org\/{rel}","templated":true}]}}