{"id":84,"date":"2025-05-26T14:59:12","date_gmt":"2025-05-26T14:59:12","guid":{"rendered":"https:\/\/likapk.com\/?page_id=84"},"modified":"2025-05-26T14:59:14","modified_gmt":"2025-05-26T14:59:14","slug":"cookie-policy","status":"publish","type":"page","link":"https:\/\/likapk.com\/da\/cookie-policy\/","title":{"rendered":"Cookiepolitik"},"content":{"rendered":"<p><strong>Ikrafttr\u00e6delsesdato:<\/strong> 26. maj 2025<br><strong>Dom\u00e6ne:<\/strong> <a class=\"\" href=\"https:\/\/likapk.com\/da\/\">https:\/\/likapk.com<\/a><\/p>\n\n\n\n<p>Denne cookiepolitik beskriver, hvordan <strong>Likapk.com<\/strong> (&#8220;<strong>vi<\/strong>&#8220;, &#8220;<strong>vores<\/strong>&quot;, eller &quot;<strong>Hjemmesiden<\/strong>\u201c) bruger cookies og relaterede sporingsteknologier, n\u00e5r du bes\u00f8ger eller interagerer med vores digitale ejendomme.<\/p>\n\n\n\n<hr class=\"wp-block-separator has-alpha-channel-opacity\"\/>\n\n\n\n<h3 class=\"wp-block-heading\">1. <strong>Hvad er cookies?<\/strong><\/h3>\n\n\n\n<p>Cookies er sm\u00e5 datafiler, som websteder gemmer p\u00e5 din enhed via browseren. Disse filer udf\u00f8rer forskellige funktioner, s\u00e5som at aktivere kernefunktioner p\u00e5 webstedet, gemme brugerpr\u00e6ferencer, analysere trafik og levere m\u00e5lrettede annoncer.<\/p>\n\n\n\n<p>Cookies kan v\u00e6re:<\/p>\n\n\n\n<ul class=\"wp-block-list\">\n<li><strong>Sessionsbaseret<\/strong> (udl\u00f8ber, n\u00e5r du lukker din browser), eller<\/li>\n\n\n\n<li><strong>Vedvarende<\/strong> (gemmes indtil manuelt slettet eller udl\u00f8ber).<\/li>\n<\/ul>\n\n\n\n<hr class=\"wp-block-separator has-alpha-channel-opacity\"\/>\n\n\n\n<h3 class=\"wp-block-heading\">2. <strong>Kategorier af cookies, vi bruger<\/strong><\/h3>\n\n\n\n<p>Vi opdeler cookies i f\u00f8lgende kategorier:<\/p>\n\n\n\n<h4 class=\"wp-block-heading\">en. <strong>Vigtige cookies<\/strong><\/h4>\n\n\n\n<p>Disse cookies er grundl\u00e6ggende for grundl\u00e6ggende hjemmesidefunktionalitet \u2013 s\u00e5som sidegengivelse, navigation og sikkerhedsvalidering. <strong>kan ikke deaktiveres<\/strong> via vores v\u00e6rkt\u00f8j til cookiepr\u00e6ferencer.<\/p>\n\n\n\n<h4 class=\"wp-block-heading\">b. <strong>Analysecookies<\/strong><\/h4>\n\n\n\n<p>Disse giver os mulighed for at forst\u00e5, hvordan bes\u00f8gende interagerer med vores hjemmeside. Vi bruger tredjeparts analyseplatforme (f.eks. <strong>Google Analytics 4<\/strong>) for at evaluere trafikkilder, popul\u00e6rt indhold, sessionsvarighed og afvisningsprocenter \u2013 hvilket hj\u00e6lper os med at forbedre webstedets ydeevne.<\/p>\n\n\n\n<h4 class=\"wp-block-heading\">c. <strong>Reklame- og sporingscookies<\/strong><\/h4>\n\n\n\n<p>Bruges i samarbejde med programmatiske annoncepartnere som f.eks. <strong>Google Annoncemanager, AdSense<\/strong>, og <strong>SSP&#039;er<\/strong>, disse cookies muligg\u00f8r:<\/p>\n\n\n\n<ul class=\"wp-block-list\">\n<li>M\u00e5lgruppeprofilering<\/li>\n\n\n\n<li>Retargeting<\/li>\n\n\n\n<li>Frekvensbegr\u00e6nsning<\/li>\n\n\n\n<li>Sporing p\u00e5 tv\u00e6rs af websteder<\/li>\n<\/ul>\n\n\n\n<p>De kan behandle IP-adresser, enhedstyper og adf\u00e6rdsdata p\u00e5 tv\u00e6rs af sessioner og platforme.<\/p>\n\n\n\n<h4 class=\"wp-block-heading\">d. <strong>Funktionelle cookies<\/strong><\/h4>\n\n\n\n<p>Disse underst\u00f8tter valgfrie funktioner som at huske dit foretrukne sprog eller din foretrukne visningstilstand. Uden disse kan nogle elementer i brugeroplevelsen blive forringet.<\/p>\n\n\n\n<hr class=\"wp-block-separator has-alpha-channel-opacity\"\/>\n\n\n\n<h3 class=\"wp-block-heading\">3. <strong>Tredjepartscookie-oplysning<\/strong><\/h3>\n\n\n\n<p>Vi giver udvalgte tredjeparter tilladelse til at placere cookies p\u00e5 vores hjemmeside til:<\/p>\n\n\n\n<ul class=\"wp-block-list\">\n<li><strong>Annoncelevering og rapportering<\/strong> (f.eks. Google, JoinAds, Taboola)<\/li>\n\n\n\n<li><strong>Analyse og varmekort<\/strong> (f.eks. Google Analytics, Hotjar)<\/li>\n<\/ul>\n\n\n\n<p>Disse enheder behandler data i henhold til deres egne privatlivspolitikker og kan kombinere oplysninger fra andre kilder.<\/p>\n\n\n\n<hr class=\"wp-block-separator has-alpha-channel-opacity\"\/>\n\n\n\n<h3 class=\"wp-block-heading\">4. <strong>Samtykke og kontrol (EU-overholdelse)<\/strong><\/h3>\n\n\n\n<p>For brugere i jurisdiktioner underlagt <strong>Den generelle forordning om databeskyttelse (GDPR)<\/strong>, ikke-essentielle cookies placeres kun med <strong>udtrykkeligt brugersamtykke<\/strong>.<\/p>\n\n\n\n<p>Vi bruger en <strong>Platform til samtykkeh\u00e5ndtering (CMP)<\/strong> til:<\/p>\n\n\n\n<ul class=\"wp-block-list\">\n<li>Indsaml og gem cookiepr\u00e6ferencer<\/li>\n\n\n\n<li>S\u00f8rg for kontrol af til-\/fravalg<\/li>\n\n\n\n<li>Tillad detaljeret valg af cookiekategori<\/li>\n<\/ul>\n\n\n\n<p>Du kan til enhver tid tr\u00e6kke dit samtykke tilbage ved at klikke p\u00e5 &quot;Cookieindstillinger&quot; i sidefoden p\u00e5 hjemmesiden.<\/p>\n\n\n\n<hr class=\"wp-block-separator has-alpha-channel-opacity\"\/>\n\n\n\n<h3 class=\"wp-block-heading\">5. <strong>Californiens privatlivsrettigheder (CCPA)<\/strong><\/h3>\n\n\n\n<p>Hvis du er bosiddende i <strong>Californien<\/strong>, kan du have yderligere rettigheder i henhold til <strong>Californiens forbrugerbeskyttelseslov<\/strong>, herunder retten til at:<\/p>\n\n\n\n<ul class=\"wp-block-list\">\n<li>Vid hvilke personoplysninger der indsamles<\/li>\n\n\n\n<li>Frav\u00e6lg salg af personoplysninger<\/li>\n\n\n\n<li>Anmodning om sletning af gemte personoplysninger<\/li>\n<\/ul>\n\n\n\n<p>For at ud\u00f8ve disse rettigheder, bedes du kontakte os eller bruge <strong>&quot;S\u00e6lg ikke mine oplysninger&quot;<\/strong> link hvor det er relevant.<\/p>\n\n\n\n<hr class=\"wp-block-separator has-alpha-channel-opacity\"\/>\n\n\n\n<h3 class=\"wp-block-heading\">6. <strong>Administration af cookies i din browser<\/strong><\/h3>\n\n\n\n<p>Du kan konfigurere din browser til at:<\/p>\n\n\n\n<ul class=\"wp-block-list\">\n<li>Afvis alle eller specifikke cookies<\/li>\n\n\n\n<li>Giv dig besked, n\u00e5r en cookie er sat<\/li>\n\n\n\n<li>Slet gemte cookies<\/li>\n<\/ul>\n\n\n\n<p>Se din browsers dokumentation for yderligere oplysninger:<\/p>\n\n\n\n<ul class=\"wp-block-list\">\n<li><a>Google Chrome<\/a><\/li>\n\n\n\n<li><a class=\"\" href=\"https:\/\/support.mozilla.org\/en-US\/kb\/cookies-information-websites-store-on-your-computer\" target=\"_blank\" rel=\"noopener\">Mozilla Firefox<\/a><\/li>\n\n\n\n<li><a class=\"\" href=\"https:\/\/support.apple.com\/en-us\/HT201265\" target=\"_blank\" rel=\"noopener\">Safari<\/a><\/li>\n\n\n\n<li><a class=\"\" href=\"https:\/\/support.microsoft.com\/en-us\/microsoft-edge\/delete-cookies-in-microsoft-edge-63947406-40ac-c3b8-57b9-2a946a29ae09\" target=\"_blank\" rel=\"noopener\">Microsoft Edge<\/a><\/li>\n<\/ul>\n\n\n\n<hr class=\"wp-block-separator has-alpha-channel-opacity\"\/>\n\n\n\n<h3 class=\"wp-block-heading\">7. <strong>Politikopdateringer<\/strong><\/h3>\n\n\n\n<p>Denne cookiepolitik kan revideres fra tid til anden for at afspejle driftsm\u00e6ssige eller lovgivningsm\u00e6ssige \u00e6ndringer. Eventuelle \u00e6ndringer vil blive offentliggjort p\u00e5 denne side med en opdateret ikrafttr\u00e6delsesdato.<\/p>\n\n\n\n<hr class=\"wp-block-separator has-alpha-channel-opacity\"\/>\n\n\n\n<h3 class=\"wp-block-heading\">8. <strong>Kontaktoplysninger<\/strong><\/h3>\n\n\n\n<p>Ved sp\u00f8rgsm\u00e5l eller bekymringer vedr\u00f8rende denne cookiepolitik, bedes du kontakte:<\/p>\n\n\n\n<p><strong>Likapk.com Compliance Team<\/strong><br>\ud83d\udce7 E-mail: <a>contact@likapk.com<\/a><\/p>","protected":false},"excerpt":{"rendered":"<p>Effective Date: May 26, 2025Domain: https:\/\/likapk.com This Cookie Policy outlines how Likapk.com (&#8220;we&#8220;, &#8220;our&#8220;, or &#8220;the Website&#8220;) utilizes cookies and [&hellip;]<\/p>\n","protected":false},"author":1,"featured_media":0,"parent":0,"menu_order":0,"comment_status":"closed","ping_status":"closed","template":"","meta":{"site-sidebar-layout":"default","site-content-layout":"","ast-site-content-layout":"default","site-content-style":"default","site-sidebar-style":"default","ast-global-header-display":"","ast-banner-title-visibility":"","ast-main-header-display":"","ast-hfb-above-header-display":"","ast-hfb-below-header-display":"","ast-hfb-mobile-header-display":"","site-post-title":"","ast-breadcrumbs-content":"","ast-featured-img":"","footer-sml-layout":"","ast-disable-related-posts":"","theme-transparent-header-meta":"","adv-header-id-meta":"","stick-header-meta":"","header-above-stick-meta":"","header-main-stick-meta":"","header-below-stick-meta":"","astra-migrate-meta-layouts":"default","ast-page-background-enabled":"default","ast-page-background-meta":{"desktop":{"background-color":"var(--ast-global-color-4)","background-image":"","background-repeat":"repeat","background-position":"center center","background-size":"auto","background-attachment":"scroll","background-type":"","background-media":"","overlay-type":"","overlay-color":"","overlay-opacity":"","overlay-gradient":""},"tablet":{"background-color":"","background-image":"","background-repeat":"repeat","background-position":"center center","background-size":"auto","background-attachment":"scroll","background-type":"","background-media":"","overlay-type":"","overlay-color":"","overlay-opacity":"","overlay-gradient":""},"mobile":{"background-color":"","background-image":"","background-repeat":"repeat","background-position":"center center","background-size":"auto","background-attachment":"scroll","background-type":"","background-media":"","overlay-type":"","overlay-color":"","overlay-opacity":"","overlay-gradient":""}},"ast-content-background-meta":{"desktop":{"background-color":"var(--ast-global-color-5)","background-image":"","background-repeat":"repeat","background-position":"center center","background-size":"auto","background-attachment":"scroll","background-type":"","background-media":"","overlay-type":"","overlay-color":"","overlay-opacity":"","overlay-gradient":""},"tablet":{"background-color":"var(--ast-global-color-5)","background-image":"","background-repeat":"repeat","background-position":"center center","background-size":"auto","background-attachment":"scroll","background-type":"","background-media":"","overlay-type":"","overlay-color":"","overlay-opacity":"","overlay-gradient":""},"mobile":{"background-color":"var(--ast-global-color-5)","background-image":"","background-repeat":"repeat","background-position":"center center","background-size":"auto","background-attachment":"scroll","background-type":"","background-media":"","overlay-type":"","overlay-color":"","overlay-opacity":"","overlay-gradient":""}},"footnotes":""},"class_list":["post-84","page","type-page","status-publish","hentry"],"_links":{"self":[{"href":"https:\/\/likapk.com\/da\/wp-json\/wp\/v2\/pages\/84","targetHints":{"allow":["GET"]}}],"collection":[{"href":"https:\/\/likapk.com\/da\/wp-json\/wp\/v2\/pages"}],"about":[{"href":"https:\/\/likapk.com\/da\/wp-json\/wp\/v2\/types\/page"}],"author":[{"embeddable":true,"href":"https:\/\/likapk.com\/da\/wp-json\/wp\/v2\/users\/1"}],"replies":[{"embeddable":true,"href":"https:\/\/likapk.com\/da\/wp-json\/wp\/v2\/comments?post=84"}],"version-history":[{"count":1,"href":"https:\/\/likapk.com\/da\/wp-json\/wp\/v2\/pages\/84\/revisions"}],"predecessor-version":[{"id":85,"href":"https:\/\/likapk.com\/da\/wp-json\/wp\/v2\/pages\/84\/revisions\/85"}],"wp:attachment":[{"href":"https:\/\/likapk.com\/da\/wp-json\/wp\/v2\/media?parent=84"}],"curies":[{"name":"wp","href":"https:\/\/api.w.org\/{rel}","templated":true}]}}