{"id":84,"date":"2025-05-26T14:59:12","date_gmt":"2025-05-26T14:59:12","guid":{"rendered":"https:\/\/likapk.com\/?page_id=84"},"modified":"2025-05-26T14:59:14","modified_gmt":"2025-05-26T14:59:14","slug":"cookie-policy","status":"publish","type":"page","link":"https:\/\/likapk.com\/de\/cookie-policy\/","title":{"rendered":"Cookie-Richtlinie"},"content":{"rendered":"<p><strong>Datum des Inkrafttretens:<\/strong> 26. Mai 2025<br><strong>Domain:<\/strong> <a class=\"\" href=\"https:\/\/likapk.com\/de\/\">https:\/\/likapk.com<\/a><\/p>\n\n\n\n<p>Diese Cookie-Richtlinie beschreibt, wie <strong>Likapk.com<\/strong> (\u201c<strong>Wir<\/strong>\u201c, \u201c<strong>unser<\/strong>&quot;, oder &quot;<strong>die Website<\/strong>\u201c) verwendet Cookies und verwandte Tracking-Technologien, wenn Sie unsere digitalen Eigenschaften besuchen oder mit ihnen interagieren.<\/p>\n\n\n\n<hr class=\"wp-block-separator has-alpha-channel-opacity\"\/>\n\n\n\n<h3 class=\"wp-block-heading\">1. <strong>Was sind Cookies?<\/strong><\/h3>\n\n\n\n<p>Cookies sind kleine Datendateien, die Websites \u00fcber den Browser auf Ihrem Ger\u00e4t speichern. Diese Dateien erf\u00fcllen verschiedene Funktionen, z. B. die Aktivierung grundlegender Website-Funktionen, die Speicherung von Benutzereinstellungen, die Analyse des Datenverkehrs und die Bereitstellung gezielter Werbung.<\/p>\n\n\n\n<p>Cookies k\u00f6nnen sein:<\/p>\n\n\n\n<ul class=\"wp-block-list\">\n<li><strong>Sitzungsbasiert<\/strong> (l\u00e4uft ab, wenn Sie Ihren Browser schlie\u00dfen) oder<\/li>\n\n\n\n<li><strong>Hartn\u00e4ckig<\/strong> (gespeichert, bis sie manuell gel\u00f6scht wird oder abl\u00e4uft).<\/li>\n<\/ul>\n\n\n\n<hr class=\"wp-block-separator has-alpha-channel-opacity\"\/>\n\n\n\n<h3 class=\"wp-block-heading\">2. <strong>Kategorien der von uns verwendeten Cookies<\/strong><\/h3>\n\n\n\n<p>Wir unterteilen Cookies in die folgenden Kategorien:<\/p>\n\n\n\n<h4 class=\"wp-block-heading\">A. <strong>Notwendige Cookies<\/strong><\/h4>\n\n\n\n<p>Diese Cookies sind f\u00fcr die grundlegende Funktionalit\u00e4t der Website \u2013 wie Seitendarstellung, Navigation und Sicherheits\u00fcberpr\u00fcfung \u2013 von grundlegender Bedeutung. Sie <strong>kann nicht deaktiviert werden<\/strong> \u00fcber unser Cookie-Pr\u00e4ferenz-Tool.<\/p>\n\n\n\n<h4 class=\"wp-block-heading\">B. <strong>Analytics Cookies<\/strong><\/h4>\n\n\n\n<p>Diese erm\u00f6glichen es uns zu verstehen, wie Besucher mit unserer Website interagieren. Wir verwenden Analyseplattformen von Drittanbietern (z. B. <strong>Google Analytics 4<\/strong>), um Verkehrsquellen, beliebte Inhalte, Sitzungsdauer und Absprungraten auszuwerten \u2013 und uns so dabei zu helfen, die Leistung unserer Website zu verbessern.<\/p>\n\n\n\n<h4 class=\"wp-block-heading\">C. <strong>Cookies f\u00fcr Werbung und Tracking<\/strong><\/h4>\n\n\n\n<p>Wird in Zusammenarbeit mit programmatischen Werbepartnern wie <strong>Google Ad Manager, AdSense<\/strong>, Und <strong>SSPs<\/strong>, erm\u00f6glichen diese Cookies:<\/p>\n\n\n\n<ul class=\"wp-block-list\">\n<li>Zielgruppenprofilierung<\/li>\n\n\n\n<li>Neuausrichtung<\/li>\n\n\n\n<li>Frequenzbegrenzung<\/li>\n\n\n\n<li>Site\u00fcbergreifendes Tracking<\/li>\n<\/ul>\n\n\n\n<p>Sie k\u00f6nnen IP-Adressen, Ger\u00e4tetypen und Verhaltensdaten sitzungs- und plattform\u00fcbergreifend verarbeiten.<\/p>\n\n\n\n<h4 class=\"wp-block-heading\">D. <strong>Funktionelle Cookies<\/strong><\/h4>\n\n\n\n<p>Diese unterst\u00fctzen optionale Funktionen wie das Speichern Ihrer bevorzugten Sprache oder Ihres Anzeigemodus. Ohne diese Funktionen kann es zu einer Beeintr\u00e4chtigung einiger Elemente der Benutzererfahrung kommen.<\/p>\n\n\n\n<hr class=\"wp-block-separator has-alpha-channel-opacity\"\/>\n\n\n\n<h3 class=\"wp-block-heading\">3. <strong>Offenlegung von Cookies durch Drittanbieter<\/strong><\/h3>\n\n\n\n<p>Wir erm\u00e4chtigen ausgew\u00e4hlte Drittanbieter, Cookies auf unserer Website zu platzieren, um:<\/p>\n\n\n\n<ul class=\"wp-block-list\">\n<li><strong>Anzeigenbereitstellung und Berichterstattung<\/strong> (zB Google, JoinAds, Taboola)<\/li>\n\n\n\n<li><strong>Analysen und Heatmaps<\/strong> (z. B. Google Analytics, Hotjar)<\/li>\n<\/ul>\n\n\n\n<p>Diese Unternehmen verarbeiten Daten gem\u00e4\u00df ihren eigenen Datenschutzrichtlinien und k\u00f6nnen Informationen aus anderen Quellen kombinieren.<\/p>\n\n\n\n<hr class=\"wp-block-separator has-alpha-channel-opacity\"\/>\n\n\n\n<h3 class=\"wp-block-heading\">4. <strong>Zustimmung und Kontrolle (EU-Konformit\u00e4t)<\/strong><\/h3>\n\n\n\n<p>F\u00fcr Benutzer in Rechtsr\u00e4umen unter der <strong>Datenschutz-Grundverordnung (DSGVO)<\/strong>, nicht notwendige Cookies werden nur mit <strong>ausdr\u00fcckliche Zustimmung des Nutzers<\/strong>.<\/p>\n\n\n\n<p>Wir verwenden eine <strong>Consent Management Plattform (CMP)<\/strong> Zu:<\/p>\n\n\n\n<ul class=\"wp-block-list\">\n<li>Cookie-Einstellungen erfassen und speichern<\/li>\n\n\n\n<li>Bieten Sie Opt-in\/out-Kontrollen an<\/li>\n\n\n\n<li>Granulare Cookie-Kategorieauswahl zulassen<\/li>\n<\/ul>\n\n\n\n<p>Sie k\u00f6nnen Ihre Einwilligung jederzeit widerrufen, indem Sie in der Fu\u00dfzeile der Website auf \u201eCookie-Einstellungen\u201c klicken.<\/p>\n\n\n\n<hr class=\"wp-block-separator has-alpha-channel-opacity\"\/>\n\n\n\n<h3 class=\"wp-block-heading\">5. <strong>Kalifornische Datenschutzrechte (CCPA)<\/strong><\/h3>\n\n\n\n<p>Wenn Sie Ihren Wohnsitz in <strong>Kalifornien<\/strong>haben Sie m\u00f6glicherweise zus\u00e4tzliche Rechte gem\u00e4\u00df <strong>Kalifornisches Verbraucherdatenschutzgesetz<\/strong>, einschlie\u00dflich des Rechts auf:<\/p>\n\n\n\n<ul class=\"wp-block-list\">\n<li>Wissen, welche personenbezogenen Daten erfasst werden<\/li>\n\n\n\n<li>Widerspruch gegen den Verkauf personenbezogener Daten<\/li>\n\n\n\n<li>L\u00f6schung gespeicherter personenbezogener Daten beantragen<\/li>\n<\/ul>\n\n\n\n<p>Um diese Rechte auszu\u00fcben, kontaktieren Sie uns bitte oder verwenden Sie die <strong>\u201eVerkaufen Sie meine Daten nicht\u201c<\/strong> Link, sofern zutreffend.<\/p>\n\n\n\n<hr class=\"wp-block-separator has-alpha-channel-opacity\"\/>\n\n\n\n<h3 class=\"wp-block-heading\">6. <strong>Verwalten von Cookies in Ihrem Browser<\/strong><\/h3>\n\n\n\n<p>Sie k\u00f6nnen Ihren Browser folgenderma\u00dfen konfigurieren:<\/p>\n\n\n\n<ul class=\"wp-block-list\">\n<li>Alle oder bestimmte Cookies ablehnen<\/li>\n\n\n\n<li>Benachrichtigen Sie, wenn ein Cookie gesetzt wird<\/li>\n\n\n\n<li>Gespeicherte Cookies l\u00f6schen<\/li>\n<\/ul>\n\n\n\n<p>Weitere Einzelheiten finden Sie in der Dokumentation Ihres Browsers:<\/p>\n\n\n\n<ul class=\"wp-block-list\">\n<li><a>Google Chrome<\/a><\/li>\n\n\n\n<li><a class=\"\" href=\"https:\/\/support.mozilla.org\/en-US\/kb\/cookies-information-websites-store-on-your-computer\" target=\"_blank\" rel=\"noopener\">Mozilla Firefox<\/a><\/li>\n\n\n\n<li><a class=\"\" href=\"https:\/\/support.apple.com\/en-us\/HT201265\" target=\"_blank\" rel=\"noopener\">Safari<\/a><\/li>\n\n\n\n<li><a class=\"\" href=\"https:\/\/support.microsoft.com\/en-us\/microsoft-edge\/delete-cookies-in-microsoft-edge-63947406-40ac-c3b8-57b9-2a946a29ae09\" target=\"_blank\" rel=\"noopener\">Microsoft Edge<\/a><\/li>\n<\/ul>\n\n\n\n<hr class=\"wp-block-separator has-alpha-channel-opacity\"\/>\n\n\n\n<h3 class=\"wp-block-heading\">7. <strong>Richtlinienaktualisierungen<\/strong><\/h3>\n\n\n\n<p>Diese Cookie-Richtlinie kann von Zeit zu Zeit \u00fcberarbeitet werden, um betrieblichen oder regulatorischen \u00c4nderungen Rechnung zu tragen. Alle \u00c4nderungen werden auf dieser Seite mit dem aktualisierten Datum des Inkrafttretens ver\u00f6ffentlicht.<\/p>\n\n\n\n<hr class=\"wp-block-separator has-alpha-channel-opacity\"\/>\n\n\n\n<h3 class=\"wp-block-heading\">8. <strong>Kontaktinformationen<\/strong><\/h3>\n\n\n\n<p>Bei Fragen oder Bedenken bez\u00fcglich dieser Cookie-Richtlinie wenden Sie sich bitte an:<\/p>\n\n\n\n<p><strong>Likapk.com Compliance Team<\/strong><br>\ud83d\udce7 E-Mail: <a>contact@likapk.com<\/a><\/p>","protected":false},"excerpt":{"rendered":"<p>Effective Date: May 26, 2025Domain: https:\/\/likapk.com This Cookie Policy outlines how Likapk.com (&#8220;we&#8220;, &#8220;our&#8220;, or &#8220;the Website&#8220;) utilizes cookies and [&hellip;]<\/p>\n","protected":false},"author":1,"featured_media":0,"parent":0,"menu_order":0,"comment_status":"closed","ping_status":"closed","template":"","meta":{"site-sidebar-layout":"default","site-content-layout":"","ast-site-content-layout":"default","site-content-style":"default","site-sidebar-style":"default","ast-global-header-display":"","ast-banner-title-visibility":"","ast-main-header-display":"","ast-hfb-above-header-display":"","ast-hfb-below-header-display":"","ast-hfb-mobile-header-display":"","site-post-title":"","ast-breadcrumbs-content":"","ast-featured-img":"","footer-sml-layout":"","ast-disable-related-posts":"","theme-transparent-header-meta":"","adv-header-id-meta":"","stick-header-meta":"","header-above-stick-meta":"","header-main-stick-meta":"","header-below-stick-meta":"","astra-migrate-meta-layouts":"default","ast-page-background-enabled":"default","ast-page-background-meta":{"desktop":{"background-color":"var(--ast-global-color-4)","background-image":"","background-repeat":"repeat","background-position":"center center","background-size":"auto","background-attachment":"scroll","background-type":"","background-media":"","overlay-type":"","overlay-color":"","overlay-opacity":"","overlay-gradient":""},"tablet":{"background-color":"","background-image":"","background-repeat":"repeat","background-position":"center center","background-size":"auto","background-attachment":"scroll","background-type":"","background-media":"","overlay-type":"","overlay-color":"","overlay-opacity":"","overlay-gradient":""},"mobile":{"background-color":"","background-image":"","background-repeat":"repeat","background-position":"center center","background-size":"auto","background-attachment":"scroll","background-type":"","background-media":"","overlay-type":"","overlay-color":"","overlay-opacity":"","overlay-gradient":""}},"ast-content-background-meta":{"desktop":{"background-color":"var(--ast-global-color-5)","background-image":"","background-repeat":"repeat","background-position":"center center","background-size":"auto","background-attachment":"scroll","background-type":"","background-media":"","overlay-type":"","overlay-color":"","overlay-opacity":"","overlay-gradient":""},"tablet":{"background-color":"var(--ast-global-color-5)","background-image":"","background-repeat":"repeat","background-position":"center center","background-size":"auto","background-attachment":"scroll","background-type":"","background-media":"","overlay-type":"","overlay-color":"","overlay-opacity":"","overlay-gradient":""},"mobile":{"background-color":"var(--ast-global-color-5)","background-image":"","background-repeat":"repeat","background-position":"center center","background-size":"auto","background-attachment":"scroll","background-type":"","background-media":"","overlay-type":"","overlay-color":"","overlay-opacity":"","overlay-gradient":""}},"footnotes":""},"class_list":["post-84","page","type-page","status-publish","hentry"],"_links":{"self":[{"href":"https:\/\/likapk.com\/de\/wp-json\/wp\/v2\/pages\/84","targetHints":{"allow":["GET"]}}],"collection":[{"href":"https:\/\/likapk.com\/de\/wp-json\/wp\/v2\/pages"}],"about":[{"href":"https:\/\/likapk.com\/de\/wp-json\/wp\/v2\/types\/page"}],"author":[{"embeddable":true,"href":"https:\/\/likapk.com\/de\/wp-json\/wp\/v2\/users\/1"}],"replies":[{"embeddable":true,"href":"https:\/\/likapk.com\/de\/wp-json\/wp\/v2\/comments?post=84"}],"version-history":[{"count":1,"href":"https:\/\/likapk.com\/de\/wp-json\/wp\/v2\/pages\/84\/revisions"}],"predecessor-version":[{"id":85,"href":"https:\/\/likapk.com\/de\/wp-json\/wp\/v2\/pages\/84\/revisions\/85"}],"wp:attachment":[{"href":"https:\/\/likapk.com\/de\/wp-json\/wp\/v2\/media?parent=84"}],"curies":[{"name":"wp","href":"https:\/\/api.w.org\/{rel}","templated":true}]}}