{"id":82,"date":"2025-05-26T14:54:22","date_gmt":"2025-05-26T14:54:22","guid":{"rendered":"https:\/\/likapk.com\/?page_id=82"},"modified":"2025-05-26T14:54:24","modified_gmt":"2025-05-26T14:54:24","slug":"about-us","status":"publish","type":"page","link":"https:\/\/likapk.com\/es\/about-us\/","title":{"rendered":"Sobre nosotros"},"content":{"rendered":"<h2 class=\"wp-block-heading\"><strong>Quienes somos<\/strong><\/h2>\n\n\n\n<p>En <strong>Likapk.com<\/strong>Creemos que internet deber\u00eda simplificarte la vida, no complicarte. Por eso, hemos creado una plataforma dedicada a ofrecer contenido r\u00e1pido, relevante y atractivo sobre los temas m\u00e1s solicitados hoy en d\u00eda.<\/p>\n\n\n\n<p>Ya sea que est\u00e9s explorando nuevos dispositivos m\u00f3viles <strong>aplicaciones<\/strong>, buscando asesoramiento sobre <strong>tener una cita<\/strong>, mejorando tu <strong>financiero<\/strong> conocimiento, buscando <strong>trabajo<\/strong> oportunidades, o simplemente buscando algo simple <strong>estilo de vida<\/strong> Inspiraci\u00f3n: la encontrar\u00e1s aqu\u00ed.<\/p>\n\n\n\n<hr class=\"wp-block-separator has-alpha-channel-opacity\"\/>\n\n\n\n<h2 class=\"wp-block-heading\"><strong>Nuestra misi\u00f3n<\/strong><\/h2>\n\n\n\n<p>Nuestro objetivo es simplificar el descubrimiento de informaci\u00f3n organizando contenido oportuno, confiable y adaptado a sus intereses. Sin superfluidad. Sin distracciones. Solo valor.<\/p>\n\n\n\n<p>Nuestra estrategia editorial est\u00e1 impulsada por datos de rendimiento, temas de tendencia y conocimientos sobre el comportamiento de los usuarios, de modo que podemos publicar exactamente lo que la gente busca, cuando m\u00e1s lo necesita.<\/p>\n\n\n\n<hr class=\"wp-block-separator has-alpha-channel-opacity\"\/>\n\n\n\n<h2 class=\"wp-block-heading\"><strong>C\u00f3mo operamos<\/strong><\/h2>\n\n\n\n<ul class=\"wp-block-list\">\n<li>Publicamos art\u00edculos diariamente que cubren contenido que funciona bien en m\u00faltiples redes.<\/li>\n\n\n\n<li>Nuestra estrategia de monetizaci\u00f3n utiliza plataformas publicitarias compatibles, incluidas Google y socios program\u00e1ticos.<\/li>\n\n\n\n<li>Toda la publicidad est\u00e1 dise\u00f1ada para respetar la experiencia del usuario y al mismo tiempo respaldar nuestro modelo de contenido gratuito.<\/li>\n<\/ul>\n\n\n\n<hr class=\"wp-block-separator has-alpha-channel-opacity\"\/>\n\n\n\n<h2 class=\"wp-block-heading\"><strong>Confianza y transparencia<\/strong><\/h2>\n\n\n\n<p>Nos comprometemos a mantener la transparencia con nuestros lectores. Si bien obtenemos ingresos a trav\u00e9s de la publicidad, nunca permitimos que intereses comerciales influyan en la integridad de nuestro contenido.<\/p>\n\n\n\n<hr class=\"wp-block-separator has-alpha-channel-opacity\"\/>\n\n\n\n<h2 class=\"wp-block-heading\"><strong>Cont\u00e1ctenos<\/strong><\/h2>\n\n\n\n<p>\u00bfTiene preguntas, comentarios o consultas sobre asociaci\u00f3n?<br>Nos encantar\u00eda saber de usted. Cont\u00e1ctenos en:<br>\ud83d\udce7 <strong><a>contact@likapk.com<\/a><\/strong><\/p>","protected":false},"excerpt":{"rendered":"<p>Who We Are At Likapk.com, we believe that the internet should make your life easier \u2014 not harder. That\u2019s why [&hellip;]<\/p>\n","protected":false},"author":1,"featured_media":0,"parent":0,"menu_order":0,"comment_status":"closed","ping_status":"closed","template":"","meta":{"site-sidebar-layout":"default","site-content-layout":"","ast-site-content-layout":"default","site-content-style":"default","site-sidebar-style":"default","ast-global-header-display":"","ast-banner-title-visibility":"","ast-main-header-display":"","ast-hfb-above-header-display":"","ast-hfb-below-header-display":"","ast-hfb-mobile-header-display":"","site-post-title":"","ast-breadcrumbs-content":"","ast-featured-img":"","footer-sml-layout":"","ast-disable-related-posts":"","theme-transparent-header-meta":"","adv-header-id-meta":"","stick-header-meta":"","header-above-stick-meta":"","header-main-stick-meta":"","header-below-stick-meta":"","astra-migrate-meta-layouts":"default","ast-page-background-enabled":"default","ast-page-background-meta":{"desktop":{"background-color":"var(--ast-global-color-4)","background-image":"","background-repeat":"repeat","background-position":"center center","background-size":"auto","background-attachment":"scroll","background-type":"","background-media":"","overlay-type":"","overlay-color":"","overlay-opacity":"","overlay-gradient":""},"tablet":{"background-color":"","background-image":"","background-repeat":"repeat","background-position":"center center","background-size":"auto","background-attachment":"scroll","background-type":"","background-media":"","overlay-type":"","overlay-color":"","overlay-opacity":"","overlay-gradient":""},"mobile":{"background-color":"","background-image":"","background-repeat":"repeat","background-position":"center center","background-size":"auto","background-attachment":"scroll","background-type":"","background-media":"","overlay-type":"","overlay-color":"","overlay-opacity":"","overlay-gradient":""}},"ast-content-background-meta":{"desktop":{"background-color":"var(--ast-global-color-5)","background-image":"","background-repeat":"repeat","background-position":"center center","background-size":"auto","background-attachment":"scroll","background-type":"","background-media":"","overlay-type":"","overlay-color":"","overlay-opacity":"","overlay-gradient":""},"tablet":{"background-color":"var(--ast-global-color-5)","background-image":"","background-repeat":"repeat","background-position":"center center","background-size":"auto","background-attachment":"scroll","background-type":"","background-media":"","overlay-type":"","overlay-color":"","overlay-opacity":"","overlay-gradient":""},"mobile":{"background-color":"var(--ast-global-color-5)","background-image":"","background-repeat":"repeat","background-position":"center center","background-size":"auto","background-attachment":"scroll","background-type":"","background-media":"","overlay-type":"","overlay-color":"","overlay-opacity":"","overlay-gradient":""}},"footnotes":""},"class_list":["post-82","page","type-page","status-publish","hentry"],"_links":{"self":[{"href":"https:\/\/likapk.com\/es\/wp-json\/wp\/v2\/pages\/82","targetHints":{"allow":["GET"]}}],"collection":[{"href":"https:\/\/likapk.com\/es\/wp-json\/wp\/v2\/pages"}],"about":[{"href":"https:\/\/likapk.com\/es\/wp-json\/wp\/v2\/types\/page"}],"author":[{"embeddable":true,"href":"https:\/\/likapk.com\/es\/wp-json\/wp\/v2\/users\/1"}],"replies":[{"embeddable":true,"href":"https:\/\/likapk.com\/es\/wp-json\/wp\/v2\/comments?post=82"}],"version-history":[{"count":1,"href":"https:\/\/likapk.com\/es\/wp-json\/wp\/v2\/pages\/82\/revisions"}],"predecessor-version":[{"id":83,"href":"https:\/\/likapk.com\/es\/wp-json\/wp\/v2\/pages\/82\/revisions\/83"}],"wp:attachment":[{"href":"https:\/\/likapk.com\/es\/wp-json\/wp\/v2\/media?parent=82"}],"curies":[{"name":"wp","href":"https:\/\/api.w.org\/{rel}","templated":true}]}}