{"id":84,"date":"2025-05-26T14:59:12","date_gmt":"2025-05-26T14:59:12","guid":{"rendered":"https:\/\/likapk.com\/?page_id=84"},"modified":"2025-05-26T14:59:14","modified_gmt":"2025-05-26T14:59:14","slug":"cookie-policy","status":"publish","type":"page","link":"https:\/\/likapk.com\/es\/cookie-policy\/","title":{"rendered":"Pol\u00edtica de cookies"},"content":{"rendered":"<p><strong>Fecha de entrada en vigor:<\/strong> 26 de mayo de 2025<br><strong>Dominio:<\/strong> <a class=\"\" href=\"https:\/\/likapk.com\/es\/\">https:\/\/likapk.com<\/a><\/p>\n\n\n\n<p>Esta Pol\u00edtica de Cookies describe c\u00f3mo <strong>Likapk.com<\/strong> (&#8220;<strong>nosotros<\/strong>&#8220;, &#8220;<strong>nuestro<\/strong>&quot;, o &quot;<strong>El sitio web<\/strong>\u201c) utiliza cookies y tecnolog\u00edas de seguimiento relacionadas cuando visita o interact\u00faa con nuestras propiedades digitales.<\/p>\n\n\n\n<hr class=\"wp-block-separator has-alpha-channel-opacity\"\/>\n\n\n\n<h3 class=\"wp-block-heading\">1. <strong>\u00bfQu\u00e9 son las cookies?<\/strong><\/h3>\n\n\n\n<p>Las cookies son peque\u00f1os archivos de datos que los sitios web almacenan en su dispositivo a trav\u00e9s del navegador. Estos archivos realizan diversas funciones, como habilitar las operaciones principales del sitio, conservar las preferencias del usuario, analizar el tr\u00e1fico y mostrar anuncios personalizados.<\/p>\n\n\n\n<p>Las cookies pueden ser:<\/p>\n\n\n\n<ul class=\"wp-block-list\">\n<li><strong>Basado en sesiones<\/strong> (caduca cuando cierras tu navegador), o<\/li>\n\n\n\n<li><strong>Persistente<\/strong> (almacenado hasta que se elimine manualmente o caduque).<\/li>\n<\/ul>\n\n\n\n<hr class=\"wp-block-separator has-alpha-channel-opacity\"\/>\n\n\n\n<h3 class=\"wp-block-heading\">2. <strong>Categor\u00edas de cookies que utilizamos<\/strong><\/h3>\n\n\n\n<p>Clasificamos las cookies en las siguientes categor\u00edas:<\/p>\n\n\n\n<h4 class=\"wp-block-heading\">a. <strong>Cookies esenciales<\/strong><\/h4>\n\n\n\n<p>Estas cookies son fundamentales para la funcionalidad b\u00e1sica del sitio web, como la representaci\u00f3n de p\u00e1ginas, la navegaci\u00f3n y la validaci\u00f3n de seguridad. <strong>no se puede desactivar<\/strong> a trav\u00e9s de nuestra herramienta de preferencias de cookies.<\/p>\n\n\n\n<h4 class=\"wp-block-heading\">b. <strong>Cookies de an\u00e1lisis<\/strong><\/h4>\n\n\n\n<p>Estas nos permiten comprender c\u00f3mo interact\u00faan los visitantes con nuestro sitio. Utilizamos plataformas de an\u00e1lisis de terceros (p. ej., <strong>Google Analytics 4<\/strong>) para evaluar las fuentes de tr\u00e1fico, el contenido popular, la duraci\u00f3n de la sesi\u00f3n y las tasas de rebote, lo que nos ayuda a mejorar el rendimiento del sitio.<\/p>\n\n\n\n<h4 class=\"wp-block-heading\">do. <strong>Cookies de publicidad y seguimiento<\/strong><\/h4>\n\n\n\n<p>Se utiliza en colaboraci\u00f3n con socios publicitarios program\u00e1ticos como <strong>Administrador de anuncios de Google, AdSense<\/strong>, y <strong>SSP<\/strong>Estas cookies permiten:<\/p>\n\n\n\n<ul class=\"wp-block-list\">\n<li>Perfiles de audiencia<\/li>\n\n\n\n<li>Reorientaci\u00f3n<\/li>\n\n\n\n<li>Limitaci\u00f3n de frecuencia<\/li>\n\n\n\n<li>Seguimiento entre sitios<\/li>\n<\/ul>\n\n\n\n<p>Pueden procesar direcciones IP, tipos de dispositivos y datos de comportamiento en diferentes sesiones y plataformas.<\/p>\n\n\n\n<h4 class=\"wp-block-heading\">d. <strong>Cookies funcionales<\/strong><\/h4>\n\n\n\n<p>Estas funciones opcionales son compatibles, como recordar el idioma o el modo de visualizaci\u00f3n preferidos. Sin ellas, la experiencia del usuario podr\u00eda verse afectada.<\/p>\n\n\n\n<hr class=\"wp-block-separator has-alpha-channel-opacity\"\/>\n\n\n\n<h3 class=\"wp-block-heading\">3. <strong>Divulgaci\u00f3n de cookies de terceros<\/strong><\/h3>\n\n\n\n<p>Autorizamos a terceros seleccionados a colocar cookies en nuestro sitio para:<\/p>\n\n\n\n<ul class=\"wp-block-list\">\n<li><strong>Entrega y generaci\u00f3n de informes de anuncios<\/strong> (por ejemplo, Google, JoinAds, Taboola)<\/li>\n\n\n\n<li><strong>An\u00e1lisis y mapas de calor<\/strong> (por ejemplo, Google Analytics, Hotjar)<\/li>\n<\/ul>\n\n\n\n<p>Estas entidades procesan los datos de acuerdo con sus propias pol\u00edticas de privacidad y pueden combinar informaci\u00f3n de otras fuentes.<\/p>\n\n\n\n<hr class=\"wp-block-separator has-alpha-channel-opacity\"\/>\n\n\n\n<h3 class=\"wp-block-heading\">4. <strong>Consentimiento y control (Cumplimiento de la UE)<\/strong><\/h3>\n\n\n\n<p>Para los usuarios en jurisdicciones bajo la <strong>Reglamento General de Protecci\u00f3n de Datos (RGPD)<\/strong>, las cookies no esenciales solo se colocan con <strong>consentimiento expl\u00edcito del usuario<\/strong>.<\/p>\n\n\n\n<p>Utilizamos un <strong>Plataforma de gesti\u00f3n del consentimiento (CMP)<\/strong> a:<\/p>\n\n\n\n<ul class=\"wp-block-list\">\n<li>Recopilar y almacenar preferencias de cookies<\/li>\n\n\n\n<li>Proporcionar controles de inclusi\u00f3n\/exclusi\u00f3n voluntaria<\/li>\n\n\n\n<li>Permitir la selecci\u00f3n granular de categor\u00edas de cookies<\/li>\n<\/ul>\n\n\n\n<p>Puede retirar su consentimiento en cualquier momento haciendo clic en \u201cConfiguraci\u00f3n de cookies\u201d en el pie de p\u00e1gina del sitio web.<\/p>\n\n\n\n<hr class=\"wp-block-separator has-alpha-channel-opacity\"\/>\n\n\n\n<h3 class=\"wp-block-heading\">5. <strong>Derechos de privacidad de California (CCPA)<\/strong><\/h3>\n\n\n\n<p>Si usted es residente de <strong>California<\/strong>, es posible que tenga derechos adicionales seg\u00fan la <strong>Ley de Privacidad del Consumidor de California<\/strong>, incluido el derecho a:<\/p>\n\n\n\n<ul class=\"wp-block-list\">\n<li>Conozca qu\u00e9 datos personales se recopilan<\/li>\n\n\n\n<li>Exclusi\u00f3n voluntaria de la venta de datos personales<\/li>\n\n\n\n<li>Solicitar la eliminaci\u00f3n de datos personales almacenados<\/li>\n<\/ul>\n\n\n\n<p>Para ejercer estos derechos, p\u00f3ngase en contacto con nosotros o utilice el <strong>\u201cNo vender mi informaci\u00f3n\u201d<\/strong> Enlace cuando corresponda.<\/p>\n\n\n\n<hr class=\"wp-block-separator has-alpha-channel-opacity\"\/>\n\n\n\n<h3 class=\"wp-block-heading\">6. <strong>Administrar las cookies en su navegador<\/strong><\/h3>\n\n\n\n<p>Puede configurar su navegador para:<\/p>\n\n\n\n<ul class=\"wp-block-list\">\n<li>Rechazar todas las cookies o cookies espec\u00edficas<\/li>\n\n\n\n<li>Notificarle cuando se establece una cookie<\/li>\n\n\n\n<li>Eliminar cookies almacenadas<\/li>\n<\/ul>\n\n\n\n<p>Consulte la documentaci\u00f3n de su navegador para obtener m\u00e1s detalles:<\/p>\n\n\n\n<ul class=\"wp-block-list\">\n<li><a>Google Chrome<\/a><\/li>\n\n\n\n<li><a class=\"\" href=\"https:\/\/support.mozilla.org\/en-US\/kb\/cookies-information-websites-store-on-your-computer\" target=\"_blank\" rel=\"noopener\">Mozilla Firefox<\/a><\/li>\n\n\n\n<li><a class=\"\" href=\"https:\/\/support.apple.com\/en-us\/HT201265\" target=\"_blank\" rel=\"noopener\">Safari<\/a><\/li>\n\n\n\n<li><a class=\"\" href=\"https:\/\/support.microsoft.com\/en-us\/microsoft-edge\/delete-cookies-in-microsoft-edge-63947406-40ac-c3b8-57b9-2a946a29ae09\" target=\"_blank\" rel=\"noopener\">Microsoft Edge<\/a><\/li>\n<\/ul>\n\n\n\n<hr class=\"wp-block-separator has-alpha-channel-opacity\"\/>\n\n\n\n<h3 class=\"wp-block-heading\">7. <strong>Actualizaciones de pol\u00edticas<\/strong><\/h3>\n\n\n\n<p>Esta Pol\u00edtica de Cookies podr\u00e1 revisarse peri\u00f3dicamente para reflejar cambios operativos o regulatorios. Cualquier cambio se publicar\u00e1 en esta p\u00e1gina con su fecha de entrada en vigor actualizada.<\/p>\n\n\n\n<hr class=\"wp-block-separator has-alpha-channel-opacity\"\/>\n\n\n\n<h3 class=\"wp-block-heading\">8. <strong>Informaci\u00f3n del contacto<\/strong><\/h3>\n\n\n\n<p>Si tiene preguntas o inquietudes con respecto a esta Pol\u00edtica de Cookies, comun\u00edquese con:<\/p>\n\n\n\n<p><strong>Equipo de cumplimiento de Likapk.com<\/strong><br>\ud83d\udce7 Correo electr\u00f3nico: <a>contact@likapk.com<\/a><\/p>","protected":false},"excerpt":{"rendered":"<p>Effective Date: May 26, 2025Domain: https:\/\/likapk.com This Cookie Policy outlines how Likapk.com (&#8220;we&#8220;, &#8220;our&#8220;, or &#8220;the Website&#8220;) utilizes cookies and [&hellip;]<\/p>\n","protected":false},"author":1,"featured_media":0,"parent":0,"menu_order":0,"comment_status":"closed","ping_status":"closed","template":"","meta":{"site-sidebar-layout":"default","site-content-layout":"","ast-site-content-layout":"default","site-content-style":"default","site-sidebar-style":"default","ast-global-header-display":"","ast-banner-title-visibility":"","ast-main-header-display":"","ast-hfb-above-header-display":"","ast-hfb-below-header-display":"","ast-hfb-mobile-header-display":"","site-post-title":"","ast-breadcrumbs-content":"","ast-featured-img":"","footer-sml-layout":"","ast-disable-related-posts":"","theme-transparent-header-meta":"","adv-header-id-meta":"","stick-header-meta":"","header-above-stick-meta":"","header-main-stick-meta":"","header-below-stick-meta":"","astra-migrate-meta-layouts":"default","ast-page-background-enabled":"default","ast-page-background-meta":{"desktop":{"background-color":"var(--ast-global-color-4)","background-image":"","background-repeat":"repeat","background-position":"center center","background-size":"auto","background-attachment":"scroll","background-type":"","background-media":"","overlay-type":"","overlay-color":"","overlay-opacity":"","overlay-gradient":""},"tablet":{"background-color":"","background-image":"","background-repeat":"repeat","background-position":"center center","background-size":"auto","background-attachment":"scroll","background-type":"","background-media":"","overlay-type":"","overlay-color":"","overlay-opacity":"","overlay-gradient":""},"mobile":{"background-color":"","background-image":"","background-repeat":"repeat","background-position":"center center","background-size":"auto","background-attachment":"scroll","background-type":"","background-media":"","overlay-type":"","overlay-color":"","overlay-opacity":"","overlay-gradient":""}},"ast-content-background-meta":{"desktop":{"background-color":"var(--ast-global-color-5)","background-image":"","background-repeat":"repeat","background-position":"center center","background-size":"auto","background-attachment":"scroll","background-type":"","background-media":"","overlay-type":"","overlay-color":"","overlay-opacity":"","overlay-gradient":""},"tablet":{"background-color":"var(--ast-global-color-5)","background-image":"","background-repeat":"repeat","background-position":"center center","background-size":"auto","background-attachment":"scroll","background-type":"","background-media":"","overlay-type":"","overlay-color":"","overlay-opacity":"","overlay-gradient":""},"mobile":{"background-color":"var(--ast-global-color-5)","background-image":"","background-repeat":"repeat","background-position":"center center","background-size":"auto","background-attachment":"scroll","background-type":"","background-media":"","overlay-type":"","overlay-color":"","overlay-opacity":"","overlay-gradient":""}},"footnotes":""},"class_list":["post-84","page","type-page","status-publish","hentry"],"_links":{"self":[{"href":"https:\/\/likapk.com\/es\/wp-json\/wp\/v2\/pages\/84","targetHints":{"allow":["GET"]}}],"collection":[{"href":"https:\/\/likapk.com\/es\/wp-json\/wp\/v2\/pages"}],"about":[{"href":"https:\/\/likapk.com\/es\/wp-json\/wp\/v2\/types\/page"}],"author":[{"embeddable":true,"href":"https:\/\/likapk.com\/es\/wp-json\/wp\/v2\/users\/1"}],"replies":[{"embeddable":true,"href":"https:\/\/likapk.com\/es\/wp-json\/wp\/v2\/comments?post=84"}],"version-history":[{"count":1,"href":"https:\/\/likapk.com\/es\/wp-json\/wp\/v2\/pages\/84\/revisions"}],"predecessor-version":[{"id":85,"href":"https:\/\/likapk.com\/es\/wp-json\/wp\/v2\/pages\/84\/revisions\/85"}],"wp:attachment":[{"href":"https:\/\/likapk.com\/es\/wp-json\/wp\/v2\/media?parent=84"}],"curies":[{"name":"wp","href":"https:\/\/api.w.org\/{rel}","templated":true}]}}