{"id":82,"date":"2025-05-26T14:54:22","date_gmt":"2025-05-26T14:54:22","guid":{"rendered":"https:\/\/likapk.com\/?page_id=82"},"modified":"2025-05-26T14:54:24","modified_gmt":"2025-05-26T14:54:24","slug":"about-us","status":"publish","type":"page","link":"https:\/\/likapk.com\/et\/about-us\/","title":{"rendered":"Meist"},"content":{"rendered":"<h2 class=\"wp-block-heading\"><strong>Kes me oleme<\/strong><\/h2>\n\n\n\n<p>Kell <strong>Likapk.com<\/strong>, usume, et internet peaks teie elu lihtsamaks, mitte raskemaks tegema. Seep\u00e4rast oleme loonud platvormi, mis on p\u00fchendatud kiire, asjakohase ja kaasahaarava sisu pakkumisele t\u00e4nap\u00e4eva k\u00f5ige n\u00f5utumatel teemadel.<\/p>\n\n\n\n<p>Olenemata sellest, kas uurite uusi mobiilirakendusi <strong>rakendused<\/strong>, otsides n\u00f5u <strong>kohtingutel<\/strong>, parandades oma <strong>finantsiline<\/strong> teadmised, otsimine <strong>t\u00f6\u00f6koht<\/strong> v\u00f5imalusi v\u00f5i otsid lihtsalt lihtsat <strong>elustiil<\/strong> inspiratsiooni \u2013 leiad selle siit.<\/p>\n\n\n\n<hr class=\"wp-block-separator has-alpha-channel-opacity\"\/>\n\n\n\n<h2 class=\"wp-block-heading\"><strong>Meie missioon<\/strong><\/h2>\n\n\n\n<p>Meie eesm\u00e4rk on lihtsustada teabe leidmist, korraldades sisu nii, et see oleks ajakohane, usaldusv\u00e4\u00e4rne ja teie huvidele kohandatud. Ei mingit ebam\u00e4\u00e4rast sisu. Ei mingeid segajaid. Lihtsalt v\u00e4\u00e4rtus.<\/p>\n\n\n\n<p>Meie toimetusstrateegiat juhivad tulemusandmed, trendikad teemad ja kasutajate k\u00e4itumise anal\u00fc\u00fcsid \u2013 et saaksime avaldada t\u00e4pselt seda, mida inimesed otsivad, just siis, kui nad seda k\u00f5ige rohkem vajavad.<\/p>\n\n\n\n<hr class=\"wp-block-separator has-alpha-channel-opacity\"\/>\n\n\n\n<h2 class=\"wp-block-heading\"><strong>Kuidas me tegutseme<\/strong><\/h2>\n\n\n\n<ul class=\"wp-block-list\">\n<li>Avaldame iga p\u00e4ev artikleid, mis h\u00f5lmavad sisu, mis toimib h\u00e4sti mitmes v\u00f5rgustikus.<\/li>\n\n\n\n<li>Meie monetiseerimisstrateegia kasutab n\u00f5uetele vastavaid reklaamiplatvorme, sealhulgas Google&#039;it ja programmilisi partnereid.<\/li>\n\n\n\n<li>Kogu reklaam on loodud kasutajakogemust austades, toetades samal ajal meie tasuta sisu mudelit.<\/li>\n<\/ul>\n\n\n\n<hr class=\"wp-block-separator has-alpha-channel-opacity\"\/>\n\n\n\n<h2 class=\"wp-block-heading\"><strong>Usaldus ja l\u00e4bipaistvus<\/strong><\/h2>\n\n\n\n<p>Oleme p\u00fchendunud l\u00e4bipaistvuse s\u00e4ilitamisele oma lugejatega. Kuigi teenime tulu reklaamide kaudu, ei lase me kunagi \u00e4rihuvidel m\u00f5jutada meie sisu terviklikkust.<\/p>\n\n\n\n<hr class=\"wp-block-separator has-alpha-channel-opacity\"\/>\n\n\n\n<h2 class=\"wp-block-heading\"><strong>V\u00f5ta meiega \u00fchendust<\/strong><\/h2>\n\n\n\n<p>K\u00fcsimused, tagasiside v\u00f5i partnerlusp\u00e4ringud?<br>Meile meeldiks teist kuulda. V\u00f5tke meiega \u00fchendust aadressil:<br>\ud83d\udce7 <strong><a>contact@likapk.com<\/a><\/strong><\/p>","protected":false},"excerpt":{"rendered":"<p>Who We Are At Likapk.com, we believe that the internet should make your life easier \u2014 not harder. That\u2019s why [&hellip;]<\/p>\n","protected":false},"author":1,"featured_media":0,"parent":0,"menu_order":0,"comment_status":"closed","ping_status":"closed","template":"","meta":{"site-sidebar-layout":"default","site-content-layout":"","ast-site-content-layout":"default","site-content-style":"default","site-sidebar-style":"default","ast-global-header-display":"","ast-banner-title-visibility":"","ast-main-header-display":"","ast-hfb-above-header-display":"","ast-hfb-below-header-display":"","ast-hfb-mobile-header-display":"","site-post-title":"","ast-breadcrumbs-content":"","ast-featured-img":"","footer-sml-layout":"","ast-disable-related-posts":"","theme-transparent-header-meta":"","adv-header-id-meta":"","stick-header-meta":"","header-above-stick-meta":"","header-main-stick-meta":"","header-below-stick-meta":"","astra-migrate-meta-layouts":"default","ast-page-background-enabled":"default","ast-page-background-meta":{"desktop":{"background-color":"var(--ast-global-color-4)","background-image":"","background-repeat":"repeat","background-position":"center center","background-size":"auto","background-attachment":"scroll","background-type":"","background-media":"","overlay-type":"","overlay-color":"","overlay-opacity":"","overlay-gradient":""},"tablet":{"background-color":"","background-image":"","background-repeat":"repeat","background-position":"center center","background-size":"auto","background-attachment":"scroll","background-type":"","background-media":"","overlay-type":"","overlay-color":"","overlay-opacity":"","overlay-gradient":""},"mobile":{"background-color":"","background-image":"","background-repeat":"repeat","background-position":"center center","background-size":"auto","background-attachment":"scroll","background-type":"","background-media":"","overlay-type":"","overlay-color":"","overlay-opacity":"","overlay-gradient":""}},"ast-content-background-meta":{"desktop":{"background-color":"var(--ast-global-color-5)","background-image":"","background-repeat":"repeat","background-position":"center center","background-size":"auto","background-attachment":"scroll","background-type":"","background-media":"","overlay-type":"","overlay-color":"","overlay-opacity":"","overlay-gradient":""},"tablet":{"background-color":"var(--ast-global-color-5)","background-image":"","background-repeat":"repeat","background-position":"center center","background-size":"auto","background-attachment":"scroll","background-type":"","background-media":"","overlay-type":"","overlay-color":"","overlay-opacity":"","overlay-gradient":""},"mobile":{"background-color":"var(--ast-global-color-5)","background-image":"","background-repeat":"repeat","background-position":"center center","background-size":"auto","background-attachment":"scroll","background-type":"","background-media":"","overlay-type":"","overlay-color":"","overlay-opacity":"","overlay-gradient":""}},"footnotes":""},"class_list":["post-82","page","type-page","status-publish","hentry"],"_links":{"self":[{"href":"https:\/\/likapk.com\/et\/wp-json\/wp\/v2\/pages\/82","targetHints":{"allow":["GET"]}}],"collection":[{"href":"https:\/\/likapk.com\/et\/wp-json\/wp\/v2\/pages"}],"about":[{"href":"https:\/\/likapk.com\/et\/wp-json\/wp\/v2\/types\/page"}],"author":[{"embeddable":true,"href":"https:\/\/likapk.com\/et\/wp-json\/wp\/v2\/users\/1"}],"replies":[{"embeddable":true,"href":"https:\/\/likapk.com\/et\/wp-json\/wp\/v2\/comments?post=82"}],"version-history":[{"count":1,"href":"https:\/\/likapk.com\/et\/wp-json\/wp\/v2\/pages\/82\/revisions"}],"predecessor-version":[{"id":83,"href":"https:\/\/likapk.com\/et\/wp-json\/wp\/v2\/pages\/82\/revisions\/83"}],"wp:attachment":[{"href":"https:\/\/likapk.com\/et\/wp-json\/wp\/v2\/media?parent=82"}],"curies":[{"name":"t\u00f6\u00f6leht","href":"https:\/\/api.w.org\/{rel}","templated":true}]}}