{"id":13,"date":"2025-04-09T15:13:09","date_gmt":"2025-04-09T15:13:09","guid":{"rendered":"https:\/\/likapk.com\/?page_id=13"},"modified":"2025-04-09T15:13:11","modified_gmt":"2025-04-09T15:13:11","slug":"terms-of-service","status":"publish","type":"page","link":"https:\/\/likapk.com\/fi\/terms-of-service\/","title":{"rendered":"Palveluehdot"},"content":{"rendered":"<h3 class=\"wp-block-heading\">1. Ehdot<\/h3>\n\n\n\n<p>K\u00e4ytt\u00e4m\u00e4ll\u00e4 verkkosivustoa osoitteessa <a href=\"https:\/\/likapk.com\/fi\/\">likapk<\/a> Hyv\u00e4ksyt n\u00e4m\u00e4 k\u00e4ytt\u00f6ehdot ja kaikki sovellettavat lait ja m\u00e4\u00e4r\u00e4ykset sek\u00e4 sen, ett\u00e4 olet vastuussa kaikkien sovellettavien paikallisten lakien noudattamisesta. Jos et hyv\u00e4ksy n\u00e4it\u00e4 ehtoja, et saa k\u00e4ytt\u00e4\u00e4 t\u00e4t\u00e4 sivustoa. T\u00e4m\u00e4n verkkosivuston materiaalit ovat sovellettavien tekij\u00e4noikeus- ja tavaramerkkilakien suojaamia.<\/p>\n\n\n\n<h3 class=\"wp-block-heading\">2. K\u00e4ytt\u00f6oikeus<\/h3>\n\n\n\n<ol class=\"wp-block-list\">\n<li>Lupa my\u00f6nt\u00e4\u00e4 tilap\u00e4isen latausoikeuden yhteen kappaleeseen likapkin verkkosivustolla olevista materiaaleista (tiedoista tai ohjelmistoista) ainoastaan henkil\u00f6kohtaiseen, ei-kaupalliseen ja tilap\u00e4iseen katseluun. T\u00e4m\u00e4 on lisenssin my\u00f6nt\u00e4minen, ei omistusoikeuden siirto, ja t\u00e4m\u00e4n lisenssin nojalla et saa:<\/li>\n\n\n\n<li>muokata tai kopioida materiaaleja;<\/li>\n\n\n\n<li>k\u00e4ytt\u00e4\u00e4 materiaaleja mihink\u00e4\u00e4n kaupalliseen tarkoitukseen tai mihink\u00e4\u00e4n julkiseen esittelyyn (kaupalliseen tai ei-kaupalliseen);<\/li>\n\n\n\n<li>yrit\u00e4 purkaa tai takaisinmallintaa mit\u00e4\u00e4n likapk-verkkosivustolla olevaa ohjelmistoa;<\/li>\n\n\n\n<li>poistaa materiaaleista kaikki tekij\u00e4noikeus- tai muut omistusoikeusmerkinn\u00e4t; tai<\/li>\n\n\n\n<li>siirt\u00e4\u00e4 materiaaleja toiselle henkil\u00f6lle tai &quot;peilata&quot; materiaaleja mille tahansa muulle palvelimelle.<\/li>\n\n\n\n<li>T\u00e4m\u00e4 lisenssi p\u00e4\u00e4ttyy automaattisesti, jos rikot jotakin n\u00e4ist\u00e4 rajoituksista, ja likapk voi irtisanoa sen milloin tahansa. Kun lopetat n\u00e4iden materiaalien katselun tai t\u00e4m\u00e4 lisenssi p\u00e4\u00e4ttyy, sinun on tuhottava kaikki hallussasi olevat ladatut materiaalit sek\u00e4 s\u00e4hk\u00f6isess\u00e4 ett\u00e4 tulostetussa muodossa.<\/li>\n<\/ol>\n\n\n\n<h3 class=\"wp-block-heading\">3. Vastuuvapauslauseke<\/h3>\n\n\n\n<ol class=\"wp-block-list\">\n<li>Likapkin verkkosivuston materiaalit tarjotaan &quot;sellaisenaan&quot;. Likapk ei anna mit\u00e4\u00e4n takuita, ei suoria eik\u00e4 ep\u00e4suoria, ja kiist\u00e4\u00e4 t\u00e4ten kaikki muut takuut, mukaan lukien rajoituksetta ep\u00e4suorat takuut tai ehdot myyntikelpoisuudesta, soveltuvuudesta tiettyyn tarkoitukseen tai immateriaalioikeuksien loukkaamattomuudesta tai muista oikeuksien loukkauksista.<\/li>\n\n\n\n<li>Lis\u00e4ksi likapk ei takaa eik\u00e4 anna mit\u00e4\u00e4n vakuutuksia verkkosivustollaan olevien materiaalien tai muutoin n\u00e4ihin materiaaleihin tai t\u00e4h\u00e4n sivustoon linkitettyjen sivustojen materiaalien tarkkuudesta, todenn\u00e4k\u00f6isist\u00e4 tuloksista tai luotettavuudesta.<\/li>\n<\/ol>\n\n\n\n<h3 class=\"wp-block-heading\">4. Rajoitukset<\/h3>\n\n\n\n<p>Likapk tai sen toimittajat eiv\u00e4t miss\u00e4\u00e4n tapauksessa ole vastuussa mist\u00e4\u00e4n vahingoista (mukaan lukien rajoituksetta vahingot tietojen tai voiton menetyksest\u00e4 tai liiketoiminnan keskeytymisest\u00e4), jotka johtuvat Likapkin verkkosivustolla olevien materiaalien k\u00e4yt\u00f6st\u00e4 tai k\u00e4yt\u00f6n estymisest\u00e4, vaikka Likapkille tai Likapkin valtuutetulle edustajalle olisi ilmoitettu suullisesti tai kirjallisesti t\u00e4llaisen vahingon mahdollisuudesta. Koska jotkut laink\u00e4ytt\u00f6alueet eiv\u00e4t salli oletettujen takuiden rajoituksia tai v\u00e4lillisten tai satunnaisten vahinkojen vastuun rajoituksia, n\u00e4m\u00e4 rajoitukset eiv\u00e4t v\u00e4ltt\u00e4m\u00e4tt\u00e4 koske sinua.<\/p>\n\n\n\n<h3 class=\"wp-block-heading\">5. Materiaalien tarkkuus<\/h3>\n\n\n\n<p>Likapkin verkkosivustolla n\u00e4kyv\u00e4t materiaalit voivat sis\u00e4lt\u00e4\u00e4 teknisi\u00e4, typografisia tai valokuvauksellisia virheit\u00e4. Likapk ei takaa, ett\u00e4 mik\u00e4\u00e4n sen verkkosivustolla oleva materiaali on tarkkaa, t\u00e4ydellist\u00e4 tai ajantasaista. Likapk voi tehd\u00e4 muutoksia verkkosivustollaan olevaan materiaaliin milloin tahansa ilman erillist\u00e4 ilmoitusta. Likapk ei kuitenkaan sitoudu p\u00e4ivitt\u00e4m\u00e4\u00e4n materiaaleja.<\/p>\n\n\n\n<h3 class=\"wp-block-heading\">6. Linkit<\/h3>\n\n\n\n<p>likapk ei ole tarkistanut kaikkia verkkosivustoonsa linkitettyj\u00e4 sivustoja eik\u00e4 ole vastuussa mink\u00e4\u00e4n linkitetyn sivuston sis\u00e4ll\u00f6st\u00e4. Linkin sis\u00e4llytt\u00e4minen ei tarkoita, ett\u00e4 likapk hyv\u00e4ksyisi sivuston. T\u00e4llaisten linkitettyjen verkkosivustojen k\u00e4ytt\u00f6 on k\u00e4ytt\u00e4j\u00e4n omalla vastuulla.<\/p>\n\n\n\n<h3 class=\"wp-block-heading\">7. Muutokset<\/h3>\n\n\n\n<p>likapk voi muuttaa n\u00e4it\u00e4 verkkosivustonsa k\u00e4ytt\u00f6ehtoja milloin tahansa ilman erillist\u00e4 ilmoitusta. K\u00e4ytt\u00e4m\u00e4ll\u00e4 t\u00e4t\u00e4 verkkosivustoa hyv\u00e4ksyt kulloinkin voimassa olevan version n\u00e4ist\u00e4 k\u00e4ytt\u00f6ehdoista.<\/p>\n\n\n\n<h3 class=\"wp-block-heading\">8. Sovellettava laki<\/h3>\n\n\n\n<p>N\u00e4ihin ehtoihin sovelletaan Likapkin lakeja ja niit\u00e4 tulkitaan kyseisen lain mukaisesti, ja peruuttamattomasti suostut kyseisen osavaltion tai paikan tuomioistuinten yksinomaiseen toimivaltaan.<\/p>","protected":false},"excerpt":{"rendered":"<p>1. Terms By accessing the website at likapk you are agreeing to be bound by these terms of service, all [&hellip;]<\/p>\n","protected":false},"author":1,"featured_media":0,"parent":0,"menu_order":0,"comment_status":"closed","ping_status":"closed","template":"","meta":{"site-sidebar-layout":"default","site-content-layout":"","ast-site-content-layout":"default","site-content-style":"default","site-sidebar-style":"default","ast-global-header-display":"","ast-banner-title-visibility":"","ast-main-header-display":"","ast-hfb-above-header-display":"","ast-hfb-below-header-display":"","ast-hfb-mobile-header-display":"","site-post-title":"","ast-breadcrumbs-content":"","ast-featured-img":"","footer-sml-layout":"","ast-disable-related-posts":"","theme-transparent-header-meta":"","adv-header-id-meta":"","stick-header-meta":"","header-above-stick-meta":"","header-main-stick-meta":"","header-below-stick-meta":"","astra-migrate-meta-layouts":"default","ast-page-background-enabled":"default","ast-page-background-meta":{"desktop":{"background-color":"var(--ast-global-color-4)","background-image":"","background-repeat":"repeat","background-position":"center center","background-size":"auto","background-attachment":"scroll","background-type":"","background-media":"","overlay-type":"","overlay-color":"","overlay-opacity":"","overlay-gradient":""},"tablet":{"background-color":"","background-image":"","background-repeat":"repeat","background-position":"center center","background-size":"auto","background-attachment":"scroll","background-type":"","background-media":"","overlay-type":"","overlay-color":"","overlay-opacity":"","overlay-gradient":""},"mobile":{"background-color":"","background-image":"","background-repeat":"repeat","background-position":"center center","background-size":"auto","background-attachment":"scroll","background-type":"","background-media":"","overlay-type":"","overlay-color":"","overlay-opacity":"","overlay-gradient":""}},"ast-content-background-meta":{"desktop":{"background-color":"var(--ast-global-color-5)","background-image":"","background-repeat":"repeat","background-position":"center center","background-size":"auto","background-attachment":"scroll","background-type":"","background-media":"","overlay-type":"","overlay-color":"","overlay-opacity":"","overlay-gradient":""},"tablet":{"background-color":"var(--ast-global-color-5)","background-image":"","background-repeat":"repeat","background-position":"center center","background-size":"auto","background-attachment":"scroll","background-type":"","background-media":"","overlay-type":"","overlay-color":"","overlay-opacity":"","overlay-gradient":""},"mobile":{"background-color":"var(--ast-global-color-5)","background-image":"","background-repeat":"repeat","background-position":"center center","background-size":"auto","background-attachment":"scroll","background-type":"","background-media":"","overlay-type":"","overlay-color":"","overlay-opacity":"","overlay-gradient":""}},"footnotes":""},"class_list":["post-13","page","type-page","status-publish","hentry"],"_links":{"self":[{"href":"https:\/\/likapk.com\/fi\/wp-json\/wp\/v2\/pages\/13","targetHints":{"allow":["GET"]}}],"collection":[{"href":"https:\/\/likapk.com\/fi\/wp-json\/wp\/v2\/pages"}],"about":[{"href":"https:\/\/likapk.com\/fi\/wp-json\/wp\/v2\/types\/page"}],"author":[{"embeddable":true,"href":"https:\/\/likapk.com\/fi\/wp-json\/wp\/v2\/users\/1"}],"replies":[{"embeddable":true,"href":"https:\/\/likapk.com\/fi\/wp-json\/wp\/v2\/comments?post=13"}],"version-history":[{"count":1,"href":"https:\/\/likapk.com\/fi\/wp-json\/wp\/v2\/pages\/13\/revisions"}],"predecessor-version":[{"id":15,"href":"https:\/\/likapk.com\/fi\/wp-json\/wp\/v2\/pages\/13\/revisions\/15"}],"wp:attachment":[{"href":"https:\/\/likapk.com\/fi\/wp-json\/wp\/v2\/media?parent=13"}],"curies":[{"name":"wp","href":"https:\/\/api.w.org\/{rel}","templated":true}]}}