{"id":82,"date":"2025-05-26T14:54:22","date_gmt":"2025-05-26T14:54:22","guid":{"rendered":"https:\/\/likapk.com\/?page_id=82"},"modified":"2025-05-26T14:54:24","modified_gmt":"2025-05-26T14:54:24","slug":"about-us","status":"publish","type":"page","link":"https:\/\/likapk.com\/fi\/about-us\/","title":{"rendered":"Tietoa meist\u00e4"},"content":{"rendered":"<h2 class=\"wp-block-heading\"><strong>Keit\u00e4 me olemme<\/strong><\/h2>\n\n\n\n<p>Klo <strong>Likapk.com<\/strong>uskomme, ett\u00e4 internetin pit\u00e4isi helpottaa el\u00e4m\u00e4\u00e4si \u2013 ei vaikeuttaa. Siksi olemme rakentaneet alustan, joka on omistautunut tarjoamaan nopeaa, relevanttia ja kiinnostavaa sis\u00e4lt\u00f6\u00e4 t\u00e4m\u00e4n p\u00e4iv\u00e4n kysytyimmist\u00e4 aiheista.<\/p>\n\n\n\n<p>Olitpa sitten tutkimassa uusia mobiililaitteita <strong>sovellukset<\/strong>, kysyen neuvoa <strong>deittailu<\/strong>, parantamalla <strong>taloudellinen<\/strong> tietoa, etsint\u00e4\u00e4 <strong>Job<\/strong> mahdollisuuksia tai etsit vain yksinkertaisia <strong>el\u00e4m\u00e4ntapa<\/strong> inspiraatiota \u2013 l\u00f6yd\u00e4t sit\u00e4 t\u00e4\u00e4lt\u00e4.<\/p>\n\n\n\n<hr class=\"wp-block-separator has-alpha-channel-opacity\"\/>\n\n\n\n<h2 class=\"wp-block-heading\"><strong>Missiomme<\/strong><\/h2>\n\n\n\n<p>Pyrimme yksinkertaistamaan tiedon l\u00f6yt\u00e4mist\u00e4 j\u00e4rjest\u00e4m\u00e4ll\u00e4 sis\u00e4lt\u00f6\u00e4, joka on ajankohtaista, luotettavaa ja r\u00e4\u00e4t\u00e4l\u00f6ity\u00e4 kiinnostuksen kohteidesi mukaan. Ei h\u00f6lynp\u00f6ly\u00e4. Ei h\u00e4iri\u00f6tekij\u00f6it\u00e4. Vain vastinetta rahalle.<\/p>\n\n\n\n<p>Toimituksellinen strategiamme perustuu suorituskykytietoihin, trendaaviin aiheisiin ja k\u00e4ytt\u00e4jien k\u00e4ytt\u00e4ytymiseen liittyviin n\u00e4kemyksiin \u2013 jotta voimme julkaista juuri sit\u00e4, mit\u00e4 ihmiset etsiv\u00e4t, silloin kun he sit\u00e4 eniten tarvitsevat.<\/p>\n\n\n\n<hr class=\"wp-block-separator has-alpha-channel-opacity\"\/>\n\n\n\n<h2 class=\"wp-block-heading\"><strong>Toimintatapamme<\/strong><\/h2>\n\n\n\n<ul class=\"wp-block-list\">\n<li>Julkaisemme p\u00e4ivitt\u00e4in artikkeleita, jotka k\u00e4sittelev\u00e4t sis\u00e4lt\u00f6\u00e4, joka toimii hyvin useissa verkostoissa.<\/li>\n\n\n\n<li>Kaupallistamisstrategiamme k\u00e4ytt\u00e4\u00e4 yhteensopivia mainosalustoja, kuten Googlea ja ohjelmallisia kumppaneita.<\/li>\n\n\n\n<li>Kaikki mainonta on suunniteltu k\u00e4ytt\u00e4j\u00e4kokemusta kunnioittaen ja samalla tukemaan ilmaisen sis\u00e4ll\u00f6n malliamme.<\/li>\n<\/ul>\n\n\n\n<hr class=\"wp-block-separator has-alpha-channel-opacity\"\/>\n\n\n\n<h2 class=\"wp-block-heading\"><strong>Luottamus ja l\u00e4pin\u00e4kyvyys<\/strong><\/h2>\n\n\n\n<p>Olemme sitoutuneet l\u00e4pin\u00e4kyvyyteen lukijoitamme kohtaan. Vaikka ansaitsemme tuloja mainosten kautta, emme koskaan anna kaupallisten etujen vaikuttaa sis\u00e4lt\u00f6mme eheyteen.<\/p>\n\n\n\n<hr class=\"wp-block-separator has-alpha-channel-opacity\"\/>\n\n\n\n<h2 class=\"wp-block-heading\"><strong>Ota yhteytt\u00e4<\/strong><\/h2>\n\n\n\n<p>Kysymyksi\u00e4, palautetta tai kumppanuustiedusteluja?<br>Kuulisimme mielell\u00e4mme sinusta. Ota yhteytt\u00e4:<br>\ud83d\udce7 <strong><a>contact@likapk.com<\/a><\/strong><\/p>","protected":false},"excerpt":{"rendered":"<p>Who We Are At Likapk.com, we believe that the internet should make your life easier \u2014 not harder. That\u2019s why [&hellip;]<\/p>\n","protected":false},"author":1,"featured_media":0,"parent":0,"menu_order":0,"comment_status":"closed","ping_status":"closed","template":"","meta":{"site-sidebar-layout":"default","site-content-layout":"","ast-site-content-layout":"default","site-content-style":"default","site-sidebar-style":"default","ast-global-header-display":"","ast-banner-title-visibility":"","ast-main-header-display":"","ast-hfb-above-header-display":"","ast-hfb-below-header-display":"","ast-hfb-mobile-header-display":"","site-post-title":"","ast-breadcrumbs-content":"","ast-featured-img":"","footer-sml-layout":"","ast-disable-related-posts":"","theme-transparent-header-meta":"","adv-header-id-meta":"","stick-header-meta":"","header-above-stick-meta":"","header-main-stick-meta":"","header-below-stick-meta":"","astra-migrate-meta-layouts":"default","ast-page-background-enabled":"default","ast-page-background-meta":{"desktop":{"background-color":"var(--ast-global-color-4)","background-image":"","background-repeat":"repeat","background-position":"center center","background-size":"auto","background-attachment":"scroll","background-type":"","background-media":"","overlay-type":"","overlay-color":"","overlay-opacity":"","overlay-gradient":""},"tablet":{"background-color":"","background-image":"","background-repeat":"repeat","background-position":"center center","background-size":"auto","background-attachment":"scroll","background-type":"","background-media":"","overlay-type":"","overlay-color":"","overlay-opacity":"","overlay-gradient":""},"mobile":{"background-color":"","background-image":"","background-repeat":"repeat","background-position":"center center","background-size":"auto","background-attachment":"scroll","background-type":"","background-media":"","overlay-type":"","overlay-color":"","overlay-opacity":"","overlay-gradient":""}},"ast-content-background-meta":{"desktop":{"background-color":"var(--ast-global-color-5)","background-image":"","background-repeat":"repeat","background-position":"center center","background-size":"auto","background-attachment":"scroll","background-type":"","background-media":"","overlay-type":"","overlay-color":"","overlay-opacity":"","overlay-gradient":""},"tablet":{"background-color":"var(--ast-global-color-5)","background-image":"","background-repeat":"repeat","background-position":"center center","background-size":"auto","background-attachment":"scroll","background-type":"","background-media":"","overlay-type":"","overlay-color":"","overlay-opacity":"","overlay-gradient":""},"mobile":{"background-color":"var(--ast-global-color-5)","background-image":"","background-repeat":"repeat","background-position":"center center","background-size":"auto","background-attachment":"scroll","background-type":"","background-media":"","overlay-type":"","overlay-color":"","overlay-opacity":"","overlay-gradient":""}},"footnotes":""},"class_list":["post-82","page","type-page","status-publish","hentry"],"_links":{"self":[{"href":"https:\/\/likapk.com\/fi\/wp-json\/wp\/v2\/pages\/82","targetHints":{"allow":["GET"]}}],"collection":[{"href":"https:\/\/likapk.com\/fi\/wp-json\/wp\/v2\/pages"}],"about":[{"href":"https:\/\/likapk.com\/fi\/wp-json\/wp\/v2\/types\/page"}],"author":[{"embeddable":true,"href":"https:\/\/likapk.com\/fi\/wp-json\/wp\/v2\/users\/1"}],"replies":[{"embeddable":true,"href":"https:\/\/likapk.com\/fi\/wp-json\/wp\/v2\/comments?post=82"}],"version-history":[{"count":1,"href":"https:\/\/likapk.com\/fi\/wp-json\/wp\/v2\/pages\/82\/revisions"}],"predecessor-version":[{"id":83,"href":"https:\/\/likapk.com\/fi\/wp-json\/wp\/v2\/pages\/82\/revisions\/83"}],"wp:attachment":[{"href":"https:\/\/likapk.com\/fi\/wp-json\/wp\/v2\/media?parent=82"}],"curies":[{"name":"wp","href":"https:\/\/api.w.org\/{rel}","templated":true}]}}