{"id":82,"date":"2025-05-26T14:54:22","date_gmt":"2025-05-26T14:54:22","guid":{"rendered":"https:\/\/likapk.com\/?page_id=82"},"modified":"2025-05-26T14:54:24","modified_gmt":"2025-05-26T14:54:24","slug":"about-us","status":"publish","type":"page","link":"https:\/\/likapk.com\/fr\/about-us\/","title":{"rendered":"\u00c0 propos de nous"},"content":{"rendered":"<h2 class=\"wp-block-heading\"><strong>Qui sommes-nous<\/strong><\/h2>\n\n\n\n<p>\u00c0 <strong>Likapk.com<\/strong>Nous pensons qu&#039;Internet doit vous simplifier la vie, et non la compliquer. C&#039;est pourquoi nous avons cr\u00e9\u00e9 une plateforme d\u00e9di\u00e9e \u00e0 la diffusion de contenus rapides, pertinents et captivants sur les sujets les plus en vogue.<\/p>\n\n\n\n<p>Que vous exploriez de nouveaux appareils mobiles <strong>applications<\/strong>, cherchant des conseils sur <strong>datation<\/strong>, am\u00e9liorer votre <strong>financier<\/strong> connaissance, recherche de <strong>emploi<\/strong> opportunit\u00e9s, ou simplement \u00e0 la recherche de solutions simples <strong>style de vie<\/strong> inspiration \u2014 vous la trouverez ici.<\/p>\n\n\n\n<hr class=\"wp-block-separator has-alpha-channel-opacity\"\/>\n\n\n\n<h2 class=\"wp-block-heading\"><strong>Notre mission<\/strong><\/h2>\n\n\n\n<p>Notre objectif est de simplifier la recherche d&#039;informations en organisant un contenu pertinent, fiable et adapt\u00e9 \u00e0 vos centres d&#039;int\u00e9r\u00eat. Pas de superflu. Pas de distractions. Que de la valeur.<\/p>\n\n\n\n<p>Notre strat\u00e9gie \u00e9ditoriale s&#039;appuie sur les donn\u00e9es de performance, les sujets tendance et les informations sur le comportement des utilisateurs. Nous pouvons ainsi publier exactement ce que les gens recherchent, au moment o\u00f9 ils en ont le plus besoin.<\/p>\n\n\n\n<hr class=\"wp-block-separator has-alpha-channel-opacity\"\/>\n\n\n\n<h2 class=\"wp-block-heading\"><strong>Comment nous op\u00e9rons<\/strong><\/h2>\n\n\n\n<ul class=\"wp-block-list\">\n<li>Nous publions quotidiennement des articles couvrant du contenu qui fonctionne bien sur plusieurs r\u00e9seaux.<\/li>\n\n\n\n<li>Notre strat\u00e9gie de mon\u00e9tisation utilise des plateformes publicitaires conformes, notamment Google et des partenaires programmatiques.<\/li>\n\n\n\n<li>Toutes les publicit\u00e9s sont con\u00e7ues pour respecter l&#039;exp\u00e9rience utilisateur tout en soutenant notre mod\u00e8le de contenu gratuit.<\/li>\n<\/ul>\n\n\n\n<hr class=\"wp-block-separator has-alpha-channel-opacity\"\/>\n\n\n\n<h2 class=\"wp-block-heading\"><strong>Confiance et transparence<\/strong><\/h2>\n\n\n\n<p>Nous nous engageons \u00e0 maintenir la transparence envers nos lecteurs. Bien que nous gagnions des revenus gr\u00e2ce \u00e0 la publicit\u00e9, nous ne laissons jamais des int\u00e9r\u00eats commerciaux influencer l&#039;int\u00e9grit\u00e9 de notre contenu.<\/p>\n\n\n\n<hr class=\"wp-block-separator has-alpha-channel-opacity\"\/>\n\n\n\n<h2 class=\"wp-block-heading\"><strong>Contactez-nous<\/strong><\/h2>\n\n\n\n<p>Des questions, des commentaires ou des demandes de partenariat ?<br>N&#039;h\u00e9sitez pas \u00e0 nous contacter. Contactez-nous\u00a0:<br>\ud83d\udce7 <strong><a>contact@likapk.com<\/a><\/strong><\/p>","protected":false},"excerpt":{"rendered":"<p>Who We Are At Likapk.com, we believe that the internet should make your life easier \u2014 not harder. That\u2019s why [&hellip;]<\/p>\n","protected":false},"author":1,"featured_media":0,"parent":0,"menu_order":0,"comment_status":"closed","ping_status":"closed","template":"","meta":{"site-sidebar-layout":"default","site-content-layout":"","ast-site-content-layout":"default","site-content-style":"default","site-sidebar-style":"default","ast-global-header-display":"","ast-banner-title-visibility":"","ast-main-header-display":"","ast-hfb-above-header-display":"","ast-hfb-below-header-display":"","ast-hfb-mobile-header-display":"","site-post-title":"","ast-breadcrumbs-content":"","ast-featured-img":"","footer-sml-layout":"","ast-disable-related-posts":"","theme-transparent-header-meta":"","adv-header-id-meta":"","stick-header-meta":"","header-above-stick-meta":"","header-main-stick-meta":"","header-below-stick-meta":"","astra-migrate-meta-layouts":"default","ast-page-background-enabled":"default","ast-page-background-meta":{"desktop":{"background-color":"var(--ast-global-color-4)","background-image":"","background-repeat":"repeat","background-position":"center center","background-size":"auto","background-attachment":"scroll","background-type":"","background-media":"","overlay-type":"","overlay-color":"","overlay-opacity":"","overlay-gradient":""},"tablet":{"background-color":"","background-image":"","background-repeat":"repeat","background-position":"center center","background-size":"auto","background-attachment":"scroll","background-type":"","background-media":"","overlay-type":"","overlay-color":"","overlay-opacity":"","overlay-gradient":""},"mobile":{"background-color":"","background-image":"","background-repeat":"repeat","background-position":"center center","background-size":"auto","background-attachment":"scroll","background-type":"","background-media":"","overlay-type":"","overlay-color":"","overlay-opacity":"","overlay-gradient":""}},"ast-content-background-meta":{"desktop":{"background-color":"var(--ast-global-color-5)","background-image":"","background-repeat":"repeat","background-position":"center center","background-size":"auto","background-attachment":"scroll","background-type":"","background-media":"","overlay-type":"","overlay-color":"","overlay-opacity":"","overlay-gradient":""},"tablet":{"background-color":"var(--ast-global-color-5)","background-image":"","background-repeat":"repeat","background-position":"center center","background-size":"auto","background-attachment":"scroll","background-type":"","background-media":"","overlay-type":"","overlay-color":"","overlay-opacity":"","overlay-gradient":""},"mobile":{"background-color":"var(--ast-global-color-5)","background-image":"","background-repeat":"repeat","background-position":"center center","background-size":"auto","background-attachment":"scroll","background-type":"","background-media":"","overlay-type":"","overlay-color":"","overlay-opacity":"","overlay-gradient":""}},"footnotes":""},"class_list":["post-82","page","type-page","status-publish","hentry"],"_links":{"self":[{"href":"https:\/\/likapk.com\/fr\/wp-json\/wp\/v2\/pages\/82","targetHints":{"allow":["GET"]}}],"collection":[{"href":"https:\/\/likapk.com\/fr\/wp-json\/wp\/v2\/pages"}],"about":[{"href":"https:\/\/likapk.com\/fr\/wp-json\/wp\/v2\/types\/page"}],"author":[{"embeddable":true,"href":"https:\/\/likapk.com\/fr\/wp-json\/wp\/v2\/users\/1"}],"replies":[{"embeddable":true,"href":"https:\/\/likapk.com\/fr\/wp-json\/wp\/v2\/comments?post=82"}],"version-history":[{"count":1,"href":"https:\/\/likapk.com\/fr\/wp-json\/wp\/v2\/pages\/82\/revisions"}],"predecessor-version":[{"id":83,"href":"https:\/\/likapk.com\/fr\/wp-json\/wp\/v2\/pages\/82\/revisions\/83"}],"wp:attachment":[{"href":"https:\/\/likapk.com\/fr\/wp-json\/wp\/v2\/media?parent=82"}],"curies":[{"name":"wp","href":"https:\/\/api.w.org\/{rel}","templated":true}]}}