{"id":84,"date":"2025-05-26T14:59:12","date_gmt":"2025-05-26T14:59:12","guid":{"rendered":"https:\/\/likapk.com\/?page_id=84"},"modified":"2025-05-26T14:59:14","modified_gmt":"2025-05-26T14:59:14","slug":"cookie-policy","status":"publish","type":"page","link":"https:\/\/likapk.com\/fr\/cookie-policy\/","title":{"rendered":"Politique relative aux cookies"},"content":{"rendered":"<p><strong>Date d&#039;entr\u00e9e en vigueur :<\/strong> 26 mai 2025<br><strong>Domaine:<\/strong> <a class=\"\" href=\"https:\/\/likapk.com\/fr\/\">https:\/\/likapk.com<\/a><\/p>\n\n\n\n<p>Cette politique en mati\u00e8re de cookies d\u00e9crit comment <strong>Likapk.com<\/strong> (&#8220;<strong>nous<\/strong>&#8220;, &#8220;<strong>notre<\/strong>&quot;, ou &quot;<strong>le site Web<\/strong>\u00ab ) utilise des cookies et des technologies de suivi associ\u00e9es lorsque vous visitez ou interagissez avec nos propri\u00e9t\u00e9s num\u00e9riques.<\/p>\n\n\n\n<hr class=\"wp-block-separator has-alpha-channel-opacity\"\/>\n\n\n\n<h3 class=\"wp-block-heading\">1. <strong>Que sont les cookies ?<\/strong><\/h3>\n\n\n\n<p>Les cookies sont de petits fichiers de donn\u00e9es que les sites web stockent sur votre appareil via votre navigateur. Ces fichiers remplissent diverses fonctions, telles que le fonctionnement du site, la conservation des pr\u00e9f\u00e9rences utilisateur, l&#039;analyse du trafic et la diffusion de publicit\u00e9s cibl\u00e9es.<\/p>\n\n\n\n<p>Les cookies peuvent \u00eatre :<\/p>\n\n\n\n<ul class=\"wp-block-list\">\n<li><strong>Bas\u00e9 sur la session<\/strong> (expire lorsque vous fermez votre navigateur), ou<\/li>\n\n\n\n<li><strong>Persistant<\/strong> (stock\u00e9 jusqu&#039;\u00e0 suppression manuelle ou expiration).<\/li>\n<\/ul>\n\n\n\n<hr class=\"wp-block-separator has-alpha-channel-opacity\"\/>\n\n\n\n<h3 class=\"wp-block-heading\">2. <strong>Cat\u00e9gories de cookies que nous utilisons<\/strong><\/h3>\n\n\n\n<p>Nous classons les cookies dans les cat\u00e9gories suivantes :<\/p>\n\n\n\n<h4 class=\"wp-block-heading\">un. <strong>Cookies essentiels<\/strong><\/h4>\n\n\n\n<p>Ces cookies sont essentiels au bon fonctionnement du site web, comme le rendu des pages, la navigation et la validation de s\u00e9curit\u00e9. <strong>ne peut pas \u00eatre d\u00e9sactiv\u00e9<\/strong> via notre outil de pr\u00e9f\u00e9rences en mati\u00e8re de cookies.<\/p>\n\n\n\n<h4 class=\"wp-block-heading\">b. <strong>Cookies d&#039;analyse<\/strong><\/h4>\n\n\n\n<p>Ces cookies nous permettent de comprendre comment les visiteurs interagissent avec notre site. Nous utilisons des plateformes d&#039;analyse tierces (par exemple, <strong>Google Analytics 4<\/strong>) pour \u00e9valuer les sources de trafic, le contenu populaire, la dur\u00e9e des sessions et les taux de rebond, ce qui nous aide \u00e0 am\u00e9liorer les performances du site.<\/p>\n\n\n\n<h4 class=\"wp-block-heading\">c. <strong>Cookies publicitaires et de suivi<\/strong><\/h4>\n\n\n\n<p>Utilis\u00e9 en collaboration avec des partenaires publicitaires programmatiques comme <strong>Gestionnaire d&#039;annonces Google, AdSense<\/strong>, et <strong>SSP<\/strong>, ces cookies permettent :<\/p>\n\n\n\n<ul class=\"wp-block-list\">\n<li>Profilage d&#039;audience<\/li>\n\n\n\n<li>Reciblage<\/li>\n\n\n\n<li>Limitation de fr\u00e9quence<\/li>\n\n\n\n<li>Suivi intersite<\/li>\n<\/ul>\n\n\n\n<p>Ils peuvent traiter les adresses IP, les types d\u2019appareils et les donn\u00e9es comportementales sur plusieurs sessions et plateformes.<\/p>\n\n\n\n<h4 class=\"wp-block-heading\">d. <strong>Cookies fonctionnels<\/strong><\/h4>\n\n\n\n<p>Ces fonctionnalit\u00e9s optionnelles, comme la m\u00e9morisation de votre langue ou de votre mode d&#039;affichage, sont prises en charge. Sans ces fonctionnalit\u00e9s, l&#039;exp\u00e9rience utilisateur pourrait \u00eatre d\u00e9grad\u00e9e.<\/p>\n\n\n\n<hr class=\"wp-block-separator has-alpha-channel-opacity\"\/>\n\n\n\n<h3 class=\"wp-block-heading\">3. <strong>Divulgation des cookies tiers<\/strong><\/h3>\n\n\n\n<p>Nous autorisons des tiers s\u00e9lectionn\u00e9s \u00e0 placer des cookies sur notre site pour :<\/p>\n\n\n\n<ul class=\"wp-block-list\">\n<li><strong>Diffusion et reporting des annonces<\/strong> (par exemple, Google, JoinAds, Taboola)<\/li>\n\n\n\n<li><strong>Analyses et cartes thermiques<\/strong> (par exemple, Google Analytics, Hotjar)<\/li>\n<\/ul>\n\n\n\n<p>Ces entit\u00e9s traitent les donn\u00e9es conform\u00e9ment \u00e0 leurs propres politiques de confidentialit\u00e9 et peuvent combiner des informations provenant d\u2019autres sources.<\/p>\n\n\n\n<hr class=\"wp-block-separator has-alpha-channel-opacity\"\/>\n\n\n\n<h3 class=\"wp-block-heading\">4. <strong>Consentement et contr\u00f4le (conformit\u00e9 UE)<\/strong><\/h3>\n\n\n\n<p>Pour les utilisateurs dans les juridictions sous la <strong>R\u00e8glement g\u00e9n\u00e9ral sur la protection des donn\u00e9es (RGPD)<\/strong>, les cookies non essentiels ne sont plac\u00e9s qu&#039;avec <strong>consentement explicite de l&#039;utilisateur<\/strong>.<\/p>\n\n\n\n<p>Nous utilisons un <strong>Plateforme de gestion du consentement (CMP)<\/strong> \u00e0:<\/p>\n\n\n\n<ul class=\"wp-block-list\">\n<li>Collecter et stocker les pr\u00e9f\u00e9rences en mati\u00e8re de cookies<\/li>\n\n\n\n<li>Fournir des contr\u00f4les d&#039;acceptation\/de refus<\/li>\n\n\n\n<li>Autoriser la s\u00e9lection granulaire des cat\u00e9gories de cookies<\/li>\n<\/ul>\n\n\n\n<p>Vous pouvez retirer votre consentement \u00e0 tout moment en cliquant sur \u00ab Param\u00e8tres des cookies \u00bb dans le pied de page du site Web.<\/p>\n\n\n\n<hr class=\"wp-block-separator has-alpha-channel-opacity\"\/>\n\n\n\n<h3 class=\"wp-block-heading\">5. <strong>Droits \u00e0 la vie priv\u00e9e en Californie (CCPA)<\/strong><\/h3>\n\n\n\n<p>Si vous \u00eates r\u00e9sident de <strong>Californie<\/strong>, vous pouvez avoir des droits suppl\u00e9mentaires en vertu de la <strong>Loi californienne sur la protection de la vie priv\u00e9e des consommateurs<\/strong>, y compris le droit \u00e0 :<\/p>\n\n\n\n<ul class=\"wp-block-list\">\n<li>Savoir quelles donn\u00e9es personnelles sont collect\u00e9es<\/li>\n\n\n\n<li>D\u00e9sinscription \u00e0 la vente de donn\u00e9es personnelles<\/li>\n\n\n\n<li>Demander la suppression des donn\u00e9es personnelles stock\u00e9es<\/li>\n<\/ul>\n\n\n\n<p>Pour exercer ces droits, veuillez nous contacter ou utiliser le <strong>\u00ab\u00a0Ne vendez pas mes informations\u00a0\u00bb<\/strong> lien le cas \u00e9ch\u00e9ant.<\/p>\n\n\n\n<hr class=\"wp-block-separator has-alpha-channel-opacity\"\/>\n\n\n\n<h3 class=\"wp-block-heading\">6. <strong>Gestion des cookies dans votre navigateur<\/strong><\/h3>\n\n\n\n<p>Vous pouvez configurer votre navigateur pour :<\/p>\n\n\n\n<ul class=\"wp-block-list\">\n<li>Refuser tous les cookies ou certains d&#039;entre eux<\/li>\n\n\n\n<li>Vous avertir lorsqu&#039;un cookie est install\u00e9<\/li>\n\n\n\n<li>Supprimer les cookies stock\u00e9s<\/li>\n<\/ul>\n\n\n\n<p>Reportez-vous \u00e0 la documentation de votre navigateur pour plus de d\u00e9tails\u00a0:<\/p>\n\n\n\n<ul class=\"wp-block-list\">\n<li><a>Google Chrome<\/a><\/li>\n\n\n\n<li><a class=\"\" href=\"https:\/\/support.mozilla.org\/en-US\/kb\/cookies-information-websites-store-on-your-computer\" target=\"_blank\" rel=\"noopener\">Mozilla Firefox<\/a><\/li>\n\n\n\n<li><a class=\"\" href=\"https:\/\/support.apple.com\/en-us\/HT201265\" target=\"_blank\" rel=\"noopener\">Safari<\/a><\/li>\n\n\n\n<li><a class=\"\" href=\"https:\/\/support.microsoft.com\/en-us\/microsoft-edge\/delete-cookies-in-microsoft-edge-63947406-40ac-c3b8-57b9-2a946a29ae09\" target=\"_blank\" rel=\"noopener\">Microsoft Edge<\/a><\/li>\n<\/ul>\n\n\n\n<hr class=\"wp-block-separator has-alpha-channel-opacity\"\/>\n\n\n\n<h3 class=\"wp-block-heading\">7. <strong>Mises \u00e0 jour des politiques<\/strong><\/h3>\n\n\n\n<p>Cette politique relative aux cookies est susceptible d&#039;\u00eatre r\u00e9vis\u00e9e de temps \u00e0 autre afin de refl\u00e9ter les \u00e9volutions op\u00e9rationnelles ou r\u00e9glementaires. Toute modification sera publi\u00e9e sur cette page avec sa date d&#039;entr\u00e9e en vigueur actualis\u00e9e.<\/p>\n\n\n\n<hr class=\"wp-block-separator has-alpha-channel-opacity\"\/>\n\n\n\n<h3 class=\"wp-block-heading\">8. <strong>Coordonn\u00e9es<\/strong><\/h3>\n\n\n\n<p>Pour toute question ou pr\u00e9occupation concernant cette politique en mati\u00e8re de cookies, veuillez contacter :<\/p>\n\n\n\n<p><strong>\u00c9quipe de conformit\u00e9 de Likapk.com<\/strong><br>\ud83d\udce7 Courriel : <a>contact@likapk.com<\/a><\/p>","protected":false},"excerpt":{"rendered":"<p>Effective Date: May 26, 2025Domain: https:\/\/likapk.com This Cookie Policy outlines how Likapk.com (&#8220;we&#8220;, &#8220;our&#8220;, or &#8220;the Website&#8220;) utilizes cookies and [&hellip;]<\/p>\n","protected":false},"author":1,"featured_media":0,"parent":0,"menu_order":0,"comment_status":"closed","ping_status":"closed","template":"","meta":{"site-sidebar-layout":"default","site-content-layout":"","ast-site-content-layout":"default","site-content-style":"default","site-sidebar-style":"default","ast-global-header-display":"","ast-banner-title-visibility":"","ast-main-header-display":"","ast-hfb-above-header-display":"","ast-hfb-below-header-display":"","ast-hfb-mobile-header-display":"","site-post-title":"","ast-breadcrumbs-content":"","ast-featured-img":"","footer-sml-layout":"","ast-disable-related-posts":"","theme-transparent-header-meta":"","adv-header-id-meta":"","stick-header-meta":"","header-above-stick-meta":"","header-main-stick-meta":"","header-below-stick-meta":"","astra-migrate-meta-layouts":"default","ast-page-background-enabled":"default","ast-page-background-meta":{"desktop":{"background-color":"var(--ast-global-color-4)","background-image":"","background-repeat":"repeat","background-position":"center center","background-size":"auto","background-attachment":"scroll","background-type":"","background-media":"","overlay-type":"","overlay-color":"","overlay-opacity":"","overlay-gradient":""},"tablet":{"background-color":"","background-image":"","background-repeat":"repeat","background-position":"center center","background-size":"auto","background-attachment":"scroll","background-type":"","background-media":"","overlay-type":"","overlay-color":"","overlay-opacity":"","overlay-gradient":""},"mobile":{"background-color":"","background-image":"","background-repeat":"repeat","background-position":"center center","background-size":"auto","background-attachment":"scroll","background-type":"","background-media":"","overlay-type":"","overlay-color":"","overlay-opacity":"","overlay-gradient":""}},"ast-content-background-meta":{"desktop":{"background-color":"var(--ast-global-color-5)","background-image":"","background-repeat":"repeat","background-position":"center center","background-size":"auto","background-attachment":"scroll","background-type":"","background-media":"","overlay-type":"","overlay-color":"","overlay-opacity":"","overlay-gradient":""},"tablet":{"background-color":"var(--ast-global-color-5)","background-image":"","background-repeat":"repeat","background-position":"center center","background-size":"auto","background-attachment":"scroll","background-type":"","background-media":"","overlay-type":"","overlay-color":"","overlay-opacity":"","overlay-gradient":""},"mobile":{"background-color":"var(--ast-global-color-5)","background-image":"","background-repeat":"repeat","background-position":"center center","background-size":"auto","background-attachment":"scroll","background-type":"","background-media":"","overlay-type":"","overlay-color":"","overlay-opacity":"","overlay-gradient":""}},"footnotes":""},"class_list":["post-84","page","type-page","status-publish","hentry"],"_links":{"self":[{"href":"https:\/\/likapk.com\/fr\/wp-json\/wp\/v2\/pages\/84","targetHints":{"allow":["GET"]}}],"collection":[{"href":"https:\/\/likapk.com\/fr\/wp-json\/wp\/v2\/pages"}],"about":[{"href":"https:\/\/likapk.com\/fr\/wp-json\/wp\/v2\/types\/page"}],"author":[{"embeddable":true,"href":"https:\/\/likapk.com\/fr\/wp-json\/wp\/v2\/users\/1"}],"replies":[{"embeddable":true,"href":"https:\/\/likapk.com\/fr\/wp-json\/wp\/v2\/comments?post=84"}],"version-history":[{"count":1,"href":"https:\/\/likapk.com\/fr\/wp-json\/wp\/v2\/pages\/84\/revisions"}],"predecessor-version":[{"id":85,"href":"https:\/\/likapk.com\/fr\/wp-json\/wp\/v2\/pages\/84\/revisions\/85"}],"wp:attachment":[{"href":"https:\/\/likapk.com\/fr\/wp-json\/wp\/v2\/media?parent=84"}],"curies":[{"name":"wp","href":"https:\/\/api.w.org\/{rel}","templated":true}]}}