{"id":13,"date":"2025-04-09T15:13:09","date_gmt":"2025-04-09T15:13:09","guid":{"rendered":"https:\/\/likapk.com\/?page_id=13"},"modified":"2025-04-09T15:13:11","modified_gmt":"2025-04-09T15:13:11","slug":"terms-of-service","status":"publish","type":"page","link":"https:\/\/likapk.com\/hu\/terms-of-service\/","title":{"rendered":"Szolg\u00e1ltat\u00e1si felt\u00e9telek"},"content":{"rendered":"<h3 class=\"wp-block-heading\">1. Felt\u00e9telek<\/h3>\n\n\n\n<p>A weboldal el\u00e9r\u00e9s\u00e9vel a k\u00f6vetkez\u0151 c\u00edmen: <a href=\"https:\/\/likapk.com\/hu\/\">likapk<\/a> \u00d6n elfogadja, hogy betartja ezeket a szolg\u00e1ltat\u00e1si felt\u00e9teleket, az \u00f6sszes vonatkoz\u00f3 t\u00f6rv\u00e9nyt \u00e9s szab\u00e1lyoz\u00e1st, \u00e9s egyet\u00e9rt azzal, hogy felel\u0151s a vonatkoz\u00f3 helyi t\u00f6rv\u00e9nyek betart\u00e1s\u00e1\u00e9rt. Ha nem \u00e9rt egyet a felt\u00e9telek b\u00e1rmelyik\u00e9vel, tilos a webhely haszn\u00e1lata vagy el\u00e9r\u00e9se. A webhelyen tal\u00e1lhat\u00f3 anyagokat a vonatkoz\u00f3 szerz\u0151i jogi \u00e9s v\u00e9djegyt\u00f6rv\u00e9nyek v\u00e9dik.<\/p>\n\n\n\n<h3 class=\"wp-block-heading\">2. Licenchaszn\u00e1lat<\/h3>\n\n\n\n<ol class=\"wp-block-list\">\n<li>Enged\u00e9lyezett a likapk weboldal\u00e1n tal\u00e1lhat\u00f3 anyagok (inform\u00e1ci\u00f3k vagy szoftverek) egyetlen p\u00e9ld\u00e1ny\u00e1nak ideiglenes let\u00f6lt\u00e9se, kiz\u00e1r\u00f3lag szem\u00e9lyes, nem kereskedelmi c\u00e9l\u00fa, \u00e1tmeneti megtekint\u00e9sre. Ez egy licenc megad\u00e1sa, nem pedig a tulajdonjog \u00e1truh\u00e1z\u00e1sa, \u00e9s ezen licenc alapj\u00e1n \u00d6n nem jogosult:<\/li>\n\n\n\n<li>m\u00f3dos\u00edtani vagy m\u00e1solni az anyagokat;<\/li>\n\n\n\n<li>az anyagokat b\u00e1rmilyen kereskedelmi c\u00e9lra felhaszn\u00e1lni, vagy b\u00e1rmilyen nyilv\u00e1nos (kereskedelmi vagy nem kereskedelmi) bemutat\u00e1sra;<\/li>\n\n\n\n<li>a likapk weboldal\u00e1n tal\u00e1lhat\u00f3 szoftverek visszafejt\u00e9s\u00e9nek vagy visszafejt\u00e9s\u00e9nek k\u00eds\u00e9rlete;<\/li>\n\n\n\n<li>t\u00e1vol\u00edtson el minden szerz\u0151i jogi vagy egy\u00e9b tulajdonjogi jel\u00f6l\u00e9st az anyagokb\u00f3l; vagy<\/li>\n\n\n\n<li>az anyagok \u00e1tad\u00e1sa egy m\u00e1sik szem\u00e9lynek, vagy az anyagok \u201et\u00fckr\u00f6z\u00e9se\u201d b\u00e1rmely m\u00e1s szerveren.<\/li>\n\n\n\n<li>Ez a licenc automatikusan megsz\u0171nik, ha \u00d6n megszegi ezen korl\u00e1toz\u00e1sok b\u00e1rmelyik\u00e9t, \u00e9s a likapk b\u00e1rmikor felmondhatja. Az anyagok megtekint\u00e9s\u00e9nek befejez\u00e9sekor, vagy a licenc megsz\u0171n\u00e9sekor meg kell semmis\u00edtenie a birtok\u00e1ban l\u00e9v\u0151 let\u00f6lt\u00f6tt anyagokat, ak\u00e1r elektronikus, ak\u00e1r nyomtatott form\u00e1tumban.<\/li>\n<\/ol>\n\n\n\n<h3 class=\"wp-block-heading\">3. Jogi nyilatkozat<\/h3>\n\n\n\n<ol class=\"wp-block-list\">\n<li>A likapk weboldal\u00e1n tal\u00e1lhat\u00f3 anyagok \u201eahogy van\u201d alapon ker\u00fclnek biztos\u00edt\u00e1sra. A likapk semmilyen kifejezett vagy hallgat\u00f3lagos garanci\u00e1t nem v\u00e1llal, \u00e9s ezennel elutas\u00edt \u00e9s tagad minden egy\u00e9b garanci\u00e1t, bele\u00e9rtve korl\u00e1toz\u00e1s n\u00e9lk\u00fcl a hallgat\u00f3lagos garanci\u00e1kat vagy az eladhat\u00f3s\u00e1gra, egy adott c\u00e9lra val\u00f3 alkalmass\u00e1gra, a szellemi tulajdonjogok megs\u00e9rt\u00e9s\u00e9nek hi\u00e1ny\u00e1ra vagy egy\u00e9b jogs\u00e9rt\u00e9sekre vonatkoz\u00f3 felt\u00e9teleket.<\/li>\n\n\n\n<li>Tov\u00e1bb\u00e1 a likapk nem szavatolja \u00e9s nem tesz semmilyen nyilatkozatot a weboldal\u00e1n tal\u00e1lhat\u00f3 anyagok pontoss\u00e1g\u00e1\u00e9rt, val\u00f3sz\u00edn\u0171s\u00edthet\u0151 eredm\u00e9nyei\u00e9rt vagy megb\u00edzhat\u00f3s\u00e1g\u00e1\u00e9rt, illetve az ilyen anyagokkal vagy a jelen webhelyhez kapcsol\u00f3d\u00f3 webhelyeken tal\u00e1lhat\u00f3 anyagok felhaszn\u00e1l\u00e1s\u00e1val kapcsolatban.<\/li>\n<\/ol>\n\n\n\n<h3 class=\"wp-block-heading\">4. Korl\u00e1toz\u00e1sok<\/h3>\n\n\n\n<p>A likapk vagy besz\u00e1ll\u00edt\u00f3i semmilyen esetben sem felel\u0151sek semmilyen k\u00e1r\u00e9rt (bele\u00e9rtve korl\u00e1toz\u00e1s n\u00e9lk\u00fcl az adatveszt\u00e9sb\u0151l vagy a nyeres\u00e9gkies\u00e9sb\u0151l, illetve az \u00fczleti tev\u00e9kenys\u00e9g megszakad\u00e1s\u00e1b\u00f3l ered\u0151 k\u00e1rokat), amely a likapk weboldal\u00e1n tal\u00e1lhat\u00f3 anyagok haszn\u00e1lat\u00e1b\u00f3l vagy haszn\u00e1latuk lehetetlens\u00e9g\u00e9b\u0151l ered, m\u00e9g akkor sem, ha a likapkot vagy a likapk meghatalmazott k\u00e9pvisel\u0151j\u00e9t sz\u00f3ban vagy \u00edr\u00e1sban \u00e9rtes\u00edtett\u00e9k az ilyen k\u00e1rok lehet\u0151s\u00e9g\u00e9r\u0151l. Mivel egyes joghat\u00f3s\u00e1gok nem enged\u00e9lyezik a hallgat\u00f3lagos garanci\u00e1k korl\u00e1toz\u00e1s\u00e1t, illetve a k\u00f6vetkezm\u00e9nyes vagy v\u00e9letlenszer\u0171 k\u00e1rok\u00e9rt val\u00f3 felel\u0151ss\u00e9g korl\u00e1toz\u00e1s\u00e1t, ezek a korl\u00e1toz\u00e1sok esetleg nem vonatkoznak \u00d6nre.<\/p>\n\n\n\n<h3 class=\"wp-block-heading\">5. Az anyagok pontoss\u00e1ga<\/h3>\n\n\n\n<p>A likapk weboldal\u00e1n megjelen\u0151 anyagok tartalmazhatnak technikai, tipogr\u00e1fiai vagy f\u00e9nyk\u00e9p\u00e9szeti hib\u00e1kat. A likapk nem garant\u00e1lja, hogy a weboldal\u00e1n tal\u00e1lhat\u00f3 anyagok pontosak, teljesek vagy aktu\u00e1lisak. A likapk b\u00e1rmikor, el\u0151zetes \u00e9rtes\u00edt\u00e9s n\u00e9lk\u00fcl m\u00f3dos\u00edthatja a weboldal\u00e1n tal\u00e1lhat\u00f3 anyagokat. A likapk azonban nem v\u00e1llal k\u00f6telezetts\u00e9get az anyagok friss\u00edt\u00e9s\u00e9re.<\/p>\n\n\n\n<h3 class=\"wp-block-heading\">6. Linkek<\/h3>\n\n\n\n<p>A likapk nem vizsg\u00e1lta fel\u00fcl az \u00f6sszes, a weboldal\u00e1hoz kapcsol\u00f3d\u00f3 webhelyet, \u00e9s nem v\u00e1llal felel\u0151ss\u00e9get az ilyen kapcsol\u00f3d\u00f3 webhelyek tartalm\u00e1\u00e9rt. B\u00e1rmely hivatkoz\u00e1s felt\u00fcntet\u00e9se nem jelenti a likapk \u00e1ltali t\u00e1mogat\u00e1st az adott webhelyhez. Az ilyen kapcsol\u00f3d\u00f3 webhelyek haszn\u00e1lata a felhaszn\u00e1l\u00f3 saj\u00e1t felel\u0151ss\u00e9g\u00e9re t\u00f6rt\u00e9nik.<\/p>\n\n\n\n<h3 class=\"wp-block-heading\">7. M\u00f3dos\u00edt\u00e1sok<\/h3>\n\n\n\n<p>A likapk b\u00e1rmikor, el\u0151zetes \u00e9rtes\u00edt\u00e9s n\u00e9lk\u00fcl m\u00f3dos\u00edthatja weboldal\u00e1nak ezen felhaszn\u00e1l\u00e1si felt\u00e9teleit. A weboldal haszn\u00e1lat\u00e1val \u00d6n elfogadja a felhaszn\u00e1l\u00e1si felt\u00e9telek aktu\u00e1lis verzi\u00f3j\u00e1t.<\/p>\n\n\n\n<h3 class=\"wp-block-heading\">8. Ir\u00e1nyad\u00f3 jog<\/h3>\n\n\n\n<p>Ezeket a felt\u00e9teleket az likapk t\u00f6rv\u00e9nyei szab\u00e1lyozz\u00e1k \u00e9s \u00e9rtelmezik, \u00e9s \u00d6n visszavonhatatlanul al\u00e1veti mag\u00e1t az adott \u00e1llam vagy helysz\u00edn b\u00edr\u00f3s\u00e1gainak kiz\u00e1r\u00f3lagos joghat\u00f3s\u00e1g\u00e1nak.<\/p>","protected":false},"excerpt":{"rendered":"<p>1. Terms By accessing the website at likapk you are agreeing to be bound by these terms of service, all [&hellip;]<\/p>\n","protected":false},"author":1,"featured_media":0,"parent":0,"menu_order":0,"comment_status":"closed","ping_status":"closed","template":"","meta":{"site-sidebar-layout":"default","site-content-layout":"","ast-site-content-layout":"default","site-content-style":"default","site-sidebar-style":"default","ast-global-header-display":"","ast-banner-title-visibility":"","ast-main-header-display":"","ast-hfb-above-header-display":"","ast-hfb-below-header-display":"","ast-hfb-mobile-header-display":"","site-post-title":"","ast-breadcrumbs-content":"","ast-featured-img":"","footer-sml-layout":"","ast-disable-related-posts":"","theme-transparent-header-meta":"","adv-header-id-meta":"","stick-header-meta":"","header-above-stick-meta":"","header-main-stick-meta":"","header-below-stick-meta":"","astra-migrate-meta-layouts":"default","ast-page-background-enabled":"default","ast-page-background-meta":{"desktop":{"background-color":"var(--ast-global-color-4)","background-image":"","background-repeat":"repeat","background-position":"center center","background-size":"auto","background-attachment":"scroll","background-type":"","background-media":"","overlay-type":"","overlay-color":"","overlay-opacity":"","overlay-gradient":""},"tablet":{"background-color":"","background-image":"","background-repeat":"repeat","background-position":"center center","background-size":"auto","background-attachment":"scroll","background-type":"","background-media":"","overlay-type":"","overlay-color":"","overlay-opacity":"","overlay-gradient":""},"mobile":{"background-color":"","background-image":"","background-repeat":"repeat","background-position":"center center","background-size":"auto","background-attachment":"scroll","background-type":"","background-media":"","overlay-type":"","overlay-color":"","overlay-opacity":"","overlay-gradient":""}},"ast-content-background-meta":{"desktop":{"background-color":"var(--ast-global-color-5)","background-image":"","background-repeat":"repeat","background-position":"center center","background-size":"auto","background-attachment":"scroll","background-type":"","background-media":"","overlay-type":"","overlay-color":"","overlay-opacity":"","overlay-gradient":""},"tablet":{"background-color":"var(--ast-global-color-5)","background-image":"","background-repeat":"repeat","background-position":"center center","background-size":"auto","background-attachment":"scroll","background-type":"","background-media":"","overlay-type":"","overlay-color":"","overlay-opacity":"","overlay-gradient":""},"mobile":{"background-color":"var(--ast-global-color-5)","background-image":"","background-repeat":"repeat","background-position":"center center","background-size":"auto","background-attachment":"scroll","background-type":"","background-media":"","overlay-type":"","overlay-color":"","overlay-opacity":"","overlay-gradient":""}},"footnotes":""},"class_list":["post-13","page","type-page","status-publish","hentry"],"_links":{"self":[{"href":"https:\/\/likapk.com\/hu\/wp-json\/wp\/v2\/pages\/13","targetHints":{"allow":["GET"]}}],"collection":[{"href":"https:\/\/likapk.com\/hu\/wp-json\/wp\/v2\/pages"}],"about":[{"href":"https:\/\/likapk.com\/hu\/wp-json\/wp\/v2\/types\/page"}],"author":[{"embeddable":true,"href":"https:\/\/likapk.com\/hu\/wp-json\/wp\/v2\/users\/1"}],"replies":[{"embeddable":true,"href":"https:\/\/likapk.com\/hu\/wp-json\/wp\/v2\/comments?post=13"}],"version-history":[{"count":1,"href":"https:\/\/likapk.com\/hu\/wp-json\/wp\/v2\/pages\/13\/revisions"}],"predecessor-version":[{"id":15,"href":"https:\/\/likapk.com\/hu\/wp-json\/wp\/v2\/pages\/13\/revisions\/15"}],"wp:attachment":[{"href":"https:\/\/likapk.com\/hu\/wp-json\/wp\/v2\/media?parent=13"}],"curies":[{"name":"munkaf\u00fczet","href":"https:\/\/api.w.org\/{rel}","templated":true}]}}