{"id":82,"date":"2025-05-26T14:54:22","date_gmt":"2025-05-26T14:54:22","guid":{"rendered":"https:\/\/likapk.com\/?page_id=82"},"modified":"2025-05-26T14:54:24","modified_gmt":"2025-05-26T14:54:24","slug":"about-us","status":"publish","type":"page","link":"https:\/\/likapk.com\/hu\/about-us\/","title":{"rendered":"R\u00f3lunk"},"content":{"rendered":"<h2 class=\"wp-block-heading\"><strong>Kik vagyunk<\/strong><\/h2>\n\n\n\n<p>At <strong>Likapk.com<\/strong>, hisz\u00fcnk abban, hogy az internetnek k\u00f6nnyebb\u00e9 kell tennie az \u00e9letedet \u2013 nem pedig nehezebb\u00e9. Ez\u00e9rt \u00e9p\u00edtett\u00fcnk egy platformot, amely a mai legkeresettebb t\u00e9m\u00e1kban gyors, relev\u00e1ns \u00e9s lebilincsel\u0151 tartalmakat k\u00edn\u00e1l.<\/p>\n\n\n\n<p>Ak\u00e1r \u00faj mobileszk\u00f6z\u00f6ket fedezel fel, <strong>alkalmaz\u00e1sok<\/strong>, tan\u00e1csot k\u00e9rve <strong>randev\u00faz\u00e1s<\/strong>, jav\u00edtva a <strong>p\u00e9nz\u00fcgyi<\/strong> tud\u00e1s, keres\u00e9s <strong>munka<\/strong> lehet\u0151s\u00e9geket, vagy csak egyszer\u0171 dolgokat keres <strong>\u00e9letm\u00f3d<\/strong> inspir\u00e1ci\u00f3 \u2013 itt megtal\u00e1lod.<\/p>\n\n\n\n<hr class=\"wp-block-separator has-alpha-channel-opacity\"\/>\n\n\n\n<h2 class=\"wp-block-heading\"><strong>K\u00fcldet\u00e9s\u00fcnk<\/strong><\/h2>\n\n\n\n<p>C\u00e9lunk, hogy egyszer\u0171s\u00edts\u00fck az inform\u00e1ci\u00f3keres\u00e9st az\u00e1ltal, hogy id\u0151szer\u0171, megb\u00edzhat\u00f3 \u00e9s az \u00e9rdekl\u0151d\u00e9si k\u00f6r\u00f6dh\u00f6z igaz\u00edtott tartalmakat szervez\u00fcnk. Semmi sallang. Semmi zavar\u00f3 t\u00e9nyez\u0151. Csak \u00e9rt\u00e9k.<\/p>\n\n\n\n<p>Szerkeszt\u0151i strat\u00e9gi\u00e1nkat teljes\u00edtm\u00e9nyadatok, trendi t\u00e9m\u00e1k \u00e9s felhaszn\u00e1l\u00f3i viselked\u00e9si inform\u00e1ci\u00f3k vez\u00e9rlik \u2013 \u00edgy pontosan azt tudjuk k\u00f6zz\u00e9tenni, amit az emberek keresnek, amikor a legnagyobb sz\u00fcks\u00e9g\u00fck van r\u00e1.<\/p>\n\n\n\n<hr class=\"wp-block-separator has-alpha-channel-opacity\"\/>\n\n\n\n<h2 class=\"wp-block-heading\"><strong>Hogyan m\u0171k\u00f6d\u00fcnk<\/strong><\/h2>\n\n\n\n<ul class=\"wp-block-list\">\n<li>Naponta tesz\u00fcnk k\u00f6zz\u00e9 cikkeket, olyan tartalmakat fel\u00f6lelve, amelyek t\u00f6bb h\u00e1l\u00f3zaton is j\u00f3l teljes\u00edtenek.<\/li>\n\n\n\n<li>Monetiz\u00e1l\u00e1si strat\u00e9gi\u00e1nk kompatibilis hirdet\u00e9si platformokat haszn\u00e1l, bele\u00e9rtve a Google-t \u00e9s a programozott partnereket.<\/li>\n\n\n\n<li>Minden hirdet\u00e9s a felhaszn\u00e1l\u00f3i \u00e9lm\u00e9ny tiszteletben tart\u00e1s\u00e1t szolg\u00e1lja, mik\u00f6zben t\u00e1mogatja az ingyenes tartalommodell\u00fcnket.<\/li>\n<\/ul>\n\n\n\n<hr class=\"wp-block-separator has-alpha-channel-opacity\"\/>\n\n\n\n<h2 class=\"wp-block-heading\"><strong>Bizalom \u00e9s \u00e1tl\u00e1that\u00f3s\u00e1g<\/strong><\/h2>\n\n\n\n<p>Elk\u00f6telezettek vagyunk az olvas\u00f3inkkal szembeni \u00e1tl\u00e1that\u00f3s\u00e1g fenntart\u00e1sa ir\u00e1nt. B\u00e1r bev\u00e9telt bev\u00e9tel\u00fcnkre hirdet\u00e9sek r\u00e9v\u00e9n tesz\u00fcnk szert, soha nem engedj\u00fck, hogy kereskedelmi \u00e9rdekek befoly\u00e1solj\u00e1k tartalmunk integrit\u00e1s\u00e1t.<\/p>\n\n\n\n<hr class=\"wp-block-separator has-alpha-channel-opacity\"\/>\n\n\n\n<h2 class=\"wp-block-heading\"><strong>Kapcsolat<\/strong><\/h2>\n\n\n\n<p>K\u00e9rd\u00e9sei, visszajelz\u00e9sei vagy partners\u00e9gi megkeres\u00e9sei vannak?<br>Szeretn\u00e9nk hallani fel\u0151led. El\u00e9rhetsz minket a k\u00f6vetkez\u0151 el\u00e9rhet\u0151s\u00e9geken:<br>\ud83d\udce7 <strong><a>contact@likapk.com<\/a><\/strong><\/p>","protected":false},"excerpt":{"rendered":"<p>Who We Are At Likapk.com, we believe that the internet should make your life easier \u2014 not harder. That\u2019s why [&hellip;]<\/p>\n","protected":false},"author":1,"featured_media":0,"parent":0,"menu_order":0,"comment_status":"closed","ping_status":"closed","template":"","meta":{"site-sidebar-layout":"default","site-content-layout":"","ast-site-content-layout":"default","site-content-style":"default","site-sidebar-style":"default","ast-global-header-display":"","ast-banner-title-visibility":"","ast-main-header-display":"","ast-hfb-above-header-display":"","ast-hfb-below-header-display":"","ast-hfb-mobile-header-display":"","site-post-title":"","ast-breadcrumbs-content":"","ast-featured-img":"","footer-sml-layout":"","ast-disable-related-posts":"","theme-transparent-header-meta":"","adv-header-id-meta":"","stick-header-meta":"","header-above-stick-meta":"","header-main-stick-meta":"","header-below-stick-meta":"","astra-migrate-meta-layouts":"default","ast-page-background-enabled":"default","ast-page-background-meta":{"desktop":{"background-color":"var(--ast-global-color-4)","background-image":"","background-repeat":"repeat","background-position":"center center","background-size":"auto","background-attachment":"scroll","background-type":"","background-media":"","overlay-type":"","overlay-color":"","overlay-opacity":"","overlay-gradient":""},"tablet":{"background-color":"","background-image":"","background-repeat":"repeat","background-position":"center center","background-size":"auto","background-attachment":"scroll","background-type":"","background-media":"","overlay-type":"","overlay-color":"","overlay-opacity":"","overlay-gradient":""},"mobile":{"background-color":"","background-image":"","background-repeat":"repeat","background-position":"center center","background-size":"auto","background-attachment":"scroll","background-type":"","background-media":"","overlay-type":"","overlay-color":"","overlay-opacity":"","overlay-gradient":""}},"ast-content-background-meta":{"desktop":{"background-color":"var(--ast-global-color-5)","background-image":"","background-repeat":"repeat","background-position":"center center","background-size":"auto","background-attachment":"scroll","background-type":"","background-media":"","overlay-type":"","overlay-color":"","overlay-opacity":"","overlay-gradient":""},"tablet":{"background-color":"var(--ast-global-color-5)","background-image":"","background-repeat":"repeat","background-position":"center center","background-size":"auto","background-attachment":"scroll","background-type":"","background-media":"","overlay-type":"","overlay-color":"","overlay-opacity":"","overlay-gradient":""},"mobile":{"background-color":"var(--ast-global-color-5)","background-image":"","background-repeat":"repeat","background-position":"center center","background-size":"auto","background-attachment":"scroll","background-type":"","background-media":"","overlay-type":"","overlay-color":"","overlay-opacity":"","overlay-gradient":""}},"footnotes":""},"class_list":["post-82","page","type-page","status-publish","hentry"],"_links":{"self":[{"href":"https:\/\/likapk.com\/hu\/wp-json\/wp\/v2\/pages\/82","targetHints":{"allow":["GET"]}}],"collection":[{"href":"https:\/\/likapk.com\/hu\/wp-json\/wp\/v2\/pages"}],"about":[{"href":"https:\/\/likapk.com\/hu\/wp-json\/wp\/v2\/types\/page"}],"author":[{"embeddable":true,"href":"https:\/\/likapk.com\/hu\/wp-json\/wp\/v2\/users\/1"}],"replies":[{"embeddable":true,"href":"https:\/\/likapk.com\/hu\/wp-json\/wp\/v2\/comments?post=82"}],"version-history":[{"count":1,"href":"https:\/\/likapk.com\/hu\/wp-json\/wp\/v2\/pages\/82\/revisions"}],"predecessor-version":[{"id":83,"href":"https:\/\/likapk.com\/hu\/wp-json\/wp\/v2\/pages\/82\/revisions\/83"}],"wp:attachment":[{"href":"https:\/\/likapk.com\/hu\/wp-json\/wp\/v2\/media?parent=82"}],"curies":[{"name":"munkaf\u00fczet","href":"https:\/\/api.w.org\/{rel}","templated":true}]}}