{"id":84,"date":"2025-05-26T14:59:12","date_gmt":"2025-05-26T14:59:12","guid":{"rendered":"https:\/\/likapk.com\/?page_id=84"},"modified":"2025-05-26T14:59:14","modified_gmt":"2025-05-26T14:59:14","slug":"cookie-policy","status":"publish","type":"page","link":"https:\/\/likapk.com\/hu\/cookie-policy\/","title":{"rendered":"S\u00fctikre vonatkoz\u00f3 szab\u00e1lyzat"},"content":{"rendered":"<p><strong>Hat\u00e1lybal\u00e9p\u00e9s d\u00e1tuma:<\/strong> 2025. m\u00e1jus 26.<br><strong>Domain:<\/strong> <a class=\"\" href=\"https:\/\/likapk.com\/hu\/\">https:\/\/likapk.com<\/a><\/p>\n\n\n\n<p>Ez a s\u00fctikre vonatkoz\u00f3 szab\u00e1lyzat felv\u00e1zolja, hogyan <strong>Likapk.com<\/strong> (&#8220;<strong>mi<\/strong>&#8220;, &#8220;<strong>a mi\u00e9nk<\/strong>\u201e, vagy \u201e<strong>a weboldal<\/strong>\u201e) s\u00fctiket \u00e9s kapcsol\u00f3d\u00f3 nyomk\u00f6vet\u0151 technol\u00f3gi\u00e1kat haszn\u00e1l, amikor megl\u00e1togatja vagy kapcsolatba l\u00e9p digit\u00e1lis fel\u00fcleteinkkel.<\/p>\n\n\n\n<hr class=\"wp-block-separator has-alpha-channel-opacity\"\/>\n\n\n\n<h3 class=\"wp-block-heading\">1. <strong>Mik azok a s\u00fctik?<\/strong><\/h3>\n\n\n\n<p>A s\u00fctik kis adatf\u00e1jlok, amelyeket a webhelyek a b\u00f6ng\u00e9sz\u0151n kereszt\u00fcl t\u00e1rolnak az eszk\u00f6z\u00f6d\u00f6n. Ezek a f\u00e1jlok k\u00fcl\u00f6nf\u00e9le funkci\u00f3kat l\u00e1tnak el, p\u00e9ld\u00e1ul lehet\u0151v\u00e9 teszik a webhely alapvet\u0151 m\u0171k\u00f6d\u00e9s\u00e9t, meg\u0151rzik a felhaszn\u00e1l\u00f3i be\u00e1ll\u00edt\u00e1sokat, elemzik a forgalmat \u00e9s c\u00e9lzott hirdet\u00e9seket jelen\u00edtenek meg.<\/p>\n\n\n\n<p>A s\u00fctik lehetnek:<\/p>\n\n\n\n<ul class=\"wp-block-list\">\n<li><strong>Munkamenet-alap\u00fa<\/strong> (a b\u00f6ng\u00e9sz\u0151 bez\u00e1r\u00e1sakor lej\u00e1r), vagy<\/li>\n\n\n\n<li><strong>Kitart\u00f3<\/strong> (manu\u00e1lis t\u00f6rl\u00e9sig vagy lej\u00e1ratig t\u00e1rolva).<\/li>\n<\/ul>\n\n\n\n<hr class=\"wp-block-separator has-alpha-channel-opacity\"\/>\n\n\n\n<h3 class=\"wp-block-heading\">2. <strong>Az \u00e1ltalunk haszn\u00e1lt s\u00fctik kateg\u00f3ri\u00e1i<\/strong><\/h3>\n\n\n\n<p>A s\u00fctiket a k\u00f6vetkez\u0151 kateg\u00f3ri\u00e1kba soroljuk:<\/p>\n\n\n\n<h4 class=\"wp-block-heading\">egy. <strong>Alapvet\u0151 s\u00fctik<\/strong><\/h4>\n\n\n\n<p>Ezek a s\u00fctik alapvet\u0151 fontoss\u00e1g\u00faak a weboldal alapvet\u0151 m\u0171k\u00f6d\u00e9s\u00e9hez \u2013 p\u00e9ld\u00e1ul az oldalmegjelen\u00edt\u00e9shez, a navig\u00e1ci\u00f3hoz \u00e9s a biztons\u00e1gi ellen\u0151rz\u00e9shez. <strong>nem lehet letiltani<\/strong> a s\u00fctibe\u00e1ll\u00edt\u00e1si eszk\u00f6z\u00fcnk\u00f6n kereszt\u00fcl.<\/p>\n\n\n\n<h4 class=\"wp-block-heading\">b. <strong>Analitikai s\u00fctik<\/strong><\/h4>\n\n\n\n<p>Ezek lehet\u0151v\u00e9 teszik sz\u00e1munkra, hogy meg\u00e9rts\u00fck, hogyan l\u00e9pnek interakci\u00f3ba a l\u00e1togat\u00f3k az oldalunkkal. Harmadik f\u00e9lt\u0151l sz\u00e1rmaz\u00f3 elemz\u0151 platformokat haszn\u00e1lunk (pl. <strong>Google Analytics 4<\/strong>) a forgalom forr\u00e1sainak, a n\u00e9pszer\u0171 tartalmaknak, a munkamenet id\u0151tartam\u00e1nak \u00e9s a visszafordul\u00e1si ar\u00e1nyoknak az \u00e9rt\u00e9kel\u00e9s\u00e9re, ami seg\u00edt nek\u00fcnk jav\u00edtani a webhely teljes\u00edtm\u00e9ny\u00e9t.<\/p>\n\n\n\n<h4 class=\"wp-block-heading\">kb. <strong>Hirdet\u00e9si \u00e9s k\u00f6vet\u0151 s\u00fctik<\/strong><\/h4>\n\n\n\n<p>Programozott hirdet\u00e9si partnerekkel egy\u00fcttm\u0171k\u00f6dve haszn\u00e1lj\u00e1k, mint p\u00e9ld\u00e1ul <strong>Google Hirdet\u00e9skezel\u0151, AdSense<\/strong>, \u00e9s <strong>SSP-k<\/strong>, ezek a s\u00fctik lehet\u0151v\u00e9 teszik a k\u00f6vetkez\u0151ket:<\/p>\n\n\n\n<ul class=\"wp-block-list\">\n<li>K\u00f6z\u00f6ns\u00e9gprofiloz\u00e1s<\/li>\n\n\n\n<li>\u00dajrac\u00e9lz\u00e1s<\/li>\n\n\n\n<li>Gyakoris\u00e1gkorl\u00e1toz\u00e1s<\/li>\n\n\n\n<li>Webhelyek k\u00f6z\u00f6tti k\u00f6vet\u00e9s<\/li>\n<\/ul>\n\n\n\n<p>IP-c\u00edmeket, eszk\u00f6zt\u00edpusokat \u00e9s viselked\u00e9si adatokat dolgozhatnak fel munkamenetek \u00e9s platformok k\u00f6z\u00f6tt.<\/p>\n\n\n\n<h4 class=\"wp-block-heading\">d. <strong>Funkcion\u00e1lis s\u00fctik<\/strong><\/h4>\n\n\n\n<p>Ezek olyan opcion\u00e1lis funkci\u00f3kat t\u00e1mogatnak, mint a k\u00edv\u00e1nt nyelv vagy megjelen\u00edt\u00e9si m\u00f3d megjegyz\u00e9se. Ezek n\u00e9lk\u00fcl egyes felhaszn\u00e1l\u00f3i \u00e9lm\u00e9nyelemek min\u0151s\u00e9ge romolhat.<\/p>\n\n\n\n<hr class=\"wp-block-separator has-alpha-channel-opacity\"\/>\n\n\n\n<h3 class=\"wp-block-heading\">3. <strong>Harmadik f\u00e9lt\u0151l sz\u00e1rmaz\u00f3 s\u00fctikre vonatkoz\u00f3 nyilatkozat<\/strong><\/h3>\n\n\n\n<p>Felhatalmazzuk kiv\u00e1lasztott harmadik feleket s\u00fctik elhelyez\u00e9s\u00e9re weboldalunkon a k\u00f6vetkez\u0151k c\u00e9lj\u00e1b\u00f3l:<\/p>\n\n\n\n<ul class=\"wp-block-list\">\n<li><strong>Hirdet\u00e9smegjelen\u00edt\u00e9s \u00e9s jelent\u00e9sk\u00e9sz\u00edt\u00e9s<\/strong> (pl. Google, JoinAds, Taboola)<\/li>\n\n\n\n<li><strong>Analitika \u00e9s h\u0151t\u00e9rk\u00e9pek<\/strong> (pl. Google Analytics, Hotjar)<\/li>\n<\/ul>\n\n\n\n<p>Ezek a szervezetek a saj\u00e1t adatv\u00e9delmi ir\u00e1nyelveik szerint dolgozz\u00e1k fel az adatokat, \u00e9s m\u00e1s forr\u00e1sokb\u00f3l sz\u00e1rmaz\u00f3 inform\u00e1ci\u00f3kat is kombin\u00e1lhatnak.<\/p>\n\n\n\n<hr class=\"wp-block-separator has-alpha-channel-opacity\"\/>\n\n\n\n<h3 class=\"wp-block-heading\">4. <strong>Hozz\u00e1j\u00e1rul\u00e1s \u00e9s ellen\u0151rz\u00e9s (EU megfelel\u0151s\u00e9g)<\/strong><\/h3>\n\n\n\n<p>Azon felhaszn\u00e1l\u00f3k sz\u00e1m\u00e1ra, akik a k\u00f6vetkez\u0151 joghat\u00f3s\u00e1gokban \u00e9lnek: <strong>\u00c1ltal\u00e1nos adatv\u00e9delmi rendelet (GDPR)<\/strong>, a nem l\u00e9tfontoss\u00e1g\u00fa s\u00fctik csak akkor ker\u00fclnek elhelyez\u00e9sre, ha <strong>kifejezett felhaszn\u00e1l\u00f3i hozz\u00e1j\u00e1rul\u00e1s<\/strong>.<\/p>\n\n\n\n<p>Mi egy <strong>Hozz\u00e1j\u00e1rul\u00e1s-kezel\u0151 platform (CMP)<\/strong> hogy:<\/p>\n\n\n\n<ul class=\"wp-block-list\">\n<li>S\u00fctibe\u00e1ll\u00edt\u00e1sok gy\u0171jt\u00e9se \u00e9s t\u00e1rol\u00e1sa<\/li>\n\n\n\n<li>Be- \u00e9s kijelentkez\u00e9si vez\u00e9rl\u0151k biztos\u00edt\u00e1sa<\/li>\n\n\n\n<li>R\u00e9szletes s\u00fctikateg\u00f3ria-kiv\u00e1laszt\u00e1s enged\u00e9lyez\u00e9se<\/li>\n<\/ul>\n\n\n\n<p>Hozz\u00e1j\u00e1rul\u00e1s\u00e1t b\u00e1rmikor visszavonhatja a weboldal l\u00e1bl\u00e9c\u00e9ben tal\u00e1lhat\u00f3 \u201eS\u00fcti be\u00e1ll\u00edt\u00e1sok\u201d gombra kattintva.<\/p>\n\n\n\n<hr class=\"wp-block-separator has-alpha-channel-opacity\"\/>\n\n\n\n<h3 class=\"wp-block-heading\">5. <strong>Kaliforniai adatv\u00e9delmi jogok (CCPA)<\/strong><\/h3>\n\n\n\n<p>Ha \u00d6n a k\u00f6vetkez\u0151 lakos: <strong>Kalifornia<\/strong>, tov\u00e1bbi jogokkal rendelkezhet a <strong>Kaliforniai fogyaszt\u00f3i adatv\u00e9delmi t\u00f6rv\u00e9ny<\/strong>, bele\u00e9rtve a k\u00f6vetkez\u0151kh\u00f6z val\u00f3 jogot:<\/p>\n\n\n\n<ul class=\"wp-block-list\">\n<li>Tudja meg, milyen szem\u00e9lyes adatokat gy\u0171jt\u00fcnk<\/li>\n\n\n\n<li>Szem\u00e9lyes adatok \u00e9rt\u00e9kes\u00edt\u00e9s\u00e9nek letilt\u00e1sa<\/li>\n\n\n\n<li>T\u00e1rolt szem\u00e9lyes adatok t\u00f6rl\u00e9s\u00e9nek k\u00e9r\u00e9se<\/li>\n<\/ul>\n\n\n\n<p>Ezen jogok gyakorl\u00e1s\u00e1hoz k\u00e9rj\u00fck, vegye fel vel\u00fcnk a kapcsolatot, vagy haszn\u00e1lja a <strong>\u201eNe add el az adataimat\u201d<\/strong> link, ahol alkalmazhat\u00f3.<\/p>\n\n\n\n<hr class=\"wp-block-separator has-alpha-channel-opacity\"\/>\n\n\n\n<h3 class=\"wp-block-heading\">6. <strong>S\u00fctik kezel\u00e9se a b\u00f6ng\u00e9sz\u0151ben<\/strong><\/h3>\n\n\n\n<p>A b\u00f6ng\u00e9sz\u0151j\u00e9t a k\u00f6vetkez\u0151k\u00e9ppen konfigur\u00e1lhatja:<\/p>\n\n\n\n<ul class=\"wp-block-list\">\n<li>Az \u00f6sszes vagy bizonyos s\u00fctik elutas\u00edt\u00e1sa<\/li>\n\n\n\n<li>\u00c9rtes\u00edt\u00e9st kapsz, ha s\u00fcti van be\u00e1ll\u00edtva<\/li>\n\n\n\n<li>T\u00f6r\u00f6lje a t\u00e1rolt s\u00fctiket<\/li>\n<\/ul>\n\n\n\n<p>A r\u00e9szletek\u00e9rt tekintse meg a b\u00f6ng\u00e9sz\u0151je dokument\u00e1ci\u00f3j\u00e1t:<\/p>\n\n\n\n<ul class=\"wp-block-list\">\n<li><a>Google Chrome<\/a><\/li>\n\n\n\n<li><a class=\"\" href=\"https:\/\/support.mozilla.org\/en-US\/kb\/cookies-information-websites-store-on-your-computer\" target=\"_blank\" rel=\"noopener\">Mozilla Firefox<\/a><\/li>\n\n\n\n<li><a class=\"\" href=\"https:\/\/support.apple.com\/en-us\/HT201265\" target=\"_blank\" rel=\"noopener\">Szafari<\/a><\/li>\n\n\n\n<li><a class=\"\" href=\"https:\/\/support.microsoft.com\/en-us\/microsoft-edge\/delete-cookies-in-microsoft-edge-63947406-40ac-c3b8-57b9-2a946a29ae09\" target=\"_blank\" rel=\"noopener\">Microsoft Edge<\/a><\/li>\n<\/ul>\n\n\n\n<hr class=\"wp-block-separator has-alpha-channel-opacity\"\/>\n\n\n\n<h3 class=\"wp-block-heading\">7. <strong>Szab\u00e1lyzatfriss\u00edt\u00e9sek<\/strong><\/h3>\n\n\n\n<p>Ez a S\u00fcti Szab\u00e1lyzat id\u0151r\u0151l id\u0151re fel\u00fclvizsg\u00e1latra ker\u00fclhet a m\u0171k\u00f6d\u00e9si vagy szab\u00e1lyoz\u00e1si v\u00e1ltoz\u00e1sok t\u00fckr\u00f6z\u00e9se \u00e9rdek\u00e9ben. Minden v\u00e1ltoz\u00e1st ezen az oldalon tesz\u00fcnk k\u00f6zz\u00e9 a friss\u00edtett hat\u00e1lybal\u00e9p\u00e9si d\u00e1tummal egy\u00fctt.<\/p>\n\n\n\n<hr class=\"wp-block-separator has-alpha-channel-opacity\"\/>\n\n\n\n<h3 class=\"wp-block-heading\">8. <strong>El\u00e9rhet\u0151s\u00e9gek<\/strong><\/h3>\n\n\n\n<p>A s\u00fctikre vonatkoz\u00f3 ir\u00e1nyelvekkel kapcsolatos k\u00e9rd\u00e9seivel vagy agg\u00e1lyaival k\u00e9rj\u00fck, vegye fel a kapcsolatot a k\u00f6vetkez\u0151vel:<\/p>\n\n\n\n<p><strong>Likapk.com Megfelel\u0151s\u00e9gi Csapat<\/strong><br>\ud83d\udce7 Email c\u00edm: <a>contact@likapk.com<\/a><\/p>","protected":false},"excerpt":{"rendered":"<p>Effective Date: May 26, 2025Domain: https:\/\/likapk.com This Cookie Policy outlines how Likapk.com (&#8220;we&#8220;, &#8220;our&#8220;, or &#8220;the Website&#8220;) utilizes cookies and [&hellip;]<\/p>\n","protected":false},"author":1,"featured_media":0,"parent":0,"menu_order":0,"comment_status":"closed","ping_status":"closed","template":"","meta":{"site-sidebar-layout":"default","site-content-layout":"","ast-site-content-layout":"default","site-content-style":"default","site-sidebar-style":"default","ast-global-header-display":"","ast-banner-title-visibility":"","ast-main-header-display":"","ast-hfb-above-header-display":"","ast-hfb-below-header-display":"","ast-hfb-mobile-header-display":"","site-post-title":"","ast-breadcrumbs-content":"","ast-featured-img":"","footer-sml-layout":"","ast-disable-related-posts":"","theme-transparent-header-meta":"","adv-header-id-meta":"","stick-header-meta":"","header-above-stick-meta":"","header-main-stick-meta":"","header-below-stick-meta":"","astra-migrate-meta-layouts":"default","ast-page-background-enabled":"default","ast-page-background-meta":{"desktop":{"background-color":"var(--ast-global-color-4)","background-image":"","background-repeat":"repeat","background-position":"center center","background-size":"auto","background-attachment":"scroll","background-type":"","background-media":"","overlay-type":"","overlay-color":"","overlay-opacity":"","overlay-gradient":""},"tablet":{"background-color":"","background-image":"","background-repeat":"repeat","background-position":"center center","background-size":"auto","background-attachment":"scroll","background-type":"","background-media":"","overlay-type":"","overlay-color":"","overlay-opacity":"","overlay-gradient":""},"mobile":{"background-color":"","background-image":"","background-repeat":"repeat","background-position":"center center","background-size":"auto","background-attachment":"scroll","background-type":"","background-media":"","overlay-type":"","overlay-color":"","overlay-opacity":"","overlay-gradient":""}},"ast-content-background-meta":{"desktop":{"background-color":"var(--ast-global-color-5)","background-image":"","background-repeat":"repeat","background-position":"center center","background-size":"auto","background-attachment":"scroll","background-type":"","background-media":"","overlay-type":"","overlay-color":"","overlay-opacity":"","overlay-gradient":""},"tablet":{"background-color":"var(--ast-global-color-5)","background-image":"","background-repeat":"repeat","background-position":"center center","background-size":"auto","background-attachment":"scroll","background-type":"","background-media":"","overlay-type":"","overlay-color":"","overlay-opacity":"","overlay-gradient":""},"mobile":{"background-color":"var(--ast-global-color-5)","background-image":"","background-repeat":"repeat","background-position":"center center","background-size":"auto","background-attachment":"scroll","background-type":"","background-media":"","overlay-type":"","overlay-color":"","overlay-opacity":"","overlay-gradient":""}},"footnotes":""},"class_list":["post-84","page","type-page","status-publish","hentry"],"_links":{"self":[{"href":"https:\/\/likapk.com\/hu\/wp-json\/wp\/v2\/pages\/84","targetHints":{"allow":["GET"]}}],"collection":[{"href":"https:\/\/likapk.com\/hu\/wp-json\/wp\/v2\/pages"}],"about":[{"href":"https:\/\/likapk.com\/hu\/wp-json\/wp\/v2\/types\/page"}],"author":[{"embeddable":true,"href":"https:\/\/likapk.com\/hu\/wp-json\/wp\/v2\/users\/1"}],"replies":[{"embeddable":true,"href":"https:\/\/likapk.com\/hu\/wp-json\/wp\/v2\/comments?post=84"}],"version-history":[{"count":1,"href":"https:\/\/likapk.com\/hu\/wp-json\/wp\/v2\/pages\/84\/revisions"}],"predecessor-version":[{"id":85,"href":"https:\/\/likapk.com\/hu\/wp-json\/wp\/v2\/pages\/84\/revisions\/85"}],"wp:attachment":[{"href":"https:\/\/likapk.com\/hu\/wp-json\/wp\/v2\/media?parent=84"}],"curies":[{"name":"munkaf\u00fczet","href":"https:\/\/api.w.org\/{rel}","templated":true}]}}