{"id":9,"date":"2025-04-09T15:12:43","date_gmt":"2025-04-09T15:12:43","guid":{"rendered":"https:\/\/likapk.com\/?page_id=9"},"modified":"2025-04-09T15:12:45","modified_gmt":"2025-04-09T15:12:45","slug":"privacy-policy","status":"publish","type":"page","link":"https:\/\/likapk.com\/hu\/privacy-policy\/","title":{"rendered":"Adatv\u00e9delmi ir\u00e1nyelvek"},"content":{"rendered":"<p>Az \u00d6n adatainak v\u00e9delme fontos sz\u00e1munkra. A likapk szab\u00e1lyzata szerint tiszteletben tartjuk az \u00d6n adatainak v\u00e9delm\u00e9t minden olyan inform\u00e1ci\u00f3 tekintet\u00e9ben, amelyet \u00d6nr\u0151l gy\u0171jt\u00f6tt\u00fcnk a weboldalunkon kereszt\u00fcl. <a href=\"https:\/\/likapk.com\/hu\/\">likapk<\/a>, \u00e9s m\u00e1s, \u00e1ltalunk tulajdonolt \u00e9s \u00fczemeltetett webhelyek.<\/p>\n\n\n\n<p>Szem\u00e9lyes adatokat csak akkor k\u00e9r\u00fcnk, ha val\u00f3ban sz\u00fcks\u00e9g\u00fcnk van r\u00e1juk ahhoz, hogy szolg\u00e1ltat\u00e1st ny\u00fajthassunk \u00d6nnek. Tisztess\u00e9ges \u00e9s t\u00f6rv\u00e9nyes eszk\u00f6z\u00f6kkel gy\u0171jtj\u00fck azokat, az \u00d6n tudt\u00e1val \u00e9s hozz\u00e1j\u00e1rul\u00e1s\u00e1val. Azt is t\u00e1j\u00e9koztatjuk \u00d6nt, hogy mi\u00e9rt gy\u0171jtj\u00fck azokat, \u00e9s hogyan fogjuk azokat felhaszn\u00e1lni.<\/p>\n\n\n\n<p>A gy\u0171jt\u00f6tt inform\u00e1ci\u00f3kat csak addig \u0151rizz\u00fck meg, ameddig az a k\u00e9rt szolg\u00e1ltat\u00e1s ny\u00fajt\u00e1s\u00e1hoz sz\u00fcks\u00e9ges. A t\u00e1rolt adatokat kereskedelmi szempontb\u00f3l elfogadhat\u00f3 m\u00f3don v\u00e9dj\u00fck az elveszt\u00e9ssel \u00e9s ellop\u00e1ssal, valamint a jogosulatlan hozz\u00e1f\u00e9r\u00e9ssel, nyilv\u00e1noss\u00e1gra hozatallal, m\u00e1sol\u00e1s, felhaszn\u00e1l\u00e1ssal vagy m\u00f3dos\u00edt\u00e1ssal szemben.<\/p>\n\n\n\n<p>Szem\u00e9lyazonos\u00edt\u00e1sra alkalmas adatokat nem osztunk meg nyilv\u00e1nosan vagy harmadik felekkel, kiv\u00e9ve, ha erre t\u00f6rv\u00e9ny k\u00f6telez.<\/p>\n\n\n\n<p>Weboldalunk k\u00fcls\u0151 oldalakra mutat\u00f3 hivatkoz\u00e1sokat tartalmazhat, amelyeket nem mi \u00fczemeltet\u00fcnk. Felh\u00edvjuk figyelm\u00e9t, hogy nincs befoly\u00e1sunk ezen oldalak tartalm\u00e1ra \u00e9s gyakorlat\u00e1ra, \u00e9s nem v\u00e1llalhatunk felel\u0151ss\u00e9get a vonatkoz\u00f3 adatv\u00e9delmi ir\u00e1nyelveik\u00e9rt.<\/p>\n\n\n\n<p>\u00d6n szabadon elutas\u00edthatja a szem\u00e9lyes adataira vonatkoz\u00f3 k\u00e9r\u00e9s\u00fcnket, azzal a tudattal, hogy el\u0151fordulhat, hogy nem tudunk majd bizonyos, \u00d6n \u00e1ltal k\u00edv\u00e1nt szolg\u00e1ltat\u00e1sokat ny\u00fajtani.<\/p>\n\n\n\n<p>Weboldalunk tov\u00e1bbi haszn\u00e1lat\u00e1val elfogadja az adatv\u00e9delemmel \u00e9s a szem\u00e9lyes adatokkal kapcsolatos gyakorlatunkat. Ha b\u00e1rmilyen k\u00e9rd\u00e9se van a felhaszn\u00e1l\u00f3i adatok \u00e9s a szem\u00e9lyes adatok kezel\u00e9s\u00e9vel kapcsolatban, forduljon hozz\u00e1nk bizalommal.<\/p>\n\n\n\n<h2 class=\"wp-block-heading\">S\u00fctikre vonatkoz\u00f3 szab\u00e1lyzat a likapk sz\u00e1m\u00e1ra<\/h2>\n\n\n\n<p>Ez a likapk s\u00fctihaszn\u00e1lati szab\u00e1lyzata, amely a https:\/\/likapk.com\/ URL c\u00edmen \u00e9rhet\u0151 el.<\/p>\n\n\n\n<h3 class=\"wp-block-heading\">Mik azok a s\u00fctik?<\/h3>\n\n\n\n<p>Mint szinte minden professzion\u00e1lis weboldaln\u00e1l bevett gyakorlat, ez az oldal s\u00fctiket haszn\u00e1l, amelyek apr\u00f3 f\u00e1jlok, amelyeket a sz\u00e1m\u00edt\u00f3g\u00e9p\u00e9re t\u00f6ltenek le a felhaszn\u00e1l\u00f3i \u00e9lm\u00e9ny jav\u00edt\u00e1sa \u00e9rdek\u00e9ben. Ez az oldal le\u00edrja, hogy milyen inform\u00e1ci\u00f3kat gy\u0171jtenek, hogyan haszn\u00e1ljuk fel azokat, \u00e9s mi\u00e9rt van sz\u00fcks\u00e9g\u00fcnk n\u00e9ha ezeknek a s\u00fctiknek a t\u00e1rol\u00e1s\u00e1ra. Azt is megosztjuk, hogyan akad\u00e1lyozhatja meg ezeknek a s\u00fctiknek a t\u00e1rol\u00e1s\u00e1t, azonban ez a webhely bizonyos funkci\u00f3inak roml\u00e1s\u00e1hoz vagy meghib\u00e1sod\u00e1s\u00e1hoz vezethet.<\/p>\n\n\n\n<h3 class=\"wp-block-heading\">Hogyan haszn\u00e1ljuk a s\u00fctiket<\/h3>\n\n\n\n<p>S\u00fctiket haszn\u00e1lunk k\u00fcl\u00f6nf\u00e9le okokb\u00f3l, amelyeket az al\u00e1bbiakban r\u00e9szletez\u00fcnk. Sajnos a legt\u00f6bb esetben nincsenek ipar\u00e1gi szabv\u00e1nyos lehet\u0151s\u00e9gek a s\u00fctik letilt\u00e1s\u00e1ra an\u00e9lk\u00fcl, hogy teljesen letiltan\u00e1nk az oldalhoz hozz\u00e1adott funkci\u00f3kat \u00e9s funkci\u00f3kat. Javasoljuk, hogy hagyja bekapcsolva az \u00f6sszes s\u00fctit, ha nem biztos benne, hogy sz\u00fcks\u00e9ge van-e r\u00e1juk vagy sem, abban az esetben, ha egy \u00d6n \u00e1ltal haszn\u00e1lt szolg\u00e1ltat\u00e1s ny\u00fajt\u00e1s\u00e1hoz haszn\u00e1lj\u00e1k \u0151ket.<\/p>\n\n\n\n<h3 class=\"wp-block-heading\">S\u00fctik letilt\u00e1sa<\/h3>\n\n\n\n<p>A s\u00fctik elhelyez\u00e9s\u00e9t megakad\u00e1lyozhatja a b\u00f6ng\u00e9sz\u0151 be\u00e1ll\u00edt\u00e1sainak m\u00f3dos\u00edt\u00e1s\u00e1val (err\u0151l a b\u00f6ng\u00e9sz\u0151 S\u00fag\u00f3j\u00e1ban tal\u00e1l tov\u00e1bbi inform\u00e1ci\u00f3kat). Felh\u00edvjuk figyelm\u00e9t, hogy a s\u00fctik letilt\u00e1sa befoly\u00e1solja ennek \u00e9s sok m\u00e1s, \u00d6n \u00e1ltal l\u00e1togatott webhelynek a m\u0171k\u00f6d\u00e9s\u00e9t. A s\u00fctik letilt\u00e1sa \u00e1ltal\u00e1ban a webhely bizonyos funkci\u00f3inak \u00e9s szolg\u00e1ltat\u00e1sainak letilt\u00e1s\u00e1t is eredm\u00e9nyezi. Ez\u00e9rt aj\u00e1nlott, hogy ne tiltsa le a s\u00fctiket.<\/p>\n\n\n\n<h3 class=\"wp-block-heading\">Az \u00e1ltalunk be\u00e1ll\u00edtott s\u00fctik<\/h3>\n\n\n\n<h3 class=\"wp-block-heading\">Harmadik f\u00e9lt\u0151l sz\u00e1rmaz\u00f3 s\u00fctik<\/h3>\n\n\n\n<p>Bizonyos k\u00fcl\u00f6nleges esetekben megb\u00edzhat\u00f3 harmadik felek \u00e1ltal biztos\u00edtott s\u00fctiket is haszn\u00e1lunk. A k\u00f6vetkez\u0151 szakasz r\u00e9szletezi, hogy mely harmadik f\u00e9lt\u0151l sz\u00e1rmaz\u00f3 s\u00fctikkel tal\u00e1lkozhat ezen a weboldalon kereszt\u00fcl.<\/p>\n\n\n\n<ul class=\"wp-block-list\">\n<li>A hirdet\u00e9sek megjelen\u00edt\u00e9s\u00e9hez haszn\u00e1lt Google AdSense szolg\u00e1ltat\u00e1s DoubleClick s\u00fctit haszn\u00e1l, hogy relev\u00e1nsabb hirdet\u00e9seket jelen\u00edtsen meg az interneten, \u00e9s korl\u00e1tozza, hogy egy adott hirdet\u00e9s h\u00e1nyszor jelenjen meg \u00d6nnek.<\/li>\n\n\n\n<li>A Google AdSense-szel kapcsolatos tov\u00e1bbi inform\u00e1ci\u00f3k\u00e9rt l\u00e1sd a hivatalos Google AdSense adatv\u00e9delmi GYIK-ot.<\/li>\n\n\n\n<li>Hirdet\u00e9seket haszn\u00e1lunk a webhely \u00fczemeltet\u00e9si k\u00f6lts\u00e9geinek ellent\u00e9telez\u00e9s\u00e9re \u00e9s a tov\u00e1bbi fejleszt\u00e9s finansz\u00edroz\u00e1s\u00e1ra. A webhely \u00e1ltal haszn\u00e1lt viselked\u00e9salap\u00fa hirdet\u00e9si s\u00fctik c\u00e9lja, hogy a lehet\u0151 legrelev\u00e1nsabb hirdet\u00e9seket jelen\u00edts\u00fck meg \u00d6nnek az\u00e1ltal, hogy n\u00e9vtelen\u00fcl nyomon k\u00f6vetik \u00e9rdekl\u0151d\u00e9si k\u00f6reit, \u00e9s hasonl\u00f3, \u00e9rdekes dolgokat jelen\u00edtenek meg.<\/li>\n\n\n\n<li>Sz\u00e1mos partner hirdet a nev\u00fcnkben, \u00e9s a partneri k\u00f6vet\u0151 s\u00fctik egyszer\u0171en lehet\u0151v\u00e9 teszik sz\u00e1munkra, hogy l\u00e1ssuk, \u00fcgyfeleink valamelyik partneroldalunkon kereszt\u00fcl \u00e9rkeztek-e az oldalra, \u00edgy megfelel\u0151en j\u00f3v\u00e1\u00edrhatjuk \u0151ket, \u00e9s adott esetben lehet\u0151v\u00e9 tegy\u00fck partnereink sz\u00e1m\u00e1ra, hogy b\u00f3nuszokat biztos\u00edtsanak \u00d6nnek a v\u00e1s\u00e1rl\u00e1s\u00e9rt.<\/li>\n<\/ul>\n\n\n\n<h3 class=\"wp-block-heading\">A felhaszn\u00e1l\u00f3 felel\u0151ss\u00e9ge<\/h3>\n\n\n\n<p>A felhaszn\u00e1l\u00f3 felel\u0151ss\u00e9get v\u00e1llal az\u00e9rt, hogy a weboldalon k\u00edn\u00e1lt tartalmakat \u00e9s inform\u00e1ci\u00f3kat megfelel\u0151en haszn\u00e1lja, sz\u00f3kimond\u00f3, de nem ut\u00e1nz\u00f3 viselked\u00e9ssel:<\/p>\n\n\n\n<ul class=\"wp-block-list\">\n<li>A) Ne vegyen r\u00e9szt olyan tev\u00e9kenys\u00e9gekben, amelyek illeg\u00e1lisak vagy ellent\u00e9tesek a j\u00f3hiszem\u0171s\u00e9ggel \u00e9s a k\u00f6zrenddel;<\/li>\n\n\n\n<li>B) Nem terjeszthet rasszista, idegengy\u0171l\u00f6l\u0151 vagy szerencsej\u00e1t\u00e9kkal kapcsolatos propagand\u00e1t vagy tartalmat, semmilyen illeg\u00e1lis pornogr\u00e1fi\u00e1t, terrorista vagy emberi jogokat s\u00e9rt\u0151 \u00e1ll\u00edt\u00e1st;<\/li>\n\n\n\n<li>C) Ne okozzon k\u00e1rt az likapk, besz\u00e1ll\u00edt\u00f3i vagy harmadik felek fizikai rendszereiben (hardver) \u00e9s el\u00e9rhetetlen eszk\u00f6zeiben (szoftver), ne juttasson be vagy terjesszen sz\u00e1m\u00edt\u00f3g\u00e9pes v\u00edrusokat vagy b\u00e1rmilyen m\u00e1s hardver- vagy szoftverrendszert, amely k\u00e9pes a kor\u00e1bban eml\u00edtett k\u00e1rok okoz\u00e1s\u00e1ra.<\/li>\n<\/ul>\n\n\n\n<h3 class=\"wp-block-heading\">Tov\u00e1bbi inform\u00e1ci\u00f3k<\/h3>\n\n\n\n<p>Rem\u00e9lhet\u0151leg ez tiszt\u00e1zta a dolgokat, \u00e9s ahogy kor\u00e1bban eml\u00edtett\u00fck, ha van valami, amiben nem biztos, hogy sz\u00fcks\u00e9ge van r\u00e1 vagy sem, \u00e1ltal\u00e1ban biztons\u00e1gosabb enged\u00e9lyezve hagyni a s\u00fctiket, arra az esetre, ha azok k\u00f6lcs\u00f6nhat\u00e1sba l\u00e9pn\u00e9nek a weboldalunkon haszn\u00e1lt funkci\u00f3k valamelyik\u00e9vel.<\/p>\n\n\n\n<p>Ez a szab\u00e1lyzat 2025. \u00e1prilis 9-\u00e9n 15:12-kor l\u00e9p hat\u00e1lyba.<\/p>","protected":false},"excerpt":{"rendered":"<p>Your privacy is important to us. It is likapk&#8217;s policy to respect your privacy regarding any information we may collect [&hellip;]<\/p>\n","protected":false},"author":1,"featured_media":0,"parent":0,"menu_order":0,"comment_status":"closed","ping_status":"closed","template":"","meta":{"site-sidebar-layout":"default","site-content-layout":"","ast-site-content-layout":"default","site-content-style":"default","site-sidebar-style":"default","ast-global-header-display":"","ast-banner-title-visibility":"","ast-main-header-display":"","ast-hfb-above-header-display":"","ast-hfb-below-header-display":"","ast-hfb-mobile-header-display":"","site-post-title":"","ast-breadcrumbs-content":"","ast-featured-img":"","footer-sml-layout":"","ast-disable-related-posts":"","theme-transparent-header-meta":"","adv-header-id-meta":"","stick-header-meta":"","header-above-stick-meta":"","header-main-stick-meta":"","header-below-stick-meta":"","astra-migrate-meta-layouts":"default","ast-page-background-enabled":"default","ast-page-background-meta":{"desktop":{"background-color":"var(--ast-global-color-4)","background-image":"","background-repeat":"repeat","background-position":"center center","background-size":"auto","background-attachment":"scroll","background-type":"","background-media":"","overlay-type":"","overlay-color":"","overlay-opacity":"","overlay-gradient":""},"tablet":{"background-color":"","background-image":"","background-repeat":"repeat","background-position":"center center","background-size":"auto","background-attachment":"scroll","background-type":"","background-media":"","overlay-type":"","overlay-color":"","overlay-opacity":"","overlay-gradient":""},"mobile":{"background-color":"","background-image":"","background-repeat":"repeat","background-position":"center center","background-size":"auto","background-attachment":"scroll","background-type":"","background-media":"","overlay-type":"","overlay-color":"","overlay-opacity":"","overlay-gradient":""}},"ast-content-background-meta":{"desktop":{"background-color":"var(--ast-global-color-5)","background-image":"","background-repeat":"repeat","background-position":"center center","background-size":"auto","background-attachment":"scroll","background-type":"","background-media":"","overlay-type":"","overlay-color":"","overlay-opacity":"","overlay-gradient":""},"tablet":{"background-color":"var(--ast-global-color-5)","background-image":"","background-repeat":"repeat","background-position":"center center","background-size":"auto","background-attachment":"scroll","background-type":"","background-media":"","overlay-type":"","overlay-color":"","overlay-opacity":"","overlay-gradient":""},"mobile":{"background-color":"var(--ast-global-color-5)","background-image":"","background-repeat":"repeat","background-position":"center center","background-size":"auto","background-attachment":"scroll","background-type":"","background-media":"","overlay-type":"","overlay-color":"","overlay-opacity":"","overlay-gradient":""}},"footnotes":""},"class_list":["post-9","page","type-page","status-publish","hentry"],"_links":{"self":[{"href":"https:\/\/likapk.com\/hu\/wp-json\/wp\/v2\/pages\/9","targetHints":{"allow":["GET"]}}],"collection":[{"href":"https:\/\/likapk.com\/hu\/wp-json\/wp\/v2\/pages"}],"about":[{"href":"https:\/\/likapk.com\/hu\/wp-json\/wp\/v2\/types\/page"}],"author":[{"embeddable":true,"href":"https:\/\/likapk.com\/hu\/wp-json\/wp\/v2\/users\/1"}],"replies":[{"embeddable":true,"href":"https:\/\/likapk.com\/hu\/wp-json\/wp\/v2\/comments?post=9"}],"version-history":[{"count":1,"href":"https:\/\/likapk.com\/hu\/wp-json\/wp\/v2\/pages\/9\/revisions"}],"predecessor-version":[{"id":12,"href":"https:\/\/likapk.com\/hu\/wp-json\/wp\/v2\/pages\/9\/revisions\/12"}],"wp:attachment":[{"href":"https:\/\/likapk.com\/hu\/wp-json\/wp\/v2\/media?parent=9"}],"curies":[{"name":"munkaf\u00fczet","href":"https:\/\/api.w.org\/{rel}","templated":true}]}}