{"id":82,"date":"2025-05-26T14:54:22","date_gmt":"2025-05-26T14:54:22","guid":{"rendered":"https:\/\/likapk.com\/?page_id=82"},"modified":"2025-05-26T14:54:24","modified_gmt":"2025-05-26T14:54:24","slug":"about-us","status":"publish","type":"page","link":"https:\/\/likapk.com\/it\/about-us\/","title":{"rendered":"Chi siamo"},"content":{"rendered":"<h2 class=\"wp-block-heading\"><strong>Chi siamo<\/strong><\/h2>\n\n\n\n<p>A <strong>Likapk.com<\/strong>Crediamo che Internet debba semplificarti la vita, non complicartela. Ecco perch\u00e9 abbiamo creato una piattaforma dedicata a fornire contenuti rapidi, pertinenti e coinvolgenti sugli argomenti pi\u00f9 richiesti del momento.<\/p>\n\n\n\n<p>Che tu stia esplorando nuovi dispositivi mobili <strong>applicazioni<\/strong>, chiedendo consiglio su <strong>datazione<\/strong>, migliorando il tuo <strong>finanziario<\/strong> conoscenza, ricerca di <strong>lavoro<\/strong> opportunit\u00e0, o semplicemente alla ricerca di qualcosa di semplice <strong>stile di vita<\/strong> ispirazione: la troverai qui.<\/p>\n\n\n\n<hr class=\"wp-block-separator has-alpha-channel-opacity\"\/>\n\n\n\n<h2 class=\"wp-block-heading\"><strong>La nostra missione<\/strong><\/h2>\n\n\n\n<p>Il nostro obiettivo \u00e8 semplificare la ricerca di informazioni organizzando contenuti tempestivi, affidabili e personalizzati in base ai tuoi interessi. Niente fronzoli. Niente distrazioni. Solo valore.<\/p>\n\n\n\n<p>La nostra strategia editoriale si basa su dati sulle prestazioni, argomenti di tendenza e approfondimenti sul comportamento degli utenti, cos\u00ec possiamo pubblicare esattamente ci\u00f2 che le persone cercano, quando ne hanno pi\u00f9 bisogno.<\/p>\n\n\n\n<hr class=\"wp-block-separator has-alpha-channel-opacity\"\/>\n\n\n\n<h2 class=\"wp-block-heading\"><strong>Come operiamo<\/strong><\/h2>\n\n\n\n<ul class=\"wp-block-list\">\n<li>Pubblichiamo articoli ogni giorno, trattando contenuti che hanno un buon rendimento su pi\u00f9 reti.<\/li>\n\n\n\n<li>La nostra strategia di monetizzazione si avvale di piattaforme pubblicitarie conformi, tra cui Google e partner programmatici.<\/li>\n\n\n\n<li>Tutta la pubblicit\u00e0 \u00e8 progettata per rispettare l&#039;esperienza dell&#039;utente, supportando al contempo il nostro modello di contenuti gratuiti.<\/li>\n<\/ul>\n\n\n\n<hr class=\"wp-block-separator has-alpha-channel-opacity\"\/>\n\n\n\n<h2 class=\"wp-block-heading\"><strong>Fiducia e trasparenza<\/strong><\/h2>\n\n\n\n<p>Ci impegniamo a mantenere la trasparenza nei confronti dei nostri lettori. Sebbene ricaviamo profitti dalla pubblicit\u00e0, non permettiamo mai che interessi commerciali influenzino l&#039;integrit\u00e0 dei nostri contenuti.<\/p>\n\n\n\n<hr class=\"wp-block-separator has-alpha-channel-opacity\"\/>\n\n\n\n<h2 class=\"wp-block-heading\"><strong>Contattaci<\/strong><\/h2>\n\n\n\n<p>Domande, feedback o richieste di partnership?<br>Ci piacerebbe sentire la tua opinione. Contattaci a:<br>\ud83d\udce7 <strong><a>contact@likapk.com<\/a><\/strong><\/p>","protected":false},"excerpt":{"rendered":"<p>Who We Are At Likapk.com, we believe that the internet should make your life easier \u2014 not harder. That\u2019s why [&hellip;]<\/p>\n","protected":false},"author":1,"featured_media":0,"parent":0,"menu_order":0,"comment_status":"closed","ping_status":"closed","template":"","meta":{"site-sidebar-layout":"default","site-content-layout":"","ast-site-content-layout":"default","site-content-style":"default","site-sidebar-style":"default","ast-global-header-display":"","ast-banner-title-visibility":"","ast-main-header-display":"","ast-hfb-above-header-display":"","ast-hfb-below-header-display":"","ast-hfb-mobile-header-display":"","site-post-title":"","ast-breadcrumbs-content":"","ast-featured-img":"","footer-sml-layout":"","ast-disable-related-posts":"","theme-transparent-header-meta":"","adv-header-id-meta":"","stick-header-meta":"","header-above-stick-meta":"","header-main-stick-meta":"","header-below-stick-meta":"","astra-migrate-meta-layouts":"default","ast-page-background-enabled":"default","ast-page-background-meta":{"desktop":{"background-color":"var(--ast-global-color-4)","background-image":"","background-repeat":"repeat","background-position":"center center","background-size":"auto","background-attachment":"scroll","background-type":"","background-media":"","overlay-type":"","overlay-color":"","overlay-opacity":"","overlay-gradient":""},"tablet":{"background-color":"","background-image":"","background-repeat":"repeat","background-position":"center center","background-size":"auto","background-attachment":"scroll","background-type":"","background-media":"","overlay-type":"","overlay-color":"","overlay-opacity":"","overlay-gradient":""},"mobile":{"background-color":"","background-image":"","background-repeat":"repeat","background-position":"center center","background-size":"auto","background-attachment":"scroll","background-type":"","background-media":"","overlay-type":"","overlay-color":"","overlay-opacity":"","overlay-gradient":""}},"ast-content-background-meta":{"desktop":{"background-color":"var(--ast-global-color-5)","background-image":"","background-repeat":"repeat","background-position":"center center","background-size":"auto","background-attachment":"scroll","background-type":"","background-media":"","overlay-type":"","overlay-color":"","overlay-opacity":"","overlay-gradient":""},"tablet":{"background-color":"var(--ast-global-color-5)","background-image":"","background-repeat":"repeat","background-position":"center center","background-size":"auto","background-attachment":"scroll","background-type":"","background-media":"","overlay-type":"","overlay-color":"","overlay-opacity":"","overlay-gradient":""},"mobile":{"background-color":"var(--ast-global-color-5)","background-image":"","background-repeat":"repeat","background-position":"center center","background-size":"auto","background-attachment":"scroll","background-type":"","background-media":"","overlay-type":"","overlay-color":"","overlay-opacity":"","overlay-gradient":""}},"footnotes":""},"class_list":["post-82","page","type-page","status-publish","hentry"],"_links":{"self":[{"href":"https:\/\/likapk.com\/it\/wp-json\/wp\/v2\/pages\/82","targetHints":{"allow":["GET"]}}],"collection":[{"href":"https:\/\/likapk.com\/it\/wp-json\/wp\/v2\/pages"}],"about":[{"href":"https:\/\/likapk.com\/it\/wp-json\/wp\/v2\/types\/page"}],"author":[{"embeddable":true,"href":"https:\/\/likapk.com\/it\/wp-json\/wp\/v2\/users\/1"}],"replies":[{"embeddable":true,"href":"https:\/\/likapk.com\/it\/wp-json\/wp\/v2\/comments?post=82"}],"version-history":[{"count":1,"href":"https:\/\/likapk.com\/it\/wp-json\/wp\/v2\/pages\/82\/revisions"}],"predecessor-version":[{"id":83,"href":"https:\/\/likapk.com\/it\/wp-json\/wp\/v2\/pages\/82\/revisions\/83"}],"wp:attachment":[{"href":"https:\/\/likapk.com\/it\/wp-json\/wp\/v2\/media?parent=82"}],"curies":[{"name":"parola chiave","href":"https:\/\/api.w.org\/{rel}","templated":true}]}}