{"id":82,"date":"2025-05-26T14:54:22","date_gmt":"2025-05-26T14:54:22","guid":{"rendered":"https:\/\/likapk.com\/?page_id=82"},"modified":"2025-05-26T14:54:24","modified_gmt":"2025-05-26T14:54:24","slug":"about-us","status":"publish","type":"page","link":"https:\/\/likapk.com\/lt\/about-us\/","title":{"rendered":"Apie mus"},"content":{"rendered":"<h2 class=\"wp-block-heading\"><strong>Kas mes esame<\/strong><\/h2>\n\n\n\n<p>Prie <strong>Likapk.com<\/strong>, mes tikime, kad internetas tur\u0117t\u0173 palengvinti j\u016bs\u0173 gyvenim\u0105, o ne j\u012f apsunkinti. \u0160tai kod\u0117l suk\u016br\u0117me platform\u0105, skirt\u0105 greitam, aktualiam ir \u012ftraukian\u010dio turinio teikimui \u0161iandien paklausiausiomis temomis.<\/p>\n\n\n\n<p>Nesvarbu, ar tyrin\u0117jate naujas mobili\u0173j\u0173 \u012frengini\u0173 technologijas, <strong>program\u0117l\u0117s<\/strong>, ie\u0161kodamas patarimo <strong>pasimatymai<\/strong>, tobulindami savo <strong>finansinis<\/strong> \u017eini\u0173, ie\u0161kojim\u0173 <strong>darbas<\/strong> galimybi\u0173 arba tiesiog ie\u0161kote paprast\u0173 <strong>gyvenimo b\u016bdas<\/strong> \u012fkv\u0117pimas \u2013 j\u012f rasite \u010dia.<\/p>\n\n\n\n<hr class=\"wp-block-separator has-alpha-channel-opacity\"\/>\n\n\n\n<h2 class=\"wp-block-heading\"><strong>M\u016bs\u0173 misija<\/strong><\/h2>\n\n\n\n<p>Siekiame supaprastinti informacijos paie\u0161k\u0105, organizuodami turin\u012f, kuris b\u016bt\u0173 savalaikis, patikimas ir pritaikytas j\u016bs\u0173 interesams. Joki\u0173 nereikaling\u0173 detali\u0173. Joki\u0173 bla\u0161kym\u0173. Tiesiog vert\u0117.<\/p>\n\n\n\n<p>M\u016bs\u0173 redakcin\u0117 strategija grind\u017eiama na\u0161umo duomenimis, populiariomis temomis ir naudotoj\u0173 elgsenos \u012f\u017evalgomis, kad gal\u0117tume publikuoti b\u016btent tai, ko \u017emon\u0117s ie\u0161ko, tada, kai jiems to labiausiai reikia.<\/p>\n\n\n\n<hr class=\"wp-block-separator has-alpha-channel-opacity\"\/>\n\n\n\n<h2 class=\"wp-block-heading\"><strong>Kaip mes veikiame<\/strong><\/h2>\n\n\n\n<ul class=\"wp-block-list\">\n<li>Kasdien skelbiame straipsnius, apiman\u010dius turin\u012f, kuris gerai veikia keliuose tinkluose.<\/li>\n\n\n\n<li>M\u016bs\u0173 pajam\u0173 gavimo strategijoje naudojamos reikalavimus atitinkan\u010dios reklamos platformos, \u012fskaitant \u201eGoogle\u201c ir programinius partnerius.<\/li>\n\n\n\n<li>Visa reklama sukurta atsi\u017evelgiant \u012f naudotojo patirt\u012f ir kartu palaikant m\u016bs\u0173 nemokamo turinio model\u012f.<\/li>\n<\/ul>\n\n\n\n<hr class=\"wp-block-separator has-alpha-channel-opacity\"\/>\n\n\n\n<h2 class=\"wp-block-heading\"><strong>Pasitik\u0117jimas ir skaidrumas<\/strong><\/h2>\n\n\n\n<p>Esame \u012fsipareigoj\u0119 u\u017etikrinti skaidrum\u0105 savo skaitytoj\u0173 at\u017evilgiu. Nors pajamas gauname i\u0161 reklamos, niekada neleid\u017eiame komerciniams interesams daryti \u012ftakos m\u016bs\u0173 turinio vientisumui.<\/p>\n\n\n\n<hr class=\"wp-block-separator has-alpha-channel-opacity\"\/>\n\n\n\n<h2 class=\"wp-block-heading\"><strong>Susisiekite su mumis<\/strong><\/h2>\n\n\n\n<p>Klausimai, atsiliepimai ar partneryst\u0117s u\u017eklausos?<br>Mielai i\u0161klausysime j\u016bs\u0173 nuomon\u0119. Susisiekite su mumis adresu:<br>\ud83d\udce7 <strong><a>contact@likapk.com<\/a><\/strong><\/p>","protected":false},"excerpt":{"rendered":"<p>Who We Are At Likapk.com, we believe that the internet should make your life easier \u2014 not harder. That\u2019s why [&hellip;]<\/p>\n","protected":false},"author":1,"featured_media":0,"parent":0,"menu_order":0,"comment_status":"closed","ping_status":"closed","template":"","meta":{"site-sidebar-layout":"default","site-content-layout":"","ast-site-content-layout":"default","site-content-style":"default","site-sidebar-style":"default","ast-global-header-display":"","ast-banner-title-visibility":"","ast-main-header-display":"","ast-hfb-above-header-display":"","ast-hfb-below-header-display":"","ast-hfb-mobile-header-display":"","site-post-title":"","ast-breadcrumbs-content":"","ast-featured-img":"","footer-sml-layout":"","ast-disable-related-posts":"","theme-transparent-header-meta":"","adv-header-id-meta":"","stick-header-meta":"","header-above-stick-meta":"","header-main-stick-meta":"","header-below-stick-meta":"","astra-migrate-meta-layouts":"default","ast-page-background-enabled":"default","ast-page-background-meta":{"desktop":{"background-color":"var(--ast-global-color-4)","background-image":"","background-repeat":"repeat","background-position":"center center","background-size":"auto","background-attachment":"scroll","background-type":"","background-media":"","overlay-type":"","overlay-color":"","overlay-opacity":"","overlay-gradient":""},"tablet":{"background-color":"","background-image":"","background-repeat":"repeat","background-position":"center center","background-size":"auto","background-attachment":"scroll","background-type":"","background-media":"","overlay-type":"","overlay-color":"","overlay-opacity":"","overlay-gradient":""},"mobile":{"background-color":"","background-image":"","background-repeat":"repeat","background-position":"center center","background-size":"auto","background-attachment":"scroll","background-type":"","background-media":"","overlay-type":"","overlay-color":"","overlay-opacity":"","overlay-gradient":""}},"ast-content-background-meta":{"desktop":{"background-color":"var(--ast-global-color-5)","background-image":"","background-repeat":"repeat","background-position":"center center","background-size":"auto","background-attachment":"scroll","background-type":"","background-media":"","overlay-type":"","overlay-color":"","overlay-opacity":"","overlay-gradient":""},"tablet":{"background-color":"var(--ast-global-color-5)","background-image":"","background-repeat":"repeat","background-position":"center center","background-size":"auto","background-attachment":"scroll","background-type":"","background-media":"","overlay-type":"","overlay-color":"","overlay-opacity":"","overlay-gradient":""},"mobile":{"background-color":"var(--ast-global-color-5)","background-image":"","background-repeat":"repeat","background-position":"center center","background-size":"auto","background-attachment":"scroll","background-type":"","background-media":"","overlay-type":"","overlay-color":"","overlay-opacity":"","overlay-gradient":""}},"footnotes":""},"class_list":["post-82","page","type-page","status-publish","hentry"],"_links":{"self":[{"href":"https:\/\/likapk.com\/lt\/wp-json\/wp\/v2\/pages\/82","targetHints":{"allow":["GET"]}}],"collection":[{"href":"https:\/\/likapk.com\/lt\/wp-json\/wp\/v2\/pages"}],"about":[{"href":"https:\/\/likapk.com\/lt\/wp-json\/wp\/v2\/types\/page"}],"author":[{"embeddable":true,"href":"https:\/\/likapk.com\/lt\/wp-json\/wp\/v2\/users\/1"}],"replies":[{"embeddable":true,"href":"https:\/\/likapk.com\/lt\/wp-json\/wp\/v2\/comments?post=82"}],"version-history":[{"count":1,"href":"https:\/\/likapk.com\/lt\/wp-json\/wp\/v2\/pages\/82\/revisions"}],"predecessor-version":[{"id":83,"href":"https:\/\/likapk.com\/lt\/wp-json\/wp\/v2\/pages\/82\/revisions\/83"}],"wp:attachment":[{"href":"https:\/\/likapk.com\/lt\/wp-json\/wp\/v2\/media?parent=82"}],"curies":[{"name":"wp","href":"https:\/\/api.w.org\/{rel}","templated":true}]}}