{"id":9,"date":"2025-04-09T15:12:43","date_gmt":"2025-04-09T15:12:43","guid":{"rendered":"https:\/\/likapk.com\/?page_id=9"},"modified":"2025-04-09T15:12:45","modified_gmt":"2025-04-09T15:12:45","slug":"privacy-policy","status":"publish","type":"page","link":"https:\/\/likapk.com\/lt\/privacy-policy\/","title":{"rendered":"Privatumo politika"},"content":{"rendered":"<p>J\u016bs\u0173 privatumas mums yra svarbus. \u201eLikapk\u201c politika yra gerbti j\u016bs\u0173 privatum\u0105, susijus\u012f su bet kokia informacija, kuri\u0105 galime rinkti i\u0161 j\u016bs\u0173 m\u016bs\u0173 svetain\u0117je. <a href=\"https:\/\/likapk.com\/lt\/\">likapk<\/a>ir kitos m\u016bs\u0173 valdomos ir eksploatuojamos svetain\u0117s.<\/p>\n\n\n\n<p>Asmenin\u0117s informacijos pra\u0161ome tik tada, kai jos tikrai reikia norint suteikti jums paslaug\u0105. J\u0105 renkame s\u0105\u017einingomis ir teis\u0117tomis priemon\u0117mis, jums \u017einant ir sutikus. Taip pat informuojame jus, kod\u0117l j\u0105 renkame ir kaip ji bus naudojama.<\/p>\n\n\n\n<p>Surinkt\u0105 informacij\u0105 saugome tik tiek laiko, kiek reikia norint suteikti Jums pageidaujam\u0105 paslaug\u0105. Saugome duomenis komerci\u0161kai priimtinomis priemon\u0117mis, kad i\u0161vengtume praradimo ir vagyst\u0117s, taip pat neteis\u0117tos prieigos, atskleidimo, kopijavimo, naudojimo ar pakeitimo.<\/p>\n\n\n\n<p>Mes nebendriname jokios asmen\u012f identifikuojan\u010dios informacijos vie\u0161ai ar su tre\u010diosiomis \u0161alimis, i\u0161skyrus atvejus, kai to reikalauja \u012fstatymai.<\/p>\n\n\n\n<p>M\u016bs\u0173 svetain\u0117 gali tur\u0117ti nuorod\u0173 \u012f i\u0161orines svetaines, kuri\u0173 mes nevaldome. Atkreipkite d\u0117mes\u012f, kad mes nekontroliuojame \u0161i\u0173 svetaini\u0173 turinio ir praktikos ir negalime prisiimti atsakomyb\u0117s u\u017e j\u0173 atitinkam\u0105 privatumo politik\u0105.<\/p>\n\n\n\n<p>J\u016bs galite atsisakyti m\u016bs\u0173 pra\u0161ymo pateikti j\u016bs\u0173 asmenin\u0119 informacij\u0105, suprasdami, kad mes negal\u0117sime jums suteikti kai kuri\u0173 pageidaujam\u0173 paslaug\u0173.<\/p>\n\n\n\n<p>Tolesnis naudojimasis m\u016bs\u0173 svetaine bus laikomas m\u016bs\u0173 privatumo ir asmenin\u0117s informacijos tvarkymo praktikos sutikimu. Jei turite klausim\u0173 apie tai, kaip tvarkome naudotoj\u0173 duomenis ir asmenin\u0119 informacij\u0105, susisiekite su mumis.<\/p>\n\n\n\n<h2 class=\"wp-block-heading\">Slapuk\u0173 politika, skirta \u201elikapk\u201c<\/h2>\n\n\n\n<p>Tai yra \u201elikapk\u201c slapuk\u0173 politika, pasiekiama adresu https:\/\/likapk.com\/.<\/p>\n\n\n\n<h3 class=\"wp-block-heading\">Kas yra slapukai<\/h3>\n\n\n\n<p>Kaip \u012fprasta beveik visose profesionaliose svetain\u0117se, \u0161i svetain\u0117 naudoja slapukus \u2013 ma\u017ey\u010dius failus, kurie atsiun\u010diami \u012f j\u016bs\u0173 kompiuter\u012f, siekiant pagerinti j\u016bs\u0173 patirt\u012f. \u0160iame puslapyje apra\u0161oma, koki\u0105 informacij\u0105 jie renka, kaip mes j\u0105 naudojame ir kod\u0117l kartais turime saugoti \u0161iuos slapukus. Taip pat pasidalinsime, kaip galite u\u017ekirsti keli\u0105 \u0161i\u0173 slapuk\u0173 saugojimui, ta\u010diau tai gali suma\u017einti arba sugadinti tam tikrus svetain\u0117s funkcionalumo elementus.<\/p>\n\n\n\n<h3 class=\"wp-block-heading\">Kaip mes naudojame slapukus<\/h3>\n\n\n\n<p>Slapukus naudojame d\u0117l \u012fvairi\u0173 prie\u017eas\u010di\u0173, kurios i\u0161samiai apra\u0161ytos toliau. Deja, daugeliu atvej\u0173 n\u0117ra standartini\u0173 pramon\u0117s standart\u0173, kaip i\u0161jungti slapukus, visi\u0161kai nei\u0161jungiant j\u0173 teikiam\u0173 \u0161ios svetain\u0117s funkcij\u0173 ir funkcij\u0173. Rekomenduojama palikti visus slapukus \u012fjungtus, jei nesate tikri, ar j\u0173 jums reikia, ar ne, jei jie naudojami j\u016bs\u0173 naudojamai paslaugai teikti.<\/p>\n\n\n\n<h3 class=\"wp-block-heading\">Slapuk\u0173 i\u0161jungimas<\/h3>\n\n\n\n<p>Galite neleisti nustatyti slapuk\u0173, pakeisdami nar\u0161ykl\u0117s nustatymus (\u017er. nar\u0161ykl\u0117s pagalbos skilt\u012f, kaip tai padaryti). Atminkite, kad slapuk\u0173 i\u0161jungimas tur\u0117s \u012ftakos \u0161ios ir daugelio kit\u0173 j\u016bs\u0173 lankom\u0173 svetaini\u0173 veikimui. I\u0161jungus slapukus paprastai bus i\u0161jungtos ir tam tikros \u0161ios svetain\u0117s funkcijos. Tod\u0117l rekomenduojama nei\u0161jungti slapuk\u0173.<\/p>\n\n\n\n<h3 class=\"wp-block-heading\">M\u016bs\u0173 naudojami slapukai<\/h3>\n\n\n\n<h3 class=\"wp-block-heading\">Tre\u010di\u0173j\u0173 \u0161ali\u0173 slapukai<\/h3>\n\n\n\n<p>Kai kuriais ypatingais atvejais taip pat naudojame patikim\u0173 tre\u010di\u0173j\u0173 \u0161ali\u0173 pateiktus slapukus. \u0160iame skyriuje i\u0161samiai apra\u0161oma, su kokiais tre\u010di\u0173j\u0173 \u0161ali\u0173 slapukais galite susidurti \u0161ioje svetain\u0117je.<\/p>\n\n\n\n<ul class=\"wp-block-list\">\n<li>\u201eGoogle AdSense\u201c paslauga, kuri\u0105 naudojame reklamai teikti, naudoja \u201eDoubleClick\u201c slapuk\u0105, kad internete b\u016bt\u0173 rodomi aktualesni skelbimai ir apribotas konkretaus skelbimo rodymo jums skai\u010dius.<\/li>\n\n\n\n<li>Daugiau informacijos apie \u201eGoogle AdSense\u201c rasite oficialiame \u201eGoogle AdSense\u201c privatumo DUK.<\/li>\n\n\n\n<li>Mes naudojame reklamas, kad padengtume \u0161ios svetain\u0117s veikimo i\u0161laidas ir finansuotume tolesn\u0119 pl\u0117tr\u0105. \u0160ioje svetain\u0117je naudojami elgsenos reklamos slapukai yra skirti u\u017etikrinti, kad jums pateiktume kuo aktualesnius skelbimus, anonimi\u0161kai stebint j\u016bs\u0173 interesus ir pateikiant pana\u0161ius dalykus, kurie gali jus dominti.<\/li>\n\n\n\n<li>Keletas partneri\u0173 reklamuojasi m\u016bs\u0173 vardu, o filial\u0173 steb\u0117jimo slapukai tiesiog leid\u017eia mums matyti, ar m\u016bs\u0173 klientai apsilank\u0117 svetain\u0117je per vien\u0105 i\u0161 m\u016bs\u0173 partneri\u0173 svetaini\u0173, kad gal\u0117tume juos tinkamai \u012fvertinti ir, jei taikoma, leisti m\u016bs\u0173 filialams skirti bet kokias premijas, kurias jie gali suteikti jums u\u017e pirkin\u012f.<\/li>\n<\/ul>\n\n\n\n<h3 class=\"wp-block-heading\">Vartotojo pareigos<\/h3>\n\n\n\n<p>Vartotojas \u012fsipareigoja tinkamai naudoti svetain\u0117je pateikt\u0105 turin\u012f ir informacij\u0105, elgdamasis ai\u0161kiai, bet ne imituodamas:<\/p>\n\n\n\n<ul class=\"wp-block-list\">\n<li>A) Neu\u017esiimti neteis\u0117ta arba s\u0105\u017einingumo bei vie\u0161osios tvarkos principams prie\u0161taraujan\u010dia veikla;<\/li>\n\n\n\n<li>B) Neskleisti rasistinio, ksenofobinio ar azartini\u0173 lo\u0161im\u0173 pob\u016bd\u017eio propagandos ar turinio, bet kokios r\u016b\u0161ies nelegalios pornografijos, teroristini\u0173 teigini\u0173 ar teigini\u0173, nukreipt\u0173 prie\u0161 \u017emogaus teises;<\/li>\n\n\n\n<li>C) Nepa\u017eeisti \u201eLikapk\u201c, jos tiek\u0117j\u0173 ar tre\u010di\u0173j\u0173 \u0161ali\u0173 fizini\u0173 sistem\u0173 (aparatin\u0117s ir programin\u0117s \u012frangos), ne\u012fvesti ar neplatinti kompiuterini\u0173 virus\u0173 ar bet kokios kitos aparatin\u0117s ar programin\u0117s \u012frangos, galin\u010dios sukelti anks\u010diau min\u0117t\u0105 \u017eal\u0105.<\/li>\n<\/ul>\n\n\n\n<h3 class=\"wp-block-heading\">Daugiau informacijos<\/h3>\n\n\n\n<p>Tikiuosi, kad tai jums visk\u0105 paai\u0161kino, ir, kaip jau min\u0117ta anks\u010diau, jei nesate tikri, ar jums ka\u017eko reikia, paprastai saugiau palikti slapukus \u012fjungtus, jei jie s\u0105veikauja su viena i\u0161 m\u016bs\u0173 svetain\u0117s funkcij\u0173, kurias naudojate.<\/p>\n\n\n\n<p>\u0160i politika \u012fsigalioja 2025 m. baland\u017eio 9 d. 15:12.<\/p>","protected":false},"excerpt":{"rendered":"<p>Your privacy is important to us. It is likapk&#8217;s policy to respect your privacy regarding any information we may collect [&hellip;]<\/p>\n","protected":false},"author":1,"featured_media":0,"parent":0,"menu_order":0,"comment_status":"closed","ping_status":"closed","template":"","meta":{"site-sidebar-layout":"default","site-content-layout":"","ast-site-content-layout":"default","site-content-style":"default","site-sidebar-style":"default","ast-global-header-display":"","ast-banner-title-visibility":"","ast-main-header-display":"","ast-hfb-above-header-display":"","ast-hfb-below-header-display":"","ast-hfb-mobile-header-display":"","site-post-title":"","ast-breadcrumbs-content":"","ast-featured-img":"","footer-sml-layout":"","ast-disable-related-posts":"","theme-transparent-header-meta":"","adv-header-id-meta":"","stick-header-meta":"","header-above-stick-meta":"","header-main-stick-meta":"","header-below-stick-meta":"","astra-migrate-meta-layouts":"default","ast-page-background-enabled":"default","ast-page-background-meta":{"desktop":{"background-color":"var(--ast-global-color-4)","background-image":"","background-repeat":"repeat","background-position":"center center","background-size":"auto","background-attachment":"scroll","background-type":"","background-media":"","overlay-type":"","overlay-color":"","overlay-opacity":"","overlay-gradient":""},"tablet":{"background-color":"","background-image":"","background-repeat":"repeat","background-position":"center center","background-size":"auto","background-attachment":"scroll","background-type":"","background-media":"","overlay-type":"","overlay-color":"","overlay-opacity":"","overlay-gradient":""},"mobile":{"background-color":"","background-image":"","background-repeat":"repeat","background-position":"center center","background-size":"auto","background-attachment":"scroll","background-type":"","background-media":"","overlay-type":"","overlay-color":"","overlay-opacity":"","overlay-gradient":""}},"ast-content-background-meta":{"desktop":{"background-color":"var(--ast-global-color-5)","background-image":"","background-repeat":"repeat","background-position":"center center","background-size":"auto","background-attachment":"scroll","background-type":"","background-media":"","overlay-type":"","overlay-color":"","overlay-opacity":"","overlay-gradient":""},"tablet":{"background-color":"var(--ast-global-color-5)","background-image":"","background-repeat":"repeat","background-position":"center center","background-size":"auto","background-attachment":"scroll","background-type":"","background-media":"","overlay-type":"","overlay-color":"","overlay-opacity":"","overlay-gradient":""},"mobile":{"background-color":"var(--ast-global-color-5)","background-image":"","background-repeat":"repeat","background-position":"center center","background-size":"auto","background-attachment":"scroll","background-type":"","background-media":"","overlay-type":"","overlay-color":"","overlay-opacity":"","overlay-gradient":""}},"footnotes":""},"class_list":["post-9","page","type-page","status-publish","hentry"],"_links":{"self":[{"href":"https:\/\/likapk.com\/lt\/wp-json\/wp\/v2\/pages\/9","targetHints":{"allow":["GET"]}}],"collection":[{"href":"https:\/\/likapk.com\/lt\/wp-json\/wp\/v2\/pages"}],"about":[{"href":"https:\/\/likapk.com\/lt\/wp-json\/wp\/v2\/types\/page"}],"author":[{"embeddable":true,"href":"https:\/\/likapk.com\/lt\/wp-json\/wp\/v2\/users\/1"}],"replies":[{"embeddable":true,"href":"https:\/\/likapk.com\/lt\/wp-json\/wp\/v2\/comments?post=9"}],"version-history":[{"count":1,"href":"https:\/\/likapk.com\/lt\/wp-json\/wp\/v2\/pages\/9\/revisions"}],"predecessor-version":[{"id":12,"href":"https:\/\/likapk.com\/lt\/wp-json\/wp\/v2\/pages\/9\/revisions\/12"}],"wp:attachment":[{"href":"https:\/\/likapk.com\/lt\/wp-json\/wp\/v2\/media?parent=9"}],"curies":[{"name":"wp","href":"https:\/\/api.w.org\/{rel}","templated":true}]}}