{"id":82,"date":"2025-05-26T14:54:22","date_gmt":"2025-05-26T14:54:22","guid":{"rendered":"https:\/\/likapk.com\/?page_id=82"},"modified":"2025-05-26T14:54:24","modified_gmt":"2025-05-26T14:54:24","slug":"about-us","status":"publish","type":"page","link":"https:\/\/likapk.com\/lv\/about-us\/","title":{"rendered":"Par mums"},"content":{"rendered":"<h2 class=\"wp-block-heading\"><strong>Kas m\u0113s esam<\/strong><\/h2>\n\n\n\n<p>Plkst. <strong>Likapk.com<\/strong>, m\u0113s ticam, ka internetam vajadz\u0113tu padar\u012bt j\u016bsu dz\u012bvi viegl\u0101ku, nevis gr\u016bt\u0101ku. T\u0101p\u0113c esam izveidoju\u0161i platformu, kas velt\u012bta \u0101tra, atbilsto\u0161a un saisto\u0161a satura snieg\u0161anai par m\u016bsdien\u0101s piepras\u012bt\u0101kaj\u0101m t\u0113m\u0101m.<\/p>\n\n\n\n<p>Neatkar\u012bgi no t\u0101, vai j\u016bs izp\u0113t\u0101t jaunus mobilos <strong>lietotnes<\/strong>, mekl\u0113jot padomu par <strong>randi\u0146i<\/strong>, uzlabojot savu <strong>finan\u0161u<\/strong> zin\u0101\u0161anas, mekl\u0113jot <strong>darbs<\/strong> iesp\u0113jas vai vienk\u0101r\u0161i mekl\u0113jat vienk\u0101r\u0161as <strong>dz\u012bvesveids<\/strong> iedvesma \u2014 to atrad\u012bsiet \u0161eit.<\/p>\n\n\n\n<hr class=\"wp-block-separator has-alpha-channel-opacity\"\/>\n\n\n\n<h2 class=\"wp-block-heading\"><strong>M\u016bsu misija<\/strong><\/h2>\n\n\n\n<p>M\u016bsu m\u0113r\u0137is ir vienk\u0101r\u0161ot inform\u0101cijas atra\u0161anu, organiz\u0113jot saturu, kas ir aktu\u0101ls, uzticams un piel\u0101gots j\u016bsu interes\u0113m. Bez liekas inform\u0101cijas. Bez uzman\u012bbas nov\u0113r\u0161anas. Tikai v\u0113rt\u012bgs saturs.<\/p>\n\n\n\n<p>M\u016bsu redakcijas strat\u0113\u0123iju nosaka veiktsp\u0113jas dati, aktu\u0101las t\u0113mas un lietot\u0101ju uzved\u012bbas atzi\u0146as, lai m\u0113s var\u0113tu public\u0113t tie\u0161i to, ko cilv\u0113ki mekl\u0113, kad tas vi\u0146iem visvair\u0101k nepiecie\u0161ams.<\/p>\n\n\n\n<hr class=\"wp-block-separator has-alpha-channel-opacity\"\/>\n\n\n\n<h2 class=\"wp-block-heading\"><strong>K\u0101 m\u0113s darbojamies<\/strong><\/h2>\n\n\n\n<ul class=\"wp-block-list\">\n<li>M\u0113s public\u0113jam rakstus katru dienu, aptverot saturu, kas labi darbojas vair\u0101kos t\u012bklos.<\/li>\n\n\n\n<li>M\u016bsu monetiz\u0101cijas strat\u0113\u0123ija izmanto atbilsto\u0161as rekl\u0101mu platformas, tostarp Google un programmatiskos partnerus.<\/li>\n\n\n\n<li>Visa rekl\u0101ma ir veidota, \u0146emot v\u0113r\u0101 lietot\u0101ja pieredzi, vienlaikus atbalstot m\u016bsu bezmaksas satura modeli.<\/li>\n<\/ul>\n\n\n\n<hr class=\"wp-block-separator has-alpha-channel-opacity\"\/>\n\n\n\n<h2 class=\"wp-block-heading\"><strong>Uztic\u0113\u0161an\u0101s un p\u0101rredzam\u012bba<\/strong><\/h2>\n\n\n\n<p>M\u0113s esam ap\u0146\u0113mu\u0161ies nodro\u0161in\u0101t p\u0101rredzam\u012bbu attiec\u012bb\u0101s ar saviem las\u012bt\u0101jiem. Lai gan m\u0113s g\u016bstam ie\u0146\u0113mumus no rekl\u0101m\u0101m, m\u0113s nekad ne\u013caujam komerci\u0101l\u0101m interes\u0113m ietekm\u0113t m\u016bsu satura integrit\u0101ti.<\/p>\n\n\n\n<hr class=\"wp-block-separator has-alpha-channel-opacity\"\/>\n\n\n\n<h2 class=\"wp-block-heading\"><strong>Sazinieties ar mums<\/strong><\/h2>\n\n\n\n<p>Jaut\u0101jumi, atsauksmes vai sadarb\u012bbas piepras\u012bjumi?<br>M\u0113s labpr\u0101t uzklaus\u012btu j\u016bsu viedokli. Sazinieties ar mums, izmantojot:<br>\ud83d\udce7 <strong><a>contact@likapk.com<\/a><\/strong><\/p>","protected":false},"excerpt":{"rendered":"<p>Who We Are At Likapk.com, we believe that the internet should make your life easier \u2014 not harder. That\u2019s why [&hellip;]<\/p>\n","protected":false},"author":1,"featured_media":0,"parent":0,"menu_order":0,"comment_status":"closed","ping_status":"closed","template":"","meta":{"site-sidebar-layout":"default","site-content-layout":"","ast-site-content-layout":"default","site-content-style":"default","site-sidebar-style":"default","ast-global-header-display":"","ast-banner-title-visibility":"","ast-main-header-display":"","ast-hfb-above-header-display":"","ast-hfb-below-header-display":"","ast-hfb-mobile-header-display":"","site-post-title":"","ast-breadcrumbs-content":"","ast-featured-img":"","footer-sml-layout":"","ast-disable-related-posts":"","theme-transparent-header-meta":"","adv-header-id-meta":"","stick-header-meta":"","header-above-stick-meta":"","header-main-stick-meta":"","header-below-stick-meta":"","astra-migrate-meta-layouts":"default","ast-page-background-enabled":"default","ast-page-background-meta":{"desktop":{"background-color":"var(--ast-global-color-4)","background-image":"","background-repeat":"repeat","background-position":"center center","background-size":"auto","background-attachment":"scroll","background-type":"","background-media":"","overlay-type":"","overlay-color":"","overlay-opacity":"","overlay-gradient":""},"tablet":{"background-color":"","background-image":"","background-repeat":"repeat","background-position":"center center","background-size":"auto","background-attachment":"scroll","background-type":"","background-media":"","overlay-type":"","overlay-color":"","overlay-opacity":"","overlay-gradient":""},"mobile":{"background-color":"","background-image":"","background-repeat":"repeat","background-position":"center center","background-size":"auto","background-attachment":"scroll","background-type":"","background-media":"","overlay-type":"","overlay-color":"","overlay-opacity":"","overlay-gradient":""}},"ast-content-background-meta":{"desktop":{"background-color":"var(--ast-global-color-5)","background-image":"","background-repeat":"repeat","background-position":"center center","background-size":"auto","background-attachment":"scroll","background-type":"","background-media":"","overlay-type":"","overlay-color":"","overlay-opacity":"","overlay-gradient":""},"tablet":{"background-color":"var(--ast-global-color-5)","background-image":"","background-repeat":"repeat","background-position":"center center","background-size":"auto","background-attachment":"scroll","background-type":"","background-media":"","overlay-type":"","overlay-color":"","overlay-opacity":"","overlay-gradient":""},"mobile":{"background-color":"var(--ast-global-color-5)","background-image":"","background-repeat":"repeat","background-position":"center center","background-size":"auto","background-attachment":"scroll","background-type":"","background-media":"","overlay-type":"","overlay-color":"","overlay-opacity":"","overlay-gradient":""}},"footnotes":""},"class_list":["post-82","page","type-page","status-publish","hentry"],"_links":{"self":[{"href":"https:\/\/likapk.com\/lv\/wp-json\/wp\/v2\/pages\/82","targetHints":{"allow":["GET"]}}],"collection":[{"href":"https:\/\/likapk.com\/lv\/wp-json\/wp\/v2\/pages"}],"about":[{"href":"https:\/\/likapk.com\/lv\/wp-json\/wp\/v2\/types\/page"}],"author":[{"embeddable":true,"href":"https:\/\/likapk.com\/lv\/wp-json\/wp\/v2\/users\/1"}],"replies":[{"embeddable":true,"href":"https:\/\/likapk.com\/lv\/wp-json\/wp\/v2\/comments?post=82"}],"version-history":[{"count":1,"href":"https:\/\/likapk.com\/lv\/wp-json\/wp\/v2\/pages\/82\/revisions"}],"predecessor-version":[{"id":83,"href":"https:\/\/likapk.com\/lv\/wp-json\/wp\/v2\/pages\/82\/revisions\/83"}],"wp:attachment":[{"href":"https:\/\/likapk.com\/lv\/wp-json\/wp\/v2\/media?parent=82"}],"curies":[{"name":"wp","href":"https:\/\/api.w.org\/{rel}","templated":true}]}}