{"id":84,"date":"2025-05-26T14:59:12","date_gmt":"2025-05-26T14:59:12","guid":{"rendered":"https:\/\/likapk.com\/?page_id=84"},"modified":"2025-05-26T14:59:14","modified_gmt":"2025-05-26T14:59:14","slug":"cookie-policy","status":"publish","type":"page","link":"https:\/\/likapk.com\/lv\/cookie-policy\/","title":{"rendered":"S\u012bkfailu politika"},"content":{"rendered":"<p><strong>Sp\u0113k\u0101 st\u0101\u0161an\u0101s datums:<\/strong> 2025. gada 26. maijs<br><strong>Dom\u0113ns:<\/strong> <a class=\"\" href=\"https:\/\/likapk.com\/lv\/\">https:\/\/likapk.com<\/a><\/p>\n\n\n\n<p>\u0160aj\u0101 s\u012bkfailu politik\u0101 ir izkl\u0101st\u012bts, k\u0101 <strong>Likapk.com<\/strong> (\u201c<strong>m\u0113s<\/strong>\u201c, \u201c<strong>m\u016bsu<\/strong>&quot;vai&quot;<strong>t\u012bmek\u013ca vietne<\/strong>\u201c) izmanto s\u012bkfailus un saist\u012bt\u0101s izseko\u0161anas tehnolo\u0123ijas, kad apmekl\u0113jat m\u016bsu digit\u0101los \u012bpa\u0161umus vai mijiedarbojaties ar tiem.<\/p>\n\n\n\n<hr class=\"wp-block-separator has-alpha-channel-opacity\"\/>\n\n\n\n<h3 class=\"wp-block-heading\">1. <strong>Kas ir s\u012bkfaili?<\/strong><\/h3>\n\n\n\n<p>S\u012bkfaili ir mazi datu faili, ko t\u012bmek\u013ca vietnes saglab\u0101 j\u016bsu ier\u012bc\u0113, izmantojot p\u0101rl\u016bkprogrammu. \u0160ie faili veic da\u017e\u0101das funkcijas, piem\u0113ram, nodro\u0161ina vietnes pamatdarb\u012bbas, saglab\u0101 lietot\u0101ja preferences, analiz\u0113 datpl\u016bsmu un r\u0101da m\u0113r\u0137tiec\u012bgas rekl\u0101mas.<\/p>\n\n\n\n<p>S\u012bkfaili var b\u016bt:<\/p>\n\n\n\n<ul class=\"wp-block-list\">\n<li><strong>Uz sesij\u0101m balst\u012bts<\/strong> (beidzas, aizverot p\u0101rl\u016bkprogrammu) vai<\/li>\n\n\n\n<li><strong>Past\u0101v\u012bgs<\/strong> (glab\u0101ts l\u012bdz manu\u0101lai dz\u0113\u0161anai vai der\u012bguma termi\u0146a beig\u0101m).<\/li>\n<\/ul>\n\n\n\n<hr class=\"wp-block-separator has-alpha-channel-opacity\"\/>\n\n\n\n<h3 class=\"wp-block-heading\">2. <strong>M\u016bsu izmantoto s\u012bkfailu kategorijas<\/strong><\/h3>\n\n\n\n<p>M\u0113s klasific\u0113jam s\u012bkfailus \u0161\u0101d\u0101s kategorij\u0101s:<\/p>\n\n\n\n<h4 class=\"wp-block-heading\">a. <strong>B\u016btisk\u0101s s\u012bkdatnes<\/strong><\/h4>\n\n\n\n<p>\u0160\u012bs s\u012bkdatnes ir b\u016btiskas vietnes pamatfunkcionalit\u0101tei, piem\u0113ram, lapu render\u0113\u0161anai, navig\u0101cijai un dro\u0161\u012bbas valid\u0101cijai. <strong>nevar tikt atsp\u0113jots<\/strong> izmantojot m\u016bsu s\u012bkfailu preferen\u010du r\u012bku.<\/p>\n\n\n\n<h4 class=\"wp-block-heading\">b. <strong>Anal\u012btikas s\u012bkfaili<\/strong><\/h4>\n\n\n\n<p>Tie \u013cauj mums saprast, k\u0101 apmekl\u0113t\u0101ji mijiedarbojas ar m\u016bsu vietni. M\u0113s izmantojam tre\u0161o pu\u0161u anal\u012btikas platformas (piem\u0113ram, <strong>Google Analytics 4<\/strong>), lai nov\u0113rt\u0113tu datpl\u016bsmas avotus, popul\u0101ro saturu, sesijas ilgumu un atl\u0113cienu r\u0101d\u012bt\u0101jus, t\u0101d\u0113j\u0101di pal\u012bdzot mums uzlabot vietnes veiktsp\u0113ju.<\/p>\n\n\n\n<h4 class=\"wp-block-heading\">apm. <strong>Rekl\u0101mas un izseko\u0161anas s\u012bkfaili<\/strong><\/h4>\n\n\n\n<p>Izmantots sadarb\u012bb\u0101 ar programmatisk\u0101s rekl\u0101mas partneriem, piem\u0113ram, <strong>Google rekl\u0101mu p\u0101rvaldnieks, AdSense<\/strong>un <strong>SSP<\/strong>, \u0161\u012bs s\u012bkdatnes \u013cauj:<\/p>\n\n\n\n<ul class=\"wp-block-list\">\n<li>Auditorijas profil\u0113\u0161ana<\/li>\n\n\n\n<li>Atk\u0101rtota m\u0113r\u0137auditorijas atlase<\/li>\n\n\n\n<li>Bie\u017euma ierobe\u017eo\u0161ana<\/li>\n\n\n\n<li>Starpviet\u0146u izseko\u0161ana<\/li>\n<\/ul>\n\n\n\n<p>Tie var apstr\u0101d\u0101t IP adreses, ier\u012b\u010du tipus un uzved\u012bbas datus da\u017e\u0101d\u0101s sesij\u0101s un platform\u0101s.<\/p>\n\n\n\n<h4 class=\"wp-block-heading\">d. <strong>Funkcion\u0101l\u0101s s\u012bkdatnes<\/strong><\/h4>\n\n\n\n<p>Tie atbalsta papildu funkcijas, piem\u0113ram, v\u0113lam\u0101s valodas vai att\u0113lo\u0161anas re\u017e\u012bma iegaum\u0113\u0161anu. Bez tiem da\u017ei lietot\u0101ja pieredzes elementi var nedarboties pareizi.<\/p>\n\n\n\n<hr class=\"wp-block-separator has-alpha-channel-opacity\"\/>\n\n\n\n<h3 class=\"wp-block-heading\">3. <strong>Tre\u0161o pu\u0161u s\u012bkfailu atkl\u0101\u0161ana<\/strong><\/h3>\n\n\n\n<p>M\u0113s pilnvarojam atlas\u012btas tre\u0161\u0101s puses ievietot s\u012bkfailus m\u016bsu vietn\u0113, lai:<\/p>\n\n\n\n<ul class=\"wp-block-list\">\n<li><strong>Rekl\u0101mu pieg\u0101de un p\u0101rskatu snieg\u0161ana<\/strong> (piem\u0113ram, Google, JoinAds, Taboola)<\/li>\n\n\n\n<li><strong>Anal\u012btika un siltuma kartes<\/strong> (piem., Google Analytics, Hotjar)<\/li>\n<\/ul>\n\n\n\n<p>\u0160\u012bs vien\u012bbas apstr\u0101d\u0101 datus saska\u0146\u0101 ar sav\u0101m priv\u0101tuma politik\u0101m un var apvienot inform\u0101ciju no citiem avotiem.<\/p>\n\n\n\n<hr class=\"wp-block-separator has-alpha-channel-opacity\"\/>\n\n\n\n<h3 class=\"wp-block-heading\">4. <strong>Piekri\u0161ana un kontrole (atbilst\u012bba ES pras\u012bb\u0101m)<\/strong><\/h3>\n\n\n\n<p>Lietot\u0101jiem jurisdikcij\u0101s saska\u0146\u0101 ar <strong>Visp\u0101r\u012bg\u0101 datu aizsardz\u012bbas regula (VDAR)<\/strong>, neb\u016btiskas s\u012bkdatnes tiek ievietotas tikai ar <strong>nep\u0101rprotama lietot\u0101ja piekri\u0161ana<\/strong>.<\/p>\n\n\n\n<p>M\u0113s izmantojam <strong>Piekri\u0161anas p\u0101rvald\u012bbas platforma (CMP)<\/strong> uz:<\/p>\n\n\n\n<ul class=\"wp-block-list\">\n<li>Apkopot un saglab\u0101t s\u012bkfailu preferences<\/li>\n\n\n\n<li>Nodro\u0161in\u0101t pieteik\u0161an\u0101s\/atteik\u0161an\u0101s vad\u012bklas<\/li>\n\n\n\n<li>At\u013caut detaliz\u0113tu s\u012bkfailu kategoriju atlasi<\/li>\n<\/ul>\n\n\n\n<p>J\u016bs varat jebkur\u0101 laik\u0101 atsaukt piekri\u0161anu, vietnes apak\u0161da\u013c\u0101 noklik\u0161\u0137inot uz \u201cS\u012bkfailu iestat\u012bjumi\u201d.<\/p>\n\n\n\n<hr class=\"wp-block-separator has-alpha-channel-opacity\"\/>\n\n\n\n<h3 class=\"wp-block-heading\">5. <strong>Kalifornijas priv\u0101tuma ties\u012bbas (CCPA)<\/strong><\/h3>\n\n\n\n<p>Ja esat iedz\u012bvot\u0101js <strong>Kalifornija<\/strong>, jums var b\u016bt papildu ties\u012bbas saska\u0146\u0101 ar <strong>Kalifornijas Pat\u0113r\u0113t\u0101ju priv\u0101tuma likums<\/strong>, tostarp ties\u012bbas uz:<\/p>\n\n\n\n<ul class=\"wp-block-list\">\n<li>Uzziniet, k\u0101di personas dati tiek v\u0101kti<\/li>\n\n\n\n<li>Atteik\u0161an\u0101s no personas datu p\u0101rdo\u0161anas<\/li>\n\n\n\n<li>Piepras\u012bt saglab\u0101to personas datu dz\u0113\u0161anu<\/li>\n<\/ul>\n\n\n\n<p>Lai \u012bstenotu \u0161\u012bs ties\u012bbas, l\u016bdzu, sazinieties ar mums vai izmantojiet <strong>\u201cNep\u0101rdot manu inform\u0101ciju\u201d<\/strong> saite, ja piem\u0113rojams.<\/p>\n\n\n\n<hr class=\"wp-block-separator has-alpha-channel-opacity\"\/>\n\n\n\n<h3 class=\"wp-block-heading\">6. <strong>S\u012bkfailu p\u0101rvald\u012bba j\u016bsu p\u0101rl\u016bkprogramm\u0101<\/strong><\/h3>\n\n\n\n<p>J\u016bs varat konfigur\u0113t savu p\u0101rl\u016bkprogrammu, lai:<\/p>\n\n\n\n<ul class=\"wp-block-list\">\n<li>Atteikties no vis\u0101m vai noteikt\u0101m s\u012bkdatn\u0113m<\/li>\n\n\n\n<li>Pazi\u0146ot jums, kad ir iestat\u012bts s\u012bkfails<\/li>\n\n\n\n<li>Dz\u0113st saglab\u0101tos s\u012bkfailus<\/li>\n<\/ul>\n\n\n\n<p>S\u012bk\u0101ku inform\u0101ciju skatiet p\u0101rl\u016bkprogrammas dokument\u0101cij\u0101:<\/p>\n\n\n\n<ul class=\"wp-block-list\">\n<li><a>Google Chrome<\/a><\/li>\n\n\n\n<li><a class=\"\" href=\"https:\/\/support.mozilla.org\/en-US\/kb\/cookies-information-websites-store-on-your-computer\" target=\"_blank\" rel=\"noopener\">Mozilla Firefox<\/a><\/li>\n\n\n\n<li><a class=\"\" href=\"https:\/\/support.apple.com\/en-us\/HT201265\" target=\"_blank\" rel=\"noopener\">Safari<\/a><\/li>\n\n\n\n<li><a class=\"\" href=\"https:\/\/support.microsoft.com\/en-us\/microsoft-edge\/delete-cookies-in-microsoft-edge-63947406-40ac-c3b8-57b9-2a946a29ae09\" target=\"_blank\" rel=\"noopener\">Microsoft Edge<\/a><\/li>\n<\/ul>\n\n\n\n<hr class=\"wp-block-separator has-alpha-channel-opacity\"\/>\n\n\n\n<h3 class=\"wp-block-heading\">7. <strong>Politikas atjaunin\u0101jumi<\/strong><\/h3>\n\n\n\n<p>\u0160\u012b s\u012bkfailu politika laiku pa laikam var tikt p\u0101rskat\u012bta, lai atspogu\u013cotu darb\u012bbas vai normat\u012bvo aktu izmai\u0146as. Visas izmai\u0146as tiks public\u0113tas \u0161aj\u0101 lap\u0101 ar atjaunin\u0101tu sp\u0113k\u0101 st\u0101\u0161an\u0101s datumu.<\/p>\n\n\n\n<hr class=\"wp-block-separator has-alpha-channel-opacity\"\/>\n\n\n\n<h3 class=\"wp-block-heading\">8. <strong>Kontaktinform\u0101cija<\/strong><\/h3>\n\n\n\n<p>Jaut\u0101jumu vai neskaidr\u012bbu gad\u012bjum\u0101 par \u0161o s\u012bkfailu politiku, l\u016bdzu, sazinieties ar:<\/p>\n\n\n\n<p><strong>Likapk.com atbilst\u012bbas komanda<\/strong><br>\ud83d\udce7 E-pasts: <a>contact@likapk.com<\/a><\/p>","protected":false},"excerpt":{"rendered":"<p>Effective Date: May 26, 2025Domain: https:\/\/likapk.com This Cookie Policy outlines how Likapk.com (&#8220;we&#8220;, &#8220;our&#8220;, or &#8220;the Website&#8220;) utilizes cookies and [&hellip;]<\/p>\n","protected":false},"author":1,"featured_media":0,"parent":0,"menu_order":0,"comment_status":"closed","ping_status":"closed","template":"","meta":{"site-sidebar-layout":"default","site-content-layout":"","ast-site-content-layout":"default","site-content-style":"default","site-sidebar-style":"default","ast-global-header-display":"","ast-banner-title-visibility":"","ast-main-header-display":"","ast-hfb-above-header-display":"","ast-hfb-below-header-display":"","ast-hfb-mobile-header-display":"","site-post-title":"","ast-breadcrumbs-content":"","ast-featured-img":"","footer-sml-layout":"","ast-disable-related-posts":"","theme-transparent-header-meta":"","adv-header-id-meta":"","stick-header-meta":"","header-above-stick-meta":"","header-main-stick-meta":"","header-below-stick-meta":"","astra-migrate-meta-layouts":"default","ast-page-background-enabled":"default","ast-page-background-meta":{"desktop":{"background-color":"var(--ast-global-color-4)","background-image":"","background-repeat":"repeat","background-position":"center center","background-size":"auto","background-attachment":"scroll","background-type":"","background-media":"","overlay-type":"","overlay-color":"","overlay-opacity":"","overlay-gradient":""},"tablet":{"background-color":"","background-image":"","background-repeat":"repeat","background-position":"center center","background-size":"auto","background-attachment":"scroll","background-type":"","background-media":"","overlay-type":"","overlay-color":"","overlay-opacity":"","overlay-gradient":""},"mobile":{"background-color":"","background-image":"","background-repeat":"repeat","background-position":"center center","background-size":"auto","background-attachment":"scroll","background-type":"","background-media":"","overlay-type":"","overlay-color":"","overlay-opacity":"","overlay-gradient":""}},"ast-content-background-meta":{"desktop":{"background-color":"var(--ast-global-color-5)","background-image":"","background-repeat":"repeat","background-position":"center center","background-size":"auto","background-attachment":"scroll","background-type":"","background-media":"","overlay-type":"","overlay-color":"","overlay-opacity":"","overlay-gradient":""},"tablet":{"background-color":"var(--ast-global-color-5)","background-image":"","background-repeat":"repeat","background-position":"center center","background-size":"auto","background-attachment":"scroll","background-type":"","background-media":"","overlay-type":"","overlay-color":"","overlay-opacity":"","overlay-gradient":""},"mobile":{"background-color":"var(--ast-global-color-5)","background-image":"","background-repeat":"repeat","background-position":"center center","background-size":"auto","background-attachment":"scroll","background-type":"","background-media":"","overlay-type":"","overlay-color":"","overlay-opacity":"","overlay-gradient":""}},"footnotes":""},"class_list":["post-84","page","type-page","status-publish","hentry"],"_links":{"self":[{"href":"https:\/\/likapk.com\/lv\/wp-json\/wp\/v2\/pages\/84","targetHints":{"allow":["GET"]}}],"collection":[{"href":"https:\/\/likapk.com\/lv\/wp-json\/wp\/v2\/pages"}],"about":[{"href":"https:\/\/likapk.com\/lv\/wp-json\/wp\/v2\/types\/page"}],"author":[{"embeddable":true,"href":"https:\/\/likapk.com\/lv\/wp-json\/wp\/v2\/users\/1"}],"replies":[{"embeddable":true,"href":"https:\/\/likapk.com\/lv\/wp-json\/wp\/v2\/comments?post=84"}],"version-history":[{"count":1,"href":"https:\/\/likapk.com\/lv\/wp-json\/wp\/v2\/pages\/84\/revisions"}],"predecessor-version":[{"id":85,"href":"https:\/\/likapk.com\/lv\/wp-json\/wp\/v2\/pages\/84\/revisions\/85"}],"wp:attachment":[{"href":"https:\/\/likapk.com\/lv\/wp-json\/wp\/v2\/media?parent=84"}],"curies":[{"name":"wp","href":"https:\/\/api.w.org\/{rel}","templated":true}]}}