{"id":9,"date":"2025-04-09T15:12:43","date_gmt":"2025-04-09T15:12:43","guid":{"rendered":"https:\/\/likapk.com\/?page_id=9"},"modified":"2025-04-09T15:12:45","modified_gmt":"2025-04-09T15:12:45","slug":"privacy-policy","status":"publish","type":"page","link":"https:\/\/likapk.com\/lv\/privacy-policy\/","title":{"rendered":"Priv\u0101tuma politika"},"content":{"rendered":"<p>J\u016bsu priv\u0101tums mums ir svar\u012bgs. Likapk politika ir respekt\u0113t j\u016bsu priv\u0101tumu attiec\u012bb\u0101 uz jebk\u0101du inform\u0101ciju, ko m\u0113s varam apkopot no jums m\u016bsu t\u012bmek\u013ca vietn\u0113. <a href=\"https:\/\/likapk.com\/lv\/\">likapk<\/a>, un citas vietnes, kas mums pieder un kuras m\u0113s p\u0101rvald\u0101m.<\/p>\n\n\n\n<p>M\u0113s l\u016bdzam personas inform\u0101ciju tikai tad, kad t\u0101 mums patie\u0161\u0101m ir nepiecie\u0161ama, lai sniegtu jums pakalpojumu. M\u0113s to apkopojam, izmantojot god\u012bgus un likum\u012bgus l\u012bdzek\u013cus, ar j\u016bsu inform\u0101ciju un piekri\u0161anu. M\u0113s ar\u012b inform\u0113jam j\u016bs, k\u0101p\u0113c m\u0113s to apkopojam un k\u0101 t\u0101 tiks izmantota.<\/p>\n\n\n\n<p>M\u0113s glab\u0101jam apkopoto inform\u0101ciju tikai tik ilgi, cik nepiecie\u0161ams, lai sniegtu jums piepras\u012bto pakalpojumu. Visus datus, ko m\u0113s glab\u0101jam, m\u0113s aizsarg\u0101sim komerci\u0101li pie\u0146emamos veidos, lai nov\u0113rstu nozaud\u0113\u0161anu un z\u0101dz\u012bbu, k\u0101 ar\u012b neat\u013cautu piek\u013cuvi, izpau\u0161anu, kop\u0113\u0161anu, izmanto\u0161anu vai modific\u0113\u0161anu.<\/p>\n\n\n\n<p>M\u0113s nekop\u012bgojam nek\u0101du personu identific\u0113jo\u0161u inform\u0101ciju publiski vai ar tre\u0161aj\u0101m person\u0101m, iz\u0146emot gad\u012bjumus, kad to pieprasa likums.<\/p>\n\n\n\n<p>M\u016bsu t\u012bmek\u013ca vietn\u0113 var b\u016bt saites uz \u0101r\u0113j\u0101m vietn\u0113m, kuras m\u0113s nep\u0101rvald\u0101m. L\u016bdzu, \u0146emiet v\u0113r\u0101, ka mums nav nek\u0101das kontroles p\u0101r \u0161o viet\u0146u saturu un praksi, un m\u0113s nevaram uz\u0146emties atbild\u012bbu par to attiec\u012bgaj\u0101m priv\u0101tuma politik\u0101m.<\/p>\n\n\n\n<p>J\u016bs varat br\u012bvi atteikties no m\u016bsu piepras\u012bjuma sniegt j\u016bsu personas inform\u0101ciju, saprotot, ka m\u0113s, iesp\u0113jams, nevar\u0113sim sniegt jums da\u017eus no j\u016bsu v\u0113lamajiem pakalpojumiem.<\/p>\n\n\n\n<p>J\u016bsu turpm\u0101ka m\u016bsu t\u012bmek\u013ca vietnes lieto\u0161ana tiks uzskat\u012bta par m\u016bsu priv\u0101tuma un personas inform\u0101cijas prakses pie\u0146em\u0161anu. Ja jums ir k\u0101di jaut\u0101jumi par to, k\u0101 m\u0113s apstr\u0101d\u0101jam lietot\u0101ju datus un personas inform\u0101ciju, dro\u0161i sazinieties ar mums.<\/p>\n\n\n\n<h2 class=\"wp-block-heading\">S\u012bkfailu politika vietnei likapk<\/h2>\n\n\n\n<p>\u0160\u012b ir likapk s\u012bkfailu politika, kas pieejama vietn\u0113 https:\/\/likapk.com\/.<\/p>\n\n\n\n<h3 class=\"wp-block-heading\">Kas ir s\u012bkfaili?<\/h3>\n\n\n\n<p>T\u0101pat k\u0101 gandr\u012bz vis\u0101s profesion\u0101laj\u0101s t\u012bmek\u013ca vietn\u0113s, ar\u012b \u0161\u012b vietne izmanto s\u012bkfailus \u2014 s\u012bkus failus, kas tiek lejupiel\u0101d\u0113ti j\u016bsu dator\u0101, lai uzlabotu j\u016bsu pieredzi. \u0160aj\u0101 lap\u0101 ir aprakst\u012bts, k\u0101du inform\u0101ciju tie apkopo, k\u0101 m\u0113s to izmantojam un k\u0101p\u0113c mums da\u017ereiz ir j\u0101uzglab\u0101 \u0161ie s\u012bkfaili. M\u0113s ar\u012b past\u0101st\u012bsim, k\u0101 j\u016bs varat nov\u0113rst \u0161o s\u012bkfailu saglab\u0101\u0161anu, tom\u0113r tas var pazemin\u0101t vai saboj\u0101t noteiktus vietnes funkcionalit\u0101tes elementus.<\/p>\n\n\n\n<h3 class=\"wp-block-heading\">K\u0101 m\u0113s izmantojam s\u012bkfailus<\/h3>\n\n\n\n<p>M\u0113s izmantojam s\u012bkfailus da\u017e\u0101du iemeslu d\u0113\u013c, kas s\u012bk\u0101k aprakst\u012bti t\u0101l\u0101k. Diem\u017e\u0113l vairum\u0101 gad\u012bjumu nav nozares standarta iesp\u0113ju atsp\u0113jot s\u012bkfailus, piln\u012bb\u0101 neatsp\u0113jojot funkcionalit\u0101ti un funkcijas, ko tie pievieno \u0161ai vietnei. Ieteicams atst\u0101t visus s\u012bkfailus iesl\u0113gtus, ja neesat p\u0101rliecin\u0101ts, vai tie jums ir nepiecie\u0161ami vai n\u0113, ja tie tiek izmantoti, lai sniegtu j\u016bsu izmantoto pakalpojumu.<\/p>\n\n\n\n<h3 class=\"wp-block-heading\">S\u012bkfailu atsp\u0113jo\u0161ana<\/h3>\n\n\n\n<p>S\u012bkfailu iestat\u012b\u0161anu varat nov\u0113rst, piel\u0101gojot p\u0101rl\u016bkprogrammas iestat\u012bjumus (skatiet p\u0101rl\u016bkprogrammas pal\u012bdz\u012bbas sada\u013cu, lai uzzin\u0101tu, k\u0101 to izdar\u012bt). \u0145emiet v\u0113r\u0101, ka s\u012bkfailu atsp\u0113jo\u0161ana ietekm\u0113s \u0161\u012bs un daudzu citu apmekl\u0113to viet\u0146u funkcionalit\u0101ti. S\u012bkfailu atsp\u0113jo\u0161ana parasti noved pie ar\u012b noteiktu \u0161\u012bs vietnes funkciju un funkciju atsp\u0113jo\u0161anas. T\u0101p\u0113c ieteicams neatsp\u0113jot s\u012bkfailus.<\/p>\n\n\n\n<h3 class=\"wp-block-heading\">M\u016bsu iestat\u012bt\u0101s s\u012bkdatnes<\/h3>\n\n\n\n<h3 class=\"wp-block-heading\">Tre\u0161o pu\u0161u s\u012bkfaili<\/h3>\n\n\n\n<p>Da\u017eos \u012bpa\u0161os gad\u012bjumos m\u0113s izmantojam ar\u012b uzticamu tre\u0161o pu\u0161u nodro\u0161in\u0101tas s\u012bkdatnes. N\u0101kamaj\u0101 sada\u013c\u0101 ir aprakst\u012bts, ar kur\u0101m tre\u0161o pu\u0161u s\u012bkdatn\u0113m j\u016bs varat saskarties, izmantojot \u0161o vietni.<\/p>\n\n\n\n<ul class=\"wp-block-list\">\n<li>Google AdSense pakalpojums, ko izmantojam rekl\u0101mu r\u0101d\u012b\u0161anai, izmanto DoubleClick s\u012bkfailu, lai t\u012bmekl\u012b r\u0101d\u012btu atbilsto\u0161\u0101kas rekl\u0101mas un ierobe\u017eotu to, cik rei\u017eu konkr\u0113ta rekl\u0101ma jums tiek r\u0101d\u012bta.<\/li>\n\n\n\n<li>Lai ieg\u016btu pla\u0161\u0101ku inform\u0101ciju par Google AdSense, skatiet ofici\u0101lo Google AdSense konfidencialit\u0101tes bie\u017ei uzdoto jaut\u0101jumu sada\u013cu.<\/li>\n\n\n\n<li>M\u0113s izmantojam rekl\u0101mas, lai kompens\u0113tu \u0161\u012bs vietnes darb\u012bbas izmaksas un nodro\u0161in\u0101tu finans\u0113jumu t\u0101l\u0101kai att\u012bst\u012bbai. \u0160\u012bs vietnes izmantot\u0101s uzved\u012bbas rekl\u0101mas s\u012bkdatnes ir izstr\u0101d\u0101tas, lai nodro\u0161in\u0101tu, ka m\u0113s jums, cik vien iesp\u0113jams, pied\u0101v\u0101jam visatbilsto\u0161\u0101k\u0101s rekl\u0101mas, anon\u012bmi izsekojot j\u016bsu intereses un pied\u0101v\u0101jot l\u012bdz\u012bgas lietas, kas j\u016bs var\u0113tu interes\u0113t.<\/li>\n\n\n\n<li>Vair\u0101ki partneri reklam\u0113jas m\u016bsu v\u0101rd\u0101, un saist\u012bto uz\u0146\u0113mumu izseko\u0161anas s\u012bkfaili vienk\u0101r\u0161i \u013cauj mums redz\u0113t, vai m\u016bsu klienti ir apmekl\u0113ju\u0161i vietni, izmantojot k\u0101du no m\u016bsu partneru vietn\u0113m, lai m\u0113s var\u0113tu tos atbilsto\u0161i ieskait\u012bt un attiec\u012bg\u0101 gad\u012bjum\u0101 \u013caut m\u016bsu saist\u012btajiem partneriem sniegt jebk\u0101du bonusu, ko tie var sniegt jums par pirkuma veik\u0161anu.<\/li>\n<\/ul>\n\n\n\n<h3 class=\"wp-block-heading\">Lietot\u0101ja pien\u0101kumi<\/h3>\n\n\n\n<p>Lietot\u0101js ap\u0146emas atbilsto\u0161i izmantot vietn\u0113 pied\u0101v\u0101to saturu un inform\u0101ciju, r\u012bkojoties izteiksm\u012bgi, bet ne atdarinot:<\/p>\n\n\n\n<ul class=\"wp-block-list\">\n<li>A) Neiesaist\u012bties darb\u012bb\u0101s, kas ir nelikum\u012bgas vai pretrun\u0101 ar labtic\u012bbu un sabiedrisko k\u0101rt\u012bbu;<\/li>\n\n\n\n<li>B) Neizplat\u012bt rasistiska, ksenofobiska vai azartsp\u0113\u013cu rakstura propagandu vai saturu, jebk\u0101da veida neleg\u0101lu pornogr\u0101fiju, teroristiskus apgalvojumus vai apgalvojumus, kas v\u0113rsti pret cilv\u0113kties\u012bb\u0101m;<\/li>\n\n\n\n<li>C) Nerad\u012bt boj\u0101jumus likapk, t\u0101 pieg\u0101d\u0101t\u0101ju vai tre\u0161o personu fiziskaj\u0101m sist\u0113m\u0101m (aparat\u016brai) un nesasniedzamajai (programmat\u016brai), neieviest vai neizplat\u012bt datorv\u012brusus vai jebk\u0101das citas aparat\u016bras vai programmat\u016bras sist\u0113mas, kas sp\u0113j rad\u012bt iepriek\u0161 min\u0113tos boj\u0101jumus.<\/li>\n<\/ul>\n\n\n\n<h3 class=\"wp-block-heading\">Vair\u0101k inform\u0101cijas<\/h3>\n\n\n\n<p>Cerams, ka tas jums ir paskaidrojis lietas, un, k\u0101 jau iepriek\u0161 min\u0113ts, ja ir kaut kas, par ko neesat p\u0101rliecin\u0101ts, vai tas jums ir nepiecie\u0161ams vai n\u0113, parasti ir dro\u0161\u0101k atst\u0101t s\u012bkfailus iesp\u0113jotus, ja tie mijiedarbojas ar k\u0101du no m\u016bsu vietnes funkcij\u0101m.<\/p>\n\n\n\n<p>\u0160ie noteikumi st\u0101jas sp\u0113k\u0101 2025. gada 9. apr\u012bl\u012b plkst. 15:12.<\/p>","protected":false},"excerpt":{"rendered":"<p>Your privacy is important to us. It is likapk&#8217;s policy to respect your privacy regarding any information we may collect [&hellip;]<\/p>\n","protected":false},"author":1,"featured_media":0,"parent":0,"menu_order":0,"comment_status":"closed","ping_status":"closed","template":"","meta":{"site-sidebar-layout":"default","site-content-layout":"","ast-site-content-layout":"default","site-content-style":"default","site-sidebar-style":"default","ast-global-header-display":"","ast-banner-title-visibility":"","ast-main-header-display":"","ast-hfb-above-header-display":"","ast-hfb-below-header-display":"","ast-hfb-mobile-header-display":"","site-post-title":"","ast-breadcrumbs-content":"","ast-featured-img":"","footer-sml-layout":"","ast-disable-related-posts":"","theme-transparent-header-meta":"","adv-header-id-meta":"","stick-header-meta":"","header-above-stick-meta":"","header-main-stick-meta":"","header-below-stick-meta":"","astra-migrate-meta-layouts":"default","ast-page-background-enabled":"default","ast-page-background-meta":{"desktop":{"background-color":"var(--ast-global-color-4)","background-image":"","background-repeat":"repeat","background-position":"center center","background-size":"auto","background-attachment":"scroll","background-type":"","background-media":"","overlay-type":"","overlay-color":"","overlay-opacity":"","overlay-gradient":""},"tablet":{"background-color":"","background-image":"","background-repeat":"repeat","background-position":"center center","background-size":"auto","background-attachment":"scroll","background-type":"","background-media":"","overlay-type":"","overlay-color":"","overlay-opacity":"","overlay-gradient":""},"mobile":{"background-color":"","background-image":"","background-repeat":"repeat","background-position":"center center","background-size":"auto","background-attachment":"scroll","background-type":"","background-media":"","overlay-type":"","overlay-color":"","overlay-opacity":"","overlay-gradient":""}},"ast-content-background-meta":{"desktop":{"background-color":"var(--ast-global-color-5)","background-image":"","background-repeat":"repeat","background-position":"center center","background-size":"auto","background-attachment":"scroll","background-type":"","background-media":"","overlay-type":"","overlay-color":"","overlay-opacity":"","overlay-gradient":""},"tablet":{"background-color":"var(--ast-global-color-5)","background-image":"","background-repeat":"repeat","background-position":"center center","background-size":"auto","background-attachment":"scroll","background-type":"","background-media":"","overlay-type":"","overlay-color":"","overlay-opacity":"","overlay-gradient":""},"mobile":{"background-color":"var(--ast-global-color-5)","background-image":"","background-repeat":"repeat","background-position":"center center","background-size":"auto","background-attachment":"scroll","background-type":"","background-media":"","overlay-type":"","overlay-color":"","overlay-opacity":"","overlay-gradient":""}},"footnotes":""},"class_list":["post-9","page","type-page","status-publish","hentry"],"_links":{"self":[{"href":"https:\/\/likapk.com\/lv\/wp-json\/wp\/v2\/pages\/9","targetHints":{"allow":["GET"]}}],"collection":[{"href":"https:\/\/likapk.com\/lv\/wp-json\/wp\/v2\/pages"}],"about":[{"href":"https:\/\/likapk.com\/lv\/wp-json\/wp\/v2\/types\/page"}],"author":[{"embeddable":true,"href":"https:\/\/likapk.com\/lv\/wp-json\/wp\/v2\/users\/1"}],"replies":[{"embeddable":true,"href":"https:\/\/likapk.com\/lv\/wp-json\/wp\/v2\/comments?post=9"}],"version-history":[{"count":1,"href":"https:\/\/likapk.com\/lv\/wp-json\/wp\/v2\/pages\/9\/revisions"}],"predecessor-version":[{"id":12,"href":"https:\/\/likapk.com\/lv\/wp-json\/wp\/v2\/pages\/9\/revisions\/12"}],"wp:attachment":[{"href":"https:\/\/likapk.com\/lv\/wp-json\/wp\/v2\/media?parent=9"}],"curies":[{"name":"wp","href":"https:\/\/api.w.org\/{rel}","templated":true}]}}