{"id":82,"date":"2025-05-26T14:54:22","date_gmt":"2025-05-26T14:54:22","guid":{"rendered":"https:\/\/likapk.com\/?page_id=82"},"modified":"2025-05-26T14:54:24","modified_gmt":"2025-05-26T14:54:24","slug":"about-us","status":"publish","type":"page","link":"https:\/\/likapk.com\/nb\/about-us\/","title":{"rendered":"Om oss"},"content":{"rendered":"<h2 class=\"wp-block-heading\"><strong>Hvem vi er<\/strong><\/h2>\n\n\n\n<p>P\u00e5 <strong>Likapk.com<\/strong>Vi mener at internett skal gj\u00f8re livet ditt enklere \u2013 ikke vanskeligere. Derfor har vi bygget en plattform dedikert til \u00e5 levere raskt, relevant og engasjerende innhold innen dagens mest etterspurte emner.<\/p>\n\n\n\n<p>Enten du utforsker nye mobilteknologier <strong>apper<\/strong>, s\u00f8ker r\u00e5d om <strong>dating<\/strong>, forbedrer din <strong>finansiell<\/strong> kunnskap, s\u00f8ker etter <strong>jobb<\/strong> muligheter, eller bare leter etter enkle <strong>livsstil<\/strong> inspirasjon \u2013 du finner den her.<\/p>\n\n\n\n<hr class=\"wp-block-separator has-alpha-channel-opacity\"\/>\n\n\n\n<h2 class=\"wp-block-heading\"><strong>V\u00e5rt oppdrag<\/strong><\/h2>\n\n\n\n<p>Vi har som m\u00e5l \u00e5 forenkle informasjonss\u00f8kingen ved \u00e5 organisere innhold som er tidsriktig, troverdig og skreddersydd for dine interesser. Ikke noe tull. Ingen distraksjoner. Bare verdi.<\/p>\n\n\n\n<p>V\u00e5r redaksjonelle strategi er drevet av resultatdata, trendemner og innsikt i brukeratferd \u2013 slik at vi kan publisere akkurat det folk leter etter, n\u00e5r de trenger det mest.<\/p>\n\n\n\n<hr class=\"wp-block-separator has-alpha-channel-opacity\"\/>\n\n\n\n<h2 class=\"wp-block-heading\"><strong>Hvordan vi opererer<\/strong><\/h2>\n\n\n\n<ul class=\"wp-block-list\">\n<li>Vi publiserer artikler daglig, som dekker innhold som presterer godt p\u00e5 tvers av flere nettverk.<\/li>\n\n\n\n<li>Monetiseringsstrategien v\u00e5r bruker kompatible annonseplattformer, inkludert Google og programmatiske partnere.<\/li>\n\n\n\n<li>All annonsering er utformet for \u00e5 respektere brukeropplevelsen samtidig som den st\u00f8tter v\u00e5r modell for gratis innhold.<\/li>\n<\/ul>\n\n\n\n<hr class=\"wp-block-separator has-alpha-channel-opacity\"\/>\n\n\n\n<h2 class=\"wp-block-heading\"><strong>Tillit og \u00e5penhet<\/strong><\/h2>\n\n\n\n<p>Vi er forpliktet til \u00e5 opprettholde \u00e5penhet med leserne v\u00e5re. Selv om vi tjener penger gjennom annonser, lar vi aldri kommersielle interesser p\u00e5virke innholdsintegriteten v\u00e5r.<\/p>\n\n\n\n<hr class=\"wp-block-separator has-alpha-channel-opacity\"\/>\n\n\n\n<h2 class=\"wp-block-heading\"><strong>Kontakt oss<\/strong><\/h2>\n\n\n\n<p>Sp\u00f8rsm\u00e5l, tilbakemeldinger eller henvendelser om partnerskap?<br>Vi vil gjerne h\u00f8re fra deg. Kontakt oss p\u00e5:<br>\ud83d\udce7 <strong><a>contact@likapk.com<\/a><\/strong><\/p>","protected":false},"excerpt":{"rendered":"<p>Who We Are At Likapk.com, we believe that the internet should make your life easier \u2014 not harder. That\u2019s why [&hellip;]<\/p>\n","protected":false},"author":1,"featured_media":0,"parent":0,"menu_order":0,"comment_status":"closed","ping_status":"closed","template":"","meta":{"site-sidebar-layout":"default","site-content-layout":"","ast-site-content-layout":"default","site-content-style":"default","site-sidebar-style":"default","ast-global-header-display":"","ast-banner-title-visibility":"","ast-main-header-display":"","ast-hfb-above-header-display":"","ast-hfb-below-header-display":"","ast-hfb-mobile-header-display":"","site-post-title":"","ast-breadcrumbs-content":"","ast-featured-img":"","footer-sml-layout":"","ast-disable-related-posts":"","theme-transparent-header-meta":"","adv-header-id-meta":"","stick-header-meta":"","header-above-stick-meta":"","header-main-stick-meta":"","header-below-stick-meta":"","astra-migrate-meta-layouts":"default","ast-page-background-enabled":"default","ast-page-background-meta":{"desktop":{"background-color":"var(--ast-global-color-4)","background-image":"","background-repeat":"repeat","background-position":"center center","background-size":"auto","background-attachment":"scroll","background-type":"","background-media":"","overlay-type":"","overlay-color":"","overlay-opacity":"","overlay-gradient":""},"tablet":{"background-color":"","background-image":"","background-repeat":"repeat","background-position":"center center","background-size":"auto","background-attachment":"scroll","background-type":"","background-media":"","overlay-type":"","overlay-color":"","overlay-opacity":"","overlay-gradient":""},"mobile":{"background-color":"","background-image":"","background-repeat":"repeat","background-position":"center center","background-size":"auto","background-attachment":"scroll","background-type":"","background-media":"","overlay-type":"","overlay-color":"","overlay-opacity":"","overlay-gradient":""}},"ast-content-background-meta":{"desktop":{"background-color":"var(--ast-global-color-5)","background-image":"","background-repeat":"repeat","background-position":"center center","background-size":"auto","background-attachment":"scroll","background-type":"","background-media":"","overlay-type":"","overlay-color":"","overlay-opacity":"","overlay-gradient":""},"tablet":{"background-color":"var(--ast-global-color-5)","background-image":"","background-repeat":"repeat","background-position":"center center","background-size":"auto","background-attachment":"scroll","background-type":"","background-media":"","overlay-type":"","overlay-color":"","overlay-opacity":"","overlay-gradient":""},"mobile":{"background-color":"var(--ast-global-color-5)","background-image":"","background-repeat":"repeat","background-position":"center center","background-size":"auto","background-attachment":"scroll","background-type":"","background-media":"","overlay-type":"","overlay-color":"","overlay-opacity":"","overlay-gradient":""}},"footnotes":""},"class_list":["post-82","page","type-page","status-publish","hentry"],"_links":{"self":[{"href":"https:\/\/likapk.com\/nb\/wp-json\/wp\/v2\/pages\/82","targetHints":{"allow":["GET"]}}],"collection":[{"href":"https:\/\/likapk.com\/nb\/wp-json\/wp\/v2\/pages"}],"about":[{"href":"https:\/\/likapk.com\/nb\/wp-json\/wp\/v2\/types\/page"}],"author":[{"embeddable":true,"href":"https:\/\/likapk.com\/nb\/wp-json\/wp\/v2\/users\/1"}],"replies":[{"embeddable":true,"href":"https:\/\/likapk.com\/nb\/wp-json\/wp\/v2\/comments?post=82"}],"version-history":[{"count":1,"href":"https:\/\/likapk.com\/nb\/wp-json\/wp\/v2\/pages\/82\/revisions"}],"predecessor-version":[{"id":83,"href":"https:\/\/likapk.com\/nb\/wp-json\/wp\/v2\/pages\/82\/revisions\/83"}],"wp:attachment":[{"href":"https:\/\/likapk.com\/nb\/wp-json\/wp\/v2\/media?parent=82"}],"curies":[{"name":"wp","href":"https:\/\/api.w.org\/{rel}","templated":true}]}}