{"id":84,"date":"2025-05-26T14:59:12","date_gmt":"2025-05-26T14:59:12","guid":{"rendered":"https:\/\/likapk.com\/?page_id=84"},"modified":"2025-05-26T14:59:14","modified_gmt":"2025-05-26T14:59:14","slug":"cookie-policy","status":"publish","type":"page","link":"https:\/\/likapk.com\/nb\/cookie-policy\/","title":{"rendered":"Informasjonskapsler"},"content":{"rendered":"<p><strong>Ikrafttredelsesdato:<\/strong> 26. mai 2025<br><strong>Domene:<\/strong> <a class=\"\" href=\"https:\/\/likapk.com\/nb\/\">https:\/\/likapk.com<\/a><\/p>\n\n\n\n<p>Denne informasjonskapselpolicyen beskriver hvordan <strong>Likapk.com<\/strong> (\u201c<strong>vi<\/strong>\u201c, \u201c<strong>v\u00e5r<\/strong>\u00ab, eller \u00ab<strong>Nettstedet<\/strong>\u00ab) bruker informasjonskapsler og relaterte sporingsteknologier n\u00e5r du bes\u00f8ker eller samhandler med v\u00e5re digitale eiendommer.<\/p>\n\n\n\n<hr class=\"wp-block-separator has-alpha-channel-opacity\"\/>\n\n\n\n<h3 class=\"wp-block-heading\">1. <strong>Hva er informasjonskapsler?<\/strong><\/h3>\n\n\n\n<p>Informasjonskapsler er sm\u00e5 datafiler som nettsteder lagrer p\u00e5 enheten din via nettleseren. Disse filene utf\u00f8rer ulike funksjoner, som \u00e5 aktivere kjernevirksomhet p\u00e5 nettstedet, lagre brukerpreferanser, analysere trafikk og levere m\u00e5lrettede annonser.<\/p>\n\n\n\n<p>Informasjonskapsler kan v\u00e6re:<\/p>\n\n\n\n<ul class=\"wp-block-list\">\n<li><strong>\u00d8ktbasert<\/strong> (utl\u00f8per n\u00e5r du lukker nettleseren), eller<\/li>\n\n\n\n<li><strong>Vedvarende<\/strong> (lagres til den slettes manuelt eller utl\u00f8per).<\/li>\n<\/ul>\n\n\n\n<hr class=\"wp-block-separator has-alpha-channel-opacity\"\/>\n\n\n\n<h3 class=\"wp-block-heading\">2. <strong>Kategorier av informasjonskapsler vi bruker<\/strong><\/h3>\n\n\n\n<p>Vi klassifiserer informasjonskapsler i f\u00f8lgende kategorier:<\/p>\n\n\n\n<h4 class=\"wp-block-heading\">en. <strong>Viktige informasjonskapsler<\/strong><\/h4>\n\n\n\n<p>Disse informasjonskapslene er grunnleggende for grunnleggende nettstedsfunksjonalitet \u2013 som sidegjengivelse, navigasjon og sikkerhetsvalidering. <strong>kan ikke deaktiveres<\/strong> via v\u00e5rt verkt\u00f8y for informasjonskapsler.<\/p>\n\n\n\n<h4 class=\"wp-block-heading\">b. <strong>Analyseinformasjonskapsler<\/strong><\/h4>\n\n\n\n<p>Disse lar oss forst\u00e5 hvordan bes\u00f8kende samhandler med nettstedet v\u00e5rt. Vi bruker tredjeparts analyseplattformer (f.eks. <strong>Google Analytics 4<\/strong>) for \u00e5 evaluere trafikkilder, popul\u00e6rt innhold, \u00f8ktvarighet og avvisningsfrekvenser \u2013 noe som hjelper oss med \u00e5 forbedre nettstedets ytelse.<\/p>\n\n\n\n<h4 class=\"wp-block-heading\">c. <strong>Annonse- og sporingsinformasjonskapsler<\/strong><\/h4>\n\n\n\n<p>Brukes i samarbeid med programmatiske annonsepartnere som <strong>Google Annonsebehandler, AdSense<\/strong>, og <strong>SSP-er<\/strong>, disse informasjonskapslene muliggj\u00f8r:<\/p>\n\n\n\n<ul class=\"wp-block-list\">\n<li>M\u00e5lgruppeprofilering<\/li>\n\n\n\n<li>Retargeting<\/li>\n\n\n\n<li>Frekvenstak<\/li>\n\n\n\n<li>Sporing p\u00e5 tvers av nettsteder<\/li>\n<\/ul>\n\n\n\n<p>De kan behandle IP-adresser, enhetstyper og atferdsdata p\u00e5 tvers av \u00f8kter og plattformer.<\/p>\n\n\n\n<h4 class=\"wp-block-heading\">d. <strong>Funksjonelle informasjonskapsler<\/strong><\/h4>\n\n\n\n<p>Disse st\u00f8tter valgfrie funksjoner som \u00e5 huske foretrukket spr\u00e5k eller visningsmodus. Uten disse kan enkelte elementer i brukeropplevelsen bli forringet.<\/p>\n\n\n\n<hr class=\"wp-block-separator has-alpha-channel-opacity\"\/>\n\n\n\n<h3 class=\"wp-block-heading\">3. <strong>Opplysning om informasjonskapsler fra tredjeparter<\/strong><\/h3>\n\n\n\n<p>Vi gir utvalgte tredjeparter tillatelse til \u00e5 plassere informasjonskapsler p\u00e5 nettstedet v\u00e5rt for:<\/p>\n\n\n\n<ul class=\"wp-block-list\">\n<li><strong>Annonselevering og rapportering<\/strong> (f.eks. Google, JoinAds, Taboola)<\/li>\n\n\n\n<li><strong>Analyse og varmekart<\/strong> (f.eks. Google Analytics, Hotjar)<\/li>\n<\/ul>\n\n\n\n<p>Disse enhetene behandler data i henhold til sine egne retningslinjer for personvern og kan kombinere informasjon fra andre kilder.<\/p>\n\n\n\n<hr class=\"wp-block-separator has-alpha-channel-opacity\"\/>\n\n\n\n<h3 class=\"wp-block-heading\">4. <strong>Samtykke og kontroll (EU-samsvar)<\/strong><\/h3>\n\n\n\n<p>For brukere i jurisdiksjoner underlagt <strong>Personvernforordningen (GDPR)<\/strong>, ikke-essensielle informasjonskapsler plasseres kun med <strong>uttrykkelig samtykke fra brukeren<\/strong>.<\/p>\n\n\n\n<p>Vi bruker en <strong>Samtykkeh\u00e5ndteringsplattform (CMP)<\/strong> til:<\/p>\n\n\n\n<ul class=\"wp-block-list\">\n<li>Samle inn og lagre preferanser for informasjonskapsler<\/li>\n\n\n\n<li>Tilby kontroller for p\u00e5melding\/avmelding<\/li>\n\n\n\n<li>Tillat detaljert valg av informasjonskapselkategori<\/li>\n<\/ul>\n\n\n\n<p>Du kan n\u00e5r som helst trekke tilbake samtykket ditt ved \u00e5 klikke p\u00e5 \u00abInnstillinger for informasjonskapsler\u00bb i bunnteksten p\u00e5 nettstedet.<\/p>\n\n\n\n<hr class=\"wp-block-separator has-alpha-channel-opacity\"\/>\n\n\n\n<h3 class=\"wp-block-heading\">5. <strong>Californias personvernrettigheter (CCPA)<\/strong><\/h3>\n\n\n\n<p>Hvis du er bosatt i <strong>California<\/strong>, kan du ha ytterligere rettigheter i henhold til <strong>Californias lov om forbrukervern<\/strong>, inkludert retten til \u00e5:<\/p>\n\n\n\n<ul class=\"wp-block-list\">\n<li>Vit hvilke personopplysninger som samles inn<\/li>\n\n\n\n<li>Reservere deg mot salg av personopplysninger<\/li>\n\n\n\n<li>Be om sletting av lagrede personopplysninger<\/li>\n<\/ul>\n\n\n\n<p>For \u00e5 ut\u00f8ve disse rettighetene, vennligst kontakt oss eller bruk <strong>\u00abIkke selg informasjonen min\u00bb<\/strong> lenke der det er aktuelt.<\/p>\n\n\n\n<hr class=\"wp-block-separator has-alpha-channel-opacity\"\/>\n\n\n\n<h3 class=\"wp-block-heading\">6. <strong>Administrere informasjonskapsler i nettleseren din<\/strong><\/h3>\n\n\n\n<p>Du kan konfigurere nettleseren din til \u00e5:<\/p>\n\n\n\n<ul class=\"wp-block-list\">\n<li>Avvis alle eller bestemte informasjonskapsler<\/li>\n\n\n\n<li>Varsle deg n\u00e5r en informasjonskapsel er satt<\/li>\n\n\n\n<li>Slett lagrede informasjonskapsler<\/li>\n<\/ul>\n\n\n\n<p>Se nettleserens dokumentasjon for detaljer:<\/p>\n\n\n\n<ul class=\"wp-block-list\">\n<li><a>Google Chrome<\/a><\/li>\n\n\n\n<li><a class=\"\" href=\"https:\/\/support.mozilla.org\/en-US\/kb\/cookies-information-websites-store-on-your-computer\" target=\"_blank\" rel=\"noopener\">Mozilla Firefox<\/a><\/li>\n\n\n\n<li><a class=\"\" href=\"https:\/\/support.apple.com\/en-us\/HT201265\" target=\"_blank\" rel=\"noopener\">Safari<\/a><\/li>\n\n\n\n<li><a class=\"\" href=\"https:\/\/support.microsoft.com\/en-us\/microsoft-edge\/delete-cookies-in-microsoft-edge-63947406-40ac-c3b8-57b9-2a946a29ae09\" target=\"_blank\" rel=\"noopener\">Microsoft Edge<\/a><\/li>\n<\/ul>\n\n\n\n<hr class=\"wp-block-separator has-alpha-channel-opacity\"\/>\n\n\n\n<h3 class=\"wp-block-heading\">7. <strong>Oppdateringer av retningslinjer<\/strong><\/h3>\n\n\n\n<p>Denne informasjonskapselpolicyen kan bli revidert fra tid til annen for \u00e5 gjenspeile driftsmessige eller regulatoriske endringer. Eventuelle endringer vil bli publisert p\u00e5 denne siden med en oppdatert ikrafttredelsesdato.<\/p>\n\n\n\n<hr class=\"wp-block-separator has-alpha-channel-opacity\"\/>\n\n\n\n<h3 class=\"wp-block-heading\">8. <strong>Kontaktinformasjon<\/strong><\/h3>\n\n\n\n<p>For sp\u00f8rsm\u00e5l eller bekymringer ang\u00e5ende denne retningslinjene for informasjonskapsler, vennligst kontakt:<\/p>\n\n\n\n<p><strong>Likapk.coms samsvarsteam<\/strong><br>\ud83d\udce7 E-post: <a>contact@likapk.com<\/a><\/p>","protected":false},"excerpt":{"rendered":"<p>Effective Date: May 26, 2025Domain: https:\/\/likapk.com This Cookie Policy outlines how Likapk.com (&#8220;we&#8220;, &#8220;our&#8220;, or &#8220;the Website&#8220;) utilizes cookies and [&hellip;]<\/p>\n","protected":false},"author":1,"featured_media":0,"parent":0,"menu_order":0,"comment_status":"closed","ping_status":"closed","template":"","meta":{"site-sidebar-layout":"default","site-content-layout":"","ast-site-content-layout":"default","site-content-style":"default","site-sidebar-style":"default","ast-global-header-display":"","ast-banner-title-visibility":"","ast-main-header-display":"","ast-hfb-above-header-display":"","ast-hfb-below-header-display":"","ast-hfb-mobile-header-display":"","site-post-title":"","ast-breadcrumbs-content":"","ast-featured-img":"","footer-sml-layout":"","ast-disable-related-posts":"","theme-transparent-header-meta":"","adv-header-id-meta":"","stick-header-meta":"","header-above-stick-meta":"","header-main-stick-meta":"","header-below-stick-meta":"","astra-migrate-meta-layouts":"default","ast-page-background-enabled":"default","ast-page-background-meta":{"desktop":{"background-color":"var(--ast-global-color-4)","background-image":"","background-repeat":"repeat","background-position":"center center","background-size":"auto","background-attachment":"scroll","background-type":"","background-media":"","overlay-type":"","overlay-color":"","overlay-opacity":"","overlay-gradient":""},"tablet":{"background-color":"","background-image":"","background-repeat":"repeat","background-position":"center center","background-size":"auto","background-attachment":"scroll","background-type":"","background-media":"","overlay-type":"","overlay-color":"","overlay-opacity":"","overlay-gradient":""},"mobile":{"background-color":"","background-image":"","background-repeat":"repeat","background-position":"center center","background-size":"auto","background-attachment":"scroll","background-type":"","background-media":"","overlay-type":"","overlay-color":"","overlay-opacity":"","overlay-gradient":""}},"ast-content-background-meta":{"desktop":{"background-color":"var(--ast-global-color-5)","background-image":"","background-repeat":"repeat","background-position":"center center","background-size":"auto","background-attachment":"scroll","background-type":"","background-media":"","overlay-type":"","overlay-color":"","overlay-opacity":"","overlay-gradient":""},"tablet":{"background-color":"var(--ast-global-color-5)","background-image":"","background-repeat":"repeat","background-position":"center center","background-size":"auto","background-attachment":"scroll","background-type":"","background-media":"","overlay-type":"","overlay-color":"","overlay-opacity":"","overlay-gradient":""},"mobile":{"background-color":"var(--ast-global-color-5)","background-image":"","background-repeat":"repeat","background-position":"center center","background-size":"auto","background-attachment":"scroll","background-type":"","background-media":"","overlay-type":"","overlay-color":"","overlay-opacity":"","overlay-gradient":""}},"footnotes":""},"class_list":["post-84","page","type-page","status-publish","hentry"],"_links":{"self":[{"href":"https:\/\/likapk.com\/nb\/wp-json\/wp\/v2\/pages\/84","targetHints":{"allow":["GET"]}}],"collection":[{"href":"https:\/\/likapk.com\/nb\/wp-json\/wp\/v2\/pages"}],"about":[{"href":"https:\/\/likapk.com\/nb\/wp-json\/wp\/v2\/types\/page"}],"author":[{"embeddable":true,"href":"https:\/\/likapk.com\/nb\/wp-json\/wp\/v2\/users\/1"}],"replies":[{"embeddable":true,"href":"https:\/\/likapk.com\/nb\/wp-json\/wp\/v2\/comments?post=84"}],"version-history":[{"count":1,"href":"https:\/\/likapk.com\/nb\/wp-json\/wp\/v2\/pages\/84\/revisions"}],"predecessor-version":[{"id":85,"href":"https:\/\/likapk.com\/nb\/wp-json\/wp\/v2\/pages\/84\/revisions\/85"}],"wp:attachment":[{"href":"https:\/\/likapk.com\/nb\/wp-json\/wp\/v2\/media?parent=84"}],"curies":[{"name":"wp","href":"https:\/\/api.w.org\/{rel}","templated":true}]}}