{"id":82,"date":"2025-05-26T14:54:22","date_gmt":"2025-05-26T14:54:22","guid":{"rendered":"https:\/\/likapk.com\/?page_id=82"},"modified":"2025-05-26T14:54:24","modified_gmt":"2025-05-26T14:54:24","slug":"about-us","status":"publish","type":"page","link":"https:\/\/likapk.com\/pl\/about-us\/","title":{"rendered":"O nas"},"content":{"rendered":"<h2 class=\"wp-block-heading\"><strong>Kim jeste\u015bmy<\/strong><\/h2>\n\n\n\n<p>Na <strong>Likapk.com<\/strong>, Wierzymy, \u017ce internet powinien u\u0142atwia\u0107 Ci \u017cycie, a nie je utrudnia\u0107. Dlatego stworzyli\u015bmy platform\u0119 dedykowan\u0105 dostarczaniu szybkich, istotnych i anga\u017cuj\u0105cych tre\u015bci na najbardziej po\u017c\u0105dane tematy.<\/p>\n\n\n\n<p>Niezale\u017cnie od tego, czy odkrywasz nowe urz\u0105dzenia mobilne, <strong>aplikacje<\/strong>, szukam porady na temat <strong>randki<\/strong>, ulepszanie twojego <strong>bud\u017cetowy<\/strong> wiedza, poszukiwanie <strong>stanowisko<\/strong> mo\u017cliwo\u015bci lub po prostu szukasz prostych <strong>styl \u017cycia<\/strong> inspiracj\u0119 \u2014 znajdziesz j\u0105 tutaj.<\/p>\n\n\n\n<hr class=\"wp-block-separator has-alpha-channel-opacity\"\/>\n\n\n\n<h2 class=\"wp-block-heading\"><strong>Nasza misja<\/strong><\/h2>\n\n\n\n<p>Naszym celem jest uproszczenie wyszukiwania informacji poprzez organizowanie tre\u015bci w spos\u00f3b aktualny, wiarygodny i dostosowany do Twoich zainteresowa\u0144. Bez zb\u0119dnych dodatk\u00f3w. Bez rozpraszaczy. Tylko warto\u015b\u0107.<\/p>\n\n\n\n<p>Nasza strategia redakcyjna opiera si\u0119 na danych dotycz\u0105cych skuteczno\u015bci, popularnych tematach i spostrze\u017ceniach dotycz\u0105cych zachowa\u0144 u\u017cytkownik\u00f3w \u2014 dzi\u0119ki temu mo\u017cemy publikowa\u0107 dok\u0142adnie to, czego ludzie szukaj\u0105, wtedy, gdy najbardziej tego potrzebuj\u0105.<\/p>\n\n\n\n<hr class=\"wp-block-separator has-alpha-channel-opacity\"\/>\n\n\n\n<h2 class=\"wp-block-heading\"><strong>Jak dzia\u0142amy<\/strong><\/h2>\n\n\n\n<ul class=\"wp-block-list\">\n<li>Codziennie publikujemy artyku\u0142y obejmuj\u0105ce tre\u015bci, kt\u00f3re dobrze sprawdzaj\u0105 si\u0119 w wielu sieciach.<\/li>\n\n\n\n<li>Nasza strategia monetyzacji opiera si\u0119 na zgodnych platformach reklamowych, w tym Google i partnerach programowych.<\/li>\n\n\n\n<li>Wszystkie reklamy s\u0105 projektowane z poszanowaniem do\u015bwiadcze\u0144 u\u017cytkownik\u00f3w, a jednocze\u015bnie wspieraj\u0105 nasz model bezp\u0142atnych tre\u015bci.<\/li>\n<\/ul>\n\n\n\n<hr class=\"wp-block-separator has-alpha-channel-opacity\"\/>\n\n\n\n<h2 class=\"wp-block-heading\"><strong>Zaufanie i przejrzysto\u015b\u0107<\/strong><\/h2>\n\n\n\n<p>Zale\u017cy nam na zachowaniu transparentno\u015bci wobec naszych czytelnik\u00f3w. Chocia\u017c zarabiamy na reklamach, nigdy nie pozwalamy, aby interesy komercyjne wp\u0142ywa\u0142y na integralno\u015b\u0107 naszych tre\u015bci.<\/p>\n\n\n\n<hr class=\"wp-block-separator has-alpha-channel-opacity\"\/>\n\n\n\n<h2 class=\"wp-block-heading\"><strong>Skontaktuj si\u0119 z nami<\/strong><\/h2>\n\n\n\n<p>Masz pytania, uwagi lub zapytania dotycz\u0105ce partnerstwa?<br>Ch\u0119tnie Ci\u0119 wys\u0142uchamy. Skontaktuj si\u0119 z nami pod adresem:<br>\ud83d\udce7 <strong><a>contact@likapk.com<\/a><\/strong><\/p>","protected":false},"excerpt":{"rendered":"<p>Who We Are At Likapk.com, we believe that the internet should make your life easier \u2014 not harder. That\u2019s why [&hellip;]<\/p>\n","protected":false},"author":1,"featured_media":0,"parent":0,"menu_order":0,"comment_status":"closed","ping_status":"closed","template":"","meta":{"site-sidebar-layout":"default","site-content-layout":"","ast-site-content-layout":"default","site-content-style":"default","site-sidebar-style":"default","ast-global-header-display":"","ast-banner-title-visibility":"","ast-main-header-display":"","ast-hfb-above-header-display":"","ast-hfb-below-header-display":"","ast-hfb-mobile-header-display":"","site-post-title":"","ast-breadcrumbs-content":"","ast-featured-img":"","footer-sml-layout":"","ast-disable-related-posts":"","theme-transparent-header-meta":"","adv-header-id-meta":"","stick-header-meta":"","header-above-stick-meta":"","header-main-stick-meta":"","header-below-stick-meta":"","astra-migrate-meta-layouts":"default","ast-page-background-enabled":"default","ast-page-background-meta":{"desktop":{"background-color":"var(--ast-global-color-4)","background-image":"","background-repeat":"repeat","background-position":"center center","background-size":"auto","background-attachment":"scroll","background-type":"","background-media":"","overlay-type":"","overlay-color":"","overlay-opacity":"","overlay-gradient":""},"tablet":{"background-color":"","background-image":"","background-repeat":"repeat","background-position":"center center","background-size":"auto","background-attachment":"scroll","background-type":"","background-media":"","overlay-type":"","overlay-color":"","overlay-opacity":"","overlay-gradient":""},"mobile":{"background-color":"","background-image":"","background-repeat":"repeat","background-position":"center center","background-size":"auto","background-attachment":"scroll","background-type":"","background-media":"","overlay-type":"","overlay-color":"","overlay-opacity":"","overlay-gradient":""}},"ast-content-background-meta":{"desktop":{"background-color":"var(--ast-global-color-5)","background-image":"","background-repeat":"repeat","background-position":"center center","background-size":"auto","background-attachment":"scroll","background-type":"","background-media":"","overlay-type":"","overlay-color":"","overlay-opacity":"","overlay-gradient":""},"tablet":{"background-color":"var(--ast-global-color-5)","background-image":"","background-repeat":"repeat","background-position":"center center","background-size":"auto","background-attachment":"scroll","background-type":"","background-media":"","overlay-type":"","overlay-color":"","overlay-opacity":"","overlay-gradient":""},"mobile":{"background-color":"var(--ast-global-color-5)","background-image":"","background-repeat":"repeat","background-position":"center center","background-size":"auto","background-attachment":"scroll","background-type":"","background-media":"","overlay-type":"","overlay-color":"","overlay-opacity":"","overlay-gradient":""}},"footnotes":""},"class_list":["post-82","page","type-page","status-publish","hentry"],"_links":{"self":[{"href":"https:\/\/likapk.com\/pl\/wp-json\/wp\/v2\/pages\/82","targetHints":{"allow":["GET"]}}],"collection":[{"href":"https:\/\/likapk.com\/pl\/wp-json\/wp\/v2\/pages"}],"about":[{"href":"https:\/\/likapk.com\/pl\/wp-json\/wp\/v2\/types\/page"}],"author":[{"embeddable":true,"href":"https:\/\/likapk.com\/pl\/wp-json\/wp\/v2\/users\/1"}],"replies":[{"embeddable":true,"href":"https:\/\/likapk.com\/pl\/wp-json\/wp\/v2\/comments?post=82"}],"version-history":[{"count":1,"href":"https:\/\/likapk.com\/pl\/wp-json\/wp\/v2\/pages\/82\/revisions"}],"predecessor-version":[{"id":83,"href":"https:\/\/likapk.com\/pl\/wp-json\/wp\/v2\/pages\/82\/revisions\/83"}],"wp:attachment":[{"href":"https:\/\/likapk.com\/pl\/wp-json\/wp\/v2\/media?parent=82"}],"curies":[{"name":"wp","href":"https:\/\/api.w.org\/{rel}","templated":true}]}}