{"id":82,"date":"2025-05-26T14:54:22","date_gmt":"2025-05-26T14:54:22","guid":{"rendered":"https:\/\/likapk.com\/?page_id=82"},"modified":"2025-05-26T14:54:24","modified_gmt":"2025-05-26T14:54:24","slug":"about-us","status":"publish","type":"page","link":"https:\/\/likapk.com\/pt\/about-us\/","title":{"rendered":"Sobre n\u00f3s"},"content":{"rendered":"<h2 class=\"wp-block-heading\"><strong>Quem Somos<\/strong><\/h2>\n\n\n\n<p>No <strong>Likapk.com<\/strong>Acreditamos que a internet deve facilitar a sua vida \u2014 e n\u00e3o dificult\u00e1-la. \u00c9 por isso que criamos uma plataforma dedicada a fornecer conte\u00fado r\u00e1pido, relevante e envolvente sobre os t\u00f3picos mais procurados da atualidade.<\/p>\n\n\n\n<p>Quer voc\u00ea esteja explorando novos dispositivos m\u00f3veis <strong>aplicativos<\/strong>, buscando aconselhamento sobre <strong>namorando<\/strong>, melhorando seu <strong>financeiro<\/strong> conhecimento, buscando <strong>trabalho<\/strong> oportunidades, ou apenas procurando por algo simples <strong>estilo de vida<\/strong> inspira\u00e7\u00e3o \u2014 voc\u00ea a encontrar\u00e1 aqui.<\/p>\n\n\n\n<hr class=\"wp-block-separator has-alpha-channel-opacity\"\/>\n\n\n\n<h2 class=\"wp-block-heading\"><strong>Nossa Miss\u00e3o<\/strong><\/h2>\n\n\n\n<p>Nosso objetivo \u00e9 simplificar a descoberta de informa\u00e7\u00f5es organizando conte\u00fado oportuno, confi\u00e1vel e adaptado aos seus interesses. Sem enrola\u00e7\u00e3o. Sem distra\u00e7\u00f5es. Apenas valor.<\/p>\n\n\n\n<p>Nossa estrat\u00e9gia editorial \u00e9 orientada por dados de desempenho, t\u00f3picos de tend\u00eancia e insights sobre o comportamento do usu\u00e1rio \u2014 para que possamos publicar exatamente o que as pessoas est\u00e3o procurando, quando mais precisam.<\/p>\n\n\n\n<hr class=\"wp-block-separator has-alpha-channel-opacity\"\/>\n\n\n\n<h2 class=\"wp-block-heading\"><strong>Como operamos<\/strong><\/h2>\n\n\n\n<ul class=\"wp-block-list\">\n<li>Publicamos artigos diariamente, abordando conte\u00fado que tem bom desempenho em diversas redes.<\/li>\n\n\n\n<li>Nossa estrat\u00e9gia de monetiza\u00e7\u00e3o usa plataformas de an\u00fancios compat\u00edveis, incluindo Google e parceiros program\u00e1ticos.<\/li>\n\n\n\n<li>Toda a publicidade \u00e9 projetada para respeitar a experi\u00eancia do usu\u00e1rio e, ao mesmo tempo, dar suporte ao nosso modelo de conte\u00fado gratuito.<\/li>\n<\/ul>\n\n\n\n<hr class=\"wp-block-separator has-alpha-channel-opacity\"\/>\n\n\n\n<h2 class=\"wp-block-heading\"><strong>Confian\u00e7a e Transpar\u00eancia<\/strong><\/h2>\n\n\n\n<p>Temos o compromisso de manter a transpar\u00eancia com nossos leitores. Embora geremos receita por meio de an\u00fancios, nunca permitimos que interesses comerciais influenciem a integridade do nosso conte\u00fado.<\/p>\n\n\n\n<hr class=\"wp-block-separator has-alpha-channel-opacity\"\/>\n\n\n\n<h2 class=\"wp-block-heading\"><strong>Contate-nos<\/strong><\/h2>\n\n\n\n<p>D\u00favidas, feedback ou perguntas sobre parcerias?<br>Adorar\u00edamos ouvir voc\u00ea. Entre em contato conosco em:<br>\ud83d\udce7 <strong><a>contact@likapk.com<\/a><\/strong><\/p>","protected":false},"excerpt":{"rendered":"<p>Who We Are At Likapk.com, we believe that the internet should make your life easier \u2014 not harder. That\u2019s why [&hellip;]<\/p>\n","protected":false},"author":1,"featured_media":0,"parent":0,"menu_order":0,"comment_status":"closed","ping_status":"closed","template":"","meta":{"site-sidebar-layout":"default","site-content-layout":"","ast-site-content-layout":"default","site-content-style":"default","site-sidebar-style":"default","ast-global-header-display":"","ast-banner-title-visibility":"","ast-main-header-display":"","ast-hfb-above-header-display":"","ast-hfb-below-header-display":"","ast-hfb-mobile-header-display":"","site-post-title":"","ast-breadcrumbs-content":"","ast-featured-img":"","footer-sml-layout":"","ast-disable-related-posts":"","theme-transparent-header-meta":"","adv-header-id-meta":"","stick-header-meta":"","header-above-stick-meta":"","header-main-stick-meta":"","header-below-stick-meta":"","astra-migrate-meta-layouts":"default","ast-page-background-enabled":"default","ast-page-background-meta":{"desktop":{"background-color":"var(--ast-global-color-4)","background-image":"","background-repeat":"repeat","background-position":"center center","background-size":"auto","background-attachment":"scroll","background-type":"","background-media":"","overlay-type":"","overlay-color":"","overlay-opacity":"","overlay-gradient":""},"tablet":{"background-color":"","background-image":"","background-repeat":"repeat","background-position":"center center","background-size":"auto","background-attachment":"scroll","background-type":"","background-media":"","overlay-type":"","overlay-color":"","overlay-opacity":"","overlay-gradient":""},"mobile":{"background-color":"","background-image":"","background-repeat":"repeat","background-position":"center center","background-size":"auto","background-attachment":"scroll","background-type":"","background-media":"","overlay-type":"","overlay-color":"","overlay-opacity":"","overlay-gradient":""}},"ast-content-background-meta":{"desktop":{"background-color":"var(--ast-global-color-5)","background-image":"","background-repeat":"repeat","background-position":"center center","background-size":"auto","background-attachment":"scroll","background-type":"","background-media":"","overlay-type":"","overlay-color":"","overlay-opacity":"","overlay-gradient":""},"tablet":{"background-color":"var(--ast-global-color-5)","background-image":"","background-repeat":"repeat","background-position":"center center","background-size":"auto","background-attachment":"scroll","background-type":"","background-media":"","overlay-type":"","overlay-color":"","overlay-opacity":"","overlay-gradient":""},"mobile":{"background-color":"var(--ast-global-color-5)","background-image":"","background-repeat":"repeat","background-position":"center center","background-size":"auto","background-attachment":"scroll","background-type":"","background-media":"","overlay-type":"","overlay-color":"","overlay-opacity":"","overlay-gradient":""}},"footnotes":""},"class_list":["post-82","page","type-page","status-publish","hentry"],"_links":{"self":[{"href":"https:\/\/likapk.com\/pt\/wp-json\/wp\/v2\/pages\/82","targetHints":{"allow":["GET"]}}],"collection":[{"href":"https:\/\/likapk.com\/pt\/wp-json\/wp\/v2\/pages"}],"about":[{"href":"https:\/\/likapk.com\/pt\/wp-json\/wp\/v2\/types\/page"}],"author":[{"embeddable":true,"href":"https:\/\/likapk.com\/pt\/wp-json\/wp\/v2\/users\/1"}],"replies":[{"embeddable":true,"href":"https:\/\/likapk.com\/pt\/wp-json\/wp\/v2\/comments?post=82"}],"version-history":[{"count":1,"href":"https:\/\/likapk.com\/pt\/wp-json\/wp\/v2\/pages\/82\/revisions"}],"predecessor-version":[{"id":83,"href":"https:\/\/likapk.com\/pt\/wp-json\/wp\/v2\/pages\/82\/revisions\/83"}],"wp:attachment":[{"href":"https:\/\/likapk.com\/pt\/wp-json\/wp\/v2\/media?parent=82"}],"curies":[{"name":"wp","href":"https:\/\/api.w.org\/{rel}","templated":true}]}}