{"id":82,"date":"2025-05-26T14:54:22","date_gmt":"2025-05-26T14:54:22","guid":{"rendered":"https:\/\/likapk.com\/?page_id=82"},"modified":"2025-05-26T14:54:24","modified_gmt":"2025-05-26T14:54:24","slug":"about-us","status":"publish","type":"page","link":"https:\/\/likapk.com\/sk\/about-us\/","title":{"rendered":"O n\u00e1s"},"content":{"rendered":"<h2 class=\"wp-block-heading\"><strong>Kto sme<\/strong><\/h2>\n\n\n\n<p>O <strong>Likapk.com<\/strong>, ver\u00edme, \u017ee internet by v\u00e1m mal u\u013eah\u010di\u0165 \u017eivot \u2013 nie ho s\u0165a\u017ei\u0165. Preto sme vytvorili platformu venovan\u00fa poskytovaniu r\u00fdchleho, relevantn\u00e9ho a p\u00fatav\u00e9ho obsahu v dne\u0161n\u00fdch naj\u017eiadanej\u0161\u00edch t\u00e9mach.<\/p>\n\n\n\n<p>\u010ci u\u017e sk\u00famate nov\u00e9 mobiln\u00e9 zariadenia <strong>aplik\u00e1cie<\/strong>, h\u013ead\u00e1m radu oh\u013eadom <strong>zoznamovanie<\/strong>, zlep\u0161enie v\u00e1\u0161ho <strong>finan\u010dn\u00e9<\/strong> vedomosti, h\u013eadanie <strong>pr\u00e1ca<\/strong> pr\u00edle\u017eitosti alebo len h\u013eadaj\u00fa jednoduch\u00e9 <strong>\u017eivotn\u00fd \u0161t\u00fdl<\/strong> in\u0161pir\u00e1cia \u2013 n\u00e1jdete ju tu.<\/p>\n\n\n\n<hr class=\"wp-block-separator has-alpha-channel-opacity\"\/>\n\n\n\n<h2 class=\"wp-block-heading\"><strong>Na\u0161e poslanie<\/strong><\/h2>\n\n\n\n<p>Na\u0161\u00edm cie\u013eom je zjednodu\u0161i\u0165 vyh\u013ead\u00e1vanie inform\u00e1ci\u00ed organizovan\u00edm obsahu, ktor\u00fd je aktu\u00e1lny, d\u00f4veryhodn\u00fd a prisp\u00f4soben\u00fd va\u0161im z\u00e1ujmom. \u017diadne zbyto\u010dnosti. \u017diadne ru\u0161iv\u00e9 elementy. Len hodnota.<\/p>\n\n\n\n<p>Na\u0161a redak\u010dn\u00e1 strat\u00e9gia je riaden\u00e1 \u00fadajmi o v\u00fdkonnosti, trendov\u00fdmi t\u00e9mami a preh\u013eadmi o spr\u00e1van\u00ed pou\u017e\u00edvate\u013eov \u2013 tak\u017ee m\u00f4\u017eeme publikova\u0165 presne to, \u010do \u013eudia h\u013eadaj\u00fa, ke\u010f to najviac potrebuj\u00fa.<\/p>\n\n\n\n<hr class=\"wp-block-separator has-alpha-channel-opacity\"\/>\n\n\n\n<h2 class=\"wp-block-heading\"><strong>Ako fungujeme<\/strong><\/h2>\n\n\n\n<ul class=\"wp-block-list\">\n<li>Denne publikujeme \u010dl\u00e1nky, ktor\u00e9 pokr\u00fdvaj\u00fa obsah, ktor\u00fd m\u00e1 dobr\u00e9 v\u00fdsledky vo viacer\u00fdch sie\u0165ach.<\/li>\n\n\n\n<li>Na\u0161a strat\u00e9gia monetiz\u00e1cie vyu\u017e\u00edva reklamn\u00e9 platformy, ktor\u00e9 s\u00fa v s\u00falade s predpismi, vr\u00e1tane Googlu a programatick\u00fdch partnerov.<\/li>\n\n\n\n<li>V\u0161etka reklama je navrhnut\u00e1 tak, aby re\u0161pektovala pou\u017e\u00edvate\u013esk\u00fa sk\u00fasenos\u0165 a z\u00e1rove\u0148 podporovala n\u00e1\u0161 model bezplatn\u00e9ho obsahu.<\/li>\n<\/ul>\n\n\n\n<hr class=\"wp-block-separator has-alpha-channel-opacity\"\/>\n\n\n\n<h2 class=\"wp-block-heading\"><strong>D\u00f4vera a transparentnos\u0165<\/strong><\/h2>\n\n\n\n<p>Zaviazali sme sa k transparentnosti vo\u010di na\u0161im \u010ditate\u013eom. Hoci zar\u00e1bame prostredn\u00edctvom rekl\u00e1m, nikdy nedovol\u00edme, aby komer\u010dn\u00e9 z\u00e1ujmy ovplyv\u0148ovali integritu n\u00e1\u0161ho obsahu.<\/p>\n\n\n\n<hr class=\"wp-block-separator has-alpha-channel-opacity\"\/>\n\n\n\n<h2 class=\"wp-block-heading\"><strong>Kontaktujte n\u00e1s<\/strong><\/h2>\n\n\n\n<p>Ot\u00e1zky, sp\u00e4tn\u00e1 v\u00e4zba alebo po\u017eiadavky na partnerstvo?<br>Radi by sme od v\u00e1s po\u010duli. Kontaktujte n\u00e1s na:<br>\ud83d\udce7 <strong><a>contact@likapk.com<\/a><\/strong><\/p>","protected":false},"excerpt":{"rendered":"<p>Who We Are At Likapk.com, we believe that the internet should make your life easier \u2014 not harder. That\u2019s why [&hellip;]<\/p>\n","protected":false},"author":1,"featured_media":0,"parent":0,"menu_order":0,"comment_status":"closed","ping_status":"closed","template":"","meta":{"site-sidebar-layout":"default","site-content-layout":"","ast-site-content-layout":"default","site-content-style":"default","site-sidebar-style":"default","ast-global-header-display":"","ast-banner-title-visibility":"","ast-main-header-display":"","ast-hfb-above-header-display":"","ast-hfb-below-header-display":"","ast-hfb-mobile-header-display":"","site-post-title":"","ast-breadcrumbs-content":"","ast-featured-img":"","footer-sml-layout":"","ast-disable-related-posts":"","theme-transparent-header-meta":"","adv-header-id-meta":"","stick-header-meta":"","header-above-stick-meta":"","header-main-stick-meta":"","header-below-stick-meta":"","astra-migrate-meta-layouts":"default","ast-page-background-enabled":"default","ast-page-background-meta":{"desktop":{"background-color":"var(--ast-global-color-4)","background-image":"","background-repeat":"repeat","background-position":"center center","background-size":"auto","background-attachment":"scroll","background-type":"","background-media":"","overlay-type":"","overlay-color":"","overlay-opacity":"","overlay-gradient":""},"tablet":{"background-color":"","background-image":"","background-repeat":"repeat","background-position":"center center","background-size":"auto","background-attachment":"scroll","background-type":"","background-media":"","overlay-type":"","overlay-color":"","overlay-opacity":"","overlay-gradient":""},"mobile":{"background-color":"","background-image":"","background-repeat":"repeat","background-position":"center center","background-size":"auto","background-attachment":"scroll","background-type":"","background-media":"","overlay-type":"","overlay-color":"","overlay-opacity":"","overlay-gradient":""}},"ast-content-background-meta":{"desktop":{"background-color":"var(--ast-global-color-5)","background-image":"","background-repeat":"repeat","background-position":"center center","background-size":"auto","background-attachment":"scroll","background-type":"","background-media":"","overlay-type":"","overlay-color":"","overlay-opacity":"","overlay-gradient":""},"tablet":{"background-color":"var(--ast-global-color-5)","background-image":"","background-repeat":"repeat","background-position":"center center","background-size":"auto","background-attachment":"scroll","background-type":"","background-media":"","overlay-type":"","overlay-color":"","overlay-opacity":"","overlay-gradient":""},"mobile":{"background-color":"var(--ast-global-color-5)","background-image":"","background-repeat":"repeat","background-position":"center center","background-size":"auto","background-attachment":"scroll","background-type":"","background-media":"","overlay-type":"","overlay-color":"","overlay-opacity":"","overlay-gradient":""}},"footnotes":""},"class_list":["post-82","page","type-page","status-publish","hentry"],"_links":{"self":[{"href":"https:\/\/likapk.com\/sk\/wp-json\/wp\/v2\/pages\/82","targetHints":{"allow":["GET"]}}],"collection":[{"href":"https:\/\/likapk.com\/sk\/wp-json\/wp\/v2\/pages"}],"about":[{"href":"https:\/\/likapk.com\/sk\/wp-json\/wp\/v2\/types\/page"}],"author":[{"embeddable":true,"href":"https:\/\/likapk.com\/sk\/wp-json\/wp\/v2\/users\/1"}],"replies":[{"embeddable":true,"href":"https:\/\/likapk.com\/sk\/wp-json\/wp\/v2\/comments?post=82"}],"version-history":[{"count":1,"href":"https:\/\/likapk.com\/sk\/wp-json\/wp\/v2\/pages\/82\/revisions"}],"predecessor-version":[{"id":83,"href":"https:\/\/likapk.com\/sk\/wp-json\/wp\/v2\/pages\/82\/revisions\/83"}],"wp:attachment":[{"href":"https:\/\/likapk.com\/sk\/wp-json\/wp\/v2\/media?parent=82"}],"curies":[{"name":"pracovn\u00fd list","href":"https:\/\/api.w.org\/{rel}","templated":true}]}}