{"id":84,"date":"2025-05-26T14:59:12","date_gmt":"2025-05-26T14:59:12","guid":{"rendered":"https:\/\/likapk.com\/?page_id=84"},"modified":"2025-05-26T14:59:14","modified_gmt":"2025-05-26T14:59:14","slug":"cookie-policy","status":"publish","type":"page","link":"https:\/\/likapk.com\/sk\/cookie-policy\/","title":{"rendered":"Z\u00e1sady pou\u017e\u00edvania s\u00faborov cookie"},"content":{"rendered":"<p><strong>D\u00e1tum \u00fa\u010dinnosti:<\/strong> 26. m\u00e1ja 2025<br><strong>Dom\u00e9na:<\/strong> <a class=\"\" href=\"https:\/\/likapk.com\/sk\/\">https:\/\/likapk.com<\/a><\/p>\n\n\n\n<p>Tieto Z\u00e1sady pou\u017e\u00edvania s\u00faborov cookie opisuj\u00fa, ako <strong>Likapk.com<\/strong> (\u201c<strong>my<\/strong>\u201c, \u201c<strong>n\u00e1\u0161<\/strong>\u201calebo\u201c<strong>webov\u00e1 str\u00e1nka<\/strong>\u201c) pou\u017e\u00edva s\u00fabory cookie a s\u00favisiace technol\u00f3gie sledovania, ke\u010f nav\u0161t\u00edvite alebo interagujete s na\u0161imi digit\u00e1lnymi prvkami.<\/p>\n\n\n\n<hr class=\"wp-block-separator has-alpha-channel-opacity\"\/>\n\n\n\n<h3 class=\"wp-block-heading\">1. <strong>\u010co s\u00fa s\u00fabory cookie?<\/strong><\/h3>\n\n\n\n<p>S\u00fabory cookie s\u00fa mal\u00e9 d\u00e1tov\u00e9 s\u00fabory, ktor\u00e9 webov\u00e9 str\u00e1nky ukladaj\u00fa do v\u00e1\u0161ho zariadenia prostredn\u00edctvom prehliada\u010da. Tieto s\u00fabory vykon\u00e1vaj\u00fa r\u00f4zne funkcie, ako napr\u00edklad umo\u017enenie z\u00e1kladn\u00fdch oper\u00e1ci\u00ed str\u00e1nok, uchov\u00e1vanie pou\u017e\u00edvate\u013esk\u00fdch preferenci\u00ed, anal\u00fdzu n\u00e1v\u0161tevnosti a zobrazovanie cielen\u00fdch rekl\u00e1m.<\/p>\n\n\n\n<p>S\u00fabory cookie m\u00f4\u017eu by\u0165:<\/p>\n\n\n\n<ul class=\"wp-block-list\">\n<li><strong>Zalo\u017een\u00e9 na rel\u00e1cii<\/strong> (platnos\u0165 vypr\u0161\u00ed zatvoren\u00edm prehliada\u010da) alebo<\/li>\n\n\n\n<li><strong>Trval\u00fd<\/strong> (ulo\u017een\u00e9, k\u00fdm sa manu\u00e1lne neodstr\u00e1ni alebo k\u00fdm nevypr\u0161\u00ed ich platnos\u0165).<\/li>\n<\/ul>\n\n\n\n<hr class=\"wp-block-separator has-alpha-channel-opacity\"\/>\n\n\n\n<h3 class=\"wp-block-heading\">2. <strong>Kateg\u00f3rie s\u00faborov cookie, ktor\u00e9 pou\u017e\u00edvame<\/strong><\/h3>\n\n\n\n<p>S\u00fabory cookie del\u00edme do nasleduj\u00facich kateg\u00f3ri\u00ed:<\/p>\n\n\n\n<h4 class=\"wp-block-heading\">a. <strong>Z\u00e1kladn\u00e9 s\u00fabory cookie<\/strong><\/h4>\n\n\n\n<p>Tieto s\u00fabory cookie s\u00fa nevyhnutn\u00e9 pre z\u00e1kladn\u00e9 funkcie webov\u00fdch str\u00e1nok \u2013 ako je vykres\u013eovanie str\u00e1nok, navig\u00e1cia a overovanie zabezpe\u010denia. <strong>ned\u00e1 sa deaktivova\u0165<\/strong> prostredn\u00edctvom n\u00e1\u0161ho n\u00e1stroja na nastavenie s\u00faborov cookie.<\/p>\n\n\n\n<h4 class=\"wp-block-heading\">b. <strong>Analytick\u00e9 s\u00fabory cookie<\/strong><\/h4>\n\n\n\n<p>Tieto n\u00e1m umo\u017e\u0148uj\u00fa pochopi\u0165, ako n\u00e1v\u0161tevn\u00edci interaguj\u00fa s na\u0161ou str\u00e1nkou. Pou\u017e\u00edvame analytick\u00e9 platformy tret\u00edch str\u00e1n (napr., <strong>Google Analytics 4<\/strong>) na vyhodnotenie zdrojov n\u00e1v\u0161tevnosti, popul\u00e1rneho obsahu, trvania rel\u00e1cie a miery okam\u017eit\u00fdch odchodov \u2013 \u010do n\u00e1m pom\u00e1ha zlep\u0161ova\u0165 v\u00fdkonnos\u0165 str\u00e1nok.<\/p>\n\n\n\n<h4 class=\"wp-block-heading\">cca. <strong>Reklamn\u00e9 a sledovacie s\u00fabory cookie<\/strong><\/h4>\n\n\n\n<p>Pou\u017e\u00edva sa v spolupr\u00e1ci s programov\u00fdmi reklamn\u00fdmi partnermi, ako napr\u00edklad <strong>Spr\u00e1vca rekl\u00e1m Google, AdSense<\/strong>, a <strong>SSP<\/strong>, tieto s\u00fabory cookie umo\u017e\u0148uj\u00fa:<\/p>\n\n\n\n<ul class=\"wp-block-list\">\n<li>Profilovanie publika<\/li>\n\n\n\n<li>Retargeting<\/li>\n\n\n\n<li>Obmedzenie frekvencie<\/li>\n\n\n\n<li>Sledovanie naprie\u010d str\u00e1nkami<\/li>\n<\/ul>\n\n\n\n<p>M\u00f4\u017eu spracov\u00e1va\u0165 IP adresy, typy zariaden\u00ed a \u00fadaje o spr\u00e1van\u00ed naprie\u010d rel\u00e1ciami a platformami.<\/p>\n\n\n\n<h4 class=\"wp-block-heading\">d. <strong>Funk\u010dn\u00e9 s\u00fabory cookie<\/strong><\/h4>\n\n\n\n<p>Tieto podporuj\u00fa volite\u013en\u00e9 funkcie, ako je zapam\u00e4tanie si preferovan\u00e9ho jazyka alebo re\u017eimu zobrazenia. Bez nich m\u00f4\u017ee by\u0165 funk\u010dnos\u0165 niektor\u00fdch prvkov pou\u017e\u00edvate\u013esk\u00e9ho rozhrania zn\u00ed\u017een\u00e1.<\/p>\n\n\n\n<hr class=\"wp-block-separator has-alpha-channel-opacity\"\/>\n\n\n\n<h3 class=\"wp-block-heading\">3. <strong>Zverejnenie inform\u00e1ci\u00ed o s\u00faboroch cookie tret\u00edch str\u00e1n<\/strong><\/h3>\n\n\n\n<p>Vybran\u00e9 tretie strany povo\u013eujeme umiest\u0148ova\u0165 s\u00fabory cookie na na\u0161u str\u00e1nku za \u00fa\u010delom:<\/p>\n\n\n\n<ul class=\"wp-block-list\">\n<li><strong>Zobrazovanie a reportovanie rekl\u00e1m<\/strong> (napr. Google, JoinAds, Taboola)<\/li>\n\n\n\n<li><strong>Analytika a tepeln\u00e9 mapy<\/strong> (napr. Google Analytics, Hotjar)<\/li>\n<\/ul>\n\n\n\n<p>Tieto subjekty spracov\u00e1vaj\u00fa \u00fadaje pod\u013ea vlastn\u00fdch z\u00e1sad ochrany osobn\u00fdch \u00fadajov a m\u00f4\u017eu kombinova\u0165 inform\u00e1cie z in\u00fdch zdrojov.<\/p>\n\n\n\n<hr class=\"wp-block-separator has-alpha-channel-opacity\"\/>\n\n\n\n<h3 class=\"wp-block-heading\">4. <strong>S\u00fahlas a kontrola (s\u00falad s predpismi E\u00da)<\/strong><\/h3>\n\n\n\n<p>Pre pou\u017e\u00edvate\u013eov v jurisdikci\u00e1ch pod\u013ea <strong>V\u0161eobecn\u00e9 nariadenie o ochrane \u00fadajov (GDPR)<\/strong>, nepodstatn\u00e9 s\u00fabory cookie sa umiest\u0148uj\u00fa iba s <strong>v\u00fdslovn\u00fd s\u00fahlas pou\u017e\u00edvate\u013ea<\/strong>.<\/p>\n\n\n\n<p>Pou\u017e\u00edvame <strong>Platforma na spr\u00e1vu s\u00fahlasov (CMP)<\/strong> na:<\/p>\n\n\n\n<ul class=\"wp-block-list\">\n<li>Zhroma\u017e\u010fovanie a ukladanie preferenci\u00ed s\u00faborov cookie<\/li>\n\n\n\n<li>Poskytnite ovl\u00e1dacie prvky pre prihl\u00e1senie\/odhl\u00e1senie<\/li>\n\n\n\n<li>Povoli\u0165 podrobn\u00fd v\u00fdber kateg\u00f3ri\u00ed s\u00faborov cookie<\/li>\n<\/ul>\n\n\n\n<p>S\u00fahlas m\u00f4\u017eete kedyko\u013evek odvola\u0165 kliknut\u00edm na tla\u010didlo \u201cNastavenia s\u00faborov cookie\u201d v p\u00e4te webovej str\u00e1nky.<\/p>\n\n\n\n<hr class=\"wp-block-separator has-alpha-channel-opacity\"\/>\n\n\n\n<h3 class=\"wp-block-heading\">5. <strong>Kalifornsk\u00e9 pr\u00e1va na ochranu osobn\u00fdch \u00fadajov (CCPA)<\/strong><\/h3>\n\n\n\n<p>Ak ste obyvate\u013eom <strong>Kalifornia<\/strong>, m\u00f4\u017eete ma\u0165 \u010fal\u0161ie pr\u00e1va pod\u013ea <strong>Kalifornsk\u00fd z\u00e1kon o ochrane s\u00fakromia spotrebite\u013eov<\/strong>, vr\u00e1tane pr\u00e1va na:<\/p>\n\n\n\n<ul class=\"wp-block-list\">\n<li>Vedie\u0165, ak\u00e9 osobn\u00e9 \u00fadaje sa zhroma\u017e\u010fuj\u00fa<\/li>\n\n\n\n<li>Odhl\u00e1senie z predaja osobn\u00fdch \u00fadajov<\/li>\n\n\n\n<li>\u017diados\u0165 o vymazanie ulo\u017een\u00fdch osobn\u00fdch \u00fadajov<\/li>\n<\/ul>\n\n\n\n<p>Ak chcete uplatni\u0165 tieto pr\u00e1va, kontaktujte n\u00e1s alebo pou\u017eite <strong>\u201cNepred\u00e1vajte moje inform\u00e1cie\u201d<\/strong> odkaz, kde je to relevantn\u00e9.<\/p>\n\n\n\n<hr class=\"wp-block-separator has-alpha-channel-opacity\"\/>\n\n\n\n<h3 class=\"wp-block-heading\">6. <strong>Spr\u00e1va s\u00faborov cookie vo va\u0161om prehliada\u010di<\/strong><\/h3>\n\n\n\n<p>Svoj prehliada\u010d m\u00f4\u017eete nakonfigurova\u0165 tak, aby:<\/p>\n\n\n\n<ul class=\"wp-block-list\">\n<li>Odmietnu\u0165 v\u0161etky alebo konkr\u00e9tne s\u00fabory cookie<\/li>\n\n\n\n<li>Upozorni\u0165 v\u00e1s na nastavenie s\u00faboru cookie<\/li>\n\n\n\n<li>Odstr\u00e1ni\u0165 ulo\u017een\u00e9 s\u00fabory cookie<\/li>\n<\/ul>\n\n\n\n<p>Podrobnosti n\u00e1jdete v dokument\u00e1cii k v\u00e1\u0161mu prehliada\u010du:<\/p>\n\n\n\n<ul class=\"wp-block-list\">\n<li><a>Google Chrome<\/a><\/li>\n\n\n\n<li><a class=\"\" href=\"https:\/\/support.mozilla.org\/en-US\/kb\/cookies-information-websites-store-on-your-computer\" target=\"_blank\" rel=\"noopener\">Mozilla Firefox<\/a><\/li>\n\n\n\n<li><a class=\"\" href=\"https:\/\/support.apple.com\/en-us\/HT201265\" target=\"_blank\" rel=\"noopener\">Safari<\/a><\/li>\n\n\n\n<li><a class=\"\" href=\"https:\/\/support.microsoft.com\/en-us\/microsoft-edge\/delete-cookies-in-microsoft-edge-63947406-40ac-c3b8-57b9-2a946a29ae09\" target=\"_blank\" rel=\"noopener\">Microsoft Edge<\/a><\/li>\n<\/ul>\n\n\n\n<hr class=\"wp-block-separator has-alpha-channel-opacity\"\/>\n\n\n\n<h3 class=\"wp-block-heading\">7. <strong>Aktualiz\u00e1cie pravidiel<\/strong><\/h3>\n\n\n\n<p>Tieto Z\u00e1sady pou\u017e\u00edvania s\u00faborov cookie m\u00f4\u017eu by\u0165 priebe\u017ene revidovan\u00e9, aby odr\u00e1\u017eali prev\u00e1dzkov\u00e9 alebo regula\u010dn\u00e9 zmeny. V\u0161etky zmeny bud\u00fa zverejnen\u00e9 na tejto str\u00e1nke s aktualizovan\u00fdm d\u00e1tumom \u00fa\u010dinnosti.<\/p>\n\n\n\n<hr class=\"wp-block-separator has-alpha-channel-opacity\"\/>\n\n\n\n<h3 class=\"wp-block-heading\">8. <strong>Kontaktn\u00e9 inform\u00e1cie<\/strong><\/h3>\n\n\n\n<p>V pr\u00edpade ot\u00e1zok alebo ob\u00e1v t\u00fdkaj\u00facich sa t\u00fdchto Z\u00e1sad pou\u017e\u00edvania s\u00faborov cookie kontaktujte:<\/p>\n\n\n\n<p><strong>T\u00edm pre dodr\u017eiavanie predpisov Likapk.com<\/strong><br>\ud83d\udce7 E-mail: <a>contact@likapk.com<\/a><\/p>","protected":false},"excerpt":{"rendered":"<p>Effective Date: May 26, 2025Domain: https:\/\/likapk.com This Cookie Policy outlines how Likapk.com (&#8220;we&#8220;, &#8220;our&#8220;, or &#8220;the Website&#8220;) utilizes cookies and [&hellip;]<\/p>\n","protected":false},"author":1,"featured_media":0,"parent":0,"menu_order":0,"comment_status":"closed","ping_status":"closed","template":"","meta":{"site-sidebar-layout":"default","site-content-layout":"","ast-site-content-layout":"default","site-content-style":"default","site-sidebar-style":"default","ast-global-header-display":"","ast-banner-title-visibility":"","ast-main-header-display":"","ast-hfb-above-header-display":"","ast-hfb-below-header-display":"","ast-hfb-mobile-header-display":"","site-post-title":"","ast-breadcrumbs-content":"","ast-featured-img":"","footer-sml-layout":"","ast-disable-related-posts":"","theme-transparent-header-meta":"","adv-header-id-meta":"","stick-header-meta":"","header-above-stick-meta":"","header-main-stick-meta":"","header-below-stick-meta":"","astra-migrate-meta-layouts":"default","ast-page-background-enabled":"default","ast-page-background-meta":{"desktop":{"background-color":"var(--ast-global-color-4)","background-image":"","background-repeat":"repeat","background-position":"center center","background-size":"auto","background-attachment":"scroll","background-type":"","background-media":"","overlay-type":"","overlay-color":"","overlay-opacity":"","overlay-gradient":""},"tablet":{"background-color":"","background-image":"","background-repeat":"repeat","background-position":"center center","background-size":"auto","background-attachment":"scroll","background-type":"","background-media":"","overlay-type":"","overlay-color":"","overlay-opacity":"","overlay-gradient":""},"mobile":{"background-color":"","background-image":"","background-repeat":"repeat","background-position":"center center","background-size":"auto","background-attachment":"scroll","background-type":"","background-media":"","overlay-type":"","overlay-color":"","overlay-opacity":"","overlay-gradient":""}},"ast-content-background-meta":{"desktop":{"background-color":"var(--ast-global-color-5)","background-image":"","background-repeat":"repeat","background-position":"center center","background-size":"auto","background-attachment":"scroll","background-type":"","background-media":"","overlay-type":"","overlay-color":"","overlay-opacity":"","overlay-gradient":""},"tablet":{"background-color":"var(--ast-global-color-5)","background-image":"","background-repeat":"repeat","background-position":"center center","background-size":"auto","background-attachment":"scroll","background-type":"","background-media":"","overlay-type":"","overlay-color":"","overlay-opacity":"","overlay-gradient":""},"mobile":{"background-color":"var(--ast-global-color-5)","background-image":"","background-repeat":"repeat","background-position":"center center","background-size":"auto","background-attachment":"scroll","background-type":"","background-media":"","overlay-type":"","overlay-color":"","overlay-opacity":"","overlay-gradient":""}},"footnotes":""},"class_list":["post-84","page","type-page","status-publish","hentry"],"_links":{"self":[{"href":"https:\/\/likapk.com\/sk\/wp-json\/wp\/v2\/pages\/84","targetHints":{"allow":["GET"]}}],"collection":[{"href":"https:\/\/likapk.com\/sk\/wp-json\/wp\/v2\/pages"}],"about":[{"href":"https:\/\/likapk.com\/sk\/wp-json\/wp\/v2\/types\/page"}],"author":[{"embeddable":true,"href":"https:\/\/likapk.com\/sk\/wp-json\/wp\/v2\/users\/1"}],"replies":[{"embeddable":true,"href":"https:\/\/likapk.com\/sk\/wp-json\/wp\/v2\/comments?post=84"}],"version-history":[{"count":1,"href":"https:\/\/likapk.com\/sk\/wp-json\/wp\/v2\/pages\/84\/revisions"}],"predecessor-version":[{"id":85,"href":"https:\/\/likapk.com\/sk\/wp-json\/wp\/v2\/pages\/84\/revisions\/85"}],"wp:attachment":[{"href":"https:\/\/likapk.com\/sk\/wp-json\/wp\/v2\/media?parent=84"}],"curies":[{"name":"pracovn\u00fd list","href":"https:\/\/api.w.org\/{rel}","templated":true}]}}