{"id":82,"date":"2025-05-26T14:54:22","date_gmt":"2025-05-26T14:54:22","guid":{"rendered":"https:\/\/likapk.com\/?page_id=82"},"modified":"2025-05-26T14:54:24","modified_gmt":"2025-05-26T14:54:24","slug":"about-us","status":"publish","type":"page","link":"https:\/\/likapk.com\/sl\/about-us\/","title":{"rendered":"O nas"},"content":{"rendered":"<h2 class=\"wp-block-heading\"><strong>Kdo smo<\/strong><\/h2>\n\n\n\n<p>Ob <strong>Likapk.com<\/strong>, verjamemo, da bi moral internet olaj\u0161ati va\u0161e \u017eivljenje \u2013 ne ote\u017eiti. Zato smo zgradili platformo, namenjeno zagotavljanju hitrih, ustreznih in privla\u010dnih vsebin o danes najbolj iskanih temah.<\/p>\n\n\n\n<p>Ne glede na to, ali raziskujete nove mobilne naprave <strong>aplikacije<\/strong>, i\u0161\u010de nasvet glede <strong>zmenki<\/strong>, izbolj\u0161anje va\u0161ega <strong>finan\u010dni<\/strong> znanje, iskanje <strong>delo<\/strong> prilo\u017enosti ali pa preprosto i\u0161\u010dete <strong>\u017eivljenjski slog<\/strong> navdih \u2013 na\u0161li ga boste tukaj.<\/p>\n\n\n\n<hr class=\"wp-block-separator has-alpha-channel-opacity\"\/>\n\n\n\n<h2 class=\"wp-block-heading\"><strong>Na\u0161e poslanstvo<\/strong><\/h2>\n\n\n\n<p>Na\u0161 cilj je poenostaviti odkrivanje informacij z organizacijo vsebine, ki je pravo\u010dasna, zaupanja vredna in prilagojena va\u0161im interesom. Brez nepotrebnega odve\u010dnega materiala. Brez motenj. Samo vrednost.<\/p>\n\n\n\n<p>Na\u0161o uredni\u0161ko strategijo vodijo podatki o uspe\u0161nosti, trendovske teme in vpogledi v vedenje uporabnikov \u2013 tako lahko objavimo to\u010dno tisto, kar ljudje i\u0161\u010dejo, ko to najbolj potrebujejo.<\/p>\n\n\n\n<hr class=\"wp-block-separator has-alpha-channel-opacity\"\/>\n\n\n\n<h2 class=\"wp-block-heading\"><strong>Kako delujemo<\/strong><\/h2>\n\n\n\n<ul class=\"wp-block-list\">\n<li>Vsak dan objavljamo \u010dlanke, ki zajemajo vsebine, ki se dobro obnesejo v ve\u010d omre\u017ejih.<\/li>\n\n\n\n<li>Na\u0161a strategija monetizacije uporablja skladne oglasne platforme, vklju\u010dno z Googlom in programskimi partnerji.<\/li>\n\n\n\n<li>Vsi oglasi so zasnovani tako, da spo\u0161tujejo uporabni\u0161ko izku\u0161njo, hkrati pa podpirajo na\u0161 model brezpla\u010dnih vsebin.<\/li>\n<\/ul>\n\n\n\n<hr class=\"wp-block-separator has-alpha-channel-opacity\"\/>\n\n\n\n<h2 class=\"wp-block-heading\"><strong>Zaupanje in preglednost<\/strong><\/h2>\n\n\n\n<p>Zavezani smo k ohranjanju transparentnosti v odnosu do na\u0161ih bralcev. \u010ceprav zaslu\u017eimo z oglasi, nikoli ne dovolimo, da komercialni interesi vplivajo na integriteto na\u0161e vsebine.<\/p>\n\n\n\n<hr class=\"wp-block-separator has-alpha-channel-opacity\"\/>\n\n\n\n<h2 class=\"wp-block-heading\"><strong>Kontaktirajte nas<\/strong><\/h2>\n\n\n\n<p>Vpra\u0161anja, povratne informacije ali poizvedbe o partnerstvu?<br>Z veseljem bomo sli\u0161ali va\u0161e mnenje. Kontaktirajte nas na:<br>\ud83d\udce7 <strong><a>contact@likapk.com<\/a><\/strong><\/p>","protected":false},"excerpt":{"rendered":"<p>Who We Are At Likapk.com, we believe that the internet should make your life easier \u2014 not harder. That\u2019s why [&hellip;]<\/p>\n","protected":false},"author":1,"featured_media":0,"parent":0,"menu_order":0,"comment_status":"closed","ping_status":"closed","template":"","meta":{"site-sidebar-layout":"default","site-content-layout":"","ast-site-content-layout":"default","site-content-style":"default","site-sidebar-style":"default","ast-global-header-display":"","ast-banner-title-visibility":"","ast-main-header-display":"","ast-hfb-above-header-display":"","ast-hfb-below-header-display":"","ast-hfb-mobile-header-display":"","site-post-title":"","ast-breadcrumbs-content":"","ast-featured-img":"","footer-sml-layout":"","ast-disable-related-posts":"","theme-transparent-header-meta":"","adv-header-id-meta":"","stick-header-meta":"","header-above-stick-meta":"","header-main-stick-meta":"","header-below-stick-meta":"","astra-migrate-meta-layouts":"default","ast-page-background-enabled":"default","ast-page-background-meta":{"desktop":{"background-color":"var(--ast-global-color-4)","background-image":"","background-repeat":"repeat","background-position":"center center","background-size":"auto","background-attachment":"scroll","background-type":"","background-media":"","overlay-type":"","overlay-color":"","overlay-opacity":"","overlay-gradient":""},"tablet":{"background-color":"","background-image":"","background-repeat":"repeat","background-position":"center center","background-size":"auto","background-attachment":"scroll","background-type":"","background-media":"","overlay-type":"","overlay-color":"","overlay-opacity":"","overlay-gradient":""},"mobile":{"background-color":"","background-image":"","background-repeat":"repeat","background-position":"center center","background-size":"auto","background-attachment":"scroll","background-type":"","background-media":"","overlay-type":"","overlay-color":"","overlay-opacity":"","overlay-gradient":""}},"ast-content-background-meta":{"desktop":{"background-color":"var(--ast-global-color-5)","background-image":"","background-repeat":"repeat","background-position":"center center","background-size":"auto","background-attachment":"scroll","background-type":"","background-media":"","overlay-type":"","overlay-color":"","overlay-opacity":"","overlay-gradient":""},"tablet":{"background-color":"var(--ast-global-color-5)","background-image":"","background-repeat":"repeat","background-position":"center center","background-size":"auto","background-attachment":"scroll","background-type":"","background-media":"","overlay-type":"","overlay-color":"","overlay-opacity":"","overlay-gradient":""},"mobile":{"background-color":"var(--ast-global-color-5)","background-image":"","background-repeat":"repeat","background-position":"center center","background-size":"auto","background-attachment":"scroll","background-type":"","background-media":"","overlay-type":"","overlay-color":"","overlay-opacity":"","overlay-gradient":""}},"footnotes":""},"class_list":["post-82","page","type-page","status-publish","hentry"],"_links":{"self":[{"href":"https:\/\/likapk.com\/sl\/wp-json\/wp\/v2\/pages\/82","targetHints":{"allow":["GET"]}}],"collection":[{"href":"https:\/\/likapk.com\/sl\/wp-json\/wp\/v2\/pages"}],"about":[{"href":"https:\/\/likapk.com\/sl\/wp-json\/wp\/v2\/types\/page"}],"author":[{"embeddable":true,"href":"https:\/\/likapk.com\/sl\/wp-json\/wp\/v2\/users\/1"}],"replies":[{"embeddable":true,"href":"https:\/\/likapk.com\/sl\/wp-json\/wp\/v2\/comments?post=82"}],"version-history":[{"count":1,"href":"https:\/\/likapk.com\/sl\/wp-json\/wp\/v2\/pages\/82\/revisions"}],"predecessor-version":[{"id":83,"href":"https:\/\/likapk.com\/sl\/wp-json\/wp\/v2\/pages\/82\/revisions\/83"}],"wp:attachment":[{"href":"https:\/\/likapk.com\/sl\/wp-json\/wp\/v2\/media?parent=82"}],"curies":[{"name":"delovni list","href":"https:\/\/api.w.org\/{rel}","templated":true}]}}