{"id":84,"date":"2025-05-26T14:59:12","date_gmt":"2025-05-26T14:59:12","guid":{"rendered":"https:\/\/likapk.com\/?page_id=84"},"modified":"2025-05-26T14:59:14","modified_gmt":"2025-05-26T14:59:14","slug":"cookie-policy","status":"publish","type":"page","link":"https:\/\/likapk.com\/sl\/cookie-policy\/","title":{"rendered":"Pravilnik o pi\u0161kotkih"},"content":{"rendered":"<p><strong>Datum veljavnosti:<\/strong> 26. maj 2025<br><strong>Domena:<\/strong> <a class=\"\" href=\"https:\/\/likapk.com\/sl\/\">https:\/\/likapk.com<\/a><\/p>\n\n\n\n<p>Ta politika pi\u0161kotkov opisuje, kako <strong>Likapk.com<\/strong> (&#8220;<strong>mi<\/strong>&#8220;, &#8220;<strong>na\u0161<\/strong>&quot; ali &quot;<strong>Spletna stran<\/strong>\u201e) uporablja pi\u0161kotke in sorodne tehnologije sledenja, ko obi\u0161\u010dete ali uporabljate na\u0161e digitalne vsebine.<\/p>\n\n\n\n<hr class=\"wp-block-separator has-alpha-channel-opacity\"\/>\n\n\n\n<h3 class=\"wp-block-heading\">1. <strong>Kaj so pi\u0161kotki?<\/strong><\/h3>\n\n\n\n<p>Pi\u0161kotki so majhne podatkovne datoteke, ki jih spletna mesta shranijo v va\u0161o napravo prek brskalnika. Te datoteke opravljajo razli\u010dne funkcije, kot so omogo\u010danje osnovnih operacij spletnega mesta, ohranjanje uporabni\u0161kih nastavitev, analiziranje prometa in prikazovanje ciljno usmerjenih oglasov.<\/p>\n\n\n\n<p>Pi\u0161kotki so lahko:<\/p>\n\n\n\n<ul class=\"wp-block-list\">\n<li><strong>Na podlagi seje<\/strong> (pote\u010dejo, ko zaprete brskalnik) ali<\/li>\n\n\n\n<li><strong>Vztrajno<\/strong> (shranjeno, dokler se ro\u010dno ne izbri\u0161e ali pote\u010de).<\/li>\n<\/ul>\n\n\n\n<hr class=\"wp-block-separator has-alpha-channel-opacity\"\/>\n\n\n\n<h3 class=\"wp-block-heading\">2. <strong>Kategorije pi\u0161kotkov, ki jih uporabljamo<\/strong><\/h3>\n\n\n\n<p>Pi\u0161kotke razvr\u0161\u010damo v naslednje kategorije:<\/p>\n\n\n\n<h4 class=\"wp-block-heading\">a. <strong>Bistveni pi\u0161kotki<\/strong><\/h4>\n\n\n\n<p>Ti pi\u0161kotki so bistveni za osnovno delovanje spletnega mesta \u2013 kot so upodabljanje strani, navigacija in varnostno preverjanje. <strong>ni mogo\u010de onemogo\u010diti<\/strong> prek na\u0161ega orodja za nastavitve pi\u0161kotkov.<\/p>\n\n\n\n<h4 class=\"wp-block-heading\">b. <strong>Analiti\u010dni pi\u0161kotki<\/strong><\/h4>\n\n\n\n<p>To nam omogo\u010da, da razumemo, kako obiskovalci uporabljajo na\u0161o spletno stran. Uporabljamo platforme za analitiko tretjih oseb (npr. <strong>Google Analytics 4<\/strong>) za oceno virov prometa, priljubljene vsebine, trajanja seje in stopnje obiskov brez obiska \u2013 kar nam pomaga izbolj\u0161ati delovanje spletnega mesta.<\/p>\n\n\n\n<h4 class=\"wp-block-heading\">pribli\u017eno <strong>Ogla\u0161evalski in sledilni pi\u0161kotki<\/strong><\/h4>\n\n\n\n<p>Uporablja se v sodelovanju s programskimi ogla\u0161evalskimi partnerji, kot so <strong>Google Upravitelj oglasov, AdSense<\/strong>in <strong>SSP-ji<\/strong>, ti pi\u0161kotki omogo\u010dajo:<\/p>\n\n\n\n<ul class=\"wp-block-list\">\n<li>Profiliranje ob\u010dinstva<\/li>\n\n\n\n<li>Ponovno ciljanje<\/li>\n\n\n\n<li>Omejitev pogostosti<\/li>\n\n\n\n<li>Sledenje med spletnimi mesti<\/li>\n<\/ul>\n\n\n\n<p>V razli\u010dnih sejah in na razli\u010dnih platformah lahko obdelujejo IP-naslove, vrste naprav in vedenjske podatke.<\/p>\n\n\n\n<h4 class=\"wp-block-heading\">d. <strong>Funkcionalni pi\u0161kotki<\/strong><\/h4>\n\n\n\n<p>Te podpirajo izbirne funkcije, kot je pomnjenje va\u0161ega \u017eelenega jezika ali na\u010dina prikaza. Brez njih so lahko nekateri elementi uporabni\u0161ke izku\u0161nje slab\u0161i.<\/p>\n\n\n\n<hr class=\"wp-block-separator has-alpha-channel-opacity\"\/>\n\n\n\n<h3 class=\"wp-block-heading\">3. <strong>Razkritje pi\u0161kotkov tretjih oseb<\/strong><\/h3>\n\n\n\n<p>Izbranim tretjim osebam dovoljujemo namestitev pi\u0161kotkov na na\u0161o spletno stran za:<\/p>\n\n\n\n<ul class=\"wp-block-list\">\n<li><strong>Prikazovanje oglasov in poro\u010danje<\/strong> (npr. Google, JoinAds, Taboola)<\/li>\n\n\n\n<li><strong>Analitika in toplotni zemljevidi<\/strong> (npr. Google Analytics, Hotjar)<\/li>\n<\/ul>\n\n\n\n<p>Te entitete obdelujejo podatke v skladu s svojimi politikami zasebnosti in lahko zdru\u017eujejo podatke iz drugih virov.<\/p>\n\n\n\n<hr class=\"wp-block-separator has-alpha-channel-opacity\"\/>\n\n\n\n<h3 class=\"wp-block-heading\">4. <strong>Soglasje in nadzor (skladnost z EU)<\/strong><\/h3>\n\n\n\n<p>Za uporabnike v jurisdikcijah pod <strong>Splo\u0161na uredba o varstvu podatkov (GDPR)<\/strong>, nebistveni pi\u0161kotki se namestijo samo z <strong>izrecno soglasje uporabnika<\/strong>.<\/p>\n\n\n\n<p>Uporabljamo <strong>Platforma za upravljanje soglasij (CMP)<\/strong> do:<\/p>\n\n\n\n<ul class=\"wp-block-list\">\n<li>Zbiranje in shranjevanje nastavitev pi\u0161kotkov<\/li>\n\n\n\n<li>Zagotovite kontrolnike za prijavo\/odjavo<\/li>\n\n\n\n<li>Dovoli podrobno izbiro kategorij pi\u0161kotkov<\/li>\n<\/ul>\n\n\n\n<p>Soglasje lahko kadar koli prekli\u010dete s klikom na \u00bbNastavitve pi\u0161kotkov\u00ab v nogi spletnega mesta.<\/p>\n\n\n\n<hr class=\"wp-block-separator has-alpha-channel-opacity\"\/>\n\n\n\n<h3 class=\"wp-block-heading\">5. <strong>Pravice do zasebnosti v Kaliforniji (CCPA)<\/strong><\/h3>\n\n\n\n<p>\u010ce ste prebivalec <strong>Kalifornija<\/strong>, imate morda dodatne pravice v skladu z <strong>Zakon o zasebnosti potro\u0161nikov v Kaliforniji<\/strong>, vklju\u010dno s pravico do:<\/p>\n\n\n\n<ul class=\"wp-block-list\">\n<li>Vedite, kateri osebni podatki se zbirajo<\/li>\n\n\n\n<li>Odjava od prodaje osebnih podatkov<\/li>\n\n\n\n<li>Zahteva za izbris shranjenih osebnih podatkov<\/li>\n<\/ul>\n\n\n\n<p>Za uveljavljanje teh pravic se obrnite na nas ali uporabite <strong>\u00bbNe prodajajte mojih podatkov\u00ab<\/strong> povezavo, kjer je to primerno.<\/p>\n\n\n\n<hr class=\"wp-block-separator has-alpha-channel-opacity\"\/>\n\n\n\n<h3 class=\"wp-block-heading\">6. <strong>Upravljanje pi\u0161kotkov v va\u0161em brskalniku<\/strong><\/h3>\n\n\n\n<p>Brskalnik lahko konfigurirate tako, da:<\/p>\n\n\n\n<ul class=\"wp-block-list\">\n<li>Zavrni vse ali dolo\u010dene pi\u0161kotke<\/li>\n\n\n\n<li>Obvesti vas, ko je pi\u0161kotek nastavljen<\/li>\n\n\n\n<li>Izbri\u0161i shranjene pi\u0161kotke<\/li>\n<\/ul>\n\n\n\n<p>Za podrobnosti glejte dokumentacijo va\u0161ega brskalnika:<\/p>\n\n\n\n<ul class=\"wp-block-list\">\n<li><a>Google Chrome<\/a><\/li>\n\n\n\n<li><a class=\"\" href=\"https:\/\/support.mozilla.org\/en-US\/kb\/cookies-information-websites-store-on-your-computer\" target=\"_blank\" rel=\"noopener\">Mozilla Firefox<\/a><\/li>\n\n\n\n<li><a class=\"\" href=\"https:\/\/support.apple.com\/en-us\/HT201265\" target=\"_blank\" rel=\"noopener\">Safari<\/a><\/li>\n\n\n\n<li><a class=\"\" href=\"https:\/\/support.microsoft.com\/en-us\/microsoft-edge\/delete-cookies-in-microsoft-edge-63947406-40ac-c3b8-57b9-2a946a29ae09\" target=\"_blank\" rel=\"noopener\">Microsoft Edge<\/a><\/li>\n<\/ul>\n\n\n\n<hr class=\"wp-block-separator has-alpha-channel-opacity\"\/>\n\n\n\n<h3 class=\"wp-block-heading\">7. <strong>Posodobitve pravilnikov<\/strong><\/h3>\n\n\n\n<p>Ta politika pi\u0161kotkov se lahko ob\u010dasno spremeni, da odra\u017ea operativne ali regulativne spremembe. Vse spremembe bodo objavljene na tej strani s posodobljenim datumom za\u010detka veljavnosti.<\/p>\n\n\n\n<hr class=\"wp-block-separator has-alpha-channel-opacity\"\/>\n\n\n\n<h3 class=\"wp-block-heading\">8. <strong>Kontaktni podatki<\/strong><\/h3>\n\n\n\n<p>Za vpra\u0161anja ali pomisleke glede te politike pi\u0161kotkov se obrnite na:<\/p>\n\n\n\n<p><strong>Ekipa za skladnost Likapk.com<\/strong><br>\ud83d\udce7 E-po\u0161ta: <a>contact@likapk.com<\/a><\/p>","protected":false},"excerpt":{"rendered":"<p>Effective Date: May 26, 2025Domain: https:\/\/likapk.com This Cookie Policy outlines how Likapk.com (&#8220;we&#8220;, &#8220;our&#8220;, or &#8220;the Website&#8220;) utilizes cookies and [&hellip;]<\/p>\n","protected":false},"author":1,"featured_media":0,"parent":0,"menu_order":0,"comment_status":"closed","ping_status":"closed","template":"","meta":{"site-sidebar-layout":"default","site-content-layout":"","ast-site-content-layout":"default","site-content-style":"default","site-sidebar-style":"default","ast-global-header-display":"","ast-banner-title-visibility":"","ast-main-header-display":"","ast-hfb-above-header-display":"","ast-hfb-below-header-display":"","ast-hfb-mobile-header-display":"","site-post-title":"","ast-breadcrumbs-content":"","ast-featured-img":"","footer-sml-layout":"","ast-disable-related-posts":"","theme-transparent-header-meta":"","adv-header-id-meta":"","stick-header-meta":"","header-above-stick-meta":"","header-main-stick-meta":"","header-below-stick-meta":"","astra-migrate-meta-layouts":"default","ast-page-background-enabled":"default","ast-page-background-meta":{"desktop":{"background-color":"var(--ast-global-color-4)","background-image":"","background-repeat":"repeat","background-position":"center center","background-size":"auto","background-attachment":"scroll","background-type":"","background-media":"","overlay-type":"","overlay-color":"","overlay-opacity":"","overlay-gradient":""},"tablet":{"background-color":"","background-image":"","background-repeat":"repeat","background-position":"center center","background-size":"auto","background-attachment":"scroll","background-type":"","background-media":"","overlay-type":"","overlay-color":"","overlay-opacity":"","overlay-gradient":""},"mobile":{"background-color":"","background-image":"","background-repeat":"repeat","background-position":"center center","background-size":"auto","background-attachment":"scroll","background-type":"","background-media":"","overlay-type":"","overlay-color":"","overlay-opacity":"","overlay-gradient":""}},"ast-content-background-meta":{"desktop":{"background-color":"var(--ast-global-color-5)","background-image":"","background-repeat":"repeat","background-position":"center center","background-size":"auto","background-attachment":"scroll","background-type":"","background-media":"","overlay-type":"","overlay-color":"","overlay-opacity":"","overlay-gradient":""},"tablet":{"background-color":"var(--ast-global-color-5)","background-image":"","background-repeat":"repeat","background-position":"center center","background-size":"auto","background-attachment":"scroll","background-type":"","background-media":"","overlay-type":"","overlay-color":"","overlay-opacity":"","overlay-gradient":""},"mobile":{"background-color":"var(--ast-global-color-5)","background-image":"","background-repeat":"repeat","background-position":"center center","background-size":"auto","background-attachment":"scroll","background-type":"","background-media":"","overlay-type":"","overlay-color":"","overlay-opacity":"","overlay-gradient":""}},"footnotes":""},"class_list":["post-84","page","type-page","status-publish","hentry"],"_links":{"self":[{"href":"https:\/\/likapk.com\/sl\/wp-json\/wp\/v2\/pages\/84","targetHints":{"allow":["GET"]}}],"collection":[{"href":"https:\/\/likapk.com\/sl\/wp-json\/wp\/v2\/pages"}],"about":[{"href":"https:\/\/likapk.com\/sl\/wp-json\/wp\/v2\/types\/page"}],"author":[{"embeddable":true,"href":"https:\/\/likapk.com\/sl\/wp-json\/wp\/v2\/users\/1"}],"replies":[{"embeddable":true,"href":"https:\/\/likapk.com\/sl\/wp-json\/wp\/v2\/comments?post=84"}],"version-history":[{"count":1,"href":"https:\/\/likapk.com\/sl\/wp-json\/wp\/v2\/pages\/84\/revisions"}],"predecessor-version":[{"id":85,"href":"https:\/\/likapk.com\/sl\/wp-json\/wp\/v2\/pages\/84\/revisions\/85"}],"wp:attachment":[{"href":"https:\/\/likapk.com\/sl\/wp-json\/wp\/v2\/media?parent=84"}],"curies":[{"name":"delovni list","href":"https:\/\/api.w.org\/{rel}","templated":true}]}}