{"id":82,"date":"2025-05-26T14:54:22","date_gmt":"2025-05-26T14:54:22","guid":{"rendered":"https:\/\/likapk.com\/?page_id=82"},"modified":"2025-05-26T14:54:24","modified_gmt":"2025-05-26T14:54:24","slug":"about-us","status":"publish","type":"page","link":"https:\/\/likapk.com\/sv\/about-us\/","title":{"rendered":"Om oss"},"content":{"rendered":"<h2 class=\"wp-block-heading\"><strong>Vilka vi \u00e4r<\/strong><\/h2>\n\n\n\n<p>P\u00e5 <strong>Likapk.com<\/strong>Vi tror att internet ska g\u00f6ra ditt liv enklare \u2013 inte sv\u00e5rare. D\u00e4rf\u00f6r har vi byggt en plattform som \u00e4r dedikerad till att leverera snabbt, relevant och engagerande inneh\u00e5ll inom dagens mest efterfr\u00e5gade \u00e4mnen.<\/p>\n\n\n\n<p>Oavsett om du utforskar nya mobila <strong>appar<\/strong>, s\u00f6ker r\u00e5d om <strong>dejting<\/strong>, f\u00f6rb\u00e4ttra din <strong>finansiell<\/strong> kunskap, s\u00f6ker efter <strong>jobb<\/strong> m\u00f6jligheter, eller bara letar efter enkla <strong>livsstil<\/strong> inspiration \u2013 du hittar den h\u00e4r.<\/p>\n\n\n\n<hr class=\"wp-block-separator has-alpha-channel-opacity\"\/>\n\n\n\n<h2 class=\"wp-block-heading\"><strong>V\u00e5rt uppdrag<\/strong><\/h2>\n\n\n\n<p>Vi str\u00e4var efter att f\u00f6renkla informationss\u00f6kningen genom att organisera inneh\u00e5ll som \u00e4r aktuellt, p\u00e5litligt och anpassat efter dina intressen. Inget kr\u00e5ngel. Inga distraktioner. Bara v\u00e4rde.<\/p>\n\n\n\n<p>V\u00e5r redaktionella strategi styrs av prestationsdata, trendande \u00e4mnen och insikter om anv\u00e4ndarbeteende \u2013 s\u00e5 att vi kan publicera exakt vad folk letar efter, n\u00e4r de beh\u00f6ver det som mest.<\/p>\n\n\n\n<hr class=\"wp-block-separator has-alpha-channel-opacity\"\/>\n\n\n\n<h2 class=\"wp-block-heading\"><strong>Hur vi arbetar<\/strong><\/h2>\n\n\n\n<ul class=\"wp-block-list\">\n<li>Vi publicerar artiklar dagligen, inneh\u00e5ll som presterar bra i flera n\u00e4tverk.<\/li>\n\n\n\n<li>V\u00e5r int\u00e4ktsgenereringsstrategi anv\u00e4nder annonsplattformar som f\u00f6ljer reglerna, inklusive Google och programmatiska partners.<\/li>\n\n\n\n<li>All reklam \u00e4r utformad f\u00f6r att respektera anv\u00e4ndarupplevelsen samtidigt som den st\u00f6der v\u00e5r modell f\u00f6r gratis inneh\u00e5ll.<\/li>\n<\/ul>\n\n\n\n<hr class=\"wp-block-separator has-alpha-channel-opacity\"\/>\n\n\n\n<h2 class=\"wp-block-heading\"><strong>F\u00f6rtroende och transparens<\/strong><\/h2>\n\n\n\n<p>Vi str\u00e4var efter att uppr\u00e4tth\u00e5lla transparens gentemot v\u00e5ra l\u00e4sare. \u00c4ven om vi tj\u00e4nar int\u00e4kter genom annonser, l\u00e5ter vi aldrig kommersiella intressen p\u00e5verka v\u00e5r inneh\u00e5llsintegritet.<\/p>\n\n\n\n<hr class=\"wp-block-separator has-alpha-channel-opacity\"\/>\n\n\n\n<h2 class=\"wp-block-heading\"><strong>Kontakta oss<\/strong><\/h2>\n\n\n\n<p>Fr\u00e5gor, feedback eller f\u00f6rfr\u00e5gningar om partnerskap?<br>Vi vill g\u00e4rna h\u00f6ra fr\u00e5n dig. Kontakta oss p\u00e5:<br>\ud83d\udce7 <strong><a>contact@likapk.com<\/a><\/strong><\/p>","protected":false},"excerpt":{"rendered":"<p>Who We Are At Likapk.com, we believe that the internet should make your life easier \u2014 not harder. That\u2019s why [&hellip;]<\/p>\n","protected":false},"author":1,"featured_media":0,"parent":0,"menu_order":0,"comment_status":"closed","ping_status":"closed","template":"","meta":{"site-sidebar-layout":"default","site-content-layout":"","ast-site-content-layout":"default","site-content-style":"default","site-sidebar-style":"default","ast-global-header-display":"","ast-banner-title-visibility":"","ast-main-header-display":"","ast-hfb-above-header-display":"","ast-hfb-below-header-display":"","ast-hfb-mobile-header-display":"","site-post-title":"","ast-breadcrumbs-content":"","ast-featured-img":"","footer-sml-layout":"","ast-disable-related-posts":"","theme-transparent-header-meta":"","adv-header-id-meta":"","stick-header-meta":"","header-above-stick-meta":"","header-main-stick-meta":"","header-below-stick-meta":"","astra-migrate-meta-layouts":"default","ast-page-background-enabled":"default","ast-page-background-meta":{"desktop":{"background-color":"var(--ast-global-color-4)","background-image":"","background-repeat":"repeat","background-position":"center center","background-size":"auto","background-attachment":"scroll","background-type":"","background-media":"","overlay-type":"","overlay-color":"","overlay-opacity":"","overlay-gradient":""},"tablet":{"background-color":"","background-image":"","background-repeat":"repeat","background-position":"center center","background-size":"auto","background-attachment":"scroll","background-type":"","background-media":"","overlay-type":"","overlay-color":"","overlay-opacity":"","overlay-gradient":""},"mobile":{"background-color":"","background-image":"","background-repeat":"repeat","background-position":"center center","background-size":"auto","background-attachment":"scroll","background-type":"","background-media":"","overlay-type":"","overlay-color":"","overlay-opacity":"","overlay-gradient":""}},"ast-content-background-meta":{"desktop":{"background-color":"var(--ast-global-color-5)","background-image":"","background-repeat":"repeat","background-position":"center center","background-size":"auto","background-attachment":"scroll","background-type":"","background-media":"","overlay-type":"","overlay-color":"","overlay-opacity":"","overlay-gradient":""},"tablet":{"background-color":"var(--ast-global-color-5)","background-image":"","background-repeat":"repeat","background-position":"center center","background-size":"auto","background-attachment":"scroll","background-type":"","background-media":"","overlay-type":"","overlay-color":"","overlay-opacity":"","overlay-gradient":""},"mobile":{"background-color":"var(--ast-global-color-5)","background-image":"","background-repeat":"repeat","background-position":"center center","background-size":"auto","background-attachment":"scroll","background-type":"","background-media":"","overlay-type":"","overlay-color":"","overlay-opacity":"","overlay-gradient":""}},"footnotes":""},"class_list":["post-82","page","type-page","status-publish","hentry"],"_links":{"self":[{"href":"https:\/\/likapk.com\/sv\/wp-json\/wp\/v2\/pages\/82","targetHints":{"allow":["GET"]}}],"collection":[{"href":"https:\/\/likapk.com\/sv\/wp-json\/wp\/v2\/pages"}],"about":[{"href":"https:\/\/likapk.com\/sv\/wp-json\/wp\/v2\/types\/page"}],"author":[{"embeddable":true,"href":"https:\/\/likapk.com\/sv\/wp-json\/wp\/v2\/users\/1"}],"replies":[{"embeddable":true,"href":"https:\/\/likapk.com\/sv\/wp-json\/wp\/v2\/comments?post=82"}],"version-history":[{"count":1,"href":"https:\/\/likapk.com\/sv\/wp-json\/wp\/v2\/pages\/82\/revisions"}],"predecessor-version":[{"id":83,"href":"https:\/\/likapk.com\/sv\/wp-json\/wp\/v2\/pages\/82\/revisions\/83"}],"wp:attachment":[{"href":"https:\/\/likapk.com\/sv\/wp-json\/wp\/v2\/media?parent=82"}],"curies":[{"name":"wp","href":"https:\/\/api.w.org\/{rel}","templated":true}]}}