{"id":13,"date":"2025-04-09T15:13:09","date_gmt":"2025-04-09T15:13:09","guid":{"rendered":"https:\/\/likapk.com\/?page_id=13"},"modified":"2025-04-09T15:13:11","modified_gmt":"2025-04-09T15:13:11","slug":"terms-of-service","status":"publish","type":"page","link":"https:\/\/likapk.com\/vi\/terms-of-service\/","title":{"rendered":"\u0110i\u1ec1u kho\u1ea3n d\u1ecbch v\u1ee5"},"content":{"rendered":"<h3 class=\"wp-block-heading\">1. Thu\u1eadt ng\u1eef<\/h3>\n\n\n\n<p>B\u1eb1ng c\u00e1ch truy c\u1eadp trang web t\u1ea1i <a href=\"https:\/\/likapk.com\/vi\/\">likapk<\/a> B\u1eb1ng c\u00e1ch s\u1eed d\u1ee5ng trang web n\u00e0y, b\u1ea1n \u0111\u1ed3ng \u00fd ch\u1ecbu r\u00e0ng bu\u1ed9c b\u1edfi c\u00e1c \u0111i\u1ec1u kho\u1ea3n d\u1ecbch v\u1ee5 n\u00e0y, t\u1ea5t c\u1ea3 c\u00e1c lu\u1eadt v\u00e0 quy \u0111\u1ecbnh hi\u1ec7n h\u00e0nh, v\u00e0 \u0111\u1ed3ng \u00fd r\u1eb1ng b\u1ea1n ch\u1ecbu tr\u00e1ch nhi\u1ec7m tu\u00e2n th\u1ee7 m\u1ecdi lu\u1eadt \u0111\u1ecba ph\u01b0\u01a1ng hi\u1ec7n h\u00e0nh. N\u1ebfu b\u1ea1n kh\u00f4ng \u0111\u1ed3ng \u00fd v\u1edbi b\u1ea5t k\u1ef3 \u0111i\u1ec1u kho\u1ea3n n\u00e0o trong s\u1ed1 n\u00e0y, b\u1ea1n b\u1ecb c\u1ea5m s\u1eed d\u1ee5ng ho\u1eb7c truy c\u1eadp trang web n\u00e0y. C\u00e1c t\u00e0i li\u1ec7u c\u00f3 trong trang web n\u00e0y \u0111\u01b0\u1ee3c b\u1ea3o v\u1ec7 b\u1edfi lu\u1eadt b\u1ea3n quy\u1ec1n v\u00e0 lu\u1eadt th\u01b0\u01a1ng hi\u1ec7u hi\u1ec7n h\u00e0nh.<\/p>\n\n\n\n<h3 class=\"wp-block-heading\">2. Gi\u1ea5y ph\u00e9p s\u1eed d\u1ee5ng<\/h3>\n\n\n\n<ol class=\"wp-block-list\">\n<li>B\u1ea1n \u0111\u01b0\u1ee3c ph\u00e9p t\u1ea1m th\u1eddi t\u1ea3i xu\u1ed1ng m\u1ed9t b\u1ea3n sao t\u00e0i li\u1ec7u (th\u00f4ng tin ho\u1eb7c ph\u1ea7n m\u1ec1m) tr\u00ean trang web c\u1ee7a likapk ch\u1ec9 \u0111\u1ec3 xem t\u1ea1m th\u1eddi, ph\u1ee5c v\u1ee5 m\u1ee5c \u0111\u00edch c\u00e1 nh\u00e2n v\u00e0 phi th\u01b0\u01a1ng m\u1ea1i. \u0110\u00e2y l\u00e0 vi\u1ec7c c\u1ea5p ph\u00e9p s\u1eed d\u1ee5ng, kh\u00f4ng ph\u1ea3i chuy\u1ec3n giao quy\u1ec1n s\u1edf h\u1eefu, v\u00e0 theo gi\u1ea5y ph\u00e9p n\u00e0y, b\u1ea1n kh\u00f4ng \u0111\u01b0\u1ee3c ph\u00e9p:<\/li>\n\n\n\n<li>Ch\u1ec9nh s\u1eeda ho\u1eb7c sao ch\u00e9p t\u00e0i li\u1ec7u;<\/li>\n\n\n\n<li>Kh\u00f4ng \u0111\u01b0\u1ee3c s\u1eed d\u1ee5ng c\u00e1c t\u00e0i li\u1ec7u n\u00e0y cho b\u1ea5t k\u1ef3 m\u1ee5c \u0111\u00edch th\u01b0\u01a1ng m\u1ea1i n\u00e0o, ho\u1eb7c \u0111\u1ec3 tr\u01b0ng b\u00e0y c\u00f4ng khai (th\u01b0\u01a1ng m\u1ea1i ho\u1eb7c phi th\u01b0\u01a1ng m\u1ea1i);<\/li>\n\n\n\n<li>C\u1ed1 g\u1eafng d\u1ecbch ng\u01b0\u1ee3c ho\u1eb7c ph\u00e2n t\u00edch m\u00e3 ngu\u1ed3n b\u1ea5t k\u1ef3 ph\u1ea7n m\u1ec1m n\u00e0o c\u00f3 tr\u00ean trang web likapk;<\/li>\n\n\n\n<li>X\u00f3a b\u1ecf m\u1ecdi th\u00f4ng b\u00e1o b\u1ea3n quy\u1ec1n ho\u1eb7c th\u00f4ng b\u00e1o s\u1edf h\u1eefu kh\u00e1c kh\u1ecfi t\u00e0i li\u1ec7u; ho\u1eb7c<\/li>\n\n\n\n<li>Chuy\u1ec3n giao t\u00e0i li\u1ec7u cho ng\u01b0\u1eddi kh\u00e1c ho\u1eb7c sao ch\u00e9p t\u00e0i li\u1ec7u sang b\u1ea5t k\u1ef3 m\u00e1y ch\u1ee7 n\u00e0o kh\u00e1c.<\/li>\n\n\n\n<li>Gi\u1ea5y ph\u00e9p n\u00e0y s\u1ebd t\u1ef1 \u0111\u1ed9ng ch\u1ea5m d\u1ee9t n\u1ebfu b\u1ea1n vi ph\u1ea1m b\u1ea5t k\u1ef3 \u0111i\u1ec1u kho\u1ea3n h\u1ea1n ch\u1ebf n\u00e0o trong s\u1ed1 n\u00e0y v\u00e0 c\u00f3 th\u1ec3 b\u1ecb likapk ch\u1ea5m d\u1ee9t b\u1ea5t c\u1ee9 l\u00fac n\u00e0o. Khi b\u1ea1n ng\u1eebng xem c\u00e1c t\u00e0i li\u1ec7u n\u00e0y ho\u1eb7c khi gi\u1ea5y ph\u00e9p n\u00e0y ch\u1ea5m d\u1ee9t, b\u1ea1n ph\u1ea3i h\u1ee7y b\u1ecf m\u1ecdi t\u00e0i li\u1ec7u \u0111\u00e3 t\u1ea3i xu\u1ed1ng m\u00e0 b\u1ea1n \u0111ang s\u1edf h\u1eefu, d\u00f9 \u1edf \u0111\u1ecbnh d\u1ea1ng \u0111i\u1ec7n t\u1eed hay in \u1ea5n.<\/li>\n<\/ol>\n\n\n\n<h3 class=\"wp-block-heading\">3. Tuy\u00ean b\u1ed1 mi\u1ec5n tr\u1eeb tr\u00e1ch nhi\u1ec7m<\/h3>\n\n\n\n<ol class=\"wp-block-list\">\n<li>C\u00e1c t\u00e0i li\u1ec7u tr\u00ean trang web c\u1ee7a likapk \u0111\u01b0\u1ee3c cung c\u1ea5p tr\u00ean c\u01a1 s\u1edf &quot;nguy\u00ean tr\u1ea1ng&quot;. likapk kh\u00f4ng \u0111\u01b0a ra b\u1ea5t k\u1ef3 b\u1ea3o \u0111\u1ea3m n\u00e0o, d\u00f9 r\u00f5 r\u00e0ng hay ng\u1ee5 \u00fd, v\u00e0 theo \u0111\u00e2y t\u1eeb ch\u1ed1i v\u00e0 b\u00e1c b\u1ecf t\u1ea5t c\u1ea3 c\u00e1c b\u1ea3o \u0111\u1ea3m kh\u00e1c, bao g\u1ed3m nh\u01b0ng kh\u00f4ng gi\u1edbi h\u1ea1n \u1edf c\u00e1c b\u1ea3o \u0111\u1ea3m ho\u1eb7c \u0111i\u1ec1u ki\u1ec7n ng\u1ee5 \u00fd v\u1ec1 kh\u1ea3 n\u0103ng b\u00e1n \u0111\u01b0\u1ee3c, s\u1ef1 ph\u00f9 h\u1ee3p cho m\u1ee5c \u0111\u00edch c\u1ee5 th\u1ec3 ho\u1eb7c kh\u00f4ng vi ph\u1ea1m quy\u1ec1n s\u1edf h\u1eefu tr\u00ed tu\u1ec7 ho\u1eb7c c\u00e1c vi ph\u1ea1m quy\u1ec1n kh\u00e1c.<\/li>\n\n\n\n<li>H\u01a1n n\u1eefa, likapk kh\u00f4ng \u0111\u1ea3m b\u1ea3o ho\u1eb7c \u0111\u01b0a ra b\u1ea5t k\u1ef3 tuy\u00ean b\u1ed1 n\u00e0o v\u1ec1 t\u00ednh ch\u00ednh x\u00e1c, k\u1ebft qu\u1ea3 c\u00f3 th\u1ec3 x\u1ea3y ra ho\u1eb7c \u0111\u1ed9 tin c\u1eady c\u1ee7a vi\u1ec7c s\u1eed d\u1ee5ng c\u00e1c t\u00e0i li\u1ec7u tr\u00ean trang web c\u1ee7a m\u00ecnh ho\u1eb7c li\u00ean quan \u0111\u1ebfn c\u00e1c t\u00e0i li\u1ec7u \u0111\u00f3 ho\u1eb7c tr\u00ean b\u1ea5t k\u1ef3 trang web n\u00e0o \u0111\u01b0\u1ee3c li\u00ean k\u1ebft v\u1edbi trang web n\u00e0y.<\/li>\n<\/ol>\n\n\n\n<h3 class=\"wp-block-heading\">4. H\u1ea1n ch\u1ebf<\/h3>\n\n\n\n<p>Trong m\u1ecdi tr\u01b0\u1eddng h\u1ee3p, likapk ho\u1eb7c c\u00e1c nh\u00e0 cung c\u1ea5p c\u1ee7a likapk s\u1ebd kh\u00f4ng ch\u1ecbu tr\u00e1ch nhi\u1ec7m \u0111\u1ed1i v\u1edbi b\u1ea5t k\u1ef3 thi\u1ec7t h\u1ea1i n\u00e0o (bao g\u1ed3m, nh\u01b0ng kh\u00f4ng gi\u1edbi h\u1ea1n, thi\u1ec7t h\u1ea1i do m\u1ea5t d\u1eef li\u1ec7u ho\u1eb7c l\u1ee3i nhu\u1eadn, ho\u1eb7c do gi\u00e1n \u0111o\u1ea1n kinh doanh) ph\u00e1t sinh t\u1eeb vi\u1ec7c s\u1eed d\u1ee5ng ho\u1eb7c kh\u00f4ng th\u1ec3 s\u1eed d\u1ee5ng c\u00e1c t\u00e0i li\u1ec7u tr\u00ean trang web c\u1ee7a likapk, ngay c\u1ea3 khi likapk ho\u1eb7c \u0111\u1ea1i di\u1ec7n \u0111\u01b0\u1ee3c \u1ee7y quy\u1ec1n c\u1ee7a likapk \u0111\u00e3 \u0111\u01b0\u1ee3c th\u00f4ng b\u00e1o b\u1eb1ng l\u1eddi n\u00f3i ho\u1eb7c b\u1eb1ng v\u0103n b\u1ea3n v\u1ec1 kh\u1ea3 n\u0103ng x\u1ea3y ra thi\u1ec7t h\u1ea1i \u0111\u00f3. V\u00ec m\u1ed9t s\u1ed1 khu v\u1ef1c ph\u00e1p l\u00fd kh\u00f4ng cho ph\u00e9p gi\u1edbi h\u1ea1n \u0111\u1ed1i v\u1edbi c\u00e1c b\u1ea3o h\u00e0nh ng\u1ea7m \u0111\u1ecbnh ho\u1eb7c gi\u1edbi h\u1ea1n tr\u00e1ch nhi\u1ec7m \u0111\u1ed1i v\u1edbi thi\u1ec7t h\u1ea1i gi\u00e1n ti\u1ebfp ho\u1eb7c ng\u1eabu nhi\u00ean, n\u00ean c\u00e1c gi\u1edbi h\u1ea1n n\u00e0y c\u00f3 th\u1ec3 kh\u00f4ng \u00e1p d\u1ee5ng cho b\u1ea1n.<\/p>\n\n\n\n<h3 class=\"wp-block-heading\">5. \u0110\u1ed9 ch\u00ednh x\u00e1c c\u1ee7a v\u1eadt li\u1ec7u<\/h3>\n\n\n\n<p>C\u00e1c n\u1ed9i dung xu\u1ea5t hi\u1ec7n tr\u00ean trang web c\u1ee7a likapk c\u00f3 th\u1ec3 ch\u1ee9a l\u1ed7i k\u1ef9 thu\u1eadt, l\u1ed7i ch\u00ednh t\u1ea3 ho\u1eb7c l\u1ed7i h\u00ecnh \u1ea3nh. likapk kh\u00f4ng \u0111\u1ea3m b\u1ea3o r\u1eb1ng b\u1ea5t k\u1ef3 n\u1ed9i dung n\u00e0o tr\u00ean trang web c\u1ee7a m\u00ecnh l\u00e0 ch\u00ednh x\u00e1c, \u0111\u1ea7y \u0111\u1ee7 ho\u1eb7c c\u1eadp nh\u1eadt. likapk c\u00f3 th\u1ec3 thay \u0111\u1ed5i n\u1ed9i dung tr\u00ean trang web c\u1ee7a m\u00ecnh b\u1ea5t c\u1ee9 l\u00fac n\u00e0o m\u00e0 kh\u00f4ng c\u1ea7n th\u00f4ng b\u00e1o. Tuy nhi\u00ean, likapk kh\u00f4ng cam k\u1ebft c\u1eadp nh\u1eadt c\u00e1c n\u1ed9i dung \u0111\u00f3.<\/p>\n\n\n\n<h3 class=\"wp-block-heading\">6. Li\u00ean k\u1ebft<\/h3>\n\n\n\n<p>likapk ch\u01b0a xem x\u00e9t t\u1ea5t c\u1ea3 c\u00e1c trang web \u0111\u01b0\u1ee3c li\u00ean k\u1ebft \u0111\u1ebfn trang web c\u1ee7a m\u00ecnh v\u00e0 kh\u00f4ng ch\u1ecbu tr\u00e1ch nhi\u1ec7m v\u1ec1 n\u1ed9i dung c\u1ee7a b\u1ea5t k\u1ef3 trang web li\u00ean k\u1ebft n\u00e0o nh\u01b0 v\u1eady. Vi\u1ec7c bao g\u1ed3m b\u1ea5t k\u1ef3 li\u00ean k\u1ebft n\u00e0o kh\u00f4ng ng\u1ee5 \u00fd s\u1ef1 t\u00e1n th\u00e0nh c\u1ee7a likapk \u0111\u1ed1i v\u1edbi trang web \u0111\u00f3. Vi\u1ec7c s\u1eed d\u1ee5ng b\u1ea5t k\u1ef3 trang web li\u00ean k\u1ebft n\u00e0o nh\u01b0 v\u1eady l\u00e0 do ng\u01b0\u1eddi d\u00f9ng t\u1ef1 ch\u1ecbu r\u1ee7i ro.<\/p>\n\n\n\n<h3 class=\"wp-block-heading\">7. C\u00e1c s\u1eeda \u0111\u1ed5i<\/h3>\n\n\n\n<p>likapk c\u00f3 th\u1ec3 s\u1eeda \u0111\u1ed5i c\u00e1c \u0111i\u1ec1u kho\u1ea3n d\u1ecbch v\u1ee5 n\u00e0y cho trang web c\u1ee7a m\u00ecnh b\u1ea5t c\u1ee9 l\u00fac n\u00e0o m\u00e0 kh\u00f4ng c\u1ea7n th\u00f4ng b\u00e1o. B\u1eb1ng c\u00e1ch s\u1eed d\u1ee5ng trang web n\u00e0y, b\u1ea1n \u0111\u1ed3ng \u00fd b\u1ecb r\u00e0ng bu\u1ed9c b\u1edfi phi\u00ean b\u1ea3n hi\u1ec7n h\u00e0nh c\u1ee7a c\u00e1c \u0111i\u1ec1u kho\u1ea3n d\u1ecbch v\u1ee5 n\u00e0y.<\/p>\n\n\n\n<h3 class=\"wp-block-heading\">8. Lu\u1eadt \u0111i\u1ec1u ch\u1ec9nh<\/h3>\n\n\n\n<p>C\u00e1c \u0111i\u1ec1u kho\u1ea3n v\u00e0 \u0111i\u1ec1u ki\u1ec7n n\u00e0y \u0111\u01b0\u1ee3c \u0111i\u1ec1u ch\u1ec9nh v\u00e0 gi\u1ea3i th\u00edch theo lu\u1eadt c\u1ee7a likapk v\u00e0 b\u1ea1n kh\u00f4ng th\u1ec3 h\u1ee7y b\u1ecf vi\u1ec7c ch\u1ea5p nh\u1eadn th\u1ea9m quy\u1ec1n \u0111\u1ed9c quy\u1ec1n c\u1ee7a c\u00e1c t\u00f2a \u00e1n t\u1ea1i ti\u1ec3u bang ho\u1eb7c \u0111\u1ecba \u0111i\u1ec3m \u0111\u00f3.<\/p>","protected":false},"excerpt":{"rendered":"<p>1. Terms By accessing the website at likapk you are agreeing to be bound by these terms of service, all [&hellip;]<\/p>\n","protected":false},"author":1,"featured_media":0,"parent":0,"menu_order":0,"comment_status":"closed","ping_status":"closed","template":"","meta":{"site-sidebar-layout":"default","site-content-layout":"","ast-site-content-layout":"default","site-content-style":"default","site-sidebar-style":"default","ast-global-header-display":"","ast-banner-title-visibility":"","ast-main-header-display":"","ast-hfb-above-header-display":"","ast-hfb-below-header-display":"","ast-hfb-mobile-header-display":"","site-post-title":"","ast-breadcrumbs-content":"","ast-featured-img":"","footer-sml-layout":"","ast-disable-related-posts":"","theme-transparent-header-meta":"","adv-header-id-meta":"","stick-header-meta":"","header-above-stick-meta":"","header-main-stick-meta":"","header-below-stick-meta":"","astra-migrate-meta-layouts":"default","ast-page-background-enabled":"default","ast-page-background-meta":{"desktop":{"background-color":"var(--ast-global-color-4)","background-image":"","background-repeat":"repeat","background-position":"center center","background-size":"auto","background-attachment":"scroll","background-type":"","background-media":"","overlay-type":"","overlay-color":"","overlay-opacity":"","overlay-gradient":""},"tablet":{"background-color":"","background-image":"","background-repeat":"repeat","background-position":"center center","background-size":"auto","background-attachment":"scroll","background-type":"","background-media":"","overlay-type":"","overlay-color":"","overlay-opacity":"","overlay-gradient":""},"mobile":{"background-color":"","background-image":"","background-repeat":"repeat","background-position":"center center","background-size":"auto","background-attachment":"scroll","background-type":"","background-media":"","overlay-type":"","overlay-color":"","overlay-opacity":"","overlay-gradient":""}},"ast-content-background-meta":{"desktop":{"background-color":"var(--ast-global-color-5)","background-image":"","background-repeat":"repeat","background-position":"center center","background-size":"auto","background-attachment":"scroll","background-type":"","background-media":"","overlay-type":"","overlay-color":"","overlay-opacity":"","overlay-gradient":""},"tablet":{"background-color":"var(--ast-global-color-5)","background-image":"","background-repeat":"repeat","background-position":"center center","background-size":"auto","background-attachment":"scroll","background-type":"","background-media":"","overlay-type":"","overlay-color":"","overlay-opacity":"","overlay-gradient":""},"mobile":{"background-color":"var(--ast-global-color-5)","background-image":"","background-repeat":"repeat","background-position":"center center","background-size":"auto","background-attachment":"scroll","background-type":"","background-media":"","overlay-type":"","overlay-color":"","overlay-opacity":"","overlay-gradient":""}},"footnotes":""},"class_list":["post-13","page","type-page","status-publish","hentry"],"_links":{"self":[{"href":"https:\/\/likapk.com\/vi\/wp-json\/wp\/v2\/pages\/13","targetHints":{"allow":["GET"]}}],"collection":[{"href":"https:\/\/likapk.com\/vi\/wp-json\/wp\/v2\/pages"}],"about":[{"href":"https:\/\/likapk.com\/vi\/wp-json\/wp\/v2\/types\/page"}],"author":[{"embeddable":true,"href":"https:\/\/likapk.com\/vi\/wp-json\/wp\/v2\/users\/1"}],"replies":[{"embeddable":true,"href":"https:\/\/likapk.com\/vi\/wp-json\/wp\/v2\/comments?post=13"}],"version-history":[{"count":1,"href":"https:\/\/likapk.com\/vi\/wp-json\/wp\/v2\/pages\/13\/revisions"}],"predecessor-version":[{"id":15,"href":"https:\/\/likapk.com\/vi\/wp-json\/wp\/v2\/pages\/13\/revisions\/15"}],"wp:attachment":[{"href":"https:\/\/likapk.com\/vi\/wp-json\/wp\/v2\/media?parent=13"}],"curies":[{"name":"trang web","href":"https:\/\/api.w.org\/{rel}","templated":true}]}}