{"id":518,"date":"2025-12-04T19:53:00","date_gmt":"2025-12-04T19:53:00","guid":{"rendered":"https:\/\/likapk.com\/?page_id=518"},"modified":"2025-12-05T19:19:10","modified_gmt":"2025-12-05T19:19:10","slug":"play-do-you-really-know-the-story-of-jesus","status":"publish","type":"page","link":"https:\/\/likapk.com\/vi\/play-do-you-really-know-the-story-of-jesus\/","title":{"rendered":"Ch\u01a1i \u2013 B\u1ea1n c\u00f3 th\u1ef1c s\u1ef1 bi\u1ebft c\u00e2u chuy\u1ec7n v\u1ec1 Ch\u00faa Jesus kh\u00f4ng?"},"content":{"rendered":"<div data-elementor-type=\"wp-page\" data-elementor-id=\"518\" class=\"elementor elementor-518\">\n\t\t\t\t\t\t<section class=\"elementor-section elementor-top-section elementor-element elementor-element-2546495c elementor-section-boxed elementor-section-height-default elementor-section-height-default\" data-id=\"2546495c\" data-element_type=\"section\" data-e-type=\"section\" data-settings=\"{&quot;background_background&quot;:&quot;classic&quot;}\">\n\t\t\t\t\t\t<div class=\"elementor-container elementor-column-gap-default\">\n\t\t\t\t\t<div class=\"elementor-column elementor-col-33 elementor-top-column elementor-element elementor-element-5024a1f0\" data-id=\"5024a1f0\" data-element_type=\"column\" data-e-type=\"column\">\n\t\t\t<div class=\"elementor-widget-wrap\">\n\t\t\t\t\t\t\t<\/div>\n\t\t<\/div>\n\t\t\t\t<div class=\"elementor-column elementor-col-33 elementor-top-column elementor-element elementor-element-21d022ef\" data-id=\"21d022ef\" data-element_type=\"column\" data-e-type=\"column\">\n\t\t\t<div class=\"elementor-widget-wrap elementor-element-populated\">\n\t\t\t\t\t\t<div class=\"elementor-element elementor-element-c593ad6 elementor-widget elementor-widget-image\" data-id=\"c593ad6\" data-element_type=\"widget\" data-e-type=\"widget\" data-widget_type=\"image.default\">\n\t\t\t\t\t\t\t\t\t\t\t\t\t\t\t<img fetchpriority=\"high\" decoding=\"async\" width=\"314\" height=\"250\" src=\"https:\/\/likapk.com\/wp-content\/uploads\/2025\/09\/quiz-game-icon-speech-bubble-vector-47454539-copiar-1.png\" class=\"attachment-large size-large wp-image-223\" alt=\"\" srcset=\"https:\/\/likapk.com\/wp-content\/uploads\/2025\/09\/quiz-game-icon-speech-bubble-vector-47454539-copiar-1.png 314w, https:\/\/likapk.com\/wp-content\/uploads\/2025\/09\/quiz-game-icon-speech-bubble-vector-47454539-copiar-1-300x239.png 300w, https:\/\/likapk.com\/wp-content\/uploads\/2025\/09\/quiz-game-icon-speech-bubble-vector-47454539-copiar-1-15x12.png 15w\" sizes=\"(max-width: 314px) 100vw, 314px\" \/>\t\t\t\t\t\t\t\t\t\t\t\t\t\t\t<\/div>\n\t\t\t\t\t<\/div>\n\t\t<\/div>\n\t\t\t\t<div class=\"elementor-column elementor-col-33 elementor-top-column elementor-element elementor-element-72644806\" data-id=\"72644806\" data-element_type=\"column\" data-e-type=\"column\">\n\t\t\t<div class=\"elementor-widget-wrap\">\n\t\t\t\t\t\t\t<\/div>\n\t\t<\/div>\n\t\t\t\t\t<\/div>\n\t\t<\/section>\n\t\t\t\t<section class=\"elementor-section elementor-top-section elementor-element elementor-element-3993184a elementor-section-content-top elementor-section-boxed elementor-section-height-default elementor-section-height-default\" data-id=\"3993184a\" data-element_type=\"section\" data-e-type=\"section\" data-settings=\"{&quot;background_background&quot;:&quot;classic&quot;}\">\n\t\t\t\t\t\t<div class=\"elementor-container elementor-column-gap-no\">\n\t\t\t\t\t<div class=\"elementor-column elementor-col-66 elementor-top-column elementor-element elementor-element-10d0ed95\" data-id=\"10d0ed95\" data-element_type=\"column\" data-e-type=\"column\">\n\t\t\t<div class=\"elementor-widget-wrap elementor-element-populated\">\n\t\t\t\t\t\t<div class=\"elementor-element elementor-element-68ae0b83 elementor-widget elementor-widget-heading\" data-id=\"68ae0b83\" data-element_type=\"widget\" data-e-type=\"widget\" data-widget_type=\"heading.default\">\n\t\t\t\t\t<h2 class=\"elementor-heading-title elementor-size-default\"><h2 data-start=\"321\" data-end=\"366\"><strong data-start=\"324\" data-end=\"366\">B\u1ea1n c\u00f3 th\u1ef1c s\u1ef1 bi\u1ebft c\u00e2u chuy\u1ec7n v\u1ec1 Ch\u00faa Jesus kh\u00f4ng?<\/strong><\/h2><\/h2>\t\t\t\t<\/div>\n\t\t\t\t<div class=\"elementor-element elementor-element-68d79302 elementor-align-center elementor-widget elementor-widget-button\" data-id=\"68d79302\" data-element_type=\"widget\" data-e-type=\"widget\" data-widget_type=\"button.default\">\n\t\t\t\t\t\t\t\t\t\t<a class=\"elementor-button elementor-button-link elementor-size-md\" href=\"https:\/\/likapk.com\/vi\/quiz-how-much-do-you-know-about-the-old-testament\/531\/\">\n\t\t\t\t\t\t<span class=\"elementor-button-content-wrapper\">\n\t\t\t\t\t\t\t\t\t<span class=\"elementor-button-text\">B\u1eaeT \u0110\u1ea6U KI\u1ec2M TRA<\/span>\n\t\t\t\t\t<\/span>\n\t\t\t\t\t<\/a>\n\t\t\t\t\t\t\t\t<\/div>\n\t\t\t\t<div class=\"elementor-element elementor-element-4d032294 elementor-alert-success elementor-widget elementor-widget-alert\" data-id=\"4d032294\" data-element_type=\"widget\" data-e-type=\"widget\" data-widget_type=\"alert.default\">\n\t\t\t\t\t\t\t<div class=\"elementor-alert\" role=\"alert\">\n\n\t\t\t\t\t\t<span class=\"elementor-alert-title\">Ch\u00fa \u00fd<\/span>\n\t\t\t\n\t\t\t\t\t\t<span class=\"elementor-alert-description\"><p data-start=\"471\" data-end=\"1058\">C\u00e2u chuy\u1ec7n v\u1ec1 Ch\u00faa Gi\u00ea-su ch\u1ee9a \u0111\u1ea7y nh\u1eefng s\u1ef1 ki\u1ec7n phi th\u01b0\u1eddng, nh\u1eefng l\u1eddi d\u1ea1y m\u1ea1nh m\u1ebd v\u00e0 nh\u1eefng cu\u1ed9c g\u1eb7p g\u1ee1 \u00fd ngh\u0129a \u0111\u00e3 \u0111\u1ecbnh h\u00ecnh \u0111\u1ee9c tin c\u1ee7a h\u00e0ng tri\u1ec7u ng\u01b0\u1eddi trong nhi\u1ec1u th\u1ebf k\u1ef7. Trong b\u00e0i tr\u1eafc nghi\u1ec7m n\u00e0y, b\u1ea1n s\u1ebd t\u00ecm hi\u1ec3u s\u00e2u h\u01a1n v\u1ec1 nh\u1eefng kho\u1ea3nh kh\u1eafc quan tr\u1ecdng trong cu\u1ed9c \u0111\u1eddi Ng\u00e0i \u2014 t\u1eeb s\u1ef1 ra \u0111\u1eddi khi\u00eam nh\u01b0\u1eddng v\u00e0 nh\u1eefng n\u0103m \u0111\u1ea7u \u0111\u1eddi \u0111\u1ebfn ch\u1ee9c v\u1ee5, ph\u00e9p l\u1ea1, d\u1ee5 ng\u00f4n v\u00e0 nh\u1eefng s\u1ef1 ki\u1ec7n d\u1eabn \u0111\u1ebfn s\u1ef1 ph\u1ee5c sinh c\u1ee7a Ng\u00e0i. M\u1ed7i c\u00e2u h\u1ecfi \u0111\u01b0\u1ee3c thi\u1ebft k\u1ebf kh\u00f4ng ch\u1ec9 \u0111\u1ec3 ki\u1ec3m tra ki\u1ebfn th\u1ee9c c\u1ee7a b\u1ea1n m\u00e0 c\u00f2n gi\u00fap b\u1ea1n suy ng\u1eabm v\u1ec1 chi\u1ec1u s\u00e2u v\u00e0 v\u1ebb \u0111\u1eb9p c\u1ee7a c\u00e2u chuy\u1ec7n v\u1ec1 Ng\u00e0i. Cho d\u00f9 b\u1ea1n \u0111\u00e3 nghi\u00ean c\u1ee9u s\u00e2u c\u00e1c s\u00e1ch Ph\u00fac \u00c2m hay ch\u1ec9 \u0111\u01a1n gi\u1ea3n l\u00e0 t\u00f2 m\u00f2, b\u00e0i tr\u1eafc nghi\u1ec7m n\u00e0y s\u1ebd th\u1eed th\u00e1ch v\u00e0 khai s\u00e1ng b\u1ea1n theo nh\u1eefng c\u00e1ch b\u1ea5t ng\u1edd.<\/p>\n<h3 data-start=\"1060\" data-end=\"1109\"><\/h3><\/span>\n\t\t\t\n\t\t\t\t\t\t<button type=\"button\" class=\"elementor-alert-dismiss\" aria-label=\"Ignorar este alerta.\" data-no-translation-aria-label=\"\">\n\t\t\t\t<svg aria-hidden=\"true\" class=\"e-font-icon-svg e-far-grin-alt\" viewbox=\"0 0 496 512\" xmlns=\"http:\/\/www.w3.org\/2000\/svg\"><path d=\"M200.3 248c12.4-18.7 15.1-37.3 15.7-56-.5-18.7-3.3-37.3-15.7-56-8-12-25.1-11.4-32.7 0-12.4 18.7-15.1 37.3-15.7 56 .5 18.7 3.3 37.3 15.7 56 8.1 12 25.2 11.4 32.7 0zm128 0c12.4-18.7 15.1-37.3 15.7-56-.5-18.7-3.3-37.3-15.7-56-8-12-25.1-11.4-32.7 0-12.4 18.7-15.1 37.3-15.7 56 .5 18.7 3.3 37.3 15.7 56 8.1 12 25.2 11.4 32.7 0zM248 8C111 8 0 119 0 256s111 248 248 248 248-111 248-248S385 8 248 8zm0 448c-110.3 0-200-89.7-200-200S137.7 56 248 56s200 89.7 200 200-89.7 200-200 200zm105.6-151.4c-25.9 8.3-64.4 13.1-105.6 13.1s-79.6-4.8-105.6-13.1c-9.9-3.1-19.4 5.3-17.7 15.3 7.9 47.2 71.3 80 123.3 80s115.3-32.9 123.3-80c1.6-9.8-7.7-18.4-17.7-15.3z\"><\/path><\/svg>\t\t\t<\/button>\n\t\t\t\n\t\t<\/div>\n\t\t\t\t\t\t<\/div>\n\t\t\t\t\t<\/div>\n\t\t<\/div>\n\t\t\t\t<div class=\"elementor-column elementor-col-33 elementor-top-column elementor-element elementor-element-4d3b7eb7 elementor-hidden-mobile\" data-id=\"4d3b7eb7\" data-element_type=\"column\" data-e-type=\"column\" data-settings=\"{&quot;background_background&quot;:&quot;classic&quot;}\">\n\t\t\t<div class=\"elementor-widget-wrap elementor-element-populated\">\n\t\t\t\t\t\t<div class=\"elementor-element elementor-element-633c0c2a elementor-widget elementor-widget-spacer\" data-id=\"633c0c2a\" data-element_type=\"widget\" data-e-type=\"widget\" data-widget_type=\"spacer.default\">\n\t\t\t\t\t\t\t<div class=\"elementor-spacer\">\n\t\t\t<div class=\"elementor-spacer-inner\"><\/div>\n\t\t<\/div>\n\t\t\t\t\t\t<\/div>\n\t\t\t\t\t<\/div>\n\t\t<\/div>\n\t\t\t\t\t<\/div>\n\t\t<\/section>\n\t\t\t\t<footer class=\"elementor-section elementor-top-section elementor-element elementor-element-e002799 elementor-section-content-middle elementor-section-boxed elementor-section-height-default elementor-section-height-default\" data-id=\"e002799\" data-element_type=\"section\" data-e-type=\"section\" data-settings=\"{&quot;background_background&quot;:&quot;classic&quot;}\">\n\t\t\t\t\t\t<div class=\"elementor-container elementor-column-gap-default\">\n\t\t\t\t\t<div class=\"elementor-column elementor-col-100 elementor-top-column elementor-element elementor-element-55532a02\" data-id=\"55532a02\" data-element_type=\"column\" data-e-type=\"column\">\n\t\t\t<div class=\"elementor-widget-wrap elementor-element-populated\">\n\t\t\t\t\t\t<section class=\"elementor-section elementor-inner-section elementor-element elementor-element-5c5cdf6a elementor-section-content-middle elementor-section-boxed elementor-section-height-default elementor-section-height-default\" data-id=\"5c5cdf6a\" data-element_type=\"section\" data-e-type=\"section\">\n\t\t\t\t\t\t<div class=\"elementor-container elementor-column-gap-default\">\n\t\t\t\t\t<div class=\"elementor-column elementor-col-50 elementor-inner-column elementor-element elementor-element-452bbac\" data-id=\"452bbac\" data-element_type=\"column\" data-e-type=\"column\">\n\t\t\t<div class=\"elementor-widget-wrap\">\n\t\t\t\t\t\t\t<\/div>\n\t\t<\/div>\n\t\t\t\t<div class=\"elementor-column elementor-col-50 elementor-inner-column elementor-element elementor-element-b4ba3bd\" data-id=\"b4ba3bd\" data-element_type=\"column\" data-e-type=\"column\">\n\t\t\t<div class=\"elementor-widget-wrap\">\n\t\t\t\t\t\t\t<\/div>\n\t\t<\/div>\n\t\t\t\t\t<\/div>\n\t\t<\/section>\n\t\t\t\t<section class=\"elementor-section elementor-inner-section elementor-element elementor-element-62117603 elementor-section-content-middle elementor-section-boxed elementor-section-height-default elementor-section-height-default\" data-id=\"62117603\" data-element_type=\"section\" data-e-type=\"section\">\n\t\t\t\t\t\t<div class=\"elementor-container elementor-column-gap-default\">\n\t\t\t\t\t<div class=\"elementor-column elementor-col-100 elementor-inner-column elementor-element elementor-element-308c8dd\" data-id=\"308c8dd\" data-element_type=\"column\" data-e-type=\"column\">\n\t\t\t<div class=\"elementor-widget-wrap elementor-element-populated\">\n\t\t\t\t\t\t<div class=\"elementor-element elementor-element-3fcc23c2 elementor-widget elementor-widget-heading\" data-id=\"3fcc23c2\" data-element_type=\"widget\" data-e-type=\"widget\" data-widget_type=\"heading.default\">\n\t\t\t\t\t<p class=\"elementor-heading-title elementor-size-default\">\u0110\u01b0\u1ee3c h\u1ed7 tr\u1ee3 b\u1edfi Codiclick\u00a9 M\u1ecdi quy\u1ec1n \u0111\u01b0\u1ee3c b\u1ea3o l\u01b0u<\/p>\t\t\t\t<\/div>\n\t\t\t\t\t<\/div>\n\t\t<\/div>\n\t\t\t\t\t<\/div>\n\t\t<\/section>\n\t\t\t\t\t<\/div>\n\t\t<\/div>\n\t\t\t\t\t<\/div>\n\t\t<\/footer>\n\t\t\t\t<\/div>","protected":false},"excerpt":{"rendered":"<p>Do You Really Know the Story of Jesus? START TEST Attention The story of Jesus is filled with extraordinary events, [&hellip;]<\/p>\n","protected":false},"author":5,"featured_media":0,"parent":0,"menu_order":0,"comment_status":"closed","ping_status":"closed","template":"","meta":{"site-sidebar-layout":"no-sidebar","site-content-layout":"","ast-site-content-layout":"full-width-container","site-content-style":"default","site-sidebar-style":"default","ast-global-header-display":"","ast-banner-title-visibility":"","ast-main-header-display":"","ast-hfb-above-header-display":"","ast-hfb-below-header-display":"","ast-hfb-mobile-header-display":"","site-post-title":"disabled","ast-breadcrumbs-content":"","ast-featured-img":"disabled","footer-sml-layout":"","ast-disable-related-posts":"","theme-transparent-header-meta":"","adv-header-id-meta":"","stick-header-meta":"","header-above-stick-meta":"","header-main-stick-meta":"","header-below-stick-meta":"","astra-migrate-meta-layouts":"default","ast-page-background-enabled":"default","ast-page-background-meta":{"desktop":{"background-color":"var(--ast-global-color-4)","background-image":"","background-repeat":"repeat","background-position":"center center","background-size":"auto","background-attachment":"scroll","background-type":"","background-media":"","overlay-type":"","overlay-color":"","overlay-opacity":"","overlay-gradient":""},"tablet":{"background-color":"","background-image":"","background-repeat":"repeat","background-position":"center center","background-size":"auto","background-attachment":"scroll","background-type":"","background-media":"","overlay-type":"","overlay-color":"","overlay-opacity":"","overlay-gradient":""},"mobile":{"background-color":"","background-image":"","background-repeat":"repeat","background-position":"center center","background-size":"auto","background-attachment":"scroll","background-type":"","background-media":"","overlay-type":"","overlay-color":"","overlay-opacity":"","overlay-gradient":""}},"ast-content-background-meta":{"desktop":{"background-color":"var(--ast-global-color-5)","background-image":"","background-repeat":"repeat","background-position":"center center","background-size":"auto","background-attachment":"scroll","background-type":"","background-media":"","overlay-type":"","overlay-color":"","overlay-opacity":"","overlay-gradient":""},"tablet":{"background-color":"var(--ast-global-color-5)","background-image":"","background-repeat":"repeat","background-position":"center center","background-size":"auto","background-attachment":"scroll","background-type":"","background-media":"","overlay-type":"","overlay-color":"","overlay-opacity":"","overlay-gradient":""},"mobile":{"background-color":"var(--ast-global-color-5)","background-image":"","background-repeat":"repeat","background-position":"center center","background-size":"auto","background-attachment":"scroll","background-type":"","background-media":"","overlay-type":"","overlay-color":"","overlay-opacity":"","overlay-gradient":""}},"footnotes":""},"class_list":["post-518","page","type-page","status-publish","hentry"],"_links":{"self":[{"href":"https:\/\/likapk.com\/vi\/wp-json\/wp\/v2\/pages\/518","targetHints":{"allow":["GET"]}}],"collection":[{"href":"https:\/\/likapk.com\/vi\/wp-json\/wp\/v2\/pages"}],"about":[{"href":"https:\/\/likapk.com\/vi\/wp-json\/wp\/v2\/types\/page"}],"author":[{"embeddable":true,"href":"https:\/\/likapk.com\/vi\/wp-json\/wp\/v2\/users\/5"}],"replies":[{"embeddable":true,"href":"https:\/\/likapk.com\/vi\/wp-json\/wp\/v2\/comments?post=518"}],"version-history":[{"count":10,"href":"https:\/\/likapk.com\/vi\/wp-json\/wp\/v2\/pages\/518\/revisions"}],"predecessor-version":[{"id":544,"href":"https:\/\/likapk.com\/vi\/wp-json\/wp\/v2\/pages\/518\/revisions\/544"}],"wp:attachment":[{"href":"https:\/\/likapk.com\/vi\/wp-json\/wp\/v2\/media?parent=518"}],"curies":[{"name":"trang web","href":"https:\/\/api.w.org\/{rel}","templated":true}]}}