{"id":82,"date":"2025-05-26T14:54:22","date_gmt":"2025-05-26T14:54:22","guid":{"rendered":"https:\/\/likapk.com\/?page_id=82"},"modified":"2025-05-26T14:54:24","modified_gmt":"2025-05-26T14:54:24","slug":"about-us","status":"publish","type":"page","link":"https:\/\/likapk.com\/vi\/about-us\/","title":{"rendered":"Gi\u1edbi thi\u1ec7u v\u1ec1 ch\u00fang t\u00f4i"},"content":{"rendered":"<h2 class=\"wp-block-heading\"><strong>Ch\u00fang t\u00f4i l\u00e0 ai<\/strong><\/h2>\n\n\n\n<p>T\u1ea1i <strong>Likapk.com<\/strong>, Ch\u00fang t\u00f4i tin r\u1eb1ng Internet s\u1ebd gi\u00fap cu\u1ed9c s\u1ed1ng c\u1ee7a b\u1ea1n d\u1ec5 d\u00e0ng h\u01a1n ch\u1ee9 kh\u00f4ng ph\u1ea3i kh\u00f3 kh\u0103n h\u01a1n. \u0110\u00f3 l\u00e0 l\u00fd do t\u1ea1i sao ch\u00fang t\u00f4i x\u00e2y d\u1ef1ng m\u1ed9t n\u1ec1n t\u1ea3ng chuy\u00ean cung c\u1ea5p n\u1ed9i dung nhanh ch\u00f3ng, ph\u00f9 h\u1ee3p v\u00e0 h\u1ea5p d\u1eabn v\u1ec1 c\u00e1c ch\u1ee7 \u0111\u1ec1 \u0111\u01b0\u1ee3c y\u00eau c\u1ea7u nhi\u1ec1u nh\u1ea5t hi\u1ec7n nay.<\/p>\n\n\n\n<p>Cho d\u00f9 b\u1ea1n \u0111ang kh\u00e1m ph\u00e1 \u0111i\u1ec7n tho\u1ea1i di \u0111\u1ed9ng m\u1edbi <strong>\u1ee9ng d\u1ee5ng<\/strong>, t\u00ecm ki\u1ebfm l\u1eddi khuy\u00ean v\u1ec1 <strong>h\u1eb9n h\u00f2<\/strong>, c\u1ea3i thi\u1ec7n c\u1ee7a b\u1ea1n <strong>t\u00e0i ch\u00ednh<\/strong> ki\u1ebfn th\u1ee9c, t\u00ecm ki\u1ebfm <strong>c\u00f4ng vi\u1ec7c<\/strong> c\u01a1 h\u1ed9i, ho\u1eb7c ch\u1ec9 t\u00ecm ki\u1ebfm s\u1ef1 \u0111\u01a1n gi\u1ea3n <strong>l\u1ed1i s\u1ed1ng<\/strong> ngu\u1ed3n c\u1ea3m h\u1ee9ng \u2014 b\u1ea1n s\u1ebd t\u00ecm th\u1ea5y n\u00f3 \u1edf \u0111\u00e2y.<\/p>\n\n\n\n<hr class=\"wp-block-separator has-alpha-channel-opacity\"\/>\n\n\n\n<h2 class=\"wp-block-heading\"><strong>S\u1ee9 m\u1ec7nh c\u1ee7a ch\u00fang t\u00f4i<\/strong><\/h2>\n\n\n\n<p>Ch\u00fang t\u00f4i h\u01b0\u1edbng \u0111\u1ebfn vi\u1ec7c \u0111\u01a1n gi\u1ea3n h\u00f3a vi\u1ec7c kh\u00e1m ph\u00e1 th\u00f4ng tin b\u1eb1ng c\u00e1ch s\u1eafp x\u1ebfp n\u1ed9i dung k\u1ecbp th\u1eddi, \u0111\u00e1ng tin c\u1eady v\u00e0 ph\u00f9 h\u1ee3p v\u1edbi s\u1edf th\u00edch c\u1ee7a b\u1ea1n. Kh\u00f4ng r\u01b0\u1eddm r\u00e0. Kh\u00f4ng g\u00e2y xao nh\u00e3ng. Ch\u1ec9 c\u1ea7n gi\u00e1 tr\u1ecb.<\/p>\n\n\n\n<p>Chi\u1ebfn l\u01b0\u1ee3c bi\u00ean t\u1eadp c\u1ee7a ch\u00fang t\u00f4i \u0111\u01b0\u1ee3c th\u00fac \u0111\u1ea9y b\u1edfi d\u1eef li\u1ec7u hi\u1ec7u su\u1ea5t, ch\u1ee7 \u0111\u1ec1 th\u1ecbnh h\u00e0nh v\u00e0 th\u00f4ng tin chi ti\u1ebft v\u1ec1 h\u00e0nh vi c\u1ee7a ng\u01b0\u1eddi d\u00f9ng \u2014 v\u00ec v\u1eady, ch\u00fang t\u00f4i c\u00f3 th\u1ec3 xu\u1ea5t b\u1ea3n ch\u00ednh x\u00e1c nh\u1eefng g\u00ec m\u1ecdi ng\u01b0\u1eddi \u0111ang t\u00ecm ki\u1ebfm, v\u00e0o \u0111\u00fang th\u1eddi \u0111i\u1ec3m h\u1ecd c\u1ea7n nh\u1ea5t.<\/p>\n\n\n\n<hr class=\"wp-block-separator has-alpha-channel-opacity\"\/>\n\n\n\n<h2 class=\"wp-block-heading\"><strong>Ch\u00fang t\u00f4i ho\u1ea1t \u0111\u1ed9ng nh\u01b0 th\u1ebf n\u00e0o<\/strong><\/h2>\n\n\n\n<ul class=\"wp-block-list\">\n<li>Ch\u00fang t\u00f4i xu\u1ea5t b\u1ea3n b\u00e0i vi\u1ebft h\u00e0ng ng\u00e0y, bao g\u1ed3m n\u1ed9i dung c\u00f3 hi\u1ec7u qu\u1ea3 tr\u00ean nhi\u1ec1u m\u1ea1ng.<\/li>\n\n\n\n<li>Chi\u1ebfn l\u01b0\u1ee3c ki\u1ebfm ti\u1ec1n c\u1ee7a ch\u00fang t\u00f4i s\u1eed d\u1ee5ng c\u00e1c n\u1ec1n t\u1ea3ng qu\u1ea3ng c\u00e1o tu\u00e2n th\u1ee7, bao g\u1ed3m Google v\u00e0 c\u00e1c \u0111\u1ed1i t\u00e1c theo ch\u01b0\u01a1ng tr\u00ecnh.<\/li>\n\n\n\n<li>M\u1ecdi qu\u1ea3ng c\u00e1o \u0111\u1ec1u \u0111\u01b0\u1ee3c thi\u1ebft k\u1ebf \u0111\u1ec3 t\u00f4n tr\u1ecdng tr\u1ea3i nghi\u1ec7m c\u1ee7a ng\u01b0\u1eddi d\u00f9ng \u0111\u1ed3ng th\u1eddi h\u1ed7 tr\u1ee3 m\u00f4 h\u00ecnh n\u1ed9i dung mi\u1ec5n ph\u00ed c\u1ee7a ch\u00fang t\u00f4i.<\/li>\n<\/ul>\n\n\n\n<hr class=\"wp-block-separator has-alpha-channel-opacity\"\/>\n\n\n\n<h2 class=\"wp-block-heading\"><strong>Ni\u1ec1m tin v\u00e0 minh b\u1ea1ch<\/strong><\/h2>\n\n\n\n<p>Ch\u00fang t\u00f4i cam k\u1ebft duy tr\u00ec t\u00ednh minh b\u1ea1ch v\u1edbi \u0111\u1ed9c gi\u1ea3. M\u1eb7c d\u00f9 ch\u00fang t\u00f4i ki\u1ebfm doanh thu th\u00f4ng qua qu\u1ea3ng c\u00e1o, ch\u00fang t\u00f4i kh\u00f4ng bao gi\u1edd \u0111\u1ec3 l\u1ee3i \u00edch th\u01b0\u01a1ng m\u1ea1i \u1ea3nh h\u01b0\u1edfng \u0111\u1ebfn t\u00ednh to\u00e0n v\u1eb9n n\u1ed9i dung c\u1ee7a m\u00ecnh.<\/p>\n\n\n\n<hr class=\"wp-block-separator has-alpha-channel-opacity\"\/>\n\n\n\n<h2 class=\"wp-block-heading\"><strong>Li\u00ean h\u1ec7 v\u1edbi ch\u00fang t\u00f4i<\/strong><\/h2>\n\n\n\n<p>B\u1ea1n c\u00f3 c\u00e2u h\u1ecfi, ph\u1ea3n h\u1ed3i ho\u1eb7c th\u1eafc m\u1eafc v\u1ec1 quan h\u1ec7 \u0111\u1ed1i t\u00e1c?<br>Ch\u00fang t\u00f4i r\u1ea5t mong nh\u1eadn \u0111\u01b0\u1ee3c ph\u1ea3n h\u1ed3i t\u1eeb b\u1ea1n. Vui l\u00f2ng li\u00ean h\u1ec7 v\u1edbi ch\u00fang t\u00f4i t\u1ea1i:<br>\ud83d\udce7 <strong><a>contact@likapk.com<\/a><\/strong><\/p>","protected":false},"excerpt":{"rendered":"<p>Who We Are At Likapk.com, we believe that the internet should make your life easier \u2014 not harder. That\u2019s why [&hellip;]<\/p>\n","protected":false},"author":1,"featured_media":0,"parent":0,"menu_order":0,"comment_status":"closed","ping_status":"closed","template":"","meta":{"site-sidebar-layout":"default","site-content-layout":"","ast-site-content-layout":"default","site-content-style":"default","site-sidebar-style":"default","ast-global-header-display":"","ast-banner-title-visibility":"","ast-main-header-display":"","ast-hfb-above-header-display":"","ast-hfb-below-header-display":"","ast-hfb-mobile-header-display":"","site-post-title":"","ast-breadcrumbs-content":"","ast-featured-img":"","footer-sml-layout":"","ast-disable-related-posts":"","theme-transparent-header-meta":"","adv-header-id-meta":"","stick-header-meta":"","header-above-stick-meta":"","header-main-stick-meta":"","header-below-stick-meta":"","astra-migrate-meta-layouts":"default","ast-page-background-enabled":"default","ast-page-background-meta":{"desktop":{"background-color":"var(--ast-global-color-4)","background-image":"","background-repeat":"repeat","background-position":"center center","background-size":"auto","background-attachment":"scroll","background-type":"","background-media":"","overlay-type":"","overlay-color":"","overlay-opacity":"","overlay-gradient":""},"tablet":{"background-color":"","background-image":"","background-repeat":"repeat","background-position":"center center","background-size":"auto","background-attachment":"scroll","background-type":"","background-media":"","overlay-type":"","overlay-color":"","overlay-opacity":"","overlay-gradient":""},"mobile":{"background-color":"","background-image":"","background-repeat":"repeat","background-position":"center center","background-size":"auto","background-attachment":"scroll","background-type":"","background-media":"","overlay-type":"","overlay-color":"","overlay-opacity":"","overlay-gradient":""}},"ast-content-background-meta":{"desktop":{"background-color":"var(--ast-global-color-5)","background-image":"","background-repeat":"repeat","background-position":"center center","background-size":"auto","background-attachment":"scroll","background-type":"","background-media":"","overlay-type":"","overlay-color":"","overlay-opacity":"","overlay-gradient":""},"tablet":{"background-color":"var(--ast-global-color-5)","background-image":"","background-repeat":"repeat","background-position":"center center","background-size":"auto","background-attachment":"scroll","background-type":"","background-media":"","overlay-type":"","overlay-color":"","overlay-opacity":"","overlay-gradient":""},"mobile":{"background-color":"var(--ast-global-color-5)","background-image":"","background-repeat":"repeat","background-position":"center center","background-size":"auto","background-attachment":"scroll","background-type":"","background-media":"","overlay-type":"","overlay-color":"","overlay-opacity":"","overlay-gradient":""}},"footnotes":""},"class_list":["post-82","page","type-page","status-publish","hentry"],"_links":{"self":[{"href":"https:\/\/likapk.com\/vi\/wp-json\/wp\/v2\/pages\/82","targetHints":{"allow":["GET"]}}],"collection":[{"href":"https:\/\/likapk.com\/vi\/wp-json\/wp\/v2\/pages"}],"about":[{"href":"https:\/\/likapk.com\/vi\/wp-json\/wp\/v2\/types\/page"}],"author":[{"embeddable":true,"href":"https:\/\/likapk.com\/vi\/wp-json\/wp\/v2\/users\/1"}],"replies":[{"embeddable":true,"href":"https:\/\/likapk.com\/vi\/wp-json\/wp\/v2\/comments?post=82"}],"version-history":[{"count":1,"href":"https:\/\/likapk.com\/vi\/wp-json\/wp\/v2\/pages\/82\/revisions"}],"predecessor-version":[{"id":83,"href":"https:\/\/likapk.com\/vi\/wp-json\/wp\/v2\/pages\/82\/revisions\/83"}],"wp:attachment":[{"href":"https:\/\/likapk.com\/vi\/wp-json\/wp\/v2\/media?parent=82"}],"curies":[{"name":"trang web","href":"https:\/\/api.w.org\/{rel}","templated":true}]}}