{"id":84,"date":"2025-05-26T14:59:12","date_gmt":"2025-05-26T14:59:12","guid":{"rendered":"https:\/\/likapk.com\/?page_id=84"},"modified":"2025-05-26T14:59:14","modified_gmt":"2025-05-26T14:59:14","slug":"cookie-policy","status":"publish","type":"page","link":"https:\/\/likapk.com\/vi\/cookie-policy\/","title":{"rendered":"Ch\u00ednh s\u00e1ch Cookie"},"content":{"rendered":"<p><strong>Ng\u00e0y c\u00f3 hi\u1ec7u l\u1ef1c:<\/strong> Ng\u00e0y 26 th\u00e1ng 5 n\u0103m 2025<br><strong>L\u00e3nh \u0111\u1ecba:<\/strong> <a class=\"\" href=\"https:\/\/likapk.com\/vi\/\">https:\/\/likapk.com<\/a><\/p>\n\n\n\n<p>Ch\u00ednh s\u00e1ch Cookie n\u00e0y n\u00eau r\u00f5 c\u00e1ch th\u1ee9c... <strong>Likapk.com<\/strong> (\u201c<strong>ch\u00fang t\u00f4i<\/strong>\u201c, \u201c<strong>c\u1ee7a ch\u00fang t\u00f4i<\/strong>\u201c&quot;, ho\u1eb7c &quot;\u201c<strong>Trang web<\/strong>\u201c) s\u1eed d\u1ee5ng cookie v\u00e0 c\u00e1c c\u00f4ng ngh\u1ec7 theo d\u00f5i li\u00ean quan khi b\u1ea1n truy c\u1eadp ho\u1eb7c t\u01b0\u01a1ng t\u00e1c v\u1edbi c\u00e1c n\u1ec1n t\u1ea3ng k\u1ef9 thu\u1eadt s\u1ed1 c\u1ee7a ch\u00fang t\u00f4i.<\/p>\n\n\n\n<hr class=\"wp-block-separator has-alpha-channel-opacity\"\/>\n\n\n\n<h3 class=\"wp-block-heading\">1. <strong>Cookie l\u00e0 g\u00ec?<\/strong><\/h3>\n\n\n\n<p>Cookie l\u00e0 nh\u1eefng t\u1eadp tin d\u1eef li\u1ec7u nh\u1ecf m\u00e0 c\u00e1c trang web l\u01b0u tr\u1eef tr\u00ean thi\u1ebft b\u1ecb c\u1ee7a b\u1ea1n th\u00f4ng qua tr\u00ecnh duy\u1ec7t. C\u00e1c t\u1eadp tin n\u00e0y th\u1ef1c hi\u1ec7n nhi\u1ec1u ch\u1ee9c n\u0103ng kh\u00e1c nhau, ch\u1eb3ng h\u1ea1n nh\u01b0 cho ph\u00e9p c\u00e1c ho\u1ea1t \u0111\u1ed9ng c\u1ed1t l\u00f5i c\u1ee7a trang web, l\u01b0u gi\u1eef t\u00f9y ch\u1ecdn ng\u01b0\u1eddi d\u00f9ng, ph\u00e2n t\u00edch l\u01b0u l\u01b0\u1ee3ng truy c\u1eadp v\u00e0 cung c\u1ea5p qu\u1ea3ng c\u00e1o \u0111\u01b0\u1ee3c nh\u1eafm m\u1ee5c ti\u00eau.<\/p>\n\n\n\n<p>Cookie c\u00f3 th\u1ec3 l\u00e0:<\/p>\n\n\n\n<ul class=\"wp-block-list\">\n<li><strong>D\u1ef1a tr\u00ean phi\u00ean<\/strong> (s\u1ebd h\u1ebft h\u1ea1n khi b\u1ea1n \u0111\u00f3ng tr\u00ecnh duy\u1ec7t), ho\u1eb7c<\/li>\n\n\n\n<li><strong>Ki\u00ean tr\u00ec<\/strong> (\u0111\u01b0\u1ee3c l\u01b0u tr\u1eef cho \u0111\u1ebfn khi b\u1ecb x\u00f3a th\u1ee7 c\u00f4ng ho\u1eb7c h\u1ebft h\u1ea1n).<\/li>\n<\/ul>\n\n\n\n<hr class=\"wp-block-separator has-alpha-channel-opacity\"\/>\n\n\n\n<h3 class=\"wp-block-heading\">2. <strong>C\u00e1c lo\u1ea1i cookie ch\u00fang t\u00f4i s\u1eed d\u1ee5ng<\/strong><\/h3>\n\n\n\n<p>Ch\u00fang t\u00f4i ph\u00e2n lo\u1ea1i cookie th\u00e0nh c\u00e1c nh\u00f3m sau:<\/p>\n\n\n\n<h4 class=\"wp-block-heading\">M\u1ed9t. <strong>Cookie thi\u1ebft y\u1ebfu<\/strong><\/h4>\n\n\n\n<p>C\u00e1c cookie n\u00e0y r\u1ea5t c\u1ea7n thi\u1ebft cho c\u00e1c ch\u1ee9c n\u0103ng c\u01a1 b\u1ea3n c\u1ee7a trang web \u2014 ch\u1eb3ng h\u1ea1n nh\u01b0 hi\u1ec3n th\u1ecb trang, \u0111i\u1ec1u h\u01b0\u1edbng v\u00e0 x\u00e1c th\u1ef1c b\u1ea3o m\u1eadt. <strong>kh\u00f4ng th\u1ec3 v\u00f4 hi\u1ec7u h\u00f3a<\/strong> Th\u00f4ng qua c\u00f4ng c\u1ee5 t\u00f9y ch\u1ecdn cookie c\u1ee7a ch\u00fang t\u00f4i.<\/p>\n\n\n\n<h4 class=\"wp-block-heading\">b. <strong>Cookie ph\u00e2n t\u00edch<\/strong><\/h4>\n\n\n\n<p>Nh\u1eefng c\u00f4ng c\u1ee5 n\u00e0y cho ph\u00e9p ch\u00fang t\u00f4i hi\u1ec3u c\u00e1ch kh\u00e1ch truy c\u1eadp t\u01b0\u01a1ng t\u00e1c v\u1edbi trang web c\u1ee7a m\u00ecnh. Ch\u00fang t\u00f4i s\u1eed d\u1ee5ng c\u00e1c n\u1ec1n t\u1ea3ng ph\u00e2n t\u00edch c\u1ee7a b\u00ean th\u1ee9 ba (v\u00ed d\u1ee5:, <strong>Google Analytics 4<\/strong>) \u0111\u1ec3 \u0111\u00e1nh gi\u00e1 ngu\u1ed3n l\u01b0u l\u01b0\u1ee3ng truy c\u1eadp, n\u1ed9i dung ph\u1ed5 bi\u1ebfn, th\u1eddi l\u01b0\u1ee3ng phi\u00ean truy c\u1eadp v\u00e0 t\u1ef7 l\u1ec7 tho\u00e1t trang \u2014 gi\u00fap ch\u00fang t\u00f4i c\u1ea3i thi\u1ec7n hi\u1ec7u su\u1ea5t trang web.<\/p>\n\n\n\n<h4 class=\"wp-block-heading\">c. <strong>Cookie qu\u1ea3ng c\u00e1o v\u00e0 theo d\u00f5i<\/strong><\/h4>\n\n\n\n<p>\u0110\u01b0\u1ee3c s\u1eed d\u1ee5ng ph\u1ed1i h\u1ee3p v\u1edbi c\u00e1c \u0111\u1ed1i t\u00e1c qu\u1ea3ng c\u00e1o l\u1eadp tr\u00ecnh nh\u01b0... <strong>Google Ad Manager, AdSense<\/strong>, V\u00e0 <strong>SSPs<\/strong>, C\u00e1c cookie n\u00e0y cho ph\u00e9p:<\/p>\n\n\n\n<ul class=\"wp-block-list\">\n<li>Ph\u00e2n t\u00edch \u0111\u1ed1i t\u01b0\u1ee3ng kh\u00e1n gi\u1ea3<\/li>\n\n\n\n<li>T\u00e1i nh\u1eafm m\u1ee5c ti\u00eau<\/li>\n\n\n\n<li>Gi\u1edbi h\u1ea1n t\u1ea7n s\u1ed1<\/li>\n\n\n\n<li>Theo d\u00f5i tr\u00ean nhi\u1ec1u trang web<\/li>\n<\/ul>\n\n\n\n<p>H\u1ecd c\u00f3 th\u1ec3 x\u1eed l\u00fd \u0111\u1ecba ch\u1ec9 IP, lo\u1ea1i thi\u1ebft b\u1ecb v\u00e0 d\u1eef li\u1ec7u h\u00e0nh vi tr\u00ean nhi\u1ec1u phi\u00ean v\u00e0 n\u1ec1n t\u1ea3ng kh\u00e1c nhau.<\/p>\n\n\n\n<h4 class=\"wp-block-heading\">d. <strong>Cookie ch\u1ee9c n\u0103ng<\/strong><\/h4>\n\n\n\n<p>C\u00e1c t\u00ednh n\u0103ng n\u00e0y h\u1ed7 tr\u1ee3 c\u00e1c ch\u1ee9c n\u0103ng t\u00f9y ch\u1ecdn nh\u01b0 ghi nh\u1edb ng\u00f4n ng\u1eef ho\u1eb7c ch\u1ebf \u0111\u1ed9 hi\u1ec3n th\u1ecb \u01b0a th\u00edch c\u1ee7a b\u1ea1n. N\u1ebfu thi\u1ebfu ch\u00fang, m\u1ed9t s\u1ed1 y\u1ebfu t\u1ed1 tr\u1ea3i nghi\u1ec7m ng\u01b0\u1eddi d\u00f9ng c\u00f3 th\u1ec3 b\u1ecb suy gi\u1ea3m.<\/p>\n\n\n\n<hr class=\"wp-block-separator has-alpha-channel-opacity\"\/>\n\n\n\n<h3 class=\"wp-block-heading\">3. <strong>Th\u00f4ng b\u00e1o v\u1ec1 cookie c\u1ee7a b\u00ean th\u1ee9 ba<\/strong><\/h3>\n\n\n\n<p>Ch\u00fang t\u00f4i cho ph\u00e9p m\u1ed9t s\u1ed1 b\u00ean th\u1ee9 ba \u0111\u01b0\u1ee3c ch\u1ecdn \u0111\u1eb7t cookie tr\u00ean trang web c\u1ee7a ch\u00fang t\u00f4i v\u00ec c\u00e1c m\u1ee5c \u0111\u00edch sau:<\/p>\n\n\n\n<ul class=\"wp-block-list\">\n<li><strong>Ph\u00e2n ph\u1ed1i v\u00e0 b\u00e1o c\u00e1o qu\u1ea3ng c\u00e1o<\/strong> (V\u00ed d\u1ee5: Google, JoinAds, Taboola)<\/li>\n\n\n\n<li><strong>Ph\u00e2n t\u00edch v\u00e0 b\u1ea3n \u0111\u1ed3 nhi\u1ec7t<\/strong> (v\u00ed d\u1ee5: Google Analytics, Hotjar)<\/li>\n<\/ul>\n\n\n\n<p>C\u00e1c t\u1ed5 ch\u1ee9c n\u00e0y x\u1eed l\u00fd d\u1eef li\u1ec7u theo ch\u00ednh s\u00e1ch b\u1ea3o m\u1eadt ri\u00eang c\u1ee7a h\u1ecd v\u00e0 c\u00f3 th\u1ec3 k\u1ebft h\u1ee3p th\u00f4ng tin t\u1eeb c\u00e1c ngu\u1ed3n kh\u00e1c.<\/p>\n\n\n\n<hr class=\"wp-block-separator has-alpha-channel-opacity\"\/>\n\n\n\n<h3 class=\"wp-block-heading\">4. <strong>S\u1ef1 \u0111\u1ed3ng \u00fd v\u00e0 ki\u1ec3m so\u00e1t (Tu\u00e2n th\u1ee7 quy \u0111\u1ecbnh c\u1ee7a EU)<\/strong><\/h3>\n\n\n\n<p>\u0110\u1ed1i v\u1edbi ng\u01b0\u1eddi d\u00f9ng t\u1ea1i c\u00e1c khu v\u1ef1c ph\u00e1p l\u00fd thu\u1ed9c ph\u1ea1m vi \u0111i\u1ec1u ch\u1ec9nh c\u1ee7a <strong>Quy \u0111\u1ecbnh chung v\u1ec1 b\u1ea3o v\u1ec7 d\u1eef li\u1ec7u (GDPR)<\/strong>, c\u00e1c cookie kh\u00f4ng thi\u1ebft y\u1ebfu ch\u1ec9 \u0111\u01b0\u1ee3c \u0111\u1eb7t khi <strong>s\u1ef1 \u0111\u1ed3ng \u00fd r\u00f5 r\u00e0ng c\u1ee7a ng\u01b0\u1eddi d\u00f9ng<\/strong>.<\/p>\n\n\n\n<p>Ch\u00fang t\u00f4i s\u1eed d\u1ee5ng m\u1ed9t <strong>N\u1ec1n t\u1ea3ng qu\u1ea3n l\u00fd s\u1ef1 \u0111\u1ed3ng \u00fd (CMP)<\/strong> \u0110\u1ebeN:<\/p>\n\n\n\n<ul class=\"wp-block-list\">\n<li>Thu th\u1eadp v\u00e0 l\u01b0u tr\u1eef t\u00f9y ch\u1ecdn cookie<\/li>\n\n\n\n<li>Cung c\u1ea5p t\u00f9y ch\u1ecdn tham gia\/kh\u00f4ng tham gia<\/li>\n\n\n\n<li>Cho ph\u00e9p l\u1ef1a ch\u1ecdn danh m\u1ee5c cookie chi ti\u1ebft<\/li>\n<\/ul>\n\n\n\n<p>B\u1ea1n c\u00f3 th\u1ec3 r\u00fat l\u1ea1i s\u1ef1 \u0111\u1ed3ng \u00fd b\u1ea5t c\u1ee9 l\u00fac n\u00e0o b\u1eb1ng c\u00e1ch nh\u1ea5p v\u00e0o \u201cC\u00e0i \u0111\u1eb7t Cookie\u201d \u1edf cu\u1ed1i trang web.<\/p>\n\n\n\n<hr class=\"wp-block-separator has-alpha-channel-opacity\"\/>\n\n\n\n<h3 class=\"wp-block-heading\">5. <strong>Quy\u1ec1n ri\u00eang t\u01b0 c\u1ee7a California (CCPA)<\/strong><\/h3>\n\n\n\n<p>N\u1ebfu b\u1ea1n l\u00e0 c\u01b0 d\u00e2n c\u1ee7a <strong>California<\/strong>, B\u1ea1n c\u00f3 th\u1ec3 c\u00f3 th\u00eam c\u00e1c quy\u1ec1n kh\u00e1c theo quy \u0111\u1ecbnh. <strong>\u0110\u1ea1o lu\u1eadt b\u1ea3o v\u1ec7 quy\u1ec1n ri\u00eang t\u01b0 ng\u01b0\u1eddi ti\u00eau d\u00f9ng California<\/strong>, bao g\u1ed3m quy\u1ec1n:<\/p>\n\n\n\n<ul class=\"wp-block-list\">\n<li>T\u00ecm hi\u1ec3u xem d\u1eef li\u1ec7u c\u00e1 nh\u00e2n n\u00e0o \u0111\u01b0\u1ee3c thu th\u1eadp.<\/li>\n\n\n\n<li>T\u1eeb ch\u1ed1i vi\u1ec7c b\u00e1n d\u1eef li\u1ec7u c\u00e1 nh\u00e2n<\/li>\n\n\n\n<li>Y\u00eau c\u1ea7u x\u00f3a d\u1eef li\u1ec7u c\u00e1 nh\u00e2n \u0111\u00e3 l\u01b0u tr\u1eef<\/li>\n<\/ul>\n\n\n\n<p>\u0110\u1ec3 th\u1ef1c hi\u1ec7n c\u00e1c quy\u1ec1n n\u00e0y, vui l\u00f2ng li\u00ean h\u1ec7 v\u1edbi ch\u00fang t\u00f4i ho\u1eb7c s\u1eed d\u1ee5ng [t\u00ean c\u00f4ng c\u1ee5 t\u00ecm ki\u1ebfm]. <strong>\u201cKh\u00f4ng b\u00e1n th\u00f4ng tin c\u1ee7a t\u00f4i\u201d<\/strong> Li\u00ean k\u1ebft (n\u1ebfu c\u00f3).<\/p>\n\n\n\n<hr class=\"wp-block-separator has-alpha-channel-opacity\"\/>\n\n\n\n<h3 class=\"wp-block-heading\">6. <strong>Qu\u1ea3n l\u00fd cookie trong tr\u00ecnh duy\u1ec7t c\u1ee7a b\u1ea1n<\/strong><\/h3>\n\n\n\n<p>B\u1ea1n c\u00f3 th\u1ec3 c\u1ea5u h\u00ecnh tr\u00ecnh duy\u1ec7t c\u1ee7a m\u00ecnh \u0111\u1ec3:<\/p>\n\n\n\n<ul class=\"wp-block-list\">\n<li>T\u1eeb ch\u1ed1i t\u1ea5t c\u1ea3 ho\u1eb7c m\u1ed9t s\u1ed1 cookie nh\u1ea5t \u0111\u1ecbnh<\/li>\n\n\n\n<li>Th\u00f4ng b\u00e1o cho b\u1ea1n khi m\u1ed9t cookie \u0111\u01b0\u1ee3c thi\u1ebft l\u1eadp.<\/li>\n\n\n\n<li>X\u00f3a cookie \u0111\u00e3 l\u01b0u tr\u1eef<\/li>\n<\/ul>\n\n\n\n<p>Vui l\u00f2ng tham kh\u1ea3o t\u00e0i li\u1ec7u h\u01b0\u1edbng d\u1eabn c\u1ee7a tr\u00ecnh duy\u1ec7t \u0111\u1ec3 bi\u1ebft th\u00eam chi ti\u1ebft:<\/p>\n\n\n\n<ul class=\"wp-block-list\">\n<li><a>Google Chrome<\/a><\/li>\n\n\n\n<li><a class=\"\" href=\"https:\/\/support.mozilla.org\/en-US\/kb\/cookies-information-websites-store-on-your-computer\" target=\"_blank\" rel=\"noopener\">Mozilla Firefox<\/a><\/li>\n\n\n\n<li><a class=\"\" href=\"https:\/\/support.apple.com\/en-us\/HT201265\" target=\"_blank\" rel=\"noopener\">Cu\u1ed9c \u0111i s\u0103n<\/a><\/li>\n\n\n\n<li><a class=\"\" href=\"https:\/\/support.microsoft.com\/en-us\/microsoft-edge\/delete-cookies-in-microsoft-edge-63947406-40ac-c3b8-57b9-2a946a29ae09\" target=\"_blank\" rel=\"noopener\">Microsoft Edge<\/a><\/li>\n<\/ul>\n\n\n\n<hr class=\"wp-block-separator has-alpha-channel-opacity\"\/>\n\n\n\n<h3 class=\"wp-block-heading\">7. <strong>C\u1eadp nh\u1eadt ch\u00ednh s\u00e1ch<\/strong><\/h3>\n\n\n\n<p>Ch\u00ednh s\u00e1ch Cookie n\u00e0y c\u00f3 th\u1ec3 \u0111\u01b0\u1ee3c s\u1eeda \u0111\u1ed5i \u0111\u1ecbnh k\u1ef3 \u0111\u1ec3 ph\u1ea3n \u00e1nh nh\u1eefng thay \u0111\u1ed5i v\u1ec1 ho\u1ea1t \u0111\u1ed9ng ho\u1eb7c quy \u0111\u1ecbnh. M\u1ecdi thay \u0111\u1ed5i s\u1ebd \u0111\u01b0\u1ee3c \u0111\u0103ng t\u1ea3i tr\u00ean trang n\u00e0y c\u00f9ng v\u1edbi ng\u00e0y c\u00f3 hi\u1ec7u l\u1ef1c \u0111\u01b0\u1ee3c c\u1eadp nh\u1eadt.<\/p>\n\n\n\n<hr class=\"wp-block-separator has-alpha-channel-opacity\"\/>\n\n\n\n<h3 class=\"wp-block-heading\">8. <strong>Th\u00f4ng tin li\u00ean h\u1ec7<\/strong><\/h3>\n\n\n\n<p>N\u1ebfu c\u00f3 th\u1eafc m\u1eafc ho\u1eb7c v\u1ea5n \u0111\u1ec1 c\u1ea7n quan t\u00e2m li\u00ean quan \u0111\u1ebfn Ch\u00ednh s\u00e1ch Cookie n\u00e0y, vui l\u00f2ng li\u00ean h\u1ec7:<\/p>\n\n\n\n<p><strong>Nh\u00f3m tu\u00e2n th\u1ee7 Likapk.com<\/strong><br>\ud83d\udce7 Email: <a>contact@likapk.com<\/a><\/p>","protected":false},"excerpt":{"rendered":"<p>Effective Date: May 26, 2025Domain: https:\/\/likapk.com This Cookie Policy outlines how Likapk.com (&#8220;we&#8220;, &#8220;our&#8220;, or &#8220;the Website&#8220;) utilizes cookies and [&hellip;]<\/p>\n","protected":false},"author":1,"featured_media":0,"parent":0,"menu_order":0,"comment_status":"closed","ping_status":"closed","template":"","meta":{"site-sidebar-layout":"default","site-content-layout":"","ast-site-content-layout":"default","site-content-style":"default","site-sidebar-style":"default","ast-global-header-display":"","ast-banner-title-visibility":"","ast-main-header-display":"","ast-hfb-above-header-display":"","ast-hfb-below-header-display":"","ast-hfb-mobile-header-display":"","site-post-title":"","ast-breadcrumbs-content":"","ast-featured-img":"","footer-sml-layout":"","ast-disable-related-posts":"","theme-transparent-header-meta":"","adv-header-id-meta":"","stick-header-meta":"","header-above-stick-meta":"","header-main-stick-meta":"","header-below-stick-meta":"","astra-migrate-meta-layouts":"default","ast-page-background-enabled":"default","ast-page-background-meta":{"desktop":{"background-color":"var(--ast-global-color-4)","background-image":"","background-repeat":"repeat","background-position":"center center","background-size":"auto","background-attachment":"scroll","background-type":"","background-media":"","overlay-type":"","overlay-color":"","overlay-opacity":"","overlay-gradient":""},"tablet":{"background-color":"","background-image":"","background-repeat":"repeat","background-position":"center center","background-size":"auto","background-attachment":"scroll","background-type":"","background-media":"","overlay-type":"","overlay-color":"","overlay-opacity":"","overlay-gradient":""},"mobile":{"background-color":"","background-image":"","background-repeat":"repeat","background-position":"center center","background-size":"auto","background-attachment":"scroll","background-type":"","background-media":"","overlay-type":"","overlay-color":"","overlay-opacity":"","overlay-gradient":""}},"ast-content-background-meta":{"desktop":{"background-color":"var(--ast-global-color-5)","background-image":"","background-repeat":"repeat","background-position":"center center","background-size":"auto","background-attachment":"scroll","background-type":"","background-media":"","overlay-type":"","overlay-color":"","overlay-opacity":"","overlay-gradient":""},"tablet":{"background-color":"var(--ast-global-color-5)","background-image":"","background-repeat":"repeat","background-position":"center center","background-size":"auto","background-attachment":"scroll","background-type":"","background-media":"","overlay-type":"","overlay-color":"","overlay-opacity":"","overlay-gradient":""},"mobile":{"background-color":"var(--ast-global-color-5)","background-image":"","background-repeat":"repeat","background-position":"center center","background-size":"auto","background-attachment":"scroll","background-type":"","background-media":"","overlay-type":"","overlay-color":"","overlay-opacity":"","overlay-gradient":""}},"footnotes":""},"class_list":["post-84","page","type-page","status-publish","hentry"],"_links":{"self":[{"href":"https:\/\/likapk.com\/vi\/wp-json\/wp\/v2\/pages\/84","targetHints":{"allow":["GET"]}}],"collection":[{"href":"https:\/\/likapk.com\/vi\/wp-json\/wp\/v2\/pages"}],"about":[{"href":"https:\/\/likapk.com\/vi\/wp-json\/wp\/v2\/types\/page"}],"author":[{"embeddable":true,"href":"https:\/\/likapk.com\/vi\/wp-json\/wp\/v2\/users\/1"}],"replies":[{"embeddable":true,"href":"https:\/\/likapk.com\/vi\/wp-json\/wp\/v2\/comments?post=84"}],"version-history":[{"count":1,"href":"https:\/\/likapk.com\/vi\/wp-json\/wp\/v2\/pages\/84\/revisions"}],"predecessor-version":[{"id":85,"href":"https:\/\/likapk.com\/vi\/wp-json\/wp\/v2\/pages\/84\/revisions\/85"}],"wp:attachment":[{"href":"https:\/\/likapk.com\/vi\/wp-json\/wp\/v2\/media?parent=84"}],"curies":[{"name":"trang web","href":"https:\/\/api.w.org\/{rel}","templated":true}]}}