{"id":9,"date":"2025-04-09T15:12:43","date_gmt":"2025-04-09T15:12:43","guid":{"rendered":"https:\/\/likapk.com\/?page_id=9"},"modified":"2025-04-09T15:12:45","modified_gmt":"2025-04-09T15:12:45","slug":"privacy-policy","status":"publish","type":"page","link":"https:\/\/likapk.com\/vi\/privacy-policy\/","title":{"rendered":"Ch\u00ednh s\u00e1ch b\u1ea3o m\u1eadt"},"content":{"rendered":"<p>Quy\u1ec1n ri\u00eang t\u01b0 c\u1ee7a b\u1ea1n r\u1ea5t quan tr\u1ecdng \u0111\u1ed1i v\u1edbi ch\u00fang t\u00f4i. Ch\u00ednh s\u00e1ch c\u1ee7a likapk l\u00e0 t\u00f4n tr\u1ecdng quy\u1ec1n ri\u00eang t\u01b0 c\u1ee7a b\u1ea1n \u0111\u1ed1i v\u1edbi b\u1ea5t k\u1ef3 th\u00f4ng tin n\u00e0o ch\u00fang t\u00f4i thu th\u1eadp t\u1eeb b\u1ea1n tr\u00ean trang web c\u1ee7a m\u00ecnh., <a href=\"https:\/\/likapk.com\/vi\/\">likapk<\/a>, v\u00e0 c\u00e1c trang web kh\u00e1c m\u00e0 ch\u00fang t\u00f4i s\u1edf h\u1eefu v\u00e0 v\u1eadn h\u00e0nh.<\/p>\n\n\n\n<p>Ch\u00fang t\u00f4i ch\u1ec9 y\u00eau c\u1ea7u th\u00f4ng tin c\u00e1 nh\u00e2n khi th\u1ef1c s\u1ef1 c\u1ea7n thi\u1ebft \u0111\u1ec3 cung c\u1ea5p d\u1ecbch v\u1ee5 cho b\u1ea1n. Ch\u00fang t\u00f4i thu th\u1eadp th\u00f4ng tin b\u1eb1ng c\u00e1c ph\u01b0\u01a1ng ph\u00e1p c\u00f4ng b\u1eb1ng v\u00e0 h\u1ee3p ph\u00e1p, v\u1edbi s\u1ef1 hi\u1ec3u bi\u1ebft v\u00e0 \u0111\u1ed3ng \u00fd c\u1ee7a b\u1ea1n. Ch\u00fang t\u00f4i c\u0169ng cho b\u1ea1n bi\u1ebft l\u00fd do thu th\u1eadp th\u00f4ng tin v\u00e0 c\u00e1ch th\u1ee9c s\u1eed d\u1ee5ng th\u00f4ng tin \u0111\u00f3.<\/p>\n\n\n\n<p>Ch\u00fang t\u00f4i ch\u1ec9 l\u01b0u gi\u1eef th\u00f4ng tin \u0111\u00e3 thu th\u1eadp trong th\u1eddi gian c\u1ea7n thi\u1ebft \u0111\u1ec3 cung c\u1ea5p d\u1ecbch v\u1ee5 m\u00e0 b\u1ea1n y\u00eau c\u1ea7u. M\u1ecdi d\u1eef li\u1ec7u ch\u00fang t\u00f4i l\u01b0u tr\u1eef s\u1ebd \u0111\u01b0\u1ee3c b\u1ea3o v\u1ec7 b\u1eb1ng c\u00e1c bi\u1ec7n ph\u00e1p h\u1ee3p l\u00fd theo ti\u00eau chu\u1ea9n th\u01b0\u01a1ng m\u1ea1i \u0111\u1ec3 ng\u0103n ng\u1eeba m\u1ea5t m\u00e1t v\u00e0 tr\u1ed9m c\u1eafp, c\u0169ng nh\u01b0 truy c\u1eadp tr\u00e1i ph\u00e9p, ti\u1ebft l\u1ed9, sao ch\u00e9p, s\u1eed d\u1ee5ng ho\u1eb7c s\u1eeda \u0111\u1ed5i.<\/p>\n\n\n\n<p>Ch\u00fang t\u00f4i kh\u00f4ng chia s\u1ebb b\u1ea5t k\u1ef3 th\u00f4ng tin nh\u1eadn d\u1ea1ng c\u00e1 nh\u00e2n n\u00e0o c\u00f4ng khai ho\u1eb7c v\u1edbi b\u00ean th\u1ee9 ba, tr\u1eeb tr\u01b0\u1eddng h\u1ee3p ph\u00e1p lu\u1eadt y\u00eau c\u1ea7u.<\/p>\n\n\n\n<p>Trang web c\u1ee7a ch\u00fang t\u00f4i c\u00f3 th\u1ec3 li\u00ean k\u1ebft \u0111\u1ebfn c\u00e1c trang web b\u00ean ngo\u00e0i kh\u00f4ng do ch\u00fang t\u00f4i \u0111i\u1ec1u h\u00e0nh. Xin l\u01b0u \u00fd r\u1eb1ng ch\u00fang t\u00f4i kh\u00f4ng ki\u1ec3m so\u00e1t n\u1ed9i dung v\u00e0 ho\u1ea1t \u0111\u1ed9ng c\u1ee7a c\u00e1c trang web n\u00e0y, v\u00e0 kh\u00f4ng ch\u1ecbu tr\u00e1ch nhi\u1ec7m ho\u1eb7c ngh\u0129a v\u1ee5 ph\u00e1p l\u00fd \u0111\u1ed1i v\u1edbi ch\u00ednh s\u00e1ch b\u1ea3o m\u1eadt c\u1ee7a ch\u00fang.<\/p>\n\n\n\n<p>Qu\u00fd kh\u00e1ch c\u00f3 quy\u1ec1n t\u1eeb ch\u1ed1i y\u00eau c\u1ea7u cung c\u1ea5p th\u00f4ng tin c\u00e1 nh\u00e2n c\u1ee7a ch\u00fang t\u00f4i, v\u1edbi hi\u1ec3u bi\u1ebft r\u1eb1ng ch\u00fang t\u00f4i c\u00f3 th\u1ec3 kh\u00f4ng th\u1ec3 cung c\u1ea5p cho qu\u00fd kh\u00e1ch m\u1ed9t s\u1ed1 d\u1ecbch v\u1ee5 m\u00e0 qu\u00fd kh\u00e1ch mong mu\u1ed1n.<\/p>\n\n\n\n<p>Vi\u1ec7c b\u1ea1n ti\u1ebfp t\u1ee5c s\u1eed d\u1ee5ng trang web c\u1ee7a ch\u00fang t\u00f4i s\u1ebd \u0111\u01b0\u1ee3c coi l\u00e0 s\u1ef1 ch\u1ea5p nh\u1eadn c\u00e1c quy \u0111\u1ecbnh c\u1ee7a ch\u00fang t\u00f4i v\u1ec1 quy\u1ec1n ri\u00eang t\u01b0 v\u00e0 th\u00f4ng tin c\u00e1 nh\u00e2n. N\u1ebfu b\u1ea1n c\u00f3 b\u1ea5t k\u1ef3 c\u00e2u h\u1ecfi n\u00e0o v\u1ec1 c\u00e1ch ch\u00fang t\u00f4i x\u1eed l\u00fd d\u1eef li\u1ec7u ng\u01b0\u1eddi d\u00f9ng v\u00e0 th\u00f4ng tin c\u00e1 nh\u00e2n, vui l\u00f2ng li\u00ean h\u1ec7 v\u1edbi ch\u00fang t\u00f4i.<\/p>\n\n\n\n<h2 class=\"wp-block-heading\">Ch\u00ednh s\u00e1ch cookie c\u1ee7a likapk<\/h2>\n\n\n\n<p>\u0110\u00e2y l\u00e0 Ch\u00ednh s\u00e1ch Cookie c\u1ee7a likapk, c\u00f3 th\u1ec3 truy c\u1eadp t\u1ea1i URL https:\/\/likapk.com\/.<\/p>\n\n\n\n<h3 class=\"wp-block-heading\">Cookie l\u00e0 g\u00ec?<\/h3>\n\n\n\n<p>Nh\u01b0 h\u1ea7u h\u1ebft c\u00e1c trang web chuy\u00ean nghi\u1ec7p kh\u00e1c, trang web n\u00e0y s\u1eed d\u1ee5ng cookie, l\u00e0 nh\u1eefng t\u1ec7p nh\u1ecf \u0111\u01b0\u1ee3c t\u1ea3i xu\u1ed1ng m\u00e1y t\u00ednh c\u1ee7a b\u1ea1n, \u0111\u1ec3 c\u1ea3i thi\u1ec7n tr\u1ea3i nghi\u1ec7m ng\u01b0\u1eddi d\u00f9ng. Trang n\u00e0y m\u00f4 t\u1ea3 th\u00f4ng tin m\u00e0 ch\u00fang thu th\u1eadp, c\u00e1ch ch\u00fang t\u00f4i s\u1eed d\u1ee5ng v\u00e0 l\u00fd do t\u1ea1i sao \u0111\u00f4i khi ch\u00fang t\u00f4i c\u1ea7n l\u01b0u tr\u1eef c\u00e1c cookie n\u00e0y. Ch\u00fang t\u00f4i c\u0169ng s\u1ebd chia s\u1ebb c\u00e1ch b\u1ea1n c\u00f3 th\u1ec3 ng\u0103n ch\u1eb7n vi\u1ec7c l\u01b0u tr\u1eef c\u00e1c cookie n\u00e0y, tuy nhi\u00ean \u0111i\u1ec1u n\u00e0y c\u00f3 th\u1ec3 l\u00e0m gi\u1ea3m ch\u1ea5t l\u01b0\u1ee3ng ho\u1eb7c l\u00e0m h\u1ecfng m\u1ed9t s\u1ed1 ch\u1ee9c n\u0103ng c\u1ee7a trang web.<\/p>\n\n\n\n<h3 class=\"wp-block-heading\">C\u00e1ch ch\u00fang t\u00f4i s\u1eed d\u1ee5ng cookie<\/h3>\n\n\n\n<p>Ch\u00fang t\u00f4i s\u1eed d\u1ee5ng cookie v\u00ec nhi\u1ec1u l\u00fd do \u0111\u01b0\u1ee3c n\u00eau chi ti\u1ebft b\u00ean d\u01b0\u1edbi. \u0110\u00e1ng ti\u1ebfc l\u00e0 trong h\u1ea7u h\u1ebft c\u00e1c tr\u01b0\u1eddng h\u1ee3p, kh\u00f4ng c\u00f3 t\u00f9y ch\u1ecdn ti\u00eau chu\u1ea9n ng\u00e0nh n\u00e0o \u0111\u1ec3 v\u00f4 hi\u1ec7u h\u00f3a cookie m\u00e0 kh\u00f4ng l\u00e0m v\u00f4 hi\u1ec7u h\u00f3a ho\u00e0n to\u00e0n ch\u1ee9c n\u0103ng v\u00e0 c\u00e1c t\u00ednh n\u0103ng m\u00e0 ch\u00fang b\u1ed5 sung cho trang web n\u00e0y. Ch\u00fang t\u00f4i khuy\u00ean b\u1ea1n n\u00ean b\u1eadt t\u1ea5t c\u1ea3 cookie n\u1ebfu b\u1ea1n kh\u00f4ng ch\u1eafc ch\u1eafn li\u1ec7u m\u00ecnh c\u00f3 c\u1ea7n ch\u00fang hay kh\u00f4ng, ph\u00f2ng tr\u01b0\u1eddng h\u1ee3p ch\u00fang \u0111\u01b0\u1ee3c s\u1eed d\u1ee5ng \u0111\u1ec3 cung c\u1ea5p d\u1ecbch v\u1ee5 m\u00e0 b\u1ea1n \u0111ang s\u1eed d\u1ee5ng.<\/p>\n\n\n\n<h3 class=\"wp-block-heading\">V\u00f4 hi\u1ec7u h\u00f3a Cookie<\/h3>\n\n\n\n<p>B\u1ea1n c\u00f3 th\u1ec3 ng\u0103n ch\u1eb7n vi\u1ec7c thi\u1ebft l\u1eadp cookie b\u1eb1ng c\u00e1ch \u0111i\u1ec1u ch\u1ec9nh c\u00e0i \u0111\u1eb7t tr\u00ean tr\u00ecnh duy\u1ec7t c\u1ee7a m\u00ecnh (xem ph\u1ea7n Tr\u1ee3 gi\u00fap c\u1ee7a tr\u00ecnh duy\u1ec7t \u0111\u1ec3 bi\u1ebft c\u00e1ch th\u1ef1c hi\u1ec7n). Xin l\u01b0u \u00fd r\u1eb1ng vi\u1ec7c v\u00f4 hi\u1ec7u h\u00f3a cookie s\u1ebd \u1ea3nh h\u01b0\u1edfng \u0111\u1ebfn ch\u1ee9c n\u0103ng c\u1ee7a trang web n\u00e0y v\u00e0 nhi\u1ec1u trang web kh\u00e1c m\u00e0 b\u1ea1n truy c\u1eadp. Vi\u1ec7c v\u00f4 hi\u1ec7u h\u00f3a cookie th\u01b0\u1eddng s\u1ebd d\u1eabn \u0111\u1ebfn vi\u1ec7c v\u00f4 hi\u1ec7u h\u00f3a m\u1ed9t s\u1ed1 ch\u1ee9c n\u0103ng v\u00e0 t\u00ednh n\u0103ng nh\u1ea5t \u0111\u1ecbnh c\u1ee7a trang web n\u00e0y. Do \u0111\u00f3, ch\u00fang t\u00f4i khuy\u00ean b\u1ea1n kh\u00f4ng n\u00ean v\u00f4 hi\u1ec7u h\u00f3a cookie.<\/p>\n\n\n\n<h3 class=\"wp-block-heading\">C\u00e1c cookie m\u00e0 ch\u00fang t\u00f4i thi\u1ebft l\u1eadp<\/h3>\n\n\n\n<h3 class=\"wp-block-heading\">Cookie c\u1ee7a b\u00ean th\u1ee9 ba<\/h3>\n\n\n\n<p>Trong m\u1ed9t s\u1ed1 tr\u01b0\u1eddng h\u1ee3p \u0111\u1eb7c bi\u1ec7t, ch\u00fang t\u00f4i c\u0169ng s\u1eed d\u1ee5ng cookie do c\u00e1c b\u00ean th\u1ee9 ba \u0111\u00e1ng tin c\u1eady cung c\u1ea5p. Ph\u1ea7n sau \u0111\u00e2y s\u1ebd m\u00f4 t\u1ea3 chi ti\u1ebft c\u00e1c cookie c\u1ee7a b\u00ean th\u1ee9 ba m\u00e0 b\u1ea1n c\u00f3 th\u1ec3 g\u1eb7p ph\u1ea3i khi truy c\u1eadp trang web n\u00e0y.<\/p>\n\n\n\n<ul class=\"wp-block-list\">\n<li>D\u1ecbch v\u1ee5 Google AdSense m\u00e0 ch\u00fang t\u00f4i s\u1eed d\u1ee5ng \u0111\u1ec3 hi\u1ec3n th\u1ecb qu\u1ea3ng c\u00e1o s\u1eed d\u1ee5ng cookie DoubleClick \u0111\u1ec3 hi\u1ec3n th\u1ecb c\u00e1c qu\u1ea3ng c\u00e1o ph\u00f9 h\u1ee3p h\u01a1n tr\u00ean web v\u00e0 gi\u1edbi h\u1ea1n s\u1ed1 l\u1ea7n m\u1ed9t qu\u1ea3ng c\u00e1o c\u1ee5 th\u1ec3 \u0111\u01b0\u1ee3c hi\u1ec3n th\u1ecb cho b\u1ea1n.<\/li>\n\n\n\n<li>\u0110\u1ec3 bi\u1ebft th\u00eam th\u00f4ng tin v\u1ec1 Google AdSense, vui l\u00f2ng xem ph\u1ea7n C\u00e2u h\u1ecfi th\u01b0\u1eddng g\u1eb7p v\u1ec1 quy\u1ec1n ri\u00eang t\u01b0 ch\u00ednh th\u1ee9c c\u1ee7a Google AdSense.<\/li>\n\n\n\n<li>Ch\u00fang t\u00f4i s\u1eed d\u1ee5ng qu\u1ea3ng c\u00e1o \u0111\u1ec3 b\u00f9 \u0111\u1eafp chi ph\u00ed v\u1eadn h\u00e0nh trang web n\u00e0y v\u00e0 cung c\u1ea5p kinh ph\u00ed cho vi\u1ec7c ph\u00e1t tri\u1ec3n th\u00eam. Cookie qu\u1ea3ng c\u00e1o h\u00e0nh vi \u0111\u01b0\u1ee3c trang web n\u00e0y s\u1eed d\u1ee5ng \u0111\u01b0\u1ee3c thi\u1ebft k\u1ebf \u0111\u1ec3 \u0111\u1ea3m b\u1ea3o ch\u00fang t\u00f4i cung c\u1ea5p cho b\u1ea1n nh\u1eefng qu\u1ea3ng c\u00e1o ph\u00f9 h\u1ee3p nh\u1ea5t c\u00f3 th\u1ec3 b\u1eb1ng c\u00e1ch theo d\u00f5i s\u1edf th\u00edch c\u1ee7a b\u1ea1n m\u1ed9t c\u00e1ch \u1ea9n danh v\u00e0 hi\u1ec3n th\u1ecb nh\u1eefng n\u1ed9i dung t\u01b0\u01a1ng t\u1ef1 m\u00e0 b\u1ea1n c\u00f3 th\u1ec3 quan t\u00e2m.<\/li>\n\n\n\n<li>M\u1ed9t s\u1ed1 \u0111\u1ed1i t\u00e1c qu\u1ea3ng c\u00e1o thay m\u1eb7t ch\u00fang t\u00f4i v\u00e0 cookie theo d\u00f5i li\u00ean k\u1ebft cho ph\u00e9p ch\u00fang t\u00f4i bi\u1ebft li\u1ec7u kh\u00e1ch h\u00e0ng c\u00f3 truy c\u1eadp trang web th\u00f4ng qua m\u1ed9t trong c\u00e1c trang web \u0111\u1ed1i t\u00e1c c\u1ee7a ch\u00fang t\u00f4i hay kh\u00f4ng \u0111\u1ec3 ch\u00fang t\u00f4i c\u00f3 th\u1ec3 ghi nh\u1eadn c\u00f4ng lao c\u1ee7a h\u1ecd m\u1ed9t c\u00e1ch ph\u00f9 h\u1ee3p v\u00e0, n\u1ebfu c\u00f3 th\u1ec3, cho ph\u00e9p c\u00e1c \u0111\u1ed1i t\u00e1c li\u00ean k\u1ebft cung c\u1ea5p b\u1ea5t k\u1ef3 ph\u1ea7n th\u01b0\u1edfng n\u00e0o m\u00e0 h\u1ecd c\u00f3 th\u1ec3 d\u00e0nh cho b\u1ea1n khi mua h\u00e0ng.<\/li>\n<\/ul>\n\n\n\n<h3 class=\"wp-block-heading\">Tr\u00e1ch nhi\u1ec7m c\u1ee7a ng\u01b0\u1eddi d\u00f9ng<\/h3>\n\n\n\n<p>Ng\u01b0\u1eddi d\u00f9ng c\u00f3 tr\u00e1ch nhi\u1ec7m s\u1eed d\u1ee5ng n\u1ed9i dung v\u00e0 th\u00f4ng tin \u0111\u01b0\u1ee3c cung c\u1ea5p tr\u00ean trang web m\u1ed9t c\u00e1ch ph\u00f9 h\u1ee3p, c\u00f3 tr\u00e1ch nhi\u1ec7m n\u00eau r\u00f5 ngh\u0129a ch\u1ee9 kh\u00f4ng ph\u1ea3i b\u1eaft ch\u01b0\u1edbc:<\/p>\n\n\n\n<ul class=\"wp-block-list\">\n<li>A) Kh\u00f4ng tham gia v\u00e0o c\u00e1c ho\u1ea1t \u0111\u1ed9ng b\u1ea5t h\u1ee3p ph\u00e1p ho\u1eb7c tr\u00e1i v\u1edbi thi\u1ec7n ch\u00ed v\u00e0 tr\u1eadt t\u1ef1 c\u00f4ng c\u1ed9ng;<\/li>\n\n\n\n<li>B) Kh\u00f4ng \u0111\u01b0\u1ee3c ph\u00e1t t\u00e1n tuy\u00ean truy\u1ec1n ho\u1eb7c n\u1ed9i dung mang t\u00ednh ph\u00e2n bi\u1ec7t ch\u1ee7ng t\u1ed9c, b\u00e0i ngo\u1ea1i ho\u1eb7c c\u1edd b\u1ea1c, b\u1ea5t k\u1ef3 lo\u1ea1i n\u1ed9i dung khi\u00eau d\u00e2m b\u1ea5t h\u1ee3p ph\u00e1p n\u00e0o, tuy\u00ean b\u1ed1 kh\u1ee7ng b\u1ed1 ho\u1eb7c vi ph\u1ea1m nh\u00e2n quy\u1ec1n;<\/li>\n\n\n\n<li>C) Kh\u00f4ng g\u00e2y h\u01b0 h\u1ea1i cho c\u00e1c h\u1ec7 th\u1ed1ng v\u1eadt l\u00fd (ph\u1ea7n c\u1ee9ng) v\u00e0 ph\u1ea7n m\u1ec1m (kh\u00f4ng th\u1ec3 truy c\u1eadp) c\u1ee7a likapk, nh\u00e0 cung c\u1ea5p ho\u1eb7c b\u00ean th\u1ee9 ba, b\u1eb1ng c\u00e1ch \u0111\u01b0a v\u00e0o ho\u1eb7c ph\u00e1t t\u00e1n virus m\u00e1y t\u00ednh ho\u1eb7c b\u1ea5t k\u1ef3 h\u1ec7 th\u1ed1ng ph\u1ea7n c\u1ee9ng ho\u1eb7c ph\u1ea7n m\u1ec1m n\u00e0o kh\u00e1c c\u00f3 kh\u1ea3 n\u0103ng g\u00e2y ra thi\u1ec7t h\u1ea1i \u0111\u00e3 \u0111\u1ec1 c\u1eadp tr\u01b0\u1edbc \u0111\u00f3.<\/li>\n<\/ul>\n\n\n\n<h3 class=\"wp-block-heading\">Th\u00f4ng tin th\u00eam<\/h3>\n\n\n\n<p>Hy v\u1ecdng \u0111i\u1ec1u \u0111\u00f3 \u0111\u00e3 l\u00e0m r\u00f5 m\u1ecdi th\u1ee9 cho b\u1ea1n v\u00e0 nh\u01b0 \u0111\u00e3 \u0111\u1ec1 c\u1eadp tr\u01b0\u1edbc \u0111\u00f3, n\u1ebfu c\u00f3 \u0111i\u1ec1u g\u00ec \u0111\u00f3 b\u1ea1n kh\u00f4ng ch\u1eafc ch\u1eafn li\u1ec7u m\u00ecnh c\u00f3 c\u1ea7n hay kh\u00f4ng, th\u01b0\u1eddng th\u00ec an to\u00e0n h\u01a1n l\u00e0 \u0111\u1ec3 cookie \u0111\u01b0\u1ee3c b\u1eadt trong tr\u01b0\u1eddng h\u1ee3p n\u00f3 t\u01b0\u01a1ng t\u00e1c v\u1edbi m\u1ed9t trong nh\u1eefng t\u00ednh n\u0103ng b\u1ea1n s\u1eed d\u1ee5ng tr\u00ean trang web c\u1ee7a ch\u00fang t\u00f4i.<\/p>\n\n\n\n<p>Ch\u00ednh s\u00e1ch n\u00e0y c\u00f3 hi\u1ec7u l\u1ef1c k\u1ec3 t\u1eeb 15:12 ng\u00e0y 9 th\u00e1ng 4 n\u0103m 2025.<\/p>","protected":false},"excerpt":{"rendered":"<p>Your privacy is important to us. It is likapk&#8217;s policy to respect your privacy regarding any information we may collect [&hellip;]<\/p>\n","protected":false},"author":1,"featured_media":0,"parent":0,"menu_order":0,"comment_status":"closed","ping_status":"closed","template":"","meta":{"site-sidebar-layout":"default","site-content-layout":"","ast-site-content-layout":"default","site-content-style":"default","site-sidebar-style":"default","ast-global-header-display":"","ast-banner-title-visibility":"","ast-main-header-display":"","ast-hfb-above-header-display":"","ast-hfb-below-header-display":"","ast-hfb-mobile-header-display":"","site-post-title":"","ast-breadcrumbs-content":"","ast-featured-img":"","footer-sml-layout":"","ast-disable-related-posts":"","theme-transparent-header-meta":"","adv-header-id-meta":"","stick-header-meta":"","header-above-stick-meta":"","header-main-stick-meta":"","header-below-stick-meta":"","astra-migrate-meta-layouts":"default","ast-page-background-enabled":"default","ast-page-background-meta":{"desktop":{"background-color":"var(--ast-global-color-4)","background-image":"","background-repeat":"repeat","background-position":"center center","background-size":"auto","background-attachment":"scroll","background-type":"","background-media":"","overlay-type":"","overlay-color":"","overlay-opacity":"","overlay-gradient":""},"tablet":{"background-color":"","background-image":"","background-repeat":"repeat","background-position":"center center","background-size":"auto","background-attachment":"scroll","background-type":"","background-media":"","overlay-type":"","overlay-color":"","overlay-opacity":"","overlay-gradient":""},"mobile":{"background-color":"","background-image":"","background-repeat":"repeat","background-position":"center center","background-size":"auto","background-attachment":"scroll","background-type":"","background-media":"","overlay-type":"","overlay-color":"","overlay-opacity":"","overlay-gradient":""}},"ast-content-background-meta":{"desktop":{"background-color":"var(--ast-global-color-5)","background-image":"","background-repeat":"repeat","background-position":"center center","background-size":"auto","background-attachment":"scroll","background-type":"","background-media":"","overlay-type":"","overlay-color":"","overlay-opacity":"","overlay-gradient":""},"tablet":{"background-color":"var(--ast-global-color-5)","background-image":"","background-repeat":"repeat","background-position":"center center","background-size":"auto","background-attachment":"scroll","background-type":"","background-media":"","overlay-type":"","overlay-color":"","overlay-opacity":"","overlay-gradient":""},"mobile":{"background-color":"var(--ast-global-color-5)","background-image":"","background-repeat":"repeat","background-position":"center center","background-size":"auto","background-attachment":"scroll","background-type":"","background-media":"","overlay-type":"","overlay-color":"","overlay-opacity":"","overlay-gradient":""}},"footnotes":""},"class_list":["post-9","page","type-page","status-publish","hentry"],"_links":{"self":[{"href":"https:\/\/likapk.com\/vi\/wp-json\/wp\/v2\/pages\/9","targetHints":{"allow":["GET"]}}],"collection":[{"href":"https:\/\/likapk.com\/vi\/wp-json\/wp\/v2\/pages"}],"about":[{"href":"https:\/\/likapk.com\/vi\/wp-json\/wp\/v2\/types\/page"}],"author":[{"embeddable":true,"href":"https:\/\/likapk.com\/vi\/wp-json\/wp\/v2\/users\/1"}],"replies":[{"embeddable":true,"href":"https:\/\/likapk.com\/vi\/wp-json\/wp\/v2\/comments?post=9"}],"version-history":[{"count":1,"href":"https:\/\/likapk.com\/vi\/wp-json\/wp\/v2\/pages\/9\/revisions"}],"predecessor-version":[{"id":12,"href":"https:\/\/likapk.com\/vi\/wp-json\/wp\/v2\/pages\/9\/revisions\/12"}],"wp:attachment":[{"href":"https:\/\/likapk.com\/vi\/wp-json\/wp\/v2\/media?parent=9"}],"curies":[{"name":"trang web","href":"https:\/\/api.w.org\/{rel}","templated":true}]}}